{"id":10835,"date":"2018-10-26T11:01:27","date_gmt":"2018-10-26T09:01:27","guid":{"rendered":"https:\/\/www.veltec.eu\/kirby-webshop\/kirby-td-riemen-hinterradantrieb-nl3001\/"},"modified":"2025-03-28T13:43:12","modified_gmt":"2025-03-28T11:43:12","slug":"kirby-td-riemen-hinterradantrieb-nl3001","status":"publish","type":"product","link":"https:\/\/www.veltec.eu\/de\/product\/kirby-td-riemen-hinterradantrieb-nl3001\/","title":{"rendered":"Kirby TD-Riemen Hinterradantrieb"},"content":{"rendered":"<h1>Kirby TD-Riemen Hinterradantrieb<\/h1>\n<p>Kirby TD-Riemen Hinterradantrieb<\/p>\n<p><strong>Dieses Produkt eignet sich f\u00fcr die Typen:<\/strong><\/p>\n<ul>\n<li>Avalir Platinum<\/li>\n<li>Avalir 2<\/li>\n<li>Avalir 1<\/li>\n<li>Sentria 2 (G10D)<\/li>\n<li>Sentria 1 (G10)<\/li>\n<li>Ultimate G Diamond Ed.(G7D or DE)<\/li>\n<li>Ultimate G (G7 or UG)<\/li>\n<li>Generation 6 (G6)<\/li>\n<li>Generation 5 (G5)<\/li>\n<li>Generation 4 (G4)<\/li>\n<li>Generation 3 (G3)<\/li>\n<\/ul>\n<h2>Hinterradantrieb TD Riemen f\u00fcr Kirby Staubsauger<\/h2>\n<p>Sind Sie auf der Suche nach einem hochwertigen Ersatz f\u00fcr den TD-Riemen Ihres Kirby Staubsaugers? Dieser ger\u00e4ndelte Verteilerriemen ist die L\u00f6sung, um den Hinterradantrieb Ihres Staubsaugers wieder reibungslos zum Laufen zu bringen. Speziell entwickelt, um den Hinterradantrieb mit dem Rotor des leistungsstarken Kirby-Motors zu verbinden, ist dieser Riemen f\u00fcr jeden Kirby Staubsaugertyp geeignet.<\/p>\n<p><a href=\"https:\/\/www.veltec.eu\/de\/kirby-motorenteile\/\">Hier finden Sie alle Kirby Motorenteile<\/a><\/p>\n<h3>Warum der TD-Riemen f\u00fcr den Hinterradantrieb?<\/h3>\n<p>Ein gut funktionierender TD-Riemen ist entscheidend f\u00fcr die optimale Leistung Ihres Kirby Staubsaugers. Dieser Riemen:<\/p>\n<ul>\n<li>Sorgt f\u00fcr eine effiziente Kraft\u00fcbertragung zwischen dem Motor und dem Antrieb.<\/li>\n<li>Minimiert dank seines ger\u00e4ndelten Designs die Abnutzung und sorgt f\u00fcr einen reibungslosen Betrieb.<\/li>\n<li>Er ist aus haltbaren Materialien gefertigt, um eine lange Lebensdauer zu gew\u00e4hrleisten.<\/li>\n<\/ul>\n<p>Mit diesem Ersatzteil vermeiden Sie teure Reparaturen und verl\u00e4ngern die Lebensdauer Ihres Kirby Staubsaugers erheblich.<\/p>\n<h3>Geeignet f\u00fcr alle Kirby-Modelle<\/h3>\n<p>Unabh\u00e4ngig von Ihrem Kirby Staubsaugermodell passt dieses TD-Riemen mit Hinterradantrieb perfekt. Das Design ist universell und passt nahtlos auf alle Modelle. Au\u00dferdem l\u00e4sst er sich leicht selbst austauschen, wodurch Sie Zeit und zus\u00e4tzliche Kosten sparen.<\/p>\n<h3>Besondere Merkmale:<\/h3>\n<ul>\n<li>Ger\u00e4ndeltes Design f\u00fcr zus\u00e4tzlichen Halt.<\/li>\n<li>Kompatibel mit allen Kirby Staubsaugern.<\/li>\n<li>Hohe Verschlei\u00dffestigkeit, auch bei intensiver Nutzung.<\/li>\n<\/ul>\n<h2>Wie wird der TD-Riemen ausgetauscht?<\/h2>\n<h3>Der Austausch des Riemens ist eine einfache Aufgabe, die Sie selbst erledigen k\u00f6nnen:<\/h3>\n<ol>\n<li>Schalten Sie den Staubsauger aus und ziehen Sie den Stecker aus der Steckdose.<\/li>\n<li>\u00d6ffnen Sie die R\u00fcckwand Ihres Kirby.<\/li>\n<li>Entfernen Sie den alten Riemen und legen Sie den neuen Riemen mit der gezackten Seite auf den Rotor.<\/li>\n<li>Schlie\u00dfen Sie die Klappe und testen Sie den Betrieb.<\/li>\n<\/ol>\n<p>Mit diesen Schritten sparen Sie nicht nur Zeit, sondern auch die Kosten f\u00fcr einen Mechaniker.<\/p>\n<h3>Heute bestellen<\/h3>\n<p>M\u00f6chten Sie, dass Ihr Kirby Staubsauger wieder optimal funktioniert? Dann entscheiden Sie sich f\u00fcr den Kirby TD-Riemen Hinterradantrieb und genie\u00dfen Sie ein m\u00fcheloses Reinigungserlebnis. Bestellen Sie jetzt und profitieren Sie von einer schnellen Lieferung!<\/p>\n","protected":false},"excerpt":{"rendered":"<p>TD-Riemen f\u00fcr den Hinterradantrieb.<\/p>\n[trustindex data-widget-id=31675542425128034566e10b5fb]\n<h3><span style=\"color: #008000;\"><br \/>\nVorr\u00e4tig<\/span><\/h3>\n[av_font_icon icon='ue812' font='entypo-fontello' style='' caption='' size='25px' position='left' color='#43ad66' link='' linktarget='' title_attr='' sonar_effect_effect='' sonar_effect_color='' sonar_effect_duration='1' sonar_effect_scale='' sonar_effect_opac='0.5' animation='' id='' custom_class='' template_class='' av_uid='' sc_version='1.0' admin_preview_bg=''][\/av_font_icon]\n<p><span style=\"color: #008000;\">Vor 23:59 uhr bestellt, morgen versendet<\/span><\/p>\n<p>&nbsp;<\/p>\n","protected":false},"featured_media":8356,"comment_status":"open","ping_status":"closed","template":"","meta":[],"product_brand":[],"product_cat":[330,360],"product_tag":[],"class_list":{"0":"post-10835","1":"product","2":"type-product","3":"status-publish","4":"has-post-thumbnail","6":"product_cat-kirby-hinterradantrieb","7":"product_cat-kirby-motorenteile","8":"product_shipping_class-klein-de","10":"first","11":"instock","12":"taxable","13":"shipping-taxable","14":"purchasable","15":"product-type-simple"},"yoast_head":"<!-- This site is optimized with the Yoast SEO Premium plugin v27.1 (Yoast SEO v27.4) - https:\/\/yoast.com\/product\/yoast-seo-premium-wordpress\/ -->\n<title>Kirby TD-Riemen Hinterradantrieb - Veltec Kirby specialist<\/title>\n<meta name=\"description\" content=\"Kirby TD-Riemen Hinterradantrieb Veltec ist seit \u00fcber 25 Jahren der Lieferant von Kirby Staubsaugern. Und ist Ihr vertrauensw\u00fcrdiger\" \/>\n<meta name=\"robots\" content=\"index, follow, max-snippet:-1, max-image-preview:large, max-video-preview:-1\" \/>\n<link rel=\"canonical\" href=\"https:\/\/www.veltec.eu\/nl\/product\/achterwielaandrijving-td-riempje-nl3001\/\" \/>\n<meta property=\"og:locale\" content=\"de_DE\" \/>\n<meta property=\"og:type\" content=\"article\" \/>\n<meta property=\"og:title\" content=\"Kirby TD-Riemen Hinterradantrieb\" \/>\n<meta property=\"og:description\" content=\"TD-Riemen f\u00fcr den Hinterradantrieb.    Vorr\u00e4tig   Vor 23:59 uhr bestellt, morgen versendet  &nbsp;\" \/>\n<meta property=\"og:url\" content=\"https:\/\/www.veltec.eu\/nl\/product\/achterwielaandrijving-td-riempje-nl3001\/\" \/>\n<meta property=\"og:site_name\" content=\"Veltec Kirby specialist\" \/>\n<meta property=\"article:publisher\" content=\"https:\/\/www.facebook.com\/Veltec-Kirby-Specialist-236746293374877\/\" \/>\n<meta property=\"article:modified_time\" content=\"2025-03-28T11:43:12+00:00\" \/>\n<meta property=\"og:image\" content=\"https:\/\/www.veltec.eu\/wp-content\/uploads\/2018\/10\/kirby_td_riempje.jpg\" \/>\n\t<meta property=\"og:image:width\" content=\"300\" \/>\n\t<meta property=\"og:image:height\" content=\"300\" \/>\n\t<meta property=\"og:image:type\" content=\"image\/jpeg\" \/>\n<meta name=\"twitter:card\" content=\"summary_large_image\" \/>\n<meta name=\"twitter:label1\" content=\"Gesch\u00e4tzte Lesezeit\" \/>\n\t<meta name=\"twitter:data1\" content=\"2\u00a0Minuten\" \/>\n<script type=\"application\/ld+json\" class=\"yoast-schema-graph\">{\"@context\":\"https:\\\/\\\/schema.org\",\"@graph\":[{\"@type\":\"WebPage\",\"@id\":\"https:\\\/\\\/www.veltec.eu\\\/nl\\\/product\\\/achterwielaandrijving-td-riempje-nl3001\\\/\",\"url\":\"https:\\\/\\\/www.veltec.eu\\\/nl\\\/product\\\/achterwielaandrijving-td-riempje-nl3001\\\/\",\"name\":\"Kirby TD-Riemen Hinterradantrieb - Veltec Kirby specialist\",\"isPartOf\":{\"@id\":\"https:\\\/\\\/www.veltec.eu\\\/en\\\/#website\"},\"primaryImageOfPage\":{\"@id\":\"https:\\\/\\\/www.veltec.eu\\\/nl\\\/product\\\/achterwielaandrijving-td-riempje-nl3001\\\/#primaryimage\"},\"image\":{\"@id\":\"https:\\\/\\\/www.veltec.eu\\\/nl\\\/product\\\/achterwielaandrijving-td-riempje-nl3001\\\/#primaryimage\"},\"thumbnailUrl\":\"https:\\\/\\\/www.veltec.eu\\\/wp-content\\\/uploads\\\/2018\\\/10\\\/kirby_td_riempje.jpg\",\"datePublished\":\"2018-10-26T09:01:27+00:00\",\"dateModified\":\"2025-03-28T11:43:12+00:00\",\"description\":\"Kirby TD-Riemen Hinterradantrieb Veltec ist seit \u00fcber 25 Jahren der Lieferant von Kirby Staubsaugern. Und ist Ihr vertrauensw\u00fcrdiger\",\"breadcrumb\":{\"@id\":\"https:\\\/\\\/www.veltec.eu\\\/nl\\\/product\\\/achterwielaandrijving-td-riempje-nl3001\\\/#breadcrumb\"},\"inLanguage\":\"de\",\"potentialAction\":[{\"@type\":\"ReadAction\",\"target\":[\"https:\\\/\\\/www.veltec.eu\\\/nl\\\/product\\\/achterwielaandrijving-td-riempje-nl3001\\\/\"]}]},{\"@type\":\"ImageObject\",\"inLanguage\":\"de\",\"@id\":\"https:\\\/\\\/www.veltec.eu\\\/nl\\\/product\\\/achterwielaandrijving-td-riempje-nl3001\\\/#primaryimage\",\"url\":\"https:\\\/\\\/www.veltec.eu\\\/wp-content\\\/uploads\\\/2018\\\/10\\\/kirby_td_riempje.jpg\",\"contentUrl\":\"https:\\\/\\\/www.veltec.eu\\\/wp-content\\\/uploads\\\/2018\\\/10\\\/kirby_td_riempje.jpg\",\"width\":300,\"height\":300},{\"@type\":\"BreadcrumbList\",\"@id\":\"https:\\\/\\\/www.veltec.eu\\\/nl\\\/product\\\/achterwielaandrijving-td-riempje-nl3001\\\/#breadcrumb\",\"itemListElement\":[{\"@type\":\"ListItem\",\"position\":1,\"name\":\"Home\",\"item\":\"https:\\\/\\\/www.veltec.eu\\\/de\\\/\"},{\"@type\":\"ListItem\",\"position\":2,\"name\":\"Produits\",\"item\":\"https:\\\/\\\/www.veltec.eu\\\/fr\\\/shop\\\/\"},{\"@type\":\"ListItem\",\"position\":3,\"name\":\"Kirby TD-Riemen Hinterradantrieb\"}]},{\"@type\":\"WebSite\",\"@id\":\"https:\\\/\\\/www.veltec.eu\\\/en\\\/#website\",\"url\":\"https:\\\/\\\/www.veltec.eu\\\/en\\\/\",\"name\":\"Veltec Kirby specialist\",\"description\":\"Kirby stofzuiger producten\",\"publisher\":{\"@id\":\"https:\\\/\\\/www.veltec.eu\\\/en\\\/#organization\"},\"potentialAction\":[{\"@type\":\"SearchAction\",\"target\":{\"@type\":\"EntryPoint\",\"urlTemplate\":\"https:\\\/\\\/www.veltec.eu\\\/en\\\/?s={search_term_string}\"},\"query-input\":{\"@type\":\"PropertyValueSpecification\",\"valueRequired\":true,\"valueName\":\"search_term_string\"}}],\"inLanguage\":\"de\"},{\"@type\":\"Organization\",\"@id\":\"https:\\\/\\\/www.veltec.eu\\\/en\\\/#organization\",\"name\":\"Veltec Kirby Specialist\",\"url\":\"https:\\\/\\\/www.veltec.eu\\\/en\\\/\",\"logo\":{\"@type\":\"ImageObject\",\"inLanguage\":\"de\",\"@id\":\"https:\\\/\\\/www.veltec.eu\\\/en\\\/#\\\/schema\\\/logo\\\/image\\\/\",\"url\":\"https:\\\/\\\/www.veltec.eu\\\/wp-content\\\/uploads\\\/2021\\\/12\\\/Veltec-log-groot-e1537260889125.png\",\"contentUrl\":\"https:\\\/\\\/www.veltec.eu\\\/wp-content\\\/uploads\\\/2021\\\/12\\\/Veltec-log-groot-e1537260889125.png\",\"width\":200,\"height\":60,\"caption\":\"Veltec Kirby Specialist\"},\"image\":{\"@id\":\"https:\\\/\\\/www.veltec.eu\\\/en\\\/#\\\/schema\\\/logo\\\/image\\\/\"},\"sameAs\":[\"https:\\\/\\\/www.facebook.com\\\/Veltec-Kirby-Specialist-236746293374877\\\/\",\"https:\\\/\\\/www.youtube.com\\\/user\\\/VeltecService\"]}]}<\/script>\n<!-- \/ Yoast SEO Premium plugin. -->","yoast_head_json":{"title":"Kirby TD-Riemen Hinterradantrieb - Veltec Kirby specialist","description":"Kirby TD-Riemen Hinterradantrieb Veltec ist seit \u00fcber 25 Jahren der Lieferant von Kirby Staubsaugern. Und ist Ihr vertrauensw\u00fcrdiger","robots":{"index":"index","follow":"follow","max-snippet":"max-snippet:-1","max-image-preview":"max-image-preview:large","max-video-preview":"max-video-preview:-1"},"canonical":"https:\/\/www.veltec.eu\/nl\/product\/achterwielaandrijving-td-riempje-nl3001\/","og_locale":"de_DE","og_type":"article","og_title":"Kirby TD-Riemen Hinterradantrieb","og_description":"TD-Riemen f\u00fcr den Hinterradantrieb.    Vorr\u00e4tig   Vor 23:59 uhr bestellt, morgen versendet  &nbsp;","og_url":"https:\/\/www.veltec.eu\/nl\/product\/achterwielaandrijving-td-riempje-nl3001\/","og_site_name":"Veltec Kirby specialist","article_publisher":"https:\/\/www.facebook.com\/Veltec-Kirby-Specialist-236746293374877\/","article_modified_time":"2025-03-28T11:43:12+00:00","og_image":[{"width":300,"height":300,"url":"https:\/\/www.veltec.eu\/wp-content\/uploads\/2018\/10\/kirby_td_riempje.jpg","type":"image\/jpeg"}],"twitter_card":"summary_large_image","twitter_misc":{"Gesch\u00e4tzte Lesezeit":"2\u00a0Minuten"},"schema":{"@context":"https:\/\/schema.org","@graph":[{"@type":"WebPage","@id":"https:\/\/www.veltec.eu\/nl\/product\/achterwielaandrijving-td-riempje-nl3001\/","url":"https:\/\/www.veltec.eu\/nl\/product\/achterwielaandrijving-td-riempje-nl3001\/","name":"Kirby TD-Riemen Hinterradantrieb - Veltec Kirby specialist","isPartOf":{"@id":"https:\/\/www.veltec.eu\/en\/#website"},"primaryImageOfPage":{"@id":"https:\/\/www.veltec.eu\/nl\/product\/achterwielaandrijving-td-riempje-nl3001\/#primaryimage"},"image":{"@id":"https:\/\/www.veltec.eu\/nl\/product\/achterwielaandrijving-td-riempje-nl3001\/#primaryimage"},"thumbnailUrl":"https:\/\/www.veltec.eu\/wp-content\/uploads\/2018\/10\/kirby_td_riempje.jpg","datePublished":"2018-10-26T09:01:27+00:00","dateModified":"2025-03-28T11:43:12+00:00","description":"Kirby TD-Riemen Hinterradantrieb Veltec ist seit \u00fcber 25 Jahren der Lieferant von Kirby Staubsaugern. Und ist Ihr vertrauensw\u00fcrdiger","breadcrumb":{"@id":"https:\/\/www.veltec.eu\/nl\/product\/achterwielaandrijving-td-riempje-nl3001\/#breadcrumb"},"inLanguage":"de","potentialAction":[{"@type":"ReadAction","target":["https:\/\/www.veltec.eu\/nl\/product\/achterwielaandrijving-td-riempje-nl3001\/"]}]},{"@type":"ImageObject","inLanguage":"de","@id":"https:\/\/www.veltec.eu\/nl\/product\/achterwielaandrijving-td-riempje-nl3001\/#primaryimage","url":"https:\/\/www.veltec.eu\/wp-content\/uploads\/2018\/10\/kirby_td_riempje.jpg","contentUrl":"https:\/\/www.veltec.eu\/wp-content\/uploads\/2018\/10\/kirby_td_riempje.jpg","width":300,"height":300},{"@type":"BreadcrumbList","@id":"https:\/\/www.veltec.eu\/nl\/product\/achterwielaandrijving-td-riempje-nl3001\/#breadcrumb","itemListElement":[{"@type":"ListItem","position":1,"name":"Home","item":"https:\/\/www.veltec.eu\/de\/"},{"@type":"ListItem","position":2,"name":"Produits","item":"https:\/\/www.veltec.eu\/fr\/shop\/"},{"@type":"ListItem","position":3,"name":"Kirby TD-Riemen Hinterradantrieb"}]},{"@type":"WebSite","@id":"https:\/\/www.veltec.eu\/en\/#website","url":"https:\/\/www.veltec.eu\/en\/","name":"Veltec Kirby specialist","description":"Kirby stofzuiger producten","publisher":{"@id":"https:\/\/www.veltec.eu\/en\/#organization"},"potentialAction":[{"@type":"SearchAction","target":{"@type":"EntryPoint","urlTemplate":"https:\/\/www.veltec.eu\/en\/?s={search_term_string}"},"query-input":{"@type":"PropertyValueSpecification","valueRequired":true,"valueName":"search_term_string"}}],"inLanguage":"de"},{"@type":"Organization","@id":"https:\/\/www.veltec.eu\/en\/#organization","name":"Veltec Kirby Specialist","url":"https:\/\/www.veltec.eu\/en\/","logo":{"@type":"ImageObject","inLanguage":"de","@id":"https:\/\/www.veltec.eu\/en\/#\/schema\/logo\/image\/","url":"https:\/\/www.veltec.eu\/wp-content\/uploads\/2021\/12\/Veltec-log-groot-e1537260889125.png","contentUrl":"https:\/\/www.veltec.eu\/wp-content\/uploads\/2021\/12\/Veltec-log-groot-e1537260889125.png","width":200,"height":60,"caption":"Veltec Kirby Specialist"},"image":{"@id":"https:\/\/www.veltec.eu\/en\/#\/schema\/logo\/image\/"},"sameAs":["https:\/\/www.facebook.com\/Veltec-Kirby-Specialist-236746293374877\/","https:\/\/www.youtube.com\/user\/VeltecService"]}]}},"_links":{"self":[{"href":"https:\/\/www.veltec.eu\/de\/wp-json\/wp\/v2\/product\/10835","targetHints":{"allow":["GET"]}}],"collection":[{"href":"https:\/\/www.veltec.eu\/de\/wp-json\/wp\/v2\/product"}],"about":[{"href":"https:\/\/www.veltec.eu\/de\/wp-json\/wp\/v2\/types\/product"}],"replies":[{"embeddable":true,"href":"https:\/\/www.veltec.eu\/de\/wp-json\/wp\/v2\/comments?post=10835"}],"wp:featuredmedia":[{"embeddable":true,"href":"https:\/\/www.veltec.eu\/de\/wp-json\/wp\/v2\/media\/8356"}],"wp:attachment":[{"href":"https:\/\/www.veltec.eu\/de\/wp-json\/wp\/v2\/media?parent=10835"}],"wp:term":[{"taxonomy":"product_brand","embeddable":true,"href":"https:\/\/www.veltec.eu\/de\/wp-json\/wp\/v2\/product_brand?post=10835"},{"taxonomy":"product_cat","embeddable":true,"href":"https:\/\/www.veltec.eu\/de\/wp-json\/wp\/v2\/product_cat?post=10835"},{"taxonomy":"product_tag","embeddable":true,"href":"https:\/\/www.veltec.eu\/de\/wp-json\/wp\/v2\/product_tag?post=10835"}],"curies":[{"name":"wp","href":"https:\/\/api.w.org\/{rel}","templated":true}]}}