{"id":10830,"date":"2018-10-26T11:04:25","date_gmt":"2018-10-26T09:04:25","guid":{"rendered":"https:\/\/www.veltec.eu\/kirby-webshop\/kirby-verbindungsstange-fuspedal-nl3129\/"},"modified":"2025-03-28T14:12:57","modified_gmt":"2025-03-28T12:12:57","slug":"kirby-verbindungsstange-fuspedal-nl3129","status":"publish","type":"product","link":"https:\/\/www.veltec.eu\/de\/product\/kirby-verbindungsstange-fuspedal-nl3129\/","title":{"rendered":"Kirby Verbindungsstange Fu\u00dfpedal"},"content":{"rendered":"<h1>Kirby Verbindungsstange Fu\u00dfpedal<\/h1>\n<p>Kirby Verbindungsstange Fu\u00dfpedal<\/p>\n<p><strong>Dieses Produkt eignet sich f\u00fcr die Typen:<\/strong><\/p>\n<ul>\n<li>Avalir Platinum<\/li>\n<li>Avalir 2<\/li>\n<li>Avalir 1<\/li>\n<li>Sentria 2 (G10D)<\/li>\n<li>Sentria 1 (G10)<\/li>\n<li>Ultimate G Diamond Ed.(G7D or DE)<\/li>\n<li>Ultimate G (G7 or UG)<\/li>\n<li>Generation 6 (G6)<\/li>\n<li>Generation 5 (G5)<\/li>\n<li>Generation 4 (G4)<\/li>\n<li>Generation 3 (G3)<\/li>\n<\/ul>\n<h2>Kirby Connection Rod Fu\u00dfpedal &#8211; unverzichtbar f\u00fcr einen Staubsauger, der perfekt funktioniert<\/h2>\n<p>Die Verbindungsstange ist ein wesentlicher Bestandteil f\u00fcr den optimalen Betrieb Ihres Kirby Staubsaugers. Diese Verbindungsstange verbindet das Fu\u00dfpedal mit dem Motorschalter, so dass Sie Ihren Staubsauger ganz einfach ein- und ausschalten k\u00f6nnen. Dieses Produkt ist f\u00fcr jeden Kirby Staubsaugertyp geeignet und ist eine dauerhafte und zuverl\u00e4ssige L\u00f6sung f\u00fcr ein defektes oder verschlissenes Teil.<\/p>\n<p><a href=\"https:\/\/www.veltec.eu\/de\/kirby-motorenteile\/\">Hier finden Sie alle Kirby Motorteile<\/a><\/p>\n<h3>Warum sollten Sie sich f\u00fcr das Fu\u00dfpedal mit Verbindungsstange von Kirby entscheiden?<\/h3>\n<p>Das einwandfreie Funktionieren Ihres Kirby Staubsaugers h\u00e4ngt von der Zusammenarbeit zwischen verschiedenen Teilen ab. Eine besch\u00e4digte oder fehlende Verbindungsstange kann zu einem weniger benutzerfreundlichen Erlebnis oder sogar zu einem unbrauchbaren Staubsauger f\u00fchren. Daher ist es wichtig, defekte Teile durch hochwertige Originalteile wie diese Verbindungsstange zu ersetzen.<\/p>\n<h3>Die wichtigsten Vorteile:<\/h3>\n<ul>\n<li>Zuverl\u00e4ssiger Betrieb: Stellt die Verbindung zwischen dem Fu\u00dfpedal und dem Motorschalter wieder her und sorgt so f\u00fcr einen reibungslosen Betrieb Ihres Staubsaugers.<\/li>\n<li>Kompatibilit\u00e4t: Passt f\u00fcr alle Staubsaugermodelle von Kirby und ist daher vielseitig einsetzbar.<\/li>\n<li>Einfacher Einbau: Sie brauchen kein Experte zu sein; mit minimalem Aufwand k\u00f6nnen Sie das Teil selbst austauschen.<\/li>\n<\/ul>\n<h3>Wann sollten Sie die Pleuelstange austauschen?<\/h3>\n<p>Ein gebrochenes Pleuel erkennt man in der Regel daran, dass das Fu\u00dfpedal nicht mehr anspricht oder der Staubsauger sich nicht mehr richtig ein- und ausschalten l\u00e4sst. Wenn Sie feststellen, dass Ihr Kirby Staubsauger nicht mehr optimal funktioniert, k\u00f6nnte eine gebrochene Verbindungsstange die Ursache sein.<\/p>\n<h3>Bestellen Sie Ihre Verbindungsstange noch heute!<\/h3>\n<p>Warten Sie nicht l\u00e4nger und bringen Sie Ihren Kirby Staubsauger wieder zum Laufen. Bestellen Sie die Verbindungsstange ganz einfach online und profitieren Sie von einer schnellen Lieferung. Ein gut funktionierender Staubsauger ist zum Greifen nah!<\/p>\n<p>Machen Sie sich das Leben leichter und halten Sie Ihr Zuhause staubfrei mit diesem unverzichtbaren Teil.<\/p>\n","protected":false},"excerpt":{"rendered":"<p>Verbindungsstange f\u00fcr das Fu\u00dfpedal.<\/p>\n[trustindex data-widget-id=31675542425128034566e10b5fb]\n<h3><span style=\"color: #008000;\"><br \/>\nVorr\u00e4tig<\/span><\/h3>\n[av_font_icon icon='ue812' font='entypo-fontello' style='' caption='' size='25px' position='left' color='#43ad66' link='' linktarget='' title_attr='' sonar_effect_effect='' sonar_effect_color='' sonar_effect_duration='1' sonar_effect_scale='' sonar_effect_opac='0.5' animation='' id='' custom_class='' template_class='' av_uid='' sc_version='1.0' admin_preview_bg=''][\/av_font_icon]\n<p><span style=\"color: #008000;\">Vor 23:59 uhr bestellt, morgen versendet<\/span><\/p>\n<p>&nbsp;<\/p>\n","protected":false},"featured_media":8364,"comment_status":"open","ping_status":"closed","template":"","meta":[],"product_brand":[],"product_cat":[330,360],"product_tag":[],"class_list":{"0":"post-10830","1":"product","2":"type-product","3":"status-publish","4":"has-post-thumbnail","6":"product_cat-kirby-hinterradantrieb","7":"product_cat-kirby-motorenteile","8":"product_shipping_class-klein-de","10":"first","11":"instock","12":"taxable","13":"shipping-taxable","14":"purchasable","15":"product-type-simple"},"yoast_head":"<!-- This site is optimized with the Yoast SEO Premium plugin v27.1 (Yoast SEO v27.4) - https:\/\/yoast.com\/product\/yoast-seo-premium-wordpress\/ -->\n<title>Kirby Verbindungsstange Fu\u00dfpedal - Veltec Kirby specialist<\/title>\n<meta name=\"description\" content=\"Kirby Verbindungsstange Fu\u00dfpedal - Veltec ist seit \u00fcber 25 Jahren der Lieferant von Kirby Staubsaugern. Und ist Ihr vertrauensw\u00fcrdiger\" \/>\n<meta name=\"robots\" content=\"index, follow, max-snippet:-1, max-image-preview:large, max-video-preview:-1\" \/>\n<link rel=\"canonical\" href=\"https:\/\/www.veltec.eu\/nl\/product\/kirby-verbinding-stang-voetpedaal-nl3129\/\" \/>\n<meta property=\"og:locale\" content=\"de_DE\" \/>\n<meta property=\"og:type\" content=\"article\" \/>\n<meta property=\"og:title\" content=\"Kirby Verbindungsstange Fu\u00dfpedal\" \/>\n<meta property=\"og:description\" content=\"Verbindungsstange f\u00fcr das Fu\u00dfpedal.    Vorr\u00e4tig   Vor 23:59 uhr bestellt, morgen versendet  &nbsp;\" \/>\n<meta property=\"og:url\" content=\"https:\/\/www.veltec.eu\/nl\/product\/kirby-verbinding-stang-voetpedaal-nl3129\/\" \/>\n<meta property=\"og:site_name\" content=\"Veltec Kirby specialist\" \/>\n<meta property=\"article:publisher\" content=\"https:\/\/www.facebook.com\/Veltec-Kirby-Specialist-236746293374877\/\" \/>\n<meta property=\"article:modified_time\" content=\"2025-03-28T12:12:57+00:00\" \/>\n<meta property=\"og:image\" content=\"https:\/\/www.veltec.eu\/wp-content\/uploads\/2018\/10\/kirby-actuating-rod-k-608789.jpg\" \/>\n\t<meta property=\"og:image:width\" content=\"300\" \/>\n\t<meta property=\"og:image:height\" content=\"300\" \/>\n\t<meta property=\"og:image:type\" content=\"image\/jpeg\" \/>\n<meta name=\"twitter:card\" content=\"summary_large_image\" \/>\n<meta name=\"twitter:label1\" content=\"Gesch\u00e4tzte Lesezeit\" \/>\n\t<meta name=\"twitter:data1\" content=\"2\u00a0Minuten\" \/>\n<script type=\"application\/ld+json\" class=\"yoast-schema-graph\">{\"@context\":\"https:\\\/\\\/schema.org\",\"@graph\":[{\"@type\":\"WebPage\",\"@id\":\"https:\\\/\\\/www.veltec.eu\\\/nl\\\/product\\\/kirby-verbinding-stang-voetpedaal-nl3129\\\/\",\"url\":\"https:\\\/\\\/www.veltec.eu\\\/nl\\\/product\\\/kirby-verbinding-stang-voetpedaal-nl3129\\\/\",\"name\":\"Kirby Verbindungsstange Fu\u00dfpedal - Veltec Kirby specialist\",\"isPartOf\":{\"@id\":\"https:\\\/\\\/www.veltec.eu\\\/en\\\/#website\"},\"primaryImageOfPage\":{\"@id\":\"https:\\\/\\\/www.veltec.eu\\\/nl\\\/product\\\/kirby-verbinding-stang-voetpedaal-nl3129\\\/#primaryimage\"},\"image\":{\"@id\":\"https:\\\/\\\/www.veltec.eu\\\/nl\\\/product\\\/kirby-verbinding-stang-voetpedaal-nl3129\\\/#primaryimage\"},\"thumbnailUrl\":\"https:\\\/\\\/www.veltec.eu\\\/wp-content\\\/uploads\\\/2018\\\/10\\\/kirby-actuating-rod-k-608789.jpg\",\"datePublished\":\"2018-10-26T09:04:25+00:00\",\"dateModified\":\"2025-03-28T12:12:57+00:00\",\"description\":\"Kirby Verbindungsstange Fu\u00dfpedal - Veltec ist seit \u00fcber 25 Jahren der Lieferant von Kirby Staubsaugern. Und ist Ihr vertrauensw\u00fcrdiger\",\"breadcrumb\":{\"@id\":\"https:\\\/\\\/www.veltec.eu\\\/nl\\\/product\\\/kirby-verbinding-stang-voetpedaal-nl3129\\\/#breadcrumb\"},\"inLanguage\":\"de\",\"potentialAction\":[{\"@type\":\"ReadAction\",\"target\":[\"https:\\\/\\\/www.veltec.eu\\\/nl\\\/product\\\/kirby-verbinding-stang-voetpedaal-nl3129\\\/\"]}]},{\"@type\":\"ImageObject\",\"inLanguage\":\"de\",\"@id\":\"https:\\\/\\\/www.veltec.eu\\\/nl\\\/product\\\/kirby-verbinding-stang-voetpedaal-nl3129\\\/#primaryimage\",\"url\":\"https:\\\/\\\/www.veltec.eu\\\/wp-content\\\/uploads\\\/2018\\\/10\\\/kirby-actuating-rod-k-608789.jpg\",\"contentUrl\":\"https:\\\/\\\/www.veltec.eu\\\/wp-content\\\/uploads\\\/2018\\\/10\\\/kirby-actuating-rod-k-608789.jpg\",\"width\":300,\"height\":300},{\"@type\":\"BreadcrumbList\",\"@id\":\"https:\\\/\\\/www.veltec.eu\\\/nl\\\/product\\\/kirby-verbinding-stang-voetpedaal-nl3129\\\/#breadcrumb\",\"itemListElement\":[{\"@type\":\"ListItem\",\"position\":1,\"name\":\"Home\",\"item\":\"https:\\\/\\\/www.veltec.eu\\\/de\\\/\"},{\"@type\":\"ListItem\",\"position\":2,\"name\":\"Produits\",\"item\":\"https:\\\/\\\/www.veltec.eu\\\/fr\\\/shop\\\/\"},{\"@type\":\"ListItem\",\"position\":3,\"name\":\"Kirby Verbindungsstange Fu\u00dfpedal\"}]},{\"@type\":\"WebSite\",\"@id\":\"https:\\\/\\\/www.veltec.eu\\\/en\\\/#website\",\"url\":\"https:\\\/\\\/www.veltec.eu\\\/en\\\/\",\"name\":\"Veltec Kirby specialist\",\"description\":\"Kirby stofzuiger producten\",\"publisher\":{\"@id\":\"https:\\\/\\\/www.veltec.eu\\\/en\\\/#organization\"},\"potentialAction\":[{\"@type\":\"SearchAction\",\"target\":{\"@type\":\"EntryPoint\",\"urlTemplate\":\"https:\\\/\\\/www.veltec.eu\\\/en\\\/?s={search_term_string}\"},\"query-input\":{\"@type\":\"PropertyValueSpecification\",\"valueRequired\":true,\"valueName\":\"search_term_string\"}}],\"inLanguage\":\"de\"},{\"@type\":\"Organization\",\"@id\":\"https:\\\/\\\/www.veltec.eu\\\/en\\\/#organization\",\"name\":\"Veltec Kirby Specialist\",\"url\":\"https:\\\/\\\/www.veltec.eu\\\/en\\\/\",\"logo\":{\"@type\":\"ImageObject\",\"inLanguage\":\"de\",\"@id\":\"https:\\\/\\\/www.veltec.eu\\\/en\\\/#\\\/schema\\\/logo\\\/image\\\/\",\"url\":\"https:\\\/\\\/www.veltec.eu\\\/wp-content\\\/uploads\\\/2021\\\/12\\\/Veltec-log-groot-e1537260889125.png\",\"contentUrl\":\"https:\\\/\\\/www.veltec.eu\\\/wp-content\\\/uploads\\\/2021\\\/12\\\/Veltec-log-groot-e1537260889125.png\",\"width\":200,\"height\":60,\"caption\":\"Veltec Kirby Specialist\"},\"image\":{\"@id\":\"https:\\\/\\\/www.veltec.eu\\\/en\\\/#\\\/schema\\\/logo\\\/image\\\/\"},\"sameAs\":[\"https:\\\/\\\/www.facebook.com\\\/Veltec-Kirby-Specialist-236746293374877\\\/\",\"https:\\\/\\\/www.youtube.com\\\/user\\\/VeltecService\"]}]}<\/script>\n<!-- \/ Yoast SEO Premium plugin. -->","yoast_head_json":{"title":"Kirby Verbindungsstange Fu\u00dfpedal - Veltec Kirby specialist","description":"Kirby Verbindungsstange Fu\u00dfpedal - Veltec ist seit \u00fcber 25 Jahren der Lieferant von Kirby Staubsaugern. Und ist Ihr vertrauensw\u00fcrdiger","robots":{"index":"index","follow":"follow","max-snippet":"max-snippet:-1","max-image-preview":"max-image-preview:large","max-video-preview":"max-video-preview:-1"},"canonical":"https:\/\/www.veltec.eu\/nl\/product\/kirby-verbinding-stang-voetpedaal-nl3129\/","og_locale":"de_DE","og_type":"article","og_title":"Kirby Verbindungsstange Fu\u00dfpedal","og_description":"Verbindungsstange f\u00fcr das Fu\u00dfpedal.    Vorr\u00e4tig   Vor 23:59 uhr bestellt, morgen versendet  &nbsp;","og_url":"https:\/\/www.veltec.eu\/nl\/product\/kirby-verbinding-stang-voetpedaal-nl3129\/","og_site_name":"Veltec Kirby specialist","article_publisher":"https:\/\/www.facebook.com\/Veltec-Kirby-Specialist-236746293374877\/","article_modified_time":"2025-03-28T12:12:57+00:00","og_image":[{"width":300,"height":300,"url":"https:\/\/www.veltec.eu\/wp-content\/uploads\/2018\/10\/kirby-actuating-rod-k-608789.jpg","type":"image\/jpeg"}],"twitter_card":"summary_large_image","twitter_misc":{"Gesch\u00e4tzte Lesezeit":"2\u00a0Minuten"},"schema":{"@context":"https:\/\/schema.org","@graph":[{"@type":"WebPage","@id":"https:\/\/www.veltec.eu\/nl\/product\/kirby-verbinding-stang-voetpedaal-nl3129\/","url":"https:\/\/www.veltec.eu\/nl\/product\/kirby-verbinding-stang-voetpedaal-nl3129\/","name":"Kirby Verbindungsstange Fu\u00dfpedal - Veltec Kirby specialist","isPartOf":{"@id":"https:\/\/www.veltec.eu\/en\/#website"},"primaryImageOfPage":{"@id":"https:\/\/www.veltec.eu\/nl\/product\/kirby-verbinding-stang-voetpedaal-nl3129\/#primaryimage"},"image":{"@id":"https:\/\/www.veltec.eu\/nl\/product\/kirby-verbinding-stang-voetpedaal-nl3129\/#primaryimage"},"thumbnailUrl":"https:\/\/www.veltec.eu\/wp-content\/uploads\/2018\/10\/kirby-actuating-rod-k-608789.jpg","datePublished":"2018-10-26T09:04:25+00:00","dateModified":"2025-03-28T12:12:57+00:00","description":"Kirby Verbindungsstange Fu\u00dfpedal - Veltec ist seit \u00fcber 25 Jahren der Lieferant von Kirby Staubsaugern. Und ist Ihr vertrauensw\u00fcrdiger","breadcrumb":{"@id":"https:\/\/www.veltec.eu\/nl\/product\/kirby-verbinding-stang-voetpedaal-nl3129\/#breadcrumb"},"inLanguage":"de","potentialAction":[{"@type":"ReadAction","target":["https:\/\/www.veltec.eu\/nl\/product\/kirby-verbinding-stang-voetpedaal-nl3129\/"]}]},{"@type":"ImageObject","inLanguage":"de","@id":"https:\/\/www.veltec.eu\/nl\/product\/kirby-verbinding-stang-voetpedaal-nl3129\/#primaryimage","url":"https:\/\/www.veltec.eu\/wp-content\/uploads\/2018\/10\/kirby-actuating-rod-k-608789.jpg","contentUrl":"https:\/\/www.veltec.eu\/wp-content\/uploads\/2018\/10\/kirby-actuating-rod-k-608789.jpg","width":300,"height":300},{"@type":"BreadcrumbList","@id":"https:\/\/www.veltec.eu\/nl\/product\/kirby-verbinding-stang-voetpedaal-nl3129\/#breadcrumb","itemListElement":[{"@type":"ListItem","position":1,"name":"Home","item":"https:\/\/www.veltec.eu\/de\/"},{"@type":"ListItem","position":2,"name":"Produits","item":"https:\/\/www.veltec.eu\/fr\/shop\/"},{"@type":"ListItem","position":3,"name":"Kirby Verbindungsstange Fu\u00dfpedal"}]},{"@type":"WebSite","@id":"https:\/\/www.veltec.eu\/en\/#website","url":"https:\/\/www.veltec.eu\/en\/","name":"Veltec Kirby specialist","description":"Kirby stofzuiger producten","publisher":{"@id":"https:\/\/www.veltec.eu\/en\/#organization"},"potentialAction":[{"@type":"SearchAction","target":{"@type":"EntryPoint","urlTemplate":"https:\/\/www.veltec.eu\/en\/?s={search_term_string}"},"query-input":{"@type":"PropertyValueSpecification","valueRequired":true,"valueName":"search_term_string"}}],"inLanguage":"de"},{"@type":"Organization","@id":"https:\/\/www.veltec.eu\/en\/#organization","name":"Veltec Kirby Specialist","url":"https:\/\/www.veltec.eu\/en\/","logo":{"@type":"ImageObject","inLanguage":"de","@id":"https:\/\/www.veltec.eu\/en\/#\/schema\/logo\/image\/","url":"https:\/\/www.veltec.eu\/wp-content\/uploads\/2021\/12\/Veltec-log-groot-e1537260889125.png","contentUrl":"https:\/\/www.veltec.eu\/wp-content\/uploads\/2021\/12\/Veltec-log-groot-e1537260889125.png","width":200,"height":60,"caption":"Veltec Kirby Specialist"},"image":{"@id":"https:\/\/www.veltec.eu\/en\/#\/schema\/logo\/image\/"},"sameAs":["https:\/\/www.facebook.com\/Veltec-Kirby-Specialist-236746293374877\/","https:\/\/www.youtube.com\/user\/VeltecService"]}]}},"_links":{"self":[{"href":"https:\/\/www.veltec.eu\/de\/wp-json\/wp\/v2\/product\/10830","targetHints":{"allow":["GET"]}}],"collection":[{"href":"https:\/\/www.veltec.eu\/de\/wp-json\/wp\/v2\/product"}],"about":[{"href":"https:\/\/www.veltec.eu\/de\/wp-json\/wp\/v2\/types\/product"}],"replies":[{"embeddable":true,"href":"https:\/\/www.veltec.eu\/de\/wp-json\/wp\/v2\/comments?post=10830"}],"wp:featuredmedia":[{"embeddable":true,"href":"https:\/\/www.veltec.eu\/de\/wp-json\/wp\/v2\/media\/8364"}],"wp:attachment":[{"href":"https:\/\/www.veltec.eu\/de\/wp-json\/wp\/v2\/media?parent=10830"}],"wp:term":[{"taxonomy":"product_brand","embeddable":true,"href":"https:\/\/www.veltec.eu\/de\/wp-json\/wp\/v2\/product_brand?post=10830"},{"taxonomy":"product_cat","embeddable":true,"href":"https:\/\/www.veltec.eu\/de\/wp-json\/wp\/v2\/product_cat?post=10830"},{"taxonomy":"product_tag","embeddable":true,"href":"https:\/\/www.veltec.eu\/de\/wp-json\/wp\/v2\/product_tag?post=10830"}],"curies":[{"name":"wp","href":"https:\/\/api.w.org\/{rel}","templated":true}]}}