{"id":10815,"date":"2018-10-26T11:21:34","date_gmt":"2018-10-26T09:21:34","guid":{"rendered":"https:\/\/www.veltec.eu\/kirby-webshop\/kirby-schalter-hinterradantrieb-nl3000\/"},"modified":"2025-11-11T22:19:30","modified_gmt":"2025-11-11T20:19:30","slug":"kirby-schalter-hinterradantrieb-nl3000","status":"publish","type":"product","link":"https:\/\/www.veltec.eu\/de\/product\/kirby-schalter-hinterradantrieb-nl3000\/","title":{"rendered":"Kirby Schalter Hinterradantrieb"},"content":{"rendered":"<h1>Kirby Schalter Hinterradantrieb<\/h1>\n<p>Kirby Schalter Hinterradantrieb.<\/p>\n<p><strong>Dieser Schalter ist universell und f\u00fcr jeden Kirby Staubsauger geeignet;<\/strong><\/p>\n<ul>\n<li>Avalir Platinum<\/li>\n<li>Avalir 2<\/li>\n<li>Avalir 1<\/li>\n<li>Sentria 2 (G10D)<\/li>\n<li>Sentria 1 (G10)<\/li>\n<li>Ultimate G Diamond Ed.(G7D or DE)<\/li>\n<li>Ultimate G (G7 or UG)<\/li>\n<li>Generation 6 (G6)<\/li>\n<li>Generation 5 (G5)<\/li>\n<li>Generation 4 (G4)<\/li>\n<li>Generation 3 (G3)<\/li>\n<\/ul>\n<h2>Hinterradantriebsschalter f\u00fcr Kirby Staubsauger &#8211; Universell und unverzichtbar<\/h2>\n<p>Sind Sie auf der Suche nach einem Ersatzschalter f\u00fcr den Hinterradantrieb Ihres Kirby Staubsaugers? Dieser unverzichtbare Schaltermechanismus sorgt daf\u00fcr, dass Ihr Staubsauger reibungslos zwischen Neutral- und Antriebsmodus umschaltet. Wenn dieser Schalter kaputt geht oder sich l\u00f6st, ist ein Ersatz die einzige L\u00f6sung. Zum Gl\u00fcck ist dieser Schalter universell und f\u00fcr alle Kirby-Modelle geeignet.<\/p>\n<p><a href=\"https:\/\/www.veltec.eu\/de\/kirby-hinterradantrieb-und-zubehor\/\">Hier finden Sie alle Kirby Schalter f\u00fcr den Heckantrieb<\/a><\/p>\n<h3>Warum braucht Ihr Kirby einen neuen Schalter f\u00fcr den Hinterradantrieb?<\/h3>\n<p>Der Hinterradantrieb Ihres Kirby Staubsaugers sorgt f\u00fcr m\u00fchelose Bewegung beim Saugen. Der Schalter ist ein kleines, aber wichtiges Bauteil, das den Antrieb in oder aus dem Leerlauf schaltet. Wenn er sich lockert oder abgenutzt ist, funktioniert der Antrieb nicht mehr richtig. Dies kann zu einer geringeren Leistung und einem weniger effizienten Staubsaugen f\u00fchren. Da dieser Schalter nicht repariert werden kann, sollten Sie ihn auswechseln, sobald Sie bemerken, dass sich Ihr Staubsauger nur noch schwer bewegen l\u00e4sst.<\/p>\n<h3>Universell und f\u00fcr alle Kirby-Modelle geeignet<\/h3>\n<p>Dieser Schalter ist so konzipiert, dass er perfekt auf alle Kirby Staubsaugermodelle passt. Das bedeutet, dass Sie sich keine Gedanken \u00fcber die Kompatibilit\u00e4t machen m\u00fcssen. Ganz gleich, ob Sie ein \u00e4lteres oder ein neueres Modell haben, dieser Schalter bietet die L\u00f6sung, die Sie brauchen, um Ihren Staubsauger wieder reibungslos zum Laufen zu bringen.<\/p>\n<h3>Einfacher Einbau und sofort einsatzbereit<\/h3>\n<p>Ein gro\u00dfer Vorteil dieses Schalters ist, dass er einfach zu installieren ist. Mit minimalen technischen Kenntnissen k\u00f6nnen Sie diesen Schalter selbst austauschen und so teure Reparaturkosten vermeiden. Innerhalb weniger Minuten ist Ihr Kirby Staubsauger wieder einsatzbereit.<\/p>\n<h3>Bestellen Sie Ihren Kirby Schalter Hinterradantrieb\u00a0noch heute<\/h3>\n<p>Warten Sie nicht l\u00e4nger mit der Reparatur Ihres Kirby Staubsaugers. Bestellen Sie noch heute diesen universellen Hinterradantriebsschalter und genie\u00dfen Sie wieder einen reibungslos funktionierenden Staubsauger. Mit schneller Lieferung und garantierter Kompatibilit\u00e4t ist dies die ideale L\u00f6sung f\u00fcr jedes Kirby-Modell!<\/p>\n","protected":false},"excerpt":{"rendered":"<p>Schalter f\u00fcr Hinterradantrieb.<\/p>\n[trustindex data-widget-id=31675542425128034566e10b5fb]\n<h3><span style=\"color: #008000;\"><br \/>\nVorr\u00e4tig<\/span><\/h3>\n[av_font_icon icon='ue812' font='entypo-fontello' style='' caption='' size='25px' position='left' color='#43ad66' link='' linktarget='' title_attr='' sonar_effect_effect='' sonar_effect_color='' sonar_effect_duration='1' sonar_effect_scale='' sonar_effect_opac='0.5' animation='' id='' custom_class='' template_class='' av_uid='' sc_version='1.0' admin_preview_bg=''][\/av_font_icon]\n<p><span style=\"color: #008000;\">Vor 23:59 uhr bestellt, morgen versendet<\/span><\/p>\n<p>&nbsp;<\/p>\n","protected":false},"featured_media":90516,"comment_status":"open","ping_status":"closed","template":"","meta":[],"product_brand":[],"product_cat":[330],"product_tag":[],"class_list":{"0":"post-10815","1":"product","2":"type-product","3":"status-publish","4":"has-post-thumbnail","6":"product_cat-kirby-hinterradantrieb","7":"product_shipping_class-klein-de","9":"first","10":"instock","11":"taxable","12":"shipping-taxable","13":"purchasable","14":"product-type-simple"},"yoast_head":"<!-- This site is optimized with the Yoast SEO Premium plugin v27.1 (Yoast SEO v27.4) - https:\/\/yoast.com\/product\/yoast-seo-premium-wordpress\/ -->\n<title>Kirby Schalter Hinterradantrieb - Veltec Kirby specialist<\/title>\n<meta name=\"description\" content=\"Kirby Schalter Hinterradantrieb Veltec ist seit \u00fcber 25 Jahren der Lieferant von Kirby Staubsaugern. Und ist Ihr vertrauensw\u00fcrdiger Kirby\" \/>\n<meta name=\"robots\" content=\"index, follow, max-snippet:-1, max-image-preview:large, max-video-preview:-1\" \/>\n<link rel=\"canonical\" href=\"https:\/\/www.veltec.eu\/nl\/product\/achterwielaandrijving-schakelaar-nl3000\/\" \/>\n<meta property=\"og:locale\" content=\"de_DE\" \/>\n<meta property=\"og:type\" content=\"article\" \/>\n<meta property=\"og:title\" content=\"Kirby Schalter Hinterradantrieb\" \/>\n<meta property=\"og:description\" content=\"Schalter f\u00fcr Hinterradantrieb.    Vorr\u00e4tig   Vor 23:59 uhr bestellt, morgen versendet  &nbsp;\" \/>\n<meta property=\"og:url\" content=\"https:\/\/www.veltec.eu\/nl\/product\/achterwielaandrijving-schakelaar-nl3000\/\" \/>\n<meta property=\"og:site_name\" content=\"Veltec Kirby specialist\" \/>\n<meta property=\"article:publisher\" content=\"https:\/\/www.facebook.com\/Veltec-Kirby-Specialist-236746293374877\/\" \/>\n<meta property=\"article:modified_time\" content=\"2025-11-11T20:19:30+00:00\" \/>\n<meta property=\"og:image\" content=\"https:\/\/www.veltec.eu\/wp-content\/uploads\/2018\/10\/achterwielaandrijving_schakelaar.jpg\" \/>\n\t<meta property=\"og:image:width\" content=\"300\" \/>\n\t<meta property=\"og:image:height\" content=\"300\" \/>\n\t<meta property=\"og:image:type\" content=\"image\/jpeg\" \/>\n<meta name=\"twitter:card\" content=\"summary_large_image\" \/>\n<meta name=\"twitter:label1\" content=\"Gesch\u00e4tzte Lesezeit\" \/>\n\t<meta name=\"twitter:data1\" content=\"2\u00a0Minuten\" \/>\n<script type=\"application\/ld+json\" class=\"yoast-schema-graph\">{\"@context\":\"https:\\\/\\\/schema.org\",\"@graph\":[{\"@type\":\"WebPage\",\"@id\":\"https:\\\/\\\/www.veltec.eu\\\/nl\\\/product\\\/achterwielaandrijving-schakelaar-nl3000\\\/\",\"url\":\"https:\\\/\\\/www.veltec.eu\\\/nl\\\/product\\\/achterwielaandrijving-schakelaar-nl3000\\\/\",\"name\":\"Kirby Schalter Hinterradantrieb - Veltec Kirby specialist\",\"isPartOf\":{\"@id\":\"https:\\\/\\\/www.veltec.eu\\\/en\\\/#website\"},\"primaryImageOfPage\":{\"@id\":\"https:\\\/\\\/www.veltec.eu\\\/nl\\\/product\\\/achterwielaandrijving-schakelaar-nl3000\\\/#primaryimage\"},\"image\":{\"@id\":\"https:\\\/\\\/www.veltec.eu\\\/nl\\\/product\\\/achterwielaandrijving-schakelaar-nl3000\\\/#primaryimage\"},\"thumbnailUrl\":\"https:\\\/\\\/www.veltec.eu\\\/wp-content\\\/uploads\\\/2018\\\/10\\\/Kirby-achterwielschakelaar1.jpg\",\"datePublished\":\"2018-10-26T09:21:34+00:00\",\"dateModified\":\"2025-11-11T20:19:30+00:00\",\"description\":\"Kirby Schalter Hinterradantrieb Veltec ist seit \u00fcber 25 Jahren der Lieferant von Kirby Staubsaugern. Und ist Ihr vertrauensw\u00fcrdiger Kirby\",\"breadcrumb\":{\"@id\":\"https:\\\/\\\/www.veltec.eu\\\/nl\\\/product\\\/achterwielaandrijving-schakelaar-nl3000\\\/#breadcrumb\"},\"inLanguage\":\"de\",\"potentialAction\":[{\"@type\":\"ReadAction\",\"target\":[\"https:\\\/\\\/www.veltec.eu\\\/nl\\\/product\\\/achterwielaandrijving-schakelaar-nl3000\\\/\"]}]},{\"@type\":\"ImageObject\",\"inLanguage\":\"de\",\"@id\":\"https:\\\/\\\/www.veltec.eu\\\/nl\\\/product\\\/achterwielaandrijving-schakelaar-nl3000\\\/#primaryimage\",\"url\":\"https:\\\/\\\/www.veltec.eu\\\/wp-content\\\/uploads\\\/2018\\\/10\\\/Kirby-achterwielschakelaar1.jpg\",\"contentUrl\":\"https:\\\/\\\/www.veltec.eu\\\/wp-content\\\/uploads\\\/2018\\\/10\\\/Kirby-achterwielschakelaar1.jpg\",\"width\":600,\"height\":600},{\"@type\":\"BreadcrumbList\",\"@id\":\"https:\\\/\\\/www.veltec.eu\\\/nl\\\/product\\\/achterwielaandrijving-schakelaar-nl3000\\\/#breadcrumb\",\"itemListElement\":[{\"@type\":\"ListItem\",\"position\":1,\"name\":\"Home\",\"item\":\"https:\\\/\\\/www.veltec.eu\\\/de\\\/\"},{\"@type\":\"ListItem\",\"position\":2,\"name\":\"Produits\",\"item\":\"https:\\\/\\\/www.veltec.eu\\\/fr\\\/shop\\\/\"},{\"@type\":\"ListItem\",\"position\":3,\"name\":\"Kirby Schalter Hinterradantrieb\"}]},{\"@type\":\"WebSite\",\"@id\":\"https:\\\/\\\/www.veltec.eu\\\/en\\\/#website\",\"url\":\"https:\\\/\\\/www.veltec.eu\\\/en\\\/\",\"name\":\"Veltec Kirby specialist\",\"description\":\"Kirby stofzuiger producten\",\"publisher\":{\"@id\":\"https:\\\/\\\/www.veltec.eu\\\/en\\\/#organization\"},\"potentialAction\":[{\"@type\":\"SearchAction\",\"target\":{\"@type\":\"EntryPoint\",\"urlTemplate\":\"https:\\\/\\\/www.veltec.eu\\\/en\\\/?s={search_term_string}\"},\"query-input\":{\"@type\":\"PropertyValueSpecification\",\"valueRequired\":true,\"valueName\":\"search_term_string\"}}],\"inLanguage\":\"de\"},{\"@type\":\"Organization\",\"@id\":\"https:\\\/\\\/www.veltec.eu\\\/en\\\/#organization\",\"name\":\"Veltec Kirby Specialist\",\"url\":\"https:\\\/\\\/www.veltec.eu\\\/en\\\/\",\"logo\":{\"@type\":\"ImageObject\",\"inLanguage\":\"de\",\"@id\":\"https:\\\/\\\/www.veltec.eu\\\/en\\\/#\\\/schema\\\/logo\\\/image\\\/\",\"url\":\"https:\\\/\\\/www.veltec.eu\\\/wp-content\\\/uploads\\\/2021\\\/12\\\/Veltec-log-groot-e1537260889125.png\",\"contentUrl\":\"https:\\\/\\\/www.veltec.eu\\\/wp-content\\\/uploads\\\/2021\\\/12\\\/Veltec-log-groot-e1537260889125.png\",\"width\":200,\"height\":60,\"caption\":\"Veltec Kirby Specialist\"},\"image\":{\"@id\":\"https:\\\/\\\/www.veltec.eu\\\/en\\\/#\\\/schema\\\/logo\\\/image\\\/\"},\"sameAs\":[\"https:\\\/\\\/www.facebook.com\\\/Veltec-Kirby-Specialist-236746293374877\\\/\",\"https:\\\/\\\/www.youtube.com\\\/user\\\/VeltecService\"]}]}<\/script>\n<!-- \/ Yoast SEO Premium plugin. -->","yoast_head_json":{"title":"Kirby Schalter Hinterradantrieb - Veltec Kirby specialist","description":"Kirby Schalter Hinterradantrieb Veltec ist seit \u00fcber 25 Jahren der Lieferant von Kirby Staubsaugern. Und ist Ihr vertrauensw\u00fcrdiger Kirby","robots":{"index":"index","follow":"follow","max-snippet":"max-snippet:-1","max-image-preview":"max-image-preview:large","max-video-preview":"max-video-preview:-1"},"canonical":"https:\/\/www.veltec.eu\/nl\/product\/achterwielaandrijving-schakelaar-nl3000\/","og_locale":"de_DE","og_type":"article","og_title":"Kirby Schalter Hinterradantrieb","og_description":"Schalter f\u00fcr Hinterradantrieb.    Vorr\u00e4tig   Vor 23:59 uhr bestellt, morgen versendet  &nbsp;","og_url":"https:\/\/www.veltec.eu\/nl\/product\/achterwielaandrijving-schakelaar-nl3000\/","og_site_name":"Veltec Kirby specialist","article_publisher":"https:\/\/www.facebook.com\/Veltec-Kirby-Specialist-236746293374877\/","article_modified_time":"2025-11-11T20:19:30+00:00","og_image":[{"width":300,"height":300,"url":"https:\/\/www.veltec.eu\/wp-content\/uploads\/2018\/10\/achterwielaandrijving_schakelaar.jpg","type":"image\/jpeg"}],"twitter_card":"summary_large_image","twitter_misc":{"Gesch\u00e4tzte Lesezeit":"2\u00a0Minuten"},"schema":{"@context":"https:\/\/schema.org","@graph":[{"@type":"WebPage","@id":"https:\/\/www.veltec.eu\/nl\/product\/achterwielaandrijving-schakelaar-nl3000\/","url":"https:\/\/www.veltec.eu\/nl\/product\/achterwielaandrijving-schakelaar-nl3000\/","name":"Kirby Schalter Hinterradantrieb - Veltec Kirby specialist","isPartOf":{"@id":"https:\/\/www.veltec.eu\/en\/#website"},"primaryImageOfPage":{"@id":"https:\/\/www.veltec.eu\/nl\/product\/achterwielaandrijving-schakelaar-nl3000\/#primaryimage"},"image":{"@id":"https:\/\/www.veltec.eu\/nl\/product\/achterwielaandrijving-schakelaar-nl3000\/#primaryimage"},"thumbnailUrl":"https:\/\/www.veltec.eu\/wp-content\/uploads\/2018\/10\/Kirby-achterwielschakelaar1.jpg","datePublished":"2018-10-26T09:21:34+00:00","dateModified":"2025-11-11T20:19:30+00:00","description":"Kirby Schalter Hinterradantrieb Veltec ist seit \u00fcber 25 Jahren der Lieferant von Kirby Staubsaugern. Und ist Ihr vertrauensw\u00fcrdiger Kirby","breadcrumb":{"@id":"https:\/\/www.veltec.eu\/nl\/product\/achterwielaandrijving-schakelaar-nl3000\/#breadcrumb"},"inLanguage":"de","potentialAction":[{"@type":"ReadAction","target":["https:\/\/www.veltec.eu\/nl\/product\/achterwielaandrijving-schakelaar-nl3000\/"]}]},{"@type":"ImageObject","inLanguage":"de","@id":"https:\/\/www.veltec.eu\/nl\/product\/achterwielaandrijving-schakelaar-nl3000\/#primaryimage","url":"https:\/\/www.veltec.eu\/wp-content\/uploads\/2018\/10\/Kirby-achterwielschakelaar1.jpg","contentUrl":"https:\/\/www.veltec.eu\/wp-content\/uploads\/2018\/10\/Kirby-achterwielschakelaar1.jpg","width":600,"height":600},{"@type":"BreadcrumbList","@id":"https:\/\/www.veltec.eu\/nl\/product\/achterwielaandrijving-schakelaar-nl3000\/#breadcrumb","itemListElement":[{"@type":"ListItem","position":1,"name":"Home","item":"https:\/\/www.veltec.eu\/de\/"},{"@type":"ListItem","position":2,"name":"Produits","item":"https:\/\/www.veltec.eu\/fr\/shop\/"},{"@type":"ListItem","position":3,"name":"Kirby Schalter Hinterradantrieb"}]},{"@type":"WebSite","@id":"https:\/\/www.veltec.eu\/en\/#website","url":"https:\/\/www.veltec.eu\/en\/","name":"Veltec Kirby specialist","description":"Kirby stofzuiger producten","publisher":{"@id":"https:\/\/www.veltec.eu\/en\/#organization"},"potentialAction":[{"@type":"SearchAction","target":{"@type":"EntryPoint","urlTemplate":"https:\/\/www.veltec.eu\/en\/?s={search_term_string}"},"query-input":{"@type":"PropertyValueSpecification","valueRequired":true,"valueName":"search_term_string"}}],"inLanguage":"de"},{"@type":"Organization","@id":"https:\/\/www.veltec.eu\/en\/#organization","name":"Veltec Kirby Specialist","url":"https:\/\/www.veltec.eu\/en\/","logo":{"@type":"ImageObject","inLanguage":"de","@id":"https:\/\/www.veltec.eu\/en\/#\/schema\/logo\/image\/","url":"https:\/\/www.veltec.eu\/wp-content\/uploads\/2021\/12\/Veltec-log-groot-e1537260889125.png","contentUrl":"https:\/\/www.veltec.eu\/wp-content\/uploads\/2021\/12\/Veltec-log-groot-e1537260889125.png","width":200,"height":60,"caption":"Veltec Kirby Specialist"},"image":{"@id":"https:\/\/www.veltec.eu\/en\/#\/schema\/logo\/image\/"},"sameAs":["https:\/\/www.facebook.com\/Veltec-Kirby-Specialist-236746293374877\/","https:\/\/www.youtube.com\/user\/VeltecService"]}]}},"_links":{"self":[{"href":"https:\/\/www.veltec.eu\/de\/wp-json\/wp\/v2\/product\/10815","targetHints":{"allow":["GET"]}}],"collection":[{"href":"https:\/\/www.veltec.eu\/de\/wp-json\/wp\/v2\/product"}],"about":[{"href":"https:\/\/www.veltec.eu\/de\/wp-json\/wp\/v2\/types\/product"}],"replies":[{"embeddable":true,"href":"https:\/\/www.veltec.eu\/de\/wp-json\/wp\/v2\/comments?post=10815"}],"wp:featuredmedia":[{"embeddable":true,"href":"https:\/\/www.veltec.eu\/de\/wp-json\/wp\/v2\/media\/90516"}],"wp:attachment":[{"href":"https:\/\/www.veltec.eu\/de\/wp-json\/wp\/v2\/media?parent=10815"}],"wp:term":[{"taxonomy":"product_brand","embeddable":true,"href":"https:\/\/www.veltec.eu\/de\/wp-json\/wp\/v2\/product_brand?post=10815"},{"taxonomy":"product_cat","embeddable":true,"href":"https:\/\/www.veltec.eu\/de\/wp-json\/wp\/v2\/product_cat?post=10815"},{"taxonomy":"product_tag","embeddable":true,"href":"https:\/\/www.veltec.eu\/de\/wp-json\/wp\/v2\/product_tag?post=10815"}],"curies":[{"name":"wp","href":"https:\/\/api.w.org\/{rel}","templated":true}]}}