{"id":10780,"date":"2018-10-26T12:37:47","date_gmt":"2018-10-26T10:37:47","guid":{"rendered":"https:\/\/www.veltec.eu\/kirby-webshop\/kirby-polierpad-nl3090\/"},"modified":"2025-04-15T15:00:07","modified_gmt":"2025-04-15T13:00:07","slug":"kirby-polierpad-nl3090","status":"publish","type":"product","link":"https:\/\/www.veltec.eu\/de\/product\/kirby-polierpad-nl3090\/","title":{"rendered":"Kirby Polierpad"},"content":{"rendered":"<h2>Kirby Polierpad &#8211; Verwandeln Sie Ihren Kirby in einen professionellen Polierer<\/h2>\n<p>Suchen Sie eine leistungsstarke L\u00f6sung zum professionellen Polieren oder Schwabbeln von Oberfl\u00e4chen? Dann ist das Kirby Polierpad genau das, was Sie brauchen. Dieses hochwertige Polierpad wurde speziell f\u00fcr die Verwendung mit dem <a href=\"https:\/\/www.veltec.eu\/de\/product\/kirby-turbozubehorsystem-nl3126\/\">Kirby Turbozubeh\u00f6rsystem<\/a> entwickelt, mit dem Sie Ihren Staubsauger ganz einfach in eine professionelle Polier- oder Schwabbelmaschine verwandeln k\u00f6nnen.<\/p>\n<p><strong>Dieses Pad ist universell und f\u00fcr jeden <a href=\"https:\/\/www.veltec.eu\/de\/kirby-staubsauger\/\">Kirby Staubsauger<\/a> geeignet;<\/strong><\/p>\n<ul>\n<li>Avalir Platinum<\/li>\n<li>Avalir 2<\/li>\n<li>Avalir 1<\/li>\n<li>Sentria 2 (G10D)<\/li>\n<li>Sentria 1 (G10)<\/li>\n<li>Ultimate G Diamond Ed.(G7D or DE)<\/li>\n<li>Ultimate G (G7 or UG)<\/li>\n<li>Generation 6 (G6)<\/li>\n<li>Generation 5 (G5)<\/li>\n<li>Generation 4 (G4)<\/li>\n<li>Generation 3 (G3)<\/li>\n<\/ul>\n<p><a href=\"https:\/\/www.veltec.eu\/de\/?page_id=60055\">Hier finden Sie alle Kirby Turbo Zubeh\u00f6rteile<\/a><\/p>\n<h3>Warum sollten Sie sich f\u00fcr das Kirby Polierpad entscheiden?<\/h3>\n<p>Wenn Sie Ihren Boden, Ihre Fliesen oder andere harte Oberfl\u00e4chen in neuem Glanz erstrahlen lassen wollen, ist ein zuverl\u00e4ssiges Werkzeug unerl\u00e4sslich. Das Polierpad ist nicht nur ein weiteres Zubeh\u00f6rteil, sondern ein echter Wendepunkt. Dank seiner festen, aber weichen Faserstruktur poliert dieses Pad mit \u00e4u\u00dferster Pr\u00e4zision, ohne Kratzer oder Sch\u00e4den zu hinterlassen. Au\u00dferdem passt dieses Pad auf jede Version des <a href=\"https:\/\/www.veltec.eu\/de\/product\/kirby-turbozubehorsystem-nl3126\/\">Kirby Turbo Zubeh\u00f6rsystems<\/a>, so dass Sie immer sicher sein k\u00f6nnen, dass es kompatibel ist.<\/p>\n<p>Mit anderen Worten: Ob Sie nun einen \u00e4lteren Kirby oder ein neueres Modell besitzen, dieses Polierpad passt immer perfekt.<\/p>\n<h2>Einfacher Umbau &#8211; vom Staubsauger zum Polierer<\/h2>\n<p>Der gro\u00dfe Vorteil des Polierpads ist seine einfache Anwendung. Ohne komplizierte Montage verwandeln Sie das Turbo Zubeh\u00f6rsystem mit wenigen Handgriffen in eine robuste Polier- oder Schwabbelmaschine. So sparen Sie nicht nur teure Profiger\u00e4te, sondern haben auch eine kompakte und multifunktionale L\u00f6sung zu Hause.<\/p>\n<h3>Vielseitiger und langlebiger Einsatz<\/h3>\n<p>Dank seines robusten Materials h\u00e4lt das Pad auch bei intensiver Nutzung lange durch. Ob Sie Holz, Naturstein oder Fliesen polieren wollen: Dieses Pad liefert ein hochgl\u00e4nzendes Ergebnis. In Kombination mit einem geeigneten Poliermittel sorgt das Pad f\u00fcr eine gr\u00fcndliche Reinigung und ein sch\u00fctzendes Oberfl\u00e4chenfinish.<\/p>\n<h2>Zusammenfassung &#8211; Das macht das Kirby Polierpad unentbehrlich<\/h2>\n<ul>\n<li>Professionelle Ergebnisse beim Polieren und Schwabbeln<\/li>\n<li>Passt auf jedes Kirby Turbo Zubeh\u00f6rsystem<\/li>\n<li>Langlebiges und verschlei\u00dffestes Material<\/li>\n<li>Einfache Installation ohne zus\u00e4tzliches Werkzeug<\/li>\n<li>Vielseitig auf verschiedenen Oberfl\u00e4chen einsetzbar<\/li>\n<\/ul>\n<p>Wenn Sie es mit der Pflege Ihrer B\u00f6den oder M\u00f6bel ernst meinen, sollte dieses Kirby Polierpad in Ihrem Reinigungsarsenal nicht fehlen. Dank der intelligenten Kombination aus Qualit\u00e4t, Kompatibilit\u00e4t und Benutzerfreundlichkeit werden Sie das Beste aus Ihrem Kirby-Ger\u00e4t herausholen.<\/p>\n<p class=\"\" data-start=\"2650\" data-end=\"2819\">\n","protected":false},"excerpt":{"rendered":"<p>Polierpad f\u00fcr das Turbozubeh\u00f6rsystem.<\/p>\n[trustindex data-widget-id=31675542425128034566e10b5fb]\n<h3><span style=\"color: #008000;\"><br \/>\nVorr\u00e4tig<\/span><\/h3>\n[av_font_icon icon='ue812' font='entypo-fontello' style='' caption='' size='25px' position='left' color='#43ad66' link='' linktarget='' title_attr='' sonar_effect_effect='' sonar_effect_color='' sonar_effect_duration='1' sonar_effect_scale='' sonar_effect_opac='0.5' animation='' id='' custom_class='' template_class='' av_uid='' sc_version='1.0' admin_preview_bg=''][\/av_font_icon]\n<p><span style=\"color: #008000;\">Vor 23:59 uhr bestellt, morgen versendet<\/span><\/p>\n<p>&nbsp;<\/p>\n","protected":false},"featured_media":8466,"comment_status":"open","ping_status":"closed","template":"","meta":{"_acf_changed":false},"product_brand":[],"product_cat":[325],"product_tag":[],"class_list":{"0":"post-10780","1":"product","2":"type-product","3":"status-publish","4":"has-post-thumbnail","6":"product_cat-kirby-turbo-zubehoer","7":"product_shipping_class-klein-de","9":"first","10":"instock","11":"taxable","12":"shipping-taxable","13":"purchasable","14":"product-type-simple"},"acf":[],"yoast_head":"<!-- This site is optimized with the Yoast SEO Premium plugin v27.1 (Yoast SEO v27.4) - https:\/\/yoast.com\/product\/yoast-seo-premium-wordpress\/ -->\n<title>Kirby Polierpad - Veltec Kirby specialist<\/title>\n<meta name=\"description\" content=\"Kirby Polierpad - Veltec ist seit \u00fcber 25 Jahren der Lieferant von Kirby Staubsaugern. Und ist Ihr vertrauensw\u00fcrdiger Kirby-Service-Spezialist.\" \/>\n<meta name=\"robots\" content=\"index, follow, max-snippet:-1, max-image-preview:large, max-video-preview:-1\" \/>\n<link rel=\"canonical\" href=\"https:\/\/www.veltec.eu\/de\/product\/kirby-polierpad-nl3090\/\" \/>\n<meta property=\"og:locale\" content=\"de_DE\" \/>\n<meta property=\"og:type\" content=\"article\" \/>\n<meta property=\"og:title\" content=\"Kirby Polierpad\" \/>\n<meta property=\"og:description\" content=\"Polierpad f\u00fcr das Turbozubeh\u00f6rsystem.    Vorr\u00e4tig   Vor 23:59 uhr bestellt, morgen versendet  &nbsp;\" \/>\n<meta property=\"og:url\" content=\"https:\/\/www.veltec.eu\/de\/product\/kirby-polierpad-nl3090\/\" \/>\n<meta property=\"og:site_name\" content=\"Veltec Kirby specialist\" \/>\n<meta property=\"article:publisher\" content=\"https:\/\/www.facebook.com\/Veltec-Kirby-Specialist-236746293374877\/\" \/>\n<meta property=\"article:modified_time\" content=\"2025-04-15T13:00:07+00:00\" \/>\n<meta property=\"og:image\" content=\"https:\/\/www.veltec.eu\/wp-content\/uploads\/2018\/10\/dsc0577.jpg\" \/>\n\t<meta property=\"og:image:width\" content=\"300\" \/>\n\t<meta property=\"og:image:height\" content=\"300\" \/>\n\t<meta property=\"og:image:type\" content=\"image\/jpeg\" \/>\n<meta name=\"twitter:card\" content=\"summary_large_image\" \/>\n<meta name=\"twitter:label1\" content=\"Gesch\u00e4tzte Lesezeit\" \/>\n\t<meta name=\"twitter:data1\" content=\"2\u00a0Minuten\" \/>\n<script type=\"application\/ld+json\" class=\"yoast-schema-graph\">{\"@context\":\"https:\\\/\\\/schema.org\",\"@graph\":[{\"@type\":\"WebPage\",\"@id\":\"https:\\\/\\\/www.veltec.eu\\\/de\\\/product\\\/kirby-polierpad-nl3090\\\/\",\"url\":\"https:\\\/\\\/www.veltec.eu\\\/de\\\/product\\\/kirby-polierpad-nl3090\\\/\",\"name\":\"Kirby Polierpad - Veltec Kirby specialist\",\"isPartOf\":{\"@id\":\"https:\\\/\\\/www.veltec.eu\\\/en\\\/#website\"},\"primaryImageOfPage\":{\"@id\":\"https:\\\/\\\/www.veltec.eu\\\/de\\\/product\\\/kirby-polierpad-nl3090\\\/#primaryimage\"},\"image\":{\"@id\":\"https:\\\/\\\/www.veltec.eu\\\/de\\\/product\\\/kirby-polierpad-nl3090\\\/#primaryimage\"},\"thumbnailUrl\":\"https:\\\/\\\/www.veltec.eu\\\/wp-content\\\/uploads\\\/2018\\\/10\\\/dsc0577.jpg\",\"datePublished\":\"2018-10-26T10:37:47+00:00\",\"dateModified\":\"2025-04-15T13:00:07+00:00\",\"description\":\"Kirby Polierpad - Veltec ist seit \u00fcber 25 Jahren der Lieferant von Kirby Staubsaugern. Und ist Ihr vertrauensw\u00fcrdiger Kirby-Service-Spezialist.\",\"breadcrumb\":{\"@id\":\"https:\\\/\\\/www.veltec.eu\\\/de\\\/product\\\/kirby-polierpad-nl3090\\\/#breadcrumb\"},\"inLanguage\":\"de\",\"potentialAction\":[{\"@type\":\"ReadAction\",\"target\":[\"https:\\\/\\\/www.veltec.eu\\\/de\\\/product\\\/kirby-polierpad-nl3090\\\/\"]}]},{\"@type\":\"ImageObject\",\"inLanguage\":\"de\",\"@id\":\"https:\\\/\\\/www.veltec.eu\\\/de\\\/product\\\/kirby-polierpad-nl3090\\\/#primaryimage\",\"url\":\"https:\\\/\\\/www.veltec.eu\\\/wp-content\\\/uploads\\\/2018\\\/10\\\/dsc0577.jpg\",\"contentUrl\":\"https:\\\/\\\/www.veltec.eu\\\/wp-content\\\/uploads\\\/2018\\\/10\\\/dsc0577.jpg\",\"width\":300,\"height\":300,\"caption\":\"Schuurspons\"},{\"@type\":\"BreadcrumbList\",\"@id\":\"https:\\\/\\\/www.veltec.eu\\\/de\\\/product\\\/kirby-polierpad-nl3090\\\/#breadcrumb\",\"itemListElement\":[{\"@type\":\"ListItem\",\"position\":1,\"name\":\"Home\",\"item\":\"https:\\\/\\\/www.veltec.eu\\\/de\\\/startseite\\\/\"},{\"@type\":\"ListItem\",\"position\":2,\"name\":\"Kirby Laden\",\"item\":\"https:\\\/\\\/www.veltec.eu\\\/de\\\/kirby-laden\\\/\"},{\"@type\":\"ListItem\",\"position\":3,\"name\":\"Kirby Polierpad\"}]},{\"@type\":\"WebSite\",\"@id\":\"https:\\\/\\\/www.veltec.eu\\\/en\\\/#website\",\"url\":\"https:\\\/\\\/www.veltec.eu\\\/en\\\/\",\"name\":\"Veltec Kirby specialist\",\"description\":\"Kirby stofzuiger producten\",\"publisher\":{\"@id\":\"https:\\\/\\\/www.veltec.eu\\\/en\\\/#organization\"},\"potentialAction\":[{\"@type\":\"SearchAction\",\"target\":{\"@type\":\"EntryPoint\",\"urlTemplate\":\"https:\\\/\\\/www.veltec.eu\\\/en\\\/?s={search_term_string}\"},\"query-input\":{\"@type\":\"PropertyValueSpecification\",\"valueRequired\":true,\"valueName\":\"search_term_string\"}}],\"inLanguage\":\"de\"},{\"@type\":\"Organization\",\"@id\":\"https:\\\/\\\/www.veltec.eu\\\/en\\\/#organization\",\"name\":\"Veltec Kirby Specialist\",\"url\":\"https:\\\/\\\/www.veltec.eu\\\/en\\\/\",\"logo\":{\"@type\":\"ImageObject\",\"inLanguage\":\"de\",\"@id\":\"https:\\\/\\\/www.veltec.eu\\\/en\\\/#\\\/schema\\\/logo\\\/image\\\/\",\"url\":\"https:\\\/\\\/www.veltec.eu\\\/wp-content\\\/uploads\\\/2021\\\/12\\\/Veltec-log-groot-e1537260889125.png\",\"contentUrl\":\"https:\\\/\\\/www.veltec.eu\\\/wp-content\\\/uploads\\\/2021\\\/12\\\/Veltec-log-groot-e1537260889125.png\",\"width\":200,\"height\":60,\"caption\":\"Veltec Kirby Specialist\"},\"image\":{\"@id\":\"https:\\\/\\\/www.veltec.eu\\\/en\\\/#\\\/schema\\\/logo\\\/image\\\/\"},\"sameAs\":[\"https:\\\/\\\/www.facebook.com\\\/Veltec-Kirby-Specialist-236746293374877\\\/\",\"https:\\\/\\\/www.youtube.com\\\/user\\\/VeltecService\"]}]}<\/script>\n<!-- \/ Yoast SEO Premium plugin. -->","yoast_head_json":{"title":"Kirby Polierpad - Veltec Kirby specialist","description":"Kirby Polierpad - Veltec ist seit \u00fcber 25 Jahren der Lieferant von Kirby Staubsaugern. Und ist Ihr vertrauensw\u00fcrdiger Kirby-Service-Spezialist.","robots":{"index":"index","follow":"follow","max-snippet":"max-snippet:-1","max-image-preview":"max-image-preview:large","max-video-preview":"max-video-preview:-1"},"canonical":"https:\/\/www.veltec.eu\/de\/product\/kirby-polierpad-nl3090\/","og_locale":"de_DE","og_type":"article","og_title":"Kirby Polierpad","og_description":"Polierpad f\u00fcr das Turbozubeh\u00f6rsystem.    Vorr\u00e4tig   Vor 23:59 uhr bestellt, morgen versendet  &nbsp;","og_url":"https:\/\/www.veltec.eu\/de\/product\/kirby-polierpad-nl3090\/","og_site_name":"Veltec Kirby specialist","article_publisher":"https:\/\/www.facebook.com\/Veltec-Kirby-Specialist-236746293374877\/","article_modified_time":"2025-04-15T13:00:07+00:00","og_image":[{"width":300,"height":300,"url":"https:\/\/www.veltec.eu\/wp-content\/uploads\/2018\/10\/dsc0577.jpg","type":"image\/jpeg"}],"twitter_card":"summary_large_image","twitter_misc":{"Gesch\u00e4tzte Lesezeit":"2\u00a0Minuten"},"schema":{"@context":"https:\/\/schema.org","@graph":[{"@type":"WebPage","@id":"https:\/\/www.veltec.eu\/de\/product\/kirby-polierpad-nl3090\/","url":"https:\/\/www.veltec.eu\/de\/product\/kirby-polierpad-nl3090\/","name":"Kirby Polierpad - Veltec Kirby specialist","isPartOf":{"@id":"https:\/\/www.veltec.eu\/en\/#website"},"primaryImageOfPage":{"@id":"https:\/\/www.veltec.eu\/de\/product\/kirby-polierpad-nl3090\/#primaryimage"},"image":{"@id":"https:\/\/www.veltec.eu\/de\/product\/kirby-polierpad-nl3090\/#primaryimage"},"thumbnailUrl":"https:\/\/www.veltec.eu\/wp-content\/uploads\/2018\/10\/dsc0577.jpg","datePublished":"2018-10-26T10:37:47+00:00","dateModified":"2025-04-15T13:00:07+00:00","description":"Kirby Polierpad - Veltec ist seit \u00fcber 25 Jahren der Lieferant von Kirby Staubsaugern. Und ist Ihr vertrauensw\u00fcrdiger Kirby-Service-Spezialist.","breadcrumb":{"@id":"https:\/\/www.veltec.eu\/de\/product\/kirby-polierpad-nl3090\/#breadcrumb"},"inLanguage":"de","potentialAction":[{"@type":"ReadAction","target":["https:\/\/www.veltec.eu\/de\/product\/kirby-polierpad-nl3090\/"]}]},{"@type":"ImageObject","inLanguage":"de","@id":"https:\/\/www.veltec.eu\/de\/product\/kirby-polierpad-nl3090\/#primaryimage","url":"https:\/\/www.veltec.eu\/wp-content\/uploads\/2018\/10\/dsc0577.jpg","contentUrl":"https:\/\/www.veltec.eu\/wp-content\/uploads\/2018\/10\/dsc0577.jpg","width":300,"height":300,"caption":"Schuurspons"},{"@type":"BreadcrumbList","@id":"https:\/\/www.veltec.eu\/de\/product\/kirby-polierpad-nl3090\/#breadcrumb","itemListElement":[{"@type":"ListItem","position":1,"name":"Home","item":"https:\/\/www.veltec.eu\/de\/startseite\/"},{"@type":"ListItem","position":2,"name":"Kirby Laden","item":"https:\/\/www.veltec.eu\/de\/kirby-laden\/"},{"@type":"ListItem","position":3,"name":"Kirby Polierpad"}]},{"@type":"WebSite","@id":"https:\/\/www.veltec.eu\/en\/#website","url":"https:\/\/www.veltec.eu\/en\/","name":"Veltec Kirby specialist","description":"Kirby stofzuiger producten","publisher":{"@id":"https:\/\/www.veltec.eu\/en\/#organization"},"potentialAction":[{"@type":"SearchAction","target":{"@type":"EntryPoint","urlTemplate":"https:\/\/www.veltec.eu\/en\/?s={search_term_string}"},"query-input":{"@type":"PropertyValueSpecification","valueRequired":true,"valueName":"search_term_string"}}],"inLanguage":"de"},{"@type":"Organization","@id":"https:\/\/www.veltec.eu\/en\/#organization","name":"Veltec Kirby Specialist","url":"https:\/\/www.veltec.eu\/en\/","logo":{"@type":"ImageObject","inLanguage":"de","@id":"https:\/\/www.veltec.eu\/en\/#\/schema\/logo\/image\/","url":"https:\/\/www.veltec.eu\/wp-content\/uploads\/2021\/12\/Veltec-log-groot-e1537260889125.png","contentUrl":"https:\/\/www.veltec.eu\/wp-content\/uploads\/2021\/12\/Veltec-log-groot-e1537260889125.png","width":200,"height":60,"caption":"Veltec Kirby Specialist"},"image":{"@id":"https:\/\/www.veltec.eu\/en\/#\/schema\/logo\/image\/"},"sameAs":["https:\/\/www.facebook.com\/Veltec-Kirby-Specialist-236746293374877\/","https:\/\/www.youtube.com\/user\/VeltecService"]}]}},"_links":{"self":[{"href":"https:\/\/www.veltec.eu\/de\/wp-json\/wp\/v2\/product\/10780","targetHints":{"allow":["GET"]}}],"collection":[{"href":"https:\/\/www.veltec.eu\/de\/wp-json\/wp\/v2\/product"}],"about":[{"href":"https:\/\/www.veltec.eu\/de\/wp-json\/wp\/v2\/types\/product"}],"replies":[{"embeddable":true,"href":"https:\/\/www.veltec.eu\/de\/wp-json\/wp\/v2\/comments?post=10780"}],"wp:featuredmedia":[{"embeddable":true,"href":"https:\/\/www.veltec.eu\/de\/wp-json\/wp\/v2\/media\/8466"}],"wp:attachment":[{"href":"https:\/\/www.veltec.eu\/de\/wp-json\/wp\/v2\/media?parent=10780"}],"wp:term":[{"taxonomy":"product_brand","embeddable":true,"href":"https:\/\/www.veltec.eu\/de\/wp-json\/wp\/v2\/product_brand?post=10780"},{"taxonomy":"product_cat","embeddable":true,"href":"https:\/\/www.veltec.eu\/de\/wp-json\/wp\/v2\/product_cat?post=10780"},{"taxonomy":"product_tag","embeddable":true,"href":"https:\/\/www.veltec.eu\/de\/wp-json\/wp\/v2\/product_tag?post=10780"}],"curies":[{"name":"wp","href":"https:\/\/api.w.org\/{rel}","templated":true}]}}