{"id":10765,"date":"2018-10-26T12:49:03","date_gmt":"2018-10-26T10:49:03","guid":{"rendered":"https:\/\/www.veltec.eu\/kirby-webshop\/kirby-handi-butler\/"},"modified":"2025-04-14T13:02:29","modified_gmt":"2025-04-14T11:02:29","slug":"kirby-handi-butler-zubehoersatz","status":"publish","type":"product","link":"https:\/\/www.veltec.eu\/de\/product\/kirby-handi-butler-zubehoersatz\/","title":{"rendered":"Kirby Handi-Butler Zubeh\u00f6rsatz"},"content":{"rendered":"<h2>Entdecken Sie die Vielseitigkeit des Kirby Handi-Butler Zubeh\u00f6rsatzes<\/h2>\n<p>Sind Sie ein Heimwerker oder Bastler, der gerne pr\u00e4zise arbeitet? Dann ist der Kirby Handi-Butler Zubeh\u00f6rsatz genau das, wonach Sie gesucht haben. Dieser multifunktionale Zubeh\u00f6rsatz wurde speziell entwickelt, um Ihren Kirby Staubsauger in ein leistungsstarkes Mini-Werkzeug f\u00fcr verschiedene Anwendungen zu verwandeln. Mit diesem Satz k\u00f6nnen Sie viel mehr aus Ihrem Staubsauger herausholen als nur zu reinigen. Dank der cleveren Funktionen des Handi-Butlers sparen Sie nicht nur Platz, sondern auch Zeit und Geld.<\/p>\n<p><strong>Dieser Handi-Butler ist universell und f\u00fcr jeden Kirby Staubsauger geeignet;<\/strong><\/p>\n<ul>\n<li>Avalir Platinum<\/li>\n<li>Avalir 2<\/li>\n<li>Avalir 1<\/li>\n<li>Sentria 2 (G10D)<\/li>\n<li>Sentria 1 (G10)<\/li>\n<li>Ultimate G Diamond Ed.(G7D or DE)<\/li>\n<li>Ultimate G (G7 or UG)<\/li>\n<li>Generation 6 (G6)<\/li>\n<li>Generation 5 (G5)<\/li>\n<li>Generation 4 (G4)<\/li>\n<li>Generation 3 (G3)<\/li>\n<\/ul>\n<p><a href=\"https:\/\/www.veltec.eu\/de\/?page_id=60055\">Hier finden Sie das gesamte Turbo-Zubeh\u00f6r<\/a><\/p>\n<h3>Warum den Kirby Handi-Butler w\u00e4hlen?<\/h3>\n<p>Das Kirby Multifunktionswerkzeugset ist ein Zubeh\u00f6rsatz, der direkt auf Ihren <a href=\"https:\/\/www.veltec.eu\/de\/kirby-staubsauger\/\">Kirby Staubsauger<\/a> passt. Dadurch m\u00fcssen Sie keine separaten Ger\u00e4te f\u00fcr kleine Arbeiten im und am Haus kaufen. Dank seines intelligenten Designs ist dieses Set ideal f\u00fcr Menschen, die regelm\u00e4\u00dfig an kreativen oder technischen Projekten arbeiten. Besonders f\u00fcr den kleinen Hobbybastler bietet dieses Ger\u00e4t die perfekte L\u00f6sung.<\/p>\n<p>Mit dem Kirby Hobbywerkzeug k\u00f6nnen Sie u.a:<\/p>\n<ul>\n<li>Polieren von Metalloberfl\u00e4chen, wie Schmuck, Griffe oder Werkzeuge.<\/li>\n<li>Sch\u00e4rfen von Messern, Kleinteilen oder Hobbymaterialien.<\/li>\n<li>Bohren, Schleifen oder Gravieren mit optionalem Zubeh\u00f6r (je nach Kit).<\/li>\n<\/ul>\n<p>Das macht das Handi Butler-Zubeh\u00f6rset zu einer klugen Investition f\u00fcr alle, die mehr aus ihrem Kirby-System herausholen wollen.<\/p>\n<h2>Einfach zu verwenden und passend f\u00fcr jeden Kirby<\/h2>\n<p>Einer der gro\u00dfen Vorteile des Kirby Handi-Butler-Zubeh\u00f6rsatzes ist, dass er f\u00fcr jedes Kirby-Modell geeignet ist. Ob Sie nun ein \u00e4lteres Ger\u00e4t haben oder die neueste Generation verwenden: Der Handi-Butler l\u00e4sst sich m\u00fchelos anschlie\u00dfen. Sie brauchen sich also keine Gedanken \u00fcber die Kompatibilit\u00e4t zu machen, was nat\u00fcrlich ein wichtiges Kaufkriterium f\u00fcr jeden versierten Verbraucher ist.<\/p>\n<h3>Schnell und sicher loslegen<\/h3>\n<p>Dank der einfachen Installation k\u00f6nnen Sie fast sofort mit Ihrer Arbeit beginnen. Dar\u00fcber hinaus ist der Kirby Multifunktionsaufsatz auf Sicherheit ausgelegt. Alle Anbauger\u00e4te rasten fest ein und bleiben w\u00e4hrend des Einsatzes sicher an ihrem Platz. Das ist nicht nur bequem, sondern verhindert auch Unf\u00e4lle w\u00e4hrend der Arbeit.<\/p>\n<p>Die Bedienung ist intuitiv, so dass Sie keine ausf\u00fchrliche Anleitung ben\u00f6tigen, um loszulegen. Schon nach wenigen Minuten k\u00f6nnen Sie Ihre erste Polier- oder Schleifarbeit erledigen!<\/p>\n<h2>Die perfekte Erg\u00e4nzung zu Ihrem Kirby-System<\/h2>\n<p>Zusammenfassend l\u00e4sst sich sagen, dass der Kirby Handi-Butler das Zubeh\u00f6r-Kit f\u00fcr alle ist, die mit ihrem Staubsauger mehr machen wollen als nur reinigen. Dank seiner Vielseitigkeit, Kompatibilit\u00e4t und Benutzerfreundlichkeit ist dieses Kit ein Muss f\u00fcr jeden Bastler oder Heimwerker.<\/p>\n<p>Sind Sie auf der Suche nach einem kompakten, multifunktionalen Werkzeug, das Ihre Kreativit\u00e4t unterst\u00fctzt und perfekt mit Ihrem Kirby zusammenarbeitet? Dann ist der Kirby Handi-Butler Zubeh\u00f6rsatz zweifellos eine gute Wahl.<\/p>\n","protected":false},"excerpt":{"rendered":"<p>Zus\u00e4tzliches Zubeh\u00f6r Kirby Staubsauger mit mehreren Funktionen. Polieren von Metall, kleine Messer, f\u00fcr kleine und Spa\u00df Hobby Arbeit.<\/p>\n[trustindex data-widget-id=31675542425128034566e10b5fb]\n<h3><span style=\"color: #008000;\"><br \/>\nVorr\u00e4tig<\/span><\/h3>\n[av_font_icon icon='ue812' font='entypo-fontello' style='' caption='' size='25px' position='left' color='#43ad66' link='' linktarget='' title_attr='' sonar_effect_effect='' sonar_effect_color='' sonar_effect_duration='1' sonar_effect_scale='' sonar_effect_opac='0.5' animation='' id='' custom_class='' template_class='' av_uid='' sc_version='1.0' admin_preview_bg=''][\/av_font_icon]\n<p><span style=\"color: #008000;\">Vor 23:59 uhr bestellt, morgen versendet<\/span><\/p>\n<p>&nbsp;<\/p>\n","protected":false},"featured_media":8490,"comment_status":"open","ping_status":"closed","template":"","meta":{"_acf_changed":false},"product_brand":[],"product_cat":[325],"product_tag":[],"class_list":{"0":"post-10765","1":"product","2":"type-product","3":"status-publish","4":"has-post-thumbnail","6":"product_cat-kirby-turbo-zubehoer","7":"product_shipping_class-klein-de","9":"first","10":"instock","11":"sale","12":"taxable","13":"shipping-taxable","14":"purchasable","15":"product-type-simple"},"acf":[],"yoast_head":"<!-- This site is optimized with the Yoast SEO Premium plugin v27.1 (Yoast SEO v27.4) - https:\/\/yoast.com\/product\/yoast-seo-premium-wordpress\/ -->\n<title>Kirby Handi-Butler Zubeh\u00f6rsatz - Veltec Kirby specialist<\/title>\n<meta name=\"description\" content=\"Kirby Handi-Butler Zubeh\u00f6rsatz - Veltec ist seit \u00fcber 25 Jahren der Lieferant von Kirby Staubsaugern. Und ist Ihr vertrauensw\u00fcrdiger Kirby\" \/>\n<meta name=\"robots\" content=\"index, follow, max-snippet:-1, max-image-preview:large, max-video-preview:-1\" \/>\n<link rel=\"canonical\" href=\"https:\/\/www.veltec.eu\/de\/product\/kirby-handi-butler-zubehoersatz\/\" \/>\n<meta property=\"og:locale\" content=\"de_DE\" \/>\n<meta property=\"og:type\" content=\"article\" \/>\n<meta property=\"og:title\" content=\"Kirby Handi-Butler Zubeh\u00f6rsatz\" \/>\n<meta property=\"og:description\" content=\"Zus\u00e4tzliches Zubeh\u00f6r Kirby Staubsauger mit mehreren Funktionen. Polieren von Metall, kleine Messer, f\u00fcr kleine und Spa\u00df Hobby Arbeit.    Vorr\u00e4tig   Vor 23:59 uhr bestellt, morgen versendet  &nbsp;\" \/>\n<meta property=\"og:url\" content=\"https:\/\/www.veltec.eu\/de\/product\/kirby-handi-butler-zubehoersatz\/\" \/>\n<meta property=\"og:site_name\" content=\"Veltec Kirby specialist\" \/>\n<meta property=\"article:publisher\" content=\"https:\/\/www.facebook.com\/Veltec-Kirby-Specialist-236746293374877\/\" \/>\n<meta property=\"article:modified_time\" content=\"2025-04-14T11:02:29+00:00\" \/>\n<meta property=\"og:image\" content=\"https:\/\/www.veltec.eu\/wp-content\/uploads\/2018\/10\/handi-butler_vs169p_1_large_2.jpg\" \/>\n\t<meta property=\"og:image:width\" content=\"300\" \/>\n\t<meta property=\"og:image:height\" content=\"300\" \/>\n\t<meta property=\"og:image:type\" content=\"image\/jpeg\" \/>\n<meta name=\"twitter:card\" content=\"summary_large_image\" \/>\n<meta name=\"twitter:label1\" content=\"Gesch\u00e4tzte Lesezeit\" \/>\n\t<meta name=\"twitter:data1\" content=\"3\u00a0Minuten\" \/>\n<script type=\"application\/ld+json\" class=\"yoast-schema-graph\">{\"@context\":\"https:\\\/\\\/schema.org\",\"@graph\":[{\"@type\":\"WebPage\",\"@id\":\"https:\\\/\\\/www.veltec.eu\\\/de\\\/product\\\/kirby-handi-butler-zubehoersatz\\\/\",\"url\":\"https:\\\/\\\/www.veltec.eu\\\/de\\\/product\\\/kirby-handi-butler-zubehoersatz\\\/\",\"name\":\"Kirby Handi-Butler Zubeh\u00f6rsatz - Veltec Kirby specialist\",\"isPartOf\":{\"@id\":\"https:\\\/\\\/www.veltec.eu\\\/en\\\/#website\"},\"primaryImageOfPage\":{\"@id\":\"https:\\\/\\\/www.veltec.eu\\\/de\\\/product\\\/kirby-handi-butler-zubehoersatz\\\/#primaryimage\"},\"image\":{\"@id\":\"https:\\\/\\\/www.veltec.eu\\\/de\\\/product\\\/kirby-handi-butler-zubehoersatz\\\/#primaryimage\"},\"thumbnailUrl\":\"https:\\\/\\\/www.veltec.eu\\\/wp-content\\\/uploads\\\/2018\\\/10\\\/handi-butler_vs169p_1_large_2.jpg\",\"datePublished\":\"2018-10-26T10:49:03+00:00\",\"dateModified\":\"2025-04-14T11:02:29+00:00\",\"description\":\"Kirby Handi-Butler Zubeh\u00f6rsatz - Veltec ist seit \u00fcber 25 Jahren der Lieferant von Kirby Staubsaugern. Und ist Ihr vertrauensw\u00fcrdiger Kirby\",\"breadcrumb\":{\"@id\":\"https:\\\/\\\/www.veltec.eu\\\/de\\\/product\\\/kirby-handi-butler-zubehoersatz\\\/#breadcrumb\"},\"inLanguage\":\"de\",\"potentialAction\":[{\"@type\":\"ReadAction\",\"target\":[\"https:\\\/\\\/www.veltec.eu\\\/de\\\/product\\\/kirby-handi-butler-zubehoersatz\\\/\"]}]},{\"@type\":\"ImageObject\",\"inLanguage\":\"de\",\"@id\":\"https:\\\/\\\/www.veltec.eu\\\/de\\\/product\\\/kirby-handi-butler-zubehoersatz\\\/#primaryimage\",\"url\":\"https:\\\/\\\/www.veltec.eu\\\/wp-content\\\/uploads\\\/2018\\\/10\\\/handi-butler_vs169p_1_large_2.jpg\",\"contentUrl\":\"https:\\\/\\\/www.veltec.eu\\\/wp-content\\\/uploads\\\/2018\\\/10\\\/handi-butler_vs169p_1_large_2.jpg\",\"width\":300,\"height\":300},{\"@type\":\"BreadcrumbList\",\"@id\":\"https:\\\/\\\/www.veltec.eu\\\/de\\\/product\\\/kirby-handi-butler-zubehoersatz\\\/#breadcrumb\",\"itemListElement\":[{\"@type\":\"ListItem\",\"position\":1,\"name\":\"Home\",\"item\":\"https:\\\/\\\/www.veltec.eu\\\/de\\\/startseite\\\/\"},{\"@type\":\"ListItem\",\"position\":2,\"name\":\"Kirby Laden\",\"item\":\"https:\\\/\\\/www.veltec.eu\\\/de\\\/kirby-laden\\\/\"},{\"@type\":\"ListItem\",\"position\":3,\"name\":\"Kirby Handi-Butler Zubeh\u00f6rsatz\"}]},{\"@type\":\"WebSite\",\"@id\":\"https:\\\/\\\/www.veltec.eu\\\/en\\\/#website\",\"url\":\"https:\\\/\\\/www.veltec.eu\\\/en\\\/\",\"name\":\"Veltec Kirby specialist\",\"description\":\"Kirby stofzuiger producten\",\"publisher\":{\"@id\":\"https:\\\/\\\/www.veltec.eu\\\/en\\\/#organization\"},\"potentialAction\":[{\"@type\":\"SearchAction\",\"target\":{\"@type\":\"EntryPoint\",\"urlTemplate\":\"https:\\\/\\\/www.veltec.eu\\\/en\\\/?s={search_term_string}\"},\"query-input\":{\"@type\":\"PropertyValueSpecification\",\"valueRequired\":true,\"valueName\":\"search_term_string\"}}],\"inLanguage\":\"de\"},{\"@type\":\"Organization\",\"@id\":\"https:\\\/\\\/www.veltec.eu\\\/en\\\/#organization\",\"name\":\"Veltec Kirby Specialist\",\"url\":\"https:\\\/\\\/www.veltec.eu\\\/en\\\/\",\"logo\":{\"@type\":\"ImageObject\",\"inLanguage\":\"de\",\"@id\":\"https:\\\/\\\/www.veltec.eu\\\/en\\\/#\\\/schema\\\/logo\\\/image\\\/\",\"url\":\"https:\\\/\\\/www.veltec.eu\\\/wp-content\\\/uploads\\\/2021\\\/12\\\/Veltec-log-groot-e1537260889125.png\",\"contentUrl\":\"https:\\\/\\\/www.veltec.eu\\\/wp-content\\\/uploads\\\/2021\\\/12\\\/Veltec-log-groot-e1537260889125.png\",\"width\":200,\"height\":60,\"caption\":\"Veltec Kirby Specialist\"},\"image\":{\"@id\":\"https:\\\/\\\/www.veltec.eu\\\/en\\\/#\\\/schema\\\/logo\\\/image\\\/\"},\"sameAs\":[\"https:\\\/\\\/www.facebook.com\\\/Veltec-Kirby-Specialist-236746293374877\\\/\",\"https:\\\/\\\/www.youtube.com\\\/user\\\/VeltecService\"]}]}<\/script>\n<!-- \/ Yoast SEO Premium plugin. -->","yoast_head_json":{"title":"Kirby Handi-Butler Zubeh\u00f6rsatz - Veltec Kirby specialist","description":"Kirby Handi-Butler Zubeh\u00f6rsatz - Veltec ist seit \u00fcber 25 Jahren der Lieferant von Kirby Staubsaugern. Und ist Ihr vertrauensw\u00fcrdiger Kirby","robots":{"index":"index","follow":"follow","max-snippet":"max-snippet:-1","max-image-preview":"max-image-preview:large","max-video-preview":"max-video-preview:-1"},"canonical":"https:\/\/www.veltec.eu\/de\/product\/kirby-handi-butler-zubehoersatz\/","og_locale":"de_DE","og_type":"article","og_title":"Kirby Handi-Butler Zubeh\u00f6rsatz","og_description":"Zus\u00e4tzliches Zubeh\u00f6r Kirby Staubsauger mit mehreren Funktionen. Polieren von Metall, kleine Messer, f\u00fcr kleine und Spa\u00df Hobby Arbeit.    Vorr\u00e4tig   Vor 23:59 uhr bestellt, morgen versendet  &nbsp;","og_url":"https:\/\/www.veltec.eu\/de\/product\/kirby-handi-butler-zubehoersatz\/","og_site_name":"Veltec Kirby specialist","article_publisher":"https:\/\/www.facebook.com\/Veltec-Kirby-Specialist-236746293374877\/","article_modified_time":"2025-04-14T11:02:29+00:00","og_image":[{"width":300,"height":300,"url":"https:\/\/www.veltec.eu\/wp-content\/uploads\/2018\/10\/handi-butler_vs169p_1_large_2.jpg","type":"image\/jpeg"}],"twitter_card":"summary_large_image","twitter_misc":{"Gesch\u00e4tzte Lesezeit":"3\u00a0Minuten"},"schema":{"@context":"https:\/\/schema.org","@graph":[{"@type":"WebPage","@id":"https:\/\/www.veltec.eu\/de\/product\/kirby-handi-butler-zubehoersatz\/","url":"https:\/\/www.veltec.eu\/de\/product\/kirby-handi-butler-zubehoersatz\/","name":"Kirby Handi-Butler Zubeh\u00f6rsatz - Veltec Kirby specialist","isPartOf":{"@id":"https:\/\/www.veltec.eu\/en\/#website"},"primaryImageOfPage":{"@id":"https:\/\/www.veltec.eu\/de\/product\/kirby-handi-butler-zubehoersatz\/#primaryimage"},"image":{"@id":"https:\/\/www.veltec.eu\/de\/product\/kirby-handi-butler-zubehoersatz\/#primaryimage"},"thumbnailUrl":"https:\/\/www.veltec.eu\/wp-content\/uploads\/2018\/10\/handi-butler_vs169p_1_large_2.jpg","datePublished":"2018-10-26T10:49:03+00:00","dateModified":"2025-04-14T11:02:29+00:00","description":"Kirby Handi-Butler Zubeh\u00f6rsatz - Veltec ist seit \u00fcber 25 Jahren der Lieferant von Kirby Staubsaugern. Und ist Ihr vertrauensw\u00fcrdiger Kirby","breadcrumb":{"@id":"https:\/\/www.veltec.eu\/de\/product\/kirby-handi-butler-zubehoersatz\/#breadcrumb"},"inLanguage":"de","potentialAction":[{"@type":"ReadAction","target":["https:\/\/www.veltec.eu\/de\/product\/kirby-handi-butler-zubehoersatz\/"]}]},{"@type":"ImageObject","inLanguage":"de","@id":"https:\/\/www.veltec.eu\/de\/product\/kirby-handi-butler-zubehoersatz\/#primaryimage","url":"https:\/\/www.veltec.eu\/wp-content\/uploads\/2018\/10\/handi-butler_vs169p_1_large_2.jpg","contentUrl":"https:\/\/www.veltec.eu\/wp-content\/uploads\/2018\/10\/handi-butler_vs169p_1_large_2.jpg","width":300,"height":300},{"@type":"BreadcrumbList","@id":"https:\/\/www.veltec.eu\/de\/product\/kirby-handi-butler-zubehoersatz\/#breadcrumb","itemListElement":[{"@type":"ListItem","position":1,"name":"Home","item":"https:\/\/www.veltec.eu\/de\/startseite\/"},{"@type":"ListItem","position":2,"name":"Kirby Laden","item":"https:\/\/www.veltec.eu\/de\/kirby-laden\/"},{"@type":"ListItem","position":3,"name":"Kirby Handi-Butler Zubeh\u00f6rsatz"}]},{"@type":"WebSite","@id":"https:\/\/www.veltec.eu\/en\/#website","url":"https:\/\/www.veltec.eu\/en\/","name":"Veltec Kirby specialist","description":"Kirby stofzuiger producten","publisher":{"@id":"https:\/\/www.veltec.eu\/en\/#organization"},"potentialAction":[{"@type":"SearchAction","target":{"@type":"EntryPoint","urlTemplate":"https:\/\/www.veltec.eu\/en\/?s={search_term_string}"},"query-input":{"@type":"PropertyValueSpecification","valueRequired":true,"valueName":"search_term_string"}}],"inLanguage":"de"},{"@type":"Organization","@id":"https:\/\/www.veltec.eu\/en\/#organization","name":"Veltec Kirby Specialist","url":"https:\/\/www.veltec.eu\/en\/","logo":{"@type":"ImageObject","inLanguage":"de","@id":"https:\/\/www.veltec.eu\/en\/#\/schema\/logo\/image\/","url":"https:\/\/www.veltec.eu\/wp-content\/uploads\/2021\/12\/Veltec-log-groot-e1537260889125.png","contentUrl":"https:\/\/www.veltec.eu\/wp-content\/uploads\/2021\/12\/Veltec-log-groot-e1537260889125.png","width":200,"height":60,"caption":"Veltec Kirby Specialist"},"image":{"@id":"https:\/\/www.veltec.eu\/en\/#\/schema\/logo\/image\/"},"sameAs":["https:\/\/www.facebook.com\/Veltec-Kirby-Specialist-236746293374877\/","https:\/\/www.youtube.com\/user\/VeltecService"]}]}},"_links":{"self":[{"href":"https:\/\/www.veltec.eu\/de\/wp-json\/wp\/v2\/product\/10765","targetHints":{"allow":["GET"]}}],"collection":[{"href":"https:\/\/www.veltec.eu\/de\/wp-json\/wp\/v2\/product"}],"about":[{"href":"https:\/\/www.veltec.eu\/de\/wp-json\/wp\/v2\/types\/product"}],"replies":[{"embeddable":true,"href":"https:\/\/www.veltec.eu\/de\/wp-json\/wp\/v2\/comments?post=10765"}],"wp:featuredmedia":[{"embeddable":true,"href":"https:\/\/www.veltec.eu\/de\/wp-json\/wp\/v2\/media\/8490"}],"wp:attachment":[{"href":"https:\/\/www.veltec.eu\/de\/wp-json\/wp\/v2\/media?parent=10765"}],"wp:term":[{"taxonomy":"product_brand","embeddable":true,"href":"https:\/\/www.veltec.eu\/de\/wp-json\/wp\/v2\/product_brand?post=10765"},{"taxonomy":"product_cat","embeddable":true,"href":"https:\/\/www.veltec.eu\/de\/wp-json\/wp\/v2\/product_cat?post=10765"},{"taxonomy":"product_tag","embeddable":true,"href":"https:\/\/www.veltec.eu\/de\/wp-json\/wp\/v2\/product_tag?post=10765"}],"curies":[{"name":"wp","href":"https:\/\/api.w.org\/{rel}","templated":true}]}}