{"id":10730,"date":"2018-10-26T13:09:22","date_gmt":"2018-10-26T11:09:22","guid":{"rendered":"https:\/\/www.veltec.eu\/kirby-webshop\/kirby-flexschlauch-1-4m-nl3160\/"},"modified":"2026-03-02T08:03:33","modified_gmt":"2026-03-02T06:03:33","slug":"kirby-flexschlauch-1-4m-nl3160","status":"publish","type":"product","link":"https:\/\/www.veltec.eu\/de\/product\/kirby-flexschlauch-1-4m-nl3160\/","title":{"rendered":"Kirby Flexschlauch (1-4m)"},"content":{"rendered":"<h1 data-start=\"0\" data-end=\"35\">Kirby Flexschlauch (1-4m)<\/h1>\n<p data-start=\"37\" data-end=\"393\">Der Kirby Flexschlauch (1-4m) wird komplett mit Vorder- und Hinterbefestigung geliefert und bietet somit einen sofortigen, zuverl\u00e4ssigen Anschluss an Ihren Kirby-Staubsauger. Dank seiner kompakten L\u00e4nge von 1 Meter, der zudem auf bis zu 4 Meter ausziehbar ist, kombiniert dieser flexible Kirby-Schlauch maximale Bewegungsfreiheit mit praktischer Aufbewahrungsfreundlichkeit.<\/p>\n<h2 data-start=\"395\" data-end=\"454\">Warum sollten Sie sich f\u00fcr den Kirby Flexschlauch (1-4m) entscheiden?<\/h2>\n<p data-start=\"456\" data-end=\"740\">Der flexible Staubsaugerschlauch von Kirby wurde speziell f\u00fcr schwer zug\u00e4ngliche Stellen entwickelt, sodass Sie effizienter und gr\u00fcndlicher reinigen k\u00f6nnen. Dank des ausziehbaren Designs k\u00f6nnen Sie einerseits kompakt arbeiten und andererseits hohe Decken, Treppen und tiefe Ecken leicht erreichen.<\/p>\n<p data-start=\"742\" data-end=\"984\">Dar\u00fcber hinaus sorgt die flexible Konstruktion daf\u00fcr, dass Sie ohne unn\u00f6tige Belastung reinigen k\u00f6nnen, w\u00e4hrend der Schlauch dennoch stabil und formstabil bleibt. Dadurch ist dieser ausziehbare Kirby-Staubsaugerschlauch ideal f\u00fcr den intensiven Hausgebrauch.<\/p>\n<p data-start=\"986\" data-end=\"1067\">Au\u00dferdem ist dieser Schlauch universell einsetzbar und f\u00fcr jedes Modell geeignet, darunter:<\/p>\n<ul>\n<li>Avalir Platinum<\/li>\n<li>Avalir 2<\/li>\n<li>Avalir 1<\/li>\n<li>Sentria 2 (G10D)<\/li>\n<li>Sentria 1 (G10)<\/li>\n<li>Ultimate G Diamond Ed.(G7D or DE)<\/li>\n<li>Ultimate G (G7 or UG)<\/li>\n<li>Generation 6 (G6)<\/li>\n<li>Generation 5 (G5)<\/li>\n<li>Generation 4 (G4)<\/li>\n<li>Generation 3 (G3)<\/li>\n<\/ul>\n<div class=\"flex-1 overflow-hidden\">\n<div class=\"h-full\">\n<div class=\"react-scroll-to-bottom--css-ciwdx-79elbk h-full\">\n<div class=\"react-scroll-to-bottom--css-ciwdx-1n7m0yu\">\n<div class=\"flex flex-col text-sm md:pb-9\">\n<div class=\"w-full text-token-text-primary\" dir=\"auto\" data-testid=\"conversation-turn-3\" data-scroll-anchor=\"true\">\n<div class=\"text-base py-[18px] px-3 md:px-4 m-auto md:px-5 lg:px-1 xl:px-5\">\n<div class=\"mx-auto flex flex-1 gap-4 text-base md:gap-5 lg:gap-6 md:max-w-3xl lg:max-w-[40rem] xl:max-w-[48rem]\">\n<div class=\"group\/conversation-turn relative flex w-full min-w-0 flex-col agent-turn\">\n<div class=\"flex-col gap-1 md:gap-3\">\n<div class=\"flex flex-grow flex-col max-w-full\">\n<div class=\"min-h-[20px] text-message flex w-full flex-col items-end gap-2 whitespace-pre-wrap break-words [.text-message+&amp;]:mt-5 overflow-x-auto\" dir=\"auto\" data-message-author-role=\"assistant\" data-message-id=\"75e84a25-7f0c-45d2-8ea4-22e4da0190fb\">\n<div class=\"flex w-full flex-col gap-1 empty:hidden first:pt-[3px]\">\n<div class=\"markdown prose w-full break-words dark:prose-invert light\">\n<div class=\"flex flex-col text-sm pb-25\">\n<article class=\"text-token-text-primary w-full focus:outline-none [--shadow-height:45px] has-data-writing-block:pointer-events-none has-data-writing-block:-mt-(--shadow-height) has-data-writing-block:pt-(--shadow-height) [&amp;:has([data-writing-block])&gt;*]:pointer-events-auto scroll-mt-[calc(var(--header-height)+min(200px,max(70px,20svh)))]\" dir=\"auto\" tabindex=\"-1\" data-turn-id=\"request-WEB:22b633c4-4082-4f46-b35a-0e42ce4f3021-8\" data-testid=\"conversation-turn-2\" data-scroll-anchor=\"true\" data-turn=\"assistant\">\n<div class=\"text-base my-auto mx-auto pb-10 [--thread-content-margin:--spacing(4)] @w-sm\/main:[--thread-content-margin:--spacing(6)] @w-lg\/main:[--thread-content-margin:--spacing(16)] px-(--thread-content-margin)\">\n<div class=\"[--thread-content-max-width:40rem] @w-lg\/main:[--thread-content-max-width:48rem] mx-auto max-w-(--thread-content-max-width) flex-1 group\/turn-messages focus-visible:outline-hidden relative flex w-full min-w-0 flex-col agent-turn\" tabindex=\"-1\">\n<div class=\"flex max-w-full flex-col grow\">\n<div class=\"min-h-8 text-message relative flex w-full flex-col items-end gap-2 text-start break-words whitespace-normal [.text-message+&amp;]:mt-1\" dir=\"auto\" data-message-author-role=\"assistant\" data-message-id=\"f8790694-e7c6-474a-8612-60f2f19c16db\" data-message-model-slug=\"gpt-5-2\">\n<div class=\"flex w-full flex-col gap-1 empty:hidden first:pt-[1px]\">\n<div class=\"markdown prose dark:prose-invert w-full wrap-break-word light markdown-new-styling\">\n<p data-start=\"1311\" data-end=\"1415\">Sehen Sie sich auch unsere anderen <a href=\"https:\/\/www.veltec.eu\/de\/?page_id=59965\" target=\"_blank\" rel=\"noopener\">Kirby Schlauchzubeh\u00f6r<\/a> f\u00fcr weitere Optionen an.<\/p>\n<h2 data-start=\"1417\" data-end=\"1473\">Flexibler Schlauch f\u00fcr Staubsauger mit maximaler Reichweite<\/h2>\n<p data-start=\"1475\" data-end=\"1718\">Flexibler Schlauch f\u00fcr Staubsauger Dank seiner ausziehbaren L\u00e4nge von 1 bis 4 Metern bietet der flexible Staubsaugerschlauch von Kirby eine au\u00dfergew\u00f6hnliche Reichweite. So k\u00f6nnen Sie ganz einfach auf Schr\u00e4nken, unter Betten und hinter M\u00f6beln reinigen, ohne sich b\u00fccken oder heben zu m\u00fcssen, und das bei maximaler Reichweite.<\/p>\n<p data-start=\"1720\" data-end=\"1944\">Gleichzeitig bleibt der Schlauch leicht, sodass Sie ihn bequem im ganzen Haus bewegen k\u00f6nnen. Sobald die Arbeit erledigt ist, schieben Sie den flexiblen Kirby-Schlauch wieder kompakt hinein, sodass er wenig Platz zum Aufbewahren ben\u00f6tigt.<\/p>\n<p data-start=\"1946\" data-end=\"2089\">Weitere Informationen finden Sie auf unserer Blog-Seite: <a href=\"https:\/\/www.kirby-staubsauger-service.de\/kirby-staubsaugerschlauch\/\" target=\"_blank\" rel=\"noopener\">Alles \u00fcber den Kirby-Staubsaugerschlauch<\/a><\/p>\n<h2 data-start=\"2219\" data-end=\"2287\">Langlebiger Kirby Flexschlauch (1-4m) f\u00fcr intensive Nutzung<\/h2>\n<p data-start=\"2289\" data-end=\"2529\">Der flexible Staubsaugerschlauch von Kirby ist aus hochwertigem und strapazierf\u00e4higem Material gefertigt, wodurch eine lange Lebensdauer gew\u00e4hrleistet ist. Dadurch bleibt die Saugkraft optimal, w\u00e4hrend der Schlauch dem t\u00e4glichen Gebrauch standh\u00e4lt.<\/p>\n<p data-start=\"2531\" data-end=\"2803\">Dar\u00fcber hinaus l\u00e4sst sich der ausziehbare Kirby-Schlauch einfach anschlie\u00dfen und abnehmen, sodass Sie schnell zwischen den verschiedenen Aufs\u00e4tzen wechseln k\u00f6nnen. Sehen Sie sich hier <a href=\"https:\/\/www.veltec.eu\/de\/?page_id=59280\" target=\"_blank\" rel=\"noopener\">alle Kirby Zubeh\u00f6r<\/a> an.<\/p>\n<h2 data-start=\"2805\" data-end=\"2872\">Vielseitiger flexibler Staubsaugerschlauch f\u00fcr jede Oberfl\u00e4che<\/h2>\n<p data-start=\"2874\" data-end=\"3103\">Der flexible Staubsaugerschlauch von Kirby eignet sich f\u00fcr Hartb\u00f6den, Teppiche, Treppen, Matratzen und Autoinnenr\u00e4ume. So k\u00f6nnen Sie m\u00fchelos zwischen verschiedenen Reinigungsaufgaben wechseln, w\u00e4hrend Sie nur einen Schlauch verwenden.<\/p>\n<p data-start=\"3105\" data-end=\"3343\">Speziell f\u00fcr Haushalte mit Haustieren bietet dieser flexible Schlauch zus\u00e4tzlichen Komfort, da Haare und Staub auch an schwer zug\u00e4nglichen Stellen effektiv entfernt werden. So arbeiten Sie schneller und erzielen sichtbar gr\u00fcndlichere Ergebnisse.<\/p>\n<p data-start=\"3345\" data-end=\"3496\" data-is-last-node=\"\" data-is-only-node=\"\">Kurz gesagt: Mit dem flexiblen Staubsaugerschlauch von Kirby entscheiden Sie sich f\u00fcr Flexibilit\u00e4t, Langlebigkeit und professionellen Reinigungskomfort in einer praktischen L\u00f6sung.<\/p>\n<\/div>\n<\/div>\n<\/div>\n<\/div>\n<\/div>\n<\/div>\n<\/article>\n<\/div>\n<\/div>\n<\/div>\n<\/div>\n<\/div>\n<\/div>\n<\/div>\n<\/div>\n<\/div>\n<\/div>\n<\/div>\n<\/div>\n<\/div>\n<\/div>\n<\/div>\n","protected":false},"excerpt":{"rendered":"<p>Der flexible Staubsaugerschlauch von Kirby ist von 1 bis 4 Meter ausziehbar und wird komplett mit Befestigungen geliefert. Ideal f\u00fcr schwer zug\u00e4ngliche Stellen und f\u00fcr alle Kirby-Modelle geeignet.<\/p>\n[trustindex data-widget-id=31675542425128034566e10b5fb]\n<h3><span style=\"color: #008000;\"><br \/>\nVorr\u00e4tig<\/span><\/h3>\n[av_font_icon icon='ue812' font='entypo-fontello' style='' caption='' size='25px' position='left' color='#43ad66' link='' linktarget='' title_attr='' sonar_effect_effect='' sonar_effect_color='' sonar_effect_duration='1' sonar_effect_scale='' sonar_effect_opac='0.5' animation='' id='' custom_class='' template_class='' av_uid='' sc_version='1.0' admin_preview_bg=''][\/av_font_icon]\n<p><span style=\"color: #008000;\">Vor 23:59 uhr bestellt, morgen versendet<\/span><\/p>\n<p>&nbsp;<\/p>\n","protected":false},"featured_media":66544,"comment_status":"open","ping_status":"closed","template":"","meta":{"_acf_changed":false},"product_brand":[],"product_cat":[320],"product_tag":[],"class_list":{"0":"post-10730","1":"product","2":"type-product","3":"status-publish","4":"has-post-thumbnail","6":"product_cat-kirby-schlauchzubehor","7":"product_shipping_class-klein-de","9":"first","10":"instock","11":"sale","12":"taxable","13":"shipping-taxable","14":"purchasable","15":"product-type-variable"},"acf":[],"yoast_head":"<!-- This site is optimized with the Yoast SEO Premium plugin v27.1 (Yoast SEO v27.4) - https:\/\/yoast.com\/product\/yoast-seo-premium-wordpress\/ -->\n<title>Kirby Flexschlauch (1-4m) Universell<\/title>\n<meta name=\"description\" content=\"Kirby Flexschlauch (1-4m) Ausziehbar von 1 bis 4 Meter. Universell einsetzbar und ideal f\u00fcr Treppen, Decken und schwer zug\u00e4ngliche Stellen.\" \/>\n<meta name=\"robots\" content=\"index, follow, max-snippet:-1, max-image-preview:large, max-video-preview:-1\" \/>\n<link rel=\"canonical\" href=\"https:\/\/www.veltec.eu\/de\/product\/kirby-flexschlauch-1-4m-nl3160\/\" \/>\n<meta property=\"og:locale\" content=\"de_DE\" \/>\n<meta property=\"og:type\" content=\"article\" \/>\n<meta property=\"og:title\" content=\"Kirby Flexschlauch (1-4m)\" \/>\n<meta property=\"og:description\" content=\"Der flexible Staubsaugerschlauch von Kirby ist von 1 bis 4 Meter ausziehbar und wird komplett mit Befestigungen geliefert. Ideal f\u00fcr schwer zug\u00e4ngliche Stellen und f\u00fcr alle Kirby-Modelle geeignet.    Vorr\u00e4tig   Vor 23:59 uhr bestellt, morgen versendet  &nbsp;\" \/>\n<meta property=\"og:url\" content=\"https:\/\/www.veltec.eu\/de\/product\/kirby-flexschlauch-1-4m-nl3160\/\" \/>\n<meta property=\"og:site_name\" content=\"Veltec Kirby specialist\" \/>\n<meta property=\"article:publisher\" content=\"https:\/\/www.facebook.com\/Veltec-Kirby-Specialist-236746293374877\/\" \/>\n<meta property=\"article:modified_time\" content=\"2026-03-02T06:03:33+00:00\" \/>\n<meta property=\"og:image\" content=\"https:\/\/www.veltec.eu\/wp-content\/uploads\/2018\/10\/IMG_6684.jpg\" \/>\n\t<meta property=\"og:image:width\" content=\"500\" \/>\n\t<meta property=\"og:image:height\" content=\"500\" \/>\n\t<meta property=\"og:image:type\" content=\"image\/jpeg\" \/>\n<meta name=\"twitter:card\" content=\"summary_large_image\" \/>\n<meta name=\"twitter:label1\" content=\"Gesch\u00e4tzte Lesezeit\" \/>\n\t<meta name=\"twitter:data1\" content=\"3\u00a0Minuten\" \/>\n<script type=\"application\/ld+json\" class=\"yoast-schema-graph\">{\"@context\":\"https:\\\/\\\/schema.org\",\"@graph\":[{\"@type\":\"WebPage\",\"@id\":\"https:\\\/\\\/www.veltec.eu\\\/de\\\/product\\\/kirby-flexschlauch-1-4m-nl3160\\\/\",\"url\":\"https:\\\/\\\/www.veltec.eu\\\/de\\\/product\\\/kirby-flexschlauch-1-4m-nl3160\\\/\",\"name\":\"Kirby Flexschlauch (1-4m) Universell\",\"isPartOf\":{\"@id\":\"https:\\\/\\\/www.veltec.eu\\\/en\\\/#website\"},\"primaryImageOfPage\":{\"@id\":\"https:\\\/\\\/www.veltec.eu\\\/de\\\/product\\\/kirby-flexschlauch-1-4m-nl3160\\\/#primaryimage\"},\"image\":{\"@id\":\"https:\\\/\\\/www.veltec.eu\\\/de\\\/product\\\/kirby-flexschlauch-1-4m-nl3160\\\/#primaryimage\"},\"thumbnailUrl\":\"https:\\\/\\\/www.veltec.eu\\\/wp-content\\\/uploads\\\/2018\\\/10\\\/IMG_6684.jpg\",\"datePublished\":\"2018-10-26T11:09:22+00:00\",\"dateModified\":\"2026-03-02T06:03:33+00:00\",\"description\":\"Kirby Flexschlauch (1-4m) Ausziehbar von 1 bis 4 Meter. Universell einsetzbar und ideal f\u00fcr Treppen, Decken und schwer zug\u00e4ngliche Stellen.\",\"breadcrumb\":{\"@id\":\"https:\\\/\\\/www.veltec.eu\\\/de\\\/product\\\/kirby-flexschlauch-1-4m-nl3160\\\/#breadcrumb\"},\"inLanguage\":\"de\",\"potentialAction\":[{\"@type\":\"ReadAction\",\"target\":[\"https:\\\/\\\/www.veltec.eu\\\/de\\\/product\\\/kirby-flexschlauch-1-4m-nl3160\\\/\"]}]},{\"@type\":\"ImageObject\",\"inLanguage\":\"de\",\"@id\":\"https:\\\/\\\/www.veltec.eu\\\/de\\\/product\\\/kirby-flexschlauch-1-4m-nl3160\\\/#primaryimage\",\"url\":\"https:\\\/\\\/www.veltec.eu\\\/wp-content\\\/uploads\\\/2018\\\/10\\\/IMG_6684.jpg\",\"contentUrl\":\"https:\\\/\\\/www.veltec.eu\\\/wp-content\\\/uploads\\\/2018\\\/10\\\/IMG_6684.jpg\",\"width\":500,\"height\":500},{\"@type\":\"BreadcrumbList\",\"@id\":\"https:\\\/\\\/www.veltec.eu\\\/de\\\/product\\\/kirby-flexschlauch-1-4m-nl3160\\\/#breadcrumb\",\"itemListElement\":[{\"@type\":\"ListItem\",\"position\":1,\"name\":\"Home\",\"item\":\"https:\\\/\\\/www.veltec.eu\\\/de\\\/startseite\\\/\"},{\"@type\":\"ListItem\",\"position\":2,\"name\":\"Kirby Laden\",\"item\":\"https:\\\/\\\/www.veltec.eu\\\/de\\\/kirby-laden\\\/\"},{\"@type\":\"ListItem\",\"position\":3,\"name\":\"Kirby Flexschlauch (1-4m)\"}]},{\"@type\":\"WebSite\",\"@id\":\"https:\\\/\\\/www.veltec.eu\\\/en\\\/#website\",\"url\":\"https:\\\/\\\/www.veltec.eu\\\/en\\\/\",\"name\":\"Veltec Kirby specialist\",\"description\":\"Kirby stofzuiger producten\",\"publisher\":{\"@id\":\"https:\\\/\\\/www.veltec.eu\\\/en\\\/#organization\"},\"potentialAction\":[{\"@type\":\"SearchAction\",\"target\":{\"@type\":\"EntryPoint\",\"urlTemplate\":\"https:\\\/\\\/www.veltec.eu\\\/en\\\/?s={search_term_string}\"},\"query-input\":{\"@type\":\"PropertyValueSpecification\",\"valueRequired\":true,\"valueName\":\"search_term_string\"}}],\"inLanguage\":\"de\"},{\"@type\":\"Organization\",\"@id\":\"https:\\\/\\\/www.veltec.eu\\\/en\\\/#organization\",\"name\":\"Veltec Kirby Specialist\",\"url\":\"https:\\\/\\\/www.veltec.eu\\\/en\\\/\",\"logo\":{\"@type\":\"ImageObject\",\"inLanguage\":\"de\",\"@id\":\"https:\\\/\\\/www.veltec.eu\\\/en\\\/#\\\/schema\\\/logo\\\/image\\\/\",\"url\":\"https:\\\/\\\/www.veltec.eu\\\/wp-content\\\/uploads\\\/2021\\\/12\\\/Veltec-log-groot-e1537260889125.png\",\"contentUrl\":\"https:\\\/\\\/www.veltec.eu\\\/wp-content\\\/uploads\\\/2021\\\/12\\\/Veltec-log-groot-e1537260889125.png\",\"width\":200,\"height\":60,\"caption\":\"Veltec Kirby Specialist\"},\"image\":{\"@id\":\"https:\\\/\\\/www.veltec.eu\\\/en\\\/#\\\/schema\\\/logo\\\/image\\\/\"},\"sameAs\":[\"https:\\\/\\\/www.facebook.com\\\/Veltec-Kirby-Specialist-236746293374877\\\/\",\"https:\\\/\\\/www.youtube.com\\\/user\\\/VeltecService\"]}]}<\/script>\n<!-- \/ Yoast SEO Premium plugin. -->","yoast_head_json":{"title":"Kirby Flexschlauch (1-4m) Universell","description":"Kirby Flexschlauch (1-4m) Ausziehbar von 1 bis 4 Meter. Universell einsetzbar und ideal f\u00fcr Treppen, Decken und schwer zug\u00e4ngliche Stellen.","robots":{"index":"index","follow":"follow","max-snippet":"max-snippet:-1","max-image-preview":"max-image-preview:large","max-video-preview":"max-video-preview:-1"},"canonical":"https:\/\/www.veltec.eu\/de\/product\/kirby-flexschlauch-1-4m-nl3160\/","og_locale":"de_DE","og_type":"article","og_title":"Kirby Flexschlauch (1-4m)","og_description":"Der flexible Staubsaugerschlauch von Kirby ist von 1 bis 4 Meter ausziehbar und wird komplett mit Befestigungen geliefert. Ideal f\u00fcr schwer zug\u00e4ngliche Stellen und f\u00fcr alle Kirby-Modelle geeignet.    Vorr\u00e4tig   Vor 23:59 uhr bestellt, morgen versendet  &nbsp;","og_url":"https:\/\/www.veltec.eu\/de\/product\/kirby-flexschlauch-1-4m-nl3160\/","og_site_name":"Veltec Kirby specialist","article_publisher":"https:\/\/www.facebook.com\/Veltec-Kirby-Specialist-236746293374877\/","article_modified_time":"2026-03-02T06:03:33+00:00","og_image":[{"width":500,"height":500,"url":"https:\/\/www.veltec.eu\/wp-content\/uploads\/2018\/10\/IMG_6684.jpg","type":"image\/jpeg"}],"twitter_card":"summary_large_image","twitter_misc":{"Gesch\u00e4tzte Lesezeit":"3\u00a0Minuten"},"schema":{"@context":"https:\/\/schema.org","@graph":[{"@type":"WebPage","@id":"https:\/\/www.veltec.eu\/de\/product\/kirby-flexschlauch-1-4m-nl3160\/","url":"https:\/\/www.veltec.eu\/de\/product\/kirby-flexschlauch-1-4m-nl3160\/","name":"Kirby Flexschlauch (1-4m) Universell","isPartOf":{"@id":"https:\/\/www.veltec.eu\/en\/#website"},"primaryImageOfPage":{"@id":"https:\/\/www.veltec.eu\/de\/product\/kirby-flexschlauch-1-4m-nl3160\/#primaryimage"},"image":{"@id":"https:\/\/www.veltec.eu\/de\/product\/kirby-flexschlauch-1-4m-nl3160\/#primaryimage"},"thumbnailUrl":"https:\/\/www.veltec.eu\/wp-content\/uploads\/2018\/10\/IMG_6684.jpg","datePublished":"2018-10-26T11:09:22+00:00","dateModified":"2026-03-02T06:03:33+00:00","description":"Kirby Flexschlauch (1-4m) Ausziehbar von 1 bis 4 Meter. Universell einsetzbar und ideal f\u00fcr Treppen, Decken und schwer zug\u00e4ngliche Stellen.","breadcrumb":{"@id":"https:\/\/www.veltec.eu\/de\/product\/kirby-flexschlauch-1-4m-nl3160\/#breadcrumb"},"inLanguage":"de","potentialAction":[{"@type":"ReadAction","target":["https:\/\/www.veltec.eu\/de\/product\/kirby-flexschlauch-1-4m-nl3160\/"]}]},{"@type":"ImageObject","inLanguage":"de","@id":"https:\/\/www.veltec.eu\/de\/product\/kirby-flexschlauch-1-4m-nl3160\/#primaryimage","url":"https:\/\/www.veltec.eu\/wp-content\/uploads\/2018\/10\/IMG_6684.jpg","contentUrl":"https:\/\/www.veltec.eu\/wp-content\/uploads\/2018\/10\/IMG_6684.jpg","width":500,"height":500},{"@type":"BreadcrumbList","@id":"https:\/\/www.veltec.eu\/de\/product\/kirby-flexschlauch-1-4m-nl3160\/#breadcrumb","itemListElement":[{"@type":"ListItem","position":1,"name":"Home","item":"https:\/\/www.veltec.eu\/de\/startseite\/"},{"@type":"ListItem","position":2,"name":"Kirby Laden","item":"https:\/\/www.veltec.eu\/de\/kirby-laden\/"},{"@type":"ListItem","position":3,"name":"Kirby Flexschlauch (1-4m)"}]},{"@type":"WebSite","@id":"https:\/\/www.veltec.eu\/en\/#website","url":"https:\/\/www.veltec.eu\/en\/","name":"Veltec Kirby specialist","description":"Kirby stofzuiger producten","publisher":{"@id":"https:\/\/www.veltec.eu\/en\/#organization"},"potentialAction":[{"@type":"SearchAction","target":{"@type":"EntryPoint","urlTemplate":"https:\/\/www.veltec.eu\/en\/?s={search_term_string}"},"query-input":{"@type":"PropertyValueSpecification","valueRequired":true,"valueName":"search_term_string"}}],"inLanguage":"de"},{"@type":"Organization","@id":"https:\/\/www.veltec.eu\/en\/#organization","name":"Veltec Kirby Specialist","url":"https:\/\/www.veltec.eu\/en\/","logo":{"@type":"ImageObject","inLanguage":"de","@id":"https:\/\/www.veltec.eu\/en\/#\/schema\/logo\/image\/","url":"https:\/\/www.veltec.eu\/wp-content\/uploads\/2021\/12\/Veltec-log-groot-e1537260889125.png","contentUrl":"https:\/\/www.veltec.eu\/wp-content\/uploads\/2021\/12\/Veltec-log-groot-e1537260889125.png","width":200,"height":60,"caption":"Veltec Kirby Specialist"},"image":{"@id":"https:\/\/www.veltec.eu\/en\/#\/schema\/logo\/image\/"},"sameAs":["https:\/\/www.facebook.com\/Veltec-Kirby-Specialist-236746293374877\/","https:\/\/www.youtube.com\/user\/VeltecService"]}]}},"_links":{"self":[{"href":"https:\/\/www.veltec.eu\/de\/wp-json\/wp\/v2\/product\/10730","targetHints":{"allow":["GET"]}}],"collection":[{"href":"https:\/\/www.veltec.eu\/de\/wp-json\/wp\/v2\/product"}],"about":[{"href":"https:\/\/www.veltec.eu\/de\/wp-json\/wp\/v2\/types\/product"}],"replies":[{"embeddable":true,"href":"https:\/\/www.veltec.eu\/de\/wp-json\/wp\/v2\/comments?post=10730"}],"wp:featuredmedia":[{"embeddable":true,"href":"https:\/\/www.veltec.eu\/de\/wp-json\/wp\/v2\/media\/66544"}],"wp:attachment":[{"href":"https:\/\/www.veltec.eu\/de\/wp-json\/wp\/v2\/media?parent=10730"}],"wp:term":[{"taxonomy":"product_brand","embeddable":true,"href":"https:\/\/www.veltec.eu\/de\/wp-json\/wp\/v2\/product_brand?post=10730"},{"taxonomy":"product_cat","embeddable":true,"href":"https:\/\/www.veltec.eu\/de\/wp-json\/wp\/v2\/product_cat?post=10730"},{"taxonomy":"product_tag","embeddable":true,"href":"https:\/\/www.veltec.eu\/de\/wp-json\/wp\/v2\/product_tag?post=10730"}],"curies":[{"name":"wp","href":"https:\/\/api.w.org\/{rel}","templated":true}]}}