{"id":10700,"date":"2018-10-26T13:20:43","date_gmt":"2018-10-26T11:20:43","guid":{"rendered":"https:\/\/www.veltec.eu\/kirby-webshop\/kirby-schlauch-ohne-verbindungsstucke-2m-nl3103\/"},"modified":"2026-03-02T13:44:14","modified_gmt":"2026-03-02T11:44:14","slug":"kirby-schlauch-ohne-verbindungsstucke-2m-nl3103","status":"publish","type":"product","link":"https:\/\/www.veltec.eu\/de\/product\/kirby-schlauch-ohne-verbindungsstucke-2m-nl3103\/","title":{"rendered":"Kirby Schlauch ohne Verbindungsst\u00fccke 2m"},"content":{"rendered":"<div class=\"text-base my-auto mx-auto [--thread-content-margin:--spacing(4)] @w-sm\/main:[--thread-content-margin:--spacing(6)] @w-lg\/main:[--thread-content-margin:--spacing(16)] px-(--thread-content-margin)\">\n<div class=\"[--thread-content-max-width:40rem] @w-lg\/main:[--thread-content-max-width:48rem] mx-auto max-w-(--thread-content-max-width) flex-1 group\/turn-messages focus-visible:outline-hidden relative flex w-full min-w-0 flex-col agent-turn\" tabindex=\"-1\">\n<div class=\"flex max-w-full flex-col grow\">\n<div class=\"min-h-8 text-message relative flex w-full flex-col items-end gap-2 text-start break-words whitespace-normal [.text-message+&amp;]:mt-1\" dir=\"auto\" data-message-author-role=\"assistant\" data-message-id=\"a4882257-4ae7-4448-ac8d-ce2663b350f3\" data-message-model-slug=\"gpt-5-2\">\n<div class=\"flex w-full flex-col gap-1 empty:hidden first:pt-[1px]\">\n<div class=\"markdown prose dark:prose-invert w-full wrap-break-word light markdown-new-styling\">\n<h1 data-start=\"0\" data-end=\"39\">Kirby Schlauch ohne Verbindungsst\u00fccke 2m<\/h1>\n<p data-start=\"40\" data-end=\"281\">Der Kirby Schlauch ohne Verbindungsst\u00fccke 2m ist ein praktischer Ersatzschlauch von 2 Metern L\u00e4nge, mit dem Sie Ihren abgenutzten Schlauch ganz einfach erneuern k\u00f6nnen. So k\u00f6nnen Sie die vorhandenen Verbindungsst\u00fccke wiederverwenden und Ihr Kirby Staubsauger funktioniert weiterhin optimal.<\/p>\n<h2 data-start=\"283\" data-end=\"345\">Warum sollten Sie sich f\u00fcr den Kirby-Schlauch ohne Verbindungsst\u00fccke entscheiden?<\/h2>\n<p data-start=\"346\" data-end=\"710\">Der Kirby-Schlauch ohne Anschl\u00fcsse ist eine clevere L\u00f6sung, wenn Ihr aktueller Schlauch verschlissen ist. Au\u00dferdem m\u00fcssen Sie dank dieses Ersatzteils nicht das komplette Schlauchsortiment neu kaufen. So sparen Sie Kosten und behalten die Originalanschl\u00fcsse. Dar\u00fcber hinaus sorgt die robuste Konstruktion daf\u00fcr, dass die Saugkraft Ihres Kirby erhalten bleibt.<\/p>\n<p data-start=\"712\" data-end=\"996\">Suchen Sie zus\u00e4tzliche Teile? Dann schauen Sie sich auch unsere interne Seite mit <a href=\"https:\/\/www.veltec.eu\/de\/kirby-schlauchzubehoer\/\" target=\"_blank\" rel=\"noopener\">Kirby-Schl\u00e4uchen und Zubeh\u00f6r<\/a> an. Ausf\u00fchrliche Informationen finden Sie auch im Blog <a href=\"https:\/\/www.kirby-staubsauger-service.de\/kirby-staubsaugerschlauch\/\" target=\"_blank\" rel=\"noopener\">Alles \u00fcber den Kirby-Staubsaugerschlauch.<\/a><\/p>\n<h2 data-start=\"998\" data-end=\"1060\">Kirby Schlauch ohne Verbindungsst\u00fccke, einfach zu montieren<\/h2>\n<p data-start=\"1061\" data-end=\"1400\">Der Kirby-Schlauch ohne Anschl\u00fcsse wurde speziell f\u00fcr eine schnelle Montage entwickelt. So k\u00f6nnen Sie die alten Anschl\u00fcsse ganz einfach auf den neuen Schlauch \u00fcbertragen. Erw\u00e4rmen Sie zun\u00e4chst die Enden mit hei\u00dfem Wasser und entfernen Sie dann m\u00fchelos die alten Anschl\u00fcsse. Setzen Sie diese anschlie\u00dfend fest auf den neuen Schlauch auf, um eine perfekte Verbindung zu gew\u00e4hrleisten.<\/p>\n<p data-start=\"1402\" data-end=\"1646\">Weitere Unterst\u00fctzung finden Sie im Video:<br data-start=\"1443\" data-end=\"1446\" \/><div  class='avia-video av-fdxx1-6b2531c11378b575fd509cb7b2a4f3f1 avia-video-16-9 av-no-preview-image avia-video-load-always av-lazyload-immediate av-lazyload-video-embed'  itemprop=\"video\" itemtype=\"https:\/\/schema.org\/VideoObject\"  data-original_url='https:\/\/youtu.be\/FDXXIZgh_Yw?list=UULF-xfmletLNRpv4lLhuytt3A'><script type='text\/html' class='av-video-tmpl'><div class='avia-iframe-wrap'><iframe loading=\"lazy\" title=\"Kirby Staubsauger Veltec - Kirby Schlauchanschluss verfangen\" width=\"1500\" height=\"844\" src=\"https:\/\/www.youtube.com\/embed\/FDXXIZgh_Yw?list=UULF-xfmletLNRpv4lLhuytt3A&autoplay=0&loop=0&controls=1&mute=0\" frameborder=\"0\" allow=\"accelerometer; autoplay; clipboard-write; encrypted-media; gyroscope; picture-in-picture; web-share\" referrerpolicy=\"strict-origin-when-cross-origin\" allowfullscreen><\/iframe><\/div><\/script><div class='av-click-to-play-overlay'><div class=\"avia_playpause_icon\"><\/div><\/div><\/div><\/p>\n<p data-start=\"1402\" data-end=\"1646\">Dadurch k\u00f6nnen Sie die Installation schnell und korrekt durchf\u00fchren.<\/p>\n<h2 data-start=\"1648\" data-end=\"1686\">Geeignet f\u00fcr alle Kirby Staubsauger<\/h2>\n<p data-start=\"1687\" data-end=\"1817\">Der Schlauch ohne Kupplungsst\u00fccke passt auf fast alle Kirby-Modelle. Dadurch ist eine breite Kompatibilit\u00e4t gew\u00e4hrleistet.<\/p>\n<h3 data-start=\"1819\" data-end=\"1876\">Schlauch ohne Kupplungen Kompatibilit\u00e4t<\/h3>\n<p data-start=\"1877\" data-end=\"1906\">Geeignet unter anderem f\u00fcr:<\/p>\n<ul data-start=\"1907\" data-end=\"2142\">\n<li data-start=\"1907\" data-end=\"1926\">Avalir Platinum<\/li>\n<li data-start=\"1927\" data-end=\"1939\">Avalir 2<\/li>\n<li data-start=\"1940\" data-end=\"1952\">Avalir 1<\/li>\n<li data-start=\"1953\" data-end=\"1973\">Sentria 2 (G10D)<\/li>\n<li data-start=\"1974\" data-end=\"1993\">Sentria 1 (G10)<\/li>\n<li data-start=\"1994\" data-end=\"2033\">Ultimate G Diamond Edition (G7D\/DE)<\/li>\n<li data-start=\"2034\" data-end=\"2056\">Ultimate G (G7\/UG)<\/li>\n<li data-start=\"2057\" data-end=\"2078\">Generation 6 (G6)<\/li>\n<li data-start=\"2079\" data-end=\"2100\">Generation 5 (G5)<\/li>\n<li data-start=\"2101\" data-end=\"2122\">Generation 4 (G4)<\/li>\n<li data-start=\"2123\" data-end=\"2142\">Generation 3 (G3)<\/li>\n<\/ul>\n<h2 data-start=\"2144\" data-end=\"2210\">Langlebige Qualit\u00e4t des Kirby-Schlauchs ohne Verbindungsst\u00fccke<\/h2>\n<p data-start=\"2211\" data-end=\"2516\">Der Kirby-Schlauch ohne Verbindungsst\u00fccke ist aus verschlei\u00dffesten Materialien gefertigt. Dadurch bleibt der Schlauch auch bei l\u00e4ngerem Gebrauch flexibel und robust. Au\u00dferdem verhindert die stabile Wandstruktur Luftverlust, sodass die Saugleistung erhalten bleibt. So funktioniert Ihr Kirby-Staubsauger wieder wie vorgesehen.<\/p>\n<h2 data-start=\"2518\" data-end=\"2560\">Optimale Passform und maximale Leistung<\/h2>\n<p data-start=\"2561\" data-end=\"2850\">Da der Kirby-Schlauch ohne Verbindungsst\u00fccke ein Originalteil ist, passt er nahtlos zu Ihren vorhandenen Anschl\u00fcssen. So vermeiden Sie Undichtigkeiten oder eine verminderte Saugkraft. Dar\u00fcber hinaus bleibt dank der L\u00e4nge von 2 Metern die Bewegungsfreiheit w\u00e4hrend der Reinigung optimal.<\/p>\n<p data-start=\"2852\" data-end=\"3043\" data-is-last-node=\"\" data-is-only-node=\"\">Mit dem Kirby-Schlauch ohne Verbindungsst\u00fccke (2 m) entscheiden Sie sich f\u00fcr einen kosteng\u00fcnstigen, langlebigen und einfach zu installierenden Ersatzschlauch, der Ihren Kirby-Staubsauger wieder in Topform bringt.<\/p>\n<\/div>\n<\/div>\n<\/div>\n<\/div>\n<\/div>\n<\/div>\n","protected":false},"excerpt":{"rendered":"<p>Der Kirby-Schlauch ohne Verbindungsst\u00fccke 2m ist ein langlebiger Ersatzschlauch, mit dem Sie Ihre vorhandenen Anschl\u00fcsse einfach wiederverwenden k\u00f6nnen. So sparen Sie Kosten und Ihr Kirby-Staubsauger bleibt leistungsstark.<\/p>\n[trustindex data-widget-id=31675542425128034566e10b5fb]\n<h3><span style=\"color: #008000;\"><br \/>\nVorr\u00e4tig<\/span><\/h3>\n[av_font_icon icon='ue812' font='entypo-fontello' style='' caption='' size='25px' position='left' color='#43ad66' link='' linktarget='' title_attr='' sonar_effect_effect='' sonar_effect_color='' sonar_effect_duration='1' sonar_effect_scale='' sonar_effect_opac='0.5' animation='' id='' custom_class='' template_class='' av_uid='' sc_version='1.0' admin_preview_bg=''][\/av_font_icon]\n<p><span style=\"color: #008000;\">Vor 23:59 uhr bestellt, morgen versendet<\/span><\/p>\n<p>&nbsp;<\/p>\n","protected":false},"featured_media":8549,"comment_status":"open","ping_status":"closed","template":"","meta":[],"product_brand":[],"product_cat":[320],"product_tag":[],"class_list":{"0":"post-10700","1":"product","2":"type-product","3":"status-publish","4":"has-post-thumbnail","6":"product_cat-kirby-schlauchzubehor","7":"product_shipping_class-klein-de","9":"first","10":"instock","11":"taxable","12":"shipping-taxable","13":"purchasable","14":"product-type-simple"},"yoast_head":"<!-- This site is optimized with the Yoast SEO Premium plugin v27.1 (Yoast SEO v27.3) - https:\/\/yoast.com\/product\/yoast-seo-premium-wordpress\/ -->\n<title>Kirby Schlauch ohne Verbindungsst\u00fccke 2m | Original<\/title>\n<meta name=\"description\" content=\"Ersetzen Sie ganz einfach Ihren alten Kirby Schlauch ohne Verbindungsst\u00fccke 2m und verwenden Sie die vorhandenen Anschl\u00fcsse weiter, um maximale Saugkraft.\" \/>\n<meta name=\"robots\" content=\"index, follow, max-snippet:-1, max-image-preview:large, max-video-preview:-1\" \/>\n<link rel=\"canonical\" href=\"https:\/\/www.veltec.eu\/nl\/product\/kirby-slang-zonder-koppelstukken-2mtr-nl3103\/\" \/>\n<meta property=\"og:locale\" content=\"de_DE\" \/>\n<meta property=\"og:type\" content=\"article\" \/>\n<meta property=\"og:title\" content=\"Kirby Schlauch ohne Verbindungsst\u00fccke 2m\" \/>\n<meta property=\"og:description\" content=\"Der Kirby-Schlauch ohne Verbindungsst\u00fccke 2m ist ein langlebiger Ersatzschlauch, mit dem Sie Ihre vorhandenen Anschl\u00fcsse einfach wiederverwenden k\u00f6nnen. So sparen Sie Kosten und Ihr Kirby-Staubsauger bleibt leistungsstark.    Vorr\u00e4tig   Vor 23:59 uhr bestellt, morgen versendet  &nbsp;\" \/>\n<meta property=\"og:url\" content=\"https:\/\/www.veltec.eu\/nl\/product\/kirby-slang-zonder-koppelstukken-2mtr-nl3103\/\" \/>\n<meta property=\"og:site_name\" content=\"Veltec Kirby specialist\" \/>\n<meta property=\"article:publisher\" content=\"https:\/\/www.facebook.com\/Veltec-Kirby-Specialist-236746293374877\/\" \/>\n<meta property=\"article:modified_time\" content=\"2026-03-02T11:44:14+00:00\" \/>\n<meta property=\"og:image\" content=\"https:\/\/www.veltec.eu\/wp-content\/uploads\/2018\/10\/kirby_slang.jpg\" \/>\n\t<meta property=\"og:image:width\" content=\"300\" \/>\n\t<meta property=\"og:image:height\" content=\"300\" \/>\n\t<meta property=\"og:image:type\" content=\"image\/jpeg\" \/>\n<meta name=\"twitter:card\" content=\"summary_large_image\" \/>\n<meta name=\"twitter:label1\" content=\"Gesch\u00e4tzte Lesezeit\" \/>\n\t<meta name=\"twitter:data1\" content=\"2\u00a0Minuten\" \/>\n<script type=\"application\/ld+json\" class=\"yoast-schema-graph\">{\"@context\":\"https:\\\/\\\/schema.org\",\"@graph\":[{\"@type\":\"WebPage\",\"@id\":\"https:\\\/\\\/www.veltec.eu\\\/nl\\\/product\\\/kirby-slang-zonder-koppelstukken-2mtr-nl3103\\\/\",\"url\":\"https:\\\/\\\/www.veltec.eu\\\/nl\\\/product\\\/kirby-slang-zonder-koppelstukken-2mtr-nl3103\\\/\",\"name\":\"Kirby Schlauch ohne Verbindungsst\u00fccke 2m | Original\",\"isPartOf\":{\"@id\":\"https:\\\/\\\/www.veltec.eu\\\/en\\\/#website\"},\"primaryImageOfPage\":{\"@id\":\"https:\\\/\\\/www.veltec.eu\\\/nl\\\/product\\\/kirby-slang-zonder-koppelstukken-2mtr-nl3103\\\/#primaryimage\"},\"image\":{\"@id\":\"https:\\\/\\\/www.veltec.eu\\\/nl\\\/product\\\/kirby-slang-zonder-koppelstukken-2mtr-nl3103\\\/#primaryimage\"},\"thumbnailUrl\":\"https:\\\/\\\/www.veltec.eu\\\/wp-content\\\/uploads\\\/2018\\\/10\\\/kirby_slang.jpg\",\"datePublished\":\"2018-10-26T11:20:43+00:00\",\"dateModified\":\"2026-03-02T11:44:14+00:00\",\"description\":\"Ersetzen Sie ganz einfach Ihren alten Kirby Schlauch ohne Verbindungsst\u00fccke 2m und verwenden Sie die vorhandenen Anschl\u00fcsse weiter, um maximale Saugkraft.\",\"breadcrumb\":{\"@id\":\"https:\\\/\\\/www.veltec.eu\\\/nl\\\/product\\\/kirby-slang-zonder-koppelstukken-2mtr-nl3103\\\/#breadcrumb\"},\"inLanguage\":\"de\",\"potentialAction\":[{\"@type\":\"ReadAction\",\"target\":[\"https:\\\/\\\/www.veltec.eu\\\/nl\\\/product\\\/kirby-slang-zonder-koppelstukken-2mtr-nl3103\\\/\"]}]},{\"@type\":\"ImageObject\",\"inLanguage\":\"de\",\"@id\":\"https:\\\/\\\/www.veltec.eu\\\/nl\\\/product\\\/kirby-slang-zonder-koppelstukken-2mtr-nl3103\\\/#primaryimage\",\"url\":\"https:\\\/\\\/www.veltec.eu\\\/wp-content\\\/uploads\\\/2018\\\/10\\\/kirby_slang.jpg\",\"contentUrl\":\"https:\\\/\\\/www.veltec.eu\\\/wp-content\\\/uploads\\\/2018\\\/10\\\/kirby_slang.jpg\",\"width\":300,\"height\":300,\"caption\":\"Kirby Schlauch ohne Verbindungsst\u00fccke 4m\"},{\"@type\":\"BreadcrumbList\",\"@id\":\"https:\\\/\\\/www.veltec.eu\\\/nl\\\/product\\\/kirby-slang-zonder-koppelstukken-2mtr-nl3103\\\/#breadcrumb\",\"itemListElement\":[{\"@type\":\"ListItem\",\"position\":1,\"name\":\"Home\",\"item\":\"https:\\\/\\\/www.veltec.eu\\\/de\\\/\"},{\"@type\":\"ListItem\",\"position\":2,\"name\":\"Produits\",\"item\":\"https:\\\/\\\/www.veltec.eu\\\/fr\\\/shop\\\/\"},{\"@type\":\"ListItem\",\"position\":3,\"name\":\"Kirby Schlauch ohne Verbindungsst\u00fccke 2m\"}]},{\"@type\":\"WebSite\",\"@id\":\"https:\\\/\\\/www.veltec.eu\\\/en\\\/#website\",\"url\":\"https:\\\/\\\/www.veltec.eu\\\/en\\\/\",\"name\":\"Veltec Kirby specialist\",\"description\":\"Kirby stofzuiger producten\",\"publisher\":{\"@id\":\"https:\\\/\\\/www.veltec.eu\\\/en\\\/#organization\"},\"potentialAction\":[{\"@type\":\"SearchAction\",\"target\":{\"@type\":\"EntryPoint\",\"urlTemplate\":\"https:\\\/\\\/www.veltec.eu\\\/en\\\/?s={search_term_string}\"},\"query-input\":{\"@type\":\"PropertyValueSpecification\",\"valueRequired\":true,\"valueName\":\"search_term_string\"}}],\"inLanguage\":\"de\"},{\"@type\":\"Organization\",\"@id\":\"https:\\\/\\\/www.veltec.eu\\\/en\\\/#organization\",\"name\":\"Veltec Kirby Specialist\",\"url\":\"https:\\\/\\\/www.veltec.eu\\\/en\\\/\",\"logo\":{\"@type\":\"ImageObject\",\"inLanguage\":\"de\",\"@id\":\"https:\\\/\\\/www.veltec.eu\\\/en\\\/#\\\/schema\\\/logo\\\/image\\\/\",\"url\":\"https:\\\/\\\/www.veltec.eu\\\/wp-content\\\/uploads\\\/2021\\\/12\\\/Veltec-log-groot-e1537260889125.png\",\"contentUrl\":\"https:\\\/\\\/www.veltec.eu\\\/wp-content\\\/uploads\\\/2021\\\/12\\\/Veltec-log-groot-e1537260889125.png\",\"width\":200,\"height\":60,\"caption\":\"Veltec Kirby Specialist\"},\"image\":{\"@id\":\"https:\\\/\\\/www.veltec.eu\\\/en\\\/#\\\/schema\\\/logo\\\/image\\\/\"},\"sameAs\":[\"https:\\\/\\\/www.facebook.com\\\/Veltec-Kirby-Specialist-236746293374877\\\/\",\"https:\\\/\\\/www.youtube.com\\\/user\\\/VeltecService\"]}]}<\/script>\n<!-- \/ Yoast SEO Premium plugin. -->","yoast_head_json":{"title":"Kirby Schlauch ohne Verbindungsst\u00fccke 2m | Original","description":"Ersetzen Sie ganz einfach Ihren alten Kirby Schlauch ohne Verbindungsst\u00fccke 2m und verwenden Sie die vorhandenen Anschl\u00fcsse weiter, um maximale Saugkraft.","robots":{"index":"index","follow":"follow","max-snippet":"max-snippet:-1","max-image-preview":"max-image-preview:large","max-video-preview":"max-video-preview:-1"},"canonical":"https:\/\/www.veltec.eu\/nl\/product\/kirby-slang-zonder-koppelstukken-2mtr-nl3103\/","og_locale":"de_DE","og_type":"article","og_title":"Kirby Schlauch ohne Verbindungsst\u00fccke 2m","og_description":"Der Kirby-Schlauch ohne Verbindungsst\u00fccke 2m ist ein langlebiger Ersatzschlauch, mit dem Sie Ihre vorhandenen Anschl\u00fcsse einfach wiederverwenden k\u00f6nnen. So sparen Sie Kosten und Ihr Kirby-Staubsauger bleibt leistungsstark.    Vorr\u00e4tig   Vor 23:59 uhr bestellt, morgen versendet  &nbsp;","og_url":"https:\/\/www.veltec.eu\/nl\/product\/kirby-slang-zonder-koppelstukken-2mtr-nl3103\/","og_site_name":"Veltec Kirby specialist","article_publisher":"https:\/\/www.facebook.com\/Veltec-Kirby-Specialist-236746293374877\/","article_modified_time":"2026-03-02T11:44:14+00:00","og_image":[{"width":300,"height":300,"url":"https:\/\/www.veltec.eu\/wp-content\/uploads\/2018\/10\/kirby_slang.jpg","type":"image\/jpeg"}],"twitter_card":"summary_large_image","twitter_misc":{"Gesch\u00e4tzte Lesezeit":"2\u00a0Minuten"},"schema":{"@context":"https:\/\/schema.org","@graph":[{"@type":"WebPage","@id":"https:\/\/www.veltec.eu\/nl\/product\/kirby-slang-zonder-koppelstukken-2mtr-nl3103\/","url":"https:\/\/www.veltec.eu\/nl\/product\/kirby-slang-zonder-koppelstukken-2mtr-nl3103\/","name":"Kirby Schlauch ohne Verbindungsst\u00fccke 2m | Original","isPartOf":{"@id":"https:\/\/www.veltec.eu\/en\/#website"},"primaryImageOfPage":{"@id":"https:\/\/www.veltec.eu\/nl\/product\/kirby-slang-zonder-koppelstukken-2mtr-nl3103\/#primaryimage"},"image":{"@id":"https:\/\/www.veltec.eu\/nl\/product\/kirby-slang-zonder-koppelstukken-2mtr-nl3103\/#primaryimage"},"thumbnailUrl":"https:\/\/www.veltec.eu\/wp-content\/uploads\/2018\/10\/kirby_slang.jpg","datePublished":"2018-10-26T11:20:43+00:00","dateModified":"2026-03-02T11:44:14+00:00","description":"Ersetzen Sie ganz einfach Ihren alten Kirby Schlauch ohne Verbindungsst\u00fccke 2m und verwenden Sie die vorhandenen Anschl\u00fcsse weiter, um maximale Saugkraft.","breadcrumb":{"@id":"https:\/\/www.veltec.eu\/nl\/product\/kirby-slang-zonder-koppelstukken-2mtr-nl3103\/#breadcrumb"},"inLanguage":"de","potentialAction":[{"@type":"ReadAction","target":["https:\/\/www.veltec.eu\/nl\/product\/kirby-slang-zonder-koppelstukken-2mtr-nl3103\/"]}]},{"@type":"ImageObject","inLanguage":"de","@id":"https:\/\/www.veltec.eu\/nl\/product\/kirby-slang-zonder-koppelstukken-2mtr-nl3103\/#primaryimage","url":"https:\/\/www.veltec.eu\/wp-content\/uploads\/2018\/10\/kirby_slang.jpg","contentUrl":"https:\/\/www.veltec.eu\/wp-content\/uploads\/2018\/10\/kirby_slang.jpg","width":300,"height":300,"caption":"Kirby Schlauch ohne Verbindungsst\u00fccke 4m"},{"@type":"BreadcrumbList","@id":"https:\/\/www.veltec.eu\/nl\/product\/kirby-slang-zonder-koppelstukken-2mtr-nl3103\/#breadcrumb","itemListElement":[{"@type":"ListItem","position":1,"name":"Home","item":"https:\/\/www.veltec.eu\/de\/"},{"@type":"ListItem","position":2,"name":"Produits","item":"https:\/\/www.veltec.eu\/fr\/shop\/"},{"@type":"ListItem","position":3,"name":"Kirby Schlauch ohne Verbindungsst\u00fccke 2m"}]},{"@type":"WebSite","@id":"https:\/\/www.veltec.eu\/en\/#website","url":"https:\/\/www.veltec.eu\/en\/","name":"Veltec Kirby specialist","description":"Kirby stofzuiger producten","publisher":{"@id":"https:\/\/www.veltec.eu\/en\/#organization"},"potentialAction":[{"@type":"SearchAction","target":{"@type":"EntryPoint","urlTemplate":"https:\/\/www.veltec.eu\/en\/?s={search_term_string}"},"query-input":{"@type":"PropertyValueSpecification","valueRequired":true,"valueName":"search_term_string"}}],"inLanguage":"de"},{"@type":"Organization","@id":"https:\/\/www.veltec.eu\/en\/#organization","name":"Veltec Kirby Specialist","url":"https:\/\/www.veltec.eu\/en\/","logo":{"@type":"ImageObject","inLanguage":"de","@id":"https:\/\/www.veltec.eu\/en\/#\/schema\/logo\/image\/","url":"https:\/\/www.veltec.eu\/wp-content\/uploads\/2021\/12\/Veltec-log-groot-e1537260889125.png","contentUrl":"https:\/\/www.veltec.eu\/wp-content\/uploads\/2021\/12\/Veltec-log-groot-e1537260889125.png","width":200,"height":60,"caption":"Veltec Kirby Specialist"},"image":{"@id":"https:\/\/www.veltec.eu\/en\/#\/schema\/logo\/image\/"},"sameAs":["https:\/\/www.facebook.com\/Veltec-Kirby-Specialist-236746293374877\/","https:\/\/www.youtube.com\/user\/VeltecService"]}]}},"_links":{"self":[{"href":"https:\/\/www.veltec.eu\/de\/wp-json\/wp\/v2\/product\/10700","targetHints":{"allow":["GET"]}}],"collection":[{"href":"https:\/\/www.veltec.eu\/de\/wp-json\/wp\/v2\/product"}],"about":[{"href":"https:\/\/www.veltec.eu\/de\/wp-json\/wp\/v2\/types\/product"}],"replies":[{"embeddable":true,"href":"https:\/\/www.veltec.eu\/de\/wp-json\/wp\/v2\/comments?post=10700"}],"wp:featuredmedia":[{"embeddable":true,"href":"https:\/\/www.veltec.eu\/de\/wp-json\/wp\/v2\/media\/8549"}],"wp:attachment":[{"href":"https:\/\/www.veltec.eu\/de\/wp-json\/wp\/v2\/media?parent=10700"}],"wp:term":[{"taxonomy":"product_brand","embeddable":true,"href":"https:\/\/www.veltec.eu\/de\/wp-json\/wp\/v2\/product_brand?post=10700"},{"taxonomy":"product_cat","embeddable":true,"href":"https:\/\/www.veltec.eu\/de\/wp-json\/wp\/v2\/product_cat?post=10700"},{"taxonomy":"product_tag","embeddable":true,"href":"https:\/\/www.veltec.eu\/de\/wp-json\/wp\/v2\/product_tag?post=10700"}],"curies":[{"name":"wp","href":"https:\/\/api.w.org\/{rel}","templated":true}]}}