{"id":10660,"date":"2018-10-26T13:37:35","date_gmt":"2018-10-26T11:37:35","guid":{"rendered":"https:\/\/www.veltec.eu\/kirby-webshop\/kirby-schlauchanschluss-nl3159\/"},"modified":"2026-03-02T09:19:19","modified_gmt":"2026-03-02T07:19:19","slug":"kirby-schlauchanschluss-nl3159","status":"publish","type":"product","link":"https:\/\/www.veltec.eu\/de\/product\/kirby-schlauchanschluss-nl3159\/","title":{"rendered":"Kirby Schlauchanschluss"},"content":{"rendered":"<article class=\"text-token-text-primary w-full focus:outline-none [--shadow-height:45px] has-data-writing-block:pointer-events-none has-data-writing-block:-mt-(--shadow-height) has-data-writing-block:pt-(--shadow-height) [&amp;:has([data-writing-block])&gt;*]:pointer-events-auto scroll-mt-[calc(var(--header-height)+min(200px,max(70px,20svh)))]\" dir=\"auto\" tabindex=\"-1\" data-turn-id=\"request-WEB:023e45d2-0ec0-4ea3-b036-ab014f2e4cdc-0\" data-testid=\"conversation-turn-2\" data-scroll-anchor=\"false\" data-turn=\"assistant\">\n<div class=\"text-base my-auto mx-auto [--thread-content-margin:--spacing(4)] @w-sm\/main:[--thread-content-margin:--spacing(6)] @w-lg\/main:[--thread-content-margin:--spacing(16)] px-(--thread-content-margin)\">\n<div class=\"[--thread-content-max-width:40rem] @w-lg\/main:[--thread-content-max-width:48rem] mx-auto max-w-(--thread-content-max-width) flex-1 group\/turn-messages focus-visible:outline-hidden relative flex w-full min-w-0 flex-col agent-turn\" tabindex=\"-1\">\n<div class=\"flex max-w-full flex-col grow\">\n<div class=\"min-h-8 text-message relative flex w-full flex-col items-end gap-2 text-start break-words whitespace-normal [.text-message+&amp;]:mt-1\" dir=\"auto\" data-message-author-role=\"assistant\" data-message-id=\"27e2529e-5f5d-424c-9621-3341a4b21ffd\" data-message-model-slug=\"gpt-5-2\">\n<div class=\"flex w-full flex-col gap-1 empty:hidden first:pt-[1px]\">\n<div class=\"markdown prose dark:prose-invert w-full wrap-break-word light markdown-new-styling\">\n<h1 data-start=\"0\" data-end=\"25\">Kirby Schlauchanschluss<\/h1>\n<p data-start=\"26\" data-end=\"245\">Der Kirby Schlauchanschluss sorgt f\u00fcr eine feste und sichere Verbindung zwischen Ihrem Kirby-Staubsaugerschlauch und dem Ger\u00e4t. Dadurch beh\u00e4lt Ihr Kirby-Staubsauger seine optimale Saugkraft und jedes Zubeh\u00f6rteil funktioniert problemlos.<\/p>\n<h2 data-start=\"247\" data-end=\"295\">Zuverl\u00e4ssiger Anschluss f\u00fcr Ihren Kirby-Schlauch<\/h2>\n<p data-start=\"296\" data-end=\"585\">Dieser Anschluss wurde speziell entwickelt, um den Staubsaugerschlauch korrekt an den Kirby-Staubsauger anzuschlie\u00dfen. Dadurch wird verhindert, dass sich der Schlauch w\u00e4hrend der Reinigung l\u00f6st, und der Luftstrom bleibt vollst\u00e4ndig intakt. Dank der pr\u00e4zisen Passform passt das Teil perfekt zum Ger\u00e4t.<\/p>\n<p data-start=\"587\" data-end=\"952\">Dar\u00fcber hinaus sorgt diese Verbindung f\u00fcr eine stabile Befestigung, sodass Sie ohne Unterbrechungen arbeiten k\u00f6nnen. Das ist besonders wichtig bei intensiver Nutzung oder bei der Reinigung mehrerer Oberfl\u00e4chen hintereinander. Kombinieren Sie dieses Teil gegebenenfalls mit dem <a href=\"https:\/\/www.veltec.eu\/de\/kirby-schlauchzubehoer\/\" target=\"_blank\" rel=\"noopener\">Kirby-Staubsaugerschlauch<\/a> f\u00fcr eine vollst\u00e4ndige und zuverl\u00e4ssige Schlauchl\u00f6sung.<\/p>\n<h4 data-start=\"781\" data-end=\"800\">Kompatibel mit:<\/h4>\n<ul data-start=\"802\" data-end=\"1039\">\n<li data-start=\"802\" data-end=\"821\">Avalir Platinum<\/li>\n<li data-start=\"822\" data-end=\"834\">Avalir 2<\/li>\n<li data-start=\"835\" data-end=\"847\">Avalir 1<\/li>\n<li data-start=\"848\" data-end=\"868\">Sentria 2 (G10D)<\/li>\n<li data-start=\"869\" data-end=\"888\">Sentria 1 (G10)<\/li>\n<li data-start=\"889\" data-end=\"928\">Ultimate G Diamond Edition (G7D\/DE)<\/li>\n<li data-start=\"929\" data-end=\"951\">Ultimate G (G7\/UG)<\/li>\n<li data-start=\"952\" data-end=\"973\">Generation 6 (G6)<\/li>\n<li data-start=\"974\" data-end=\"995\">Generation 5 (G5)<\/li>\n<li data-start=\"996\" data-end=\"1017\">Generation 4 (G4)<\/li>\n<li data-start=\"1018\" data-end=\"1039\">Generation 3 (G3)<\/li>\n<\/ul>\n<h2 data-start=\"1046\" data-end=\"1112\">Was ist der Kirby-Schlauchanschluss und warum ist er wichtig?<\/h2>\n<p data-start=\"1113\" data-end=\"1364\">Der Schlauchanschluss ist das wesentliche Verbindungsst\u00fcck zwischen Schlauch und Staubsauger. Dadurch bleibt die Verbindung bei jedem Gebrauch luftdicht und stabil. Wenn der Anschluss fehlt oder verschlissen ist, kann n\u00e4mlich Saugkraft verloren gehen.<\/p>\n<p data-start=\"1366\" data-end=\"1630\">Dar\u00fcber hinaus verhindert dieses Teil unerw\u00fcnschtes Spiel. Dadurch arbeitet Ihr Kirby effizienter und Sie merken sofort einen Unterschied beim Staubsaugen. M\u00f6chten Sie mehr \u00fcber Schl\u00e4uche und Zubeh\u00f6r erfahren? Dann lesen Sie den Blog: <a href=\"https:\/\/www.kirby-staubsauger-service.de\/kirby-staubsaugerschlauch\/\" target=\"_blank\" rel=\"noopener\">Alles \u00fcber den Kirby-Staubsaugerschlauch<\/a><\/p>\n<h3 data-start=\"1637\" data-end=\"1687\">W\u00e4hlen Sie den Schlauchanschluss f\u00fcr Ihr Kirby-Modell<\/h3>\n<p data-start=\"1688\" data-end=\"1918\">Obwohl der Kirby-Anschlussschlauch universell aussieht, ist es wichtig, den richtigen Typ auszuw\u00e4hlen. F\u00fcr den G3 und G4 gibt es n\u00e4mlich eine spezielle Ausf\u00fchrung, w\u00e4hrend die Modelle G5 bis Avalir eine andere Variante verwenden.<\/p>\n<p data-start=\"1920\" data-end=\"2043\">Daher ist es ratsam, Ihr Modell vorab zu \u00fcberpr\u00fcfen. So vermeiden Sie R\u00fccksendungen und gew\u00e4hrleisten eine optimale Funktion.<\/p>\n<p data-start=\"2239\" data-end=\"2295\">Sehen Sie sich auch das Anleitungsvideo f\u00fcr zus\u00e4tzliche Hilfe bei der Montage an:<\/p>\n<div  class='avia-video av-fdxx1-6b2531c11378b575fd509cb7b2a4f3f1 avia-video-16-9 av-no-preview-image avia-video-load-always av-lazyload-immediate av-lazyload-video-embed'  itemprop=\"video\" itemtype=\"https:\/\/schema.org\/VideoObject\"  data-original_url='https:\/\/youtu.be\/FDXXIZgh_Yw?list=UULF-xfmletLNRpv4lLhuytt3A'><script type='text\/html' class='av-video-tmpl'><div class='avia-iframe-wrap'><iframe loading=\"lazy\" title=\"Kirby Staubsauger Veltec - Kirby Schlauchanschluss verfangen\" width=\"1500\" height=\"844\" src=\"https:\/\/www.youtube.com\/embed\/FDXXIZgh_Yw?list=UULF-xfmletLNRpv4lLhuytt3A&autoplay=0&loop=0&controls=1&mute=0\" frameborder=\"0\" allow=\"accelerometer; autoplay; clipboard-write; encrypted-media; gyroscope; picture-in-picture; web-share\" referrerpolicy=\"strict-origin-when-cross-origin\" allowfullscreen><\/iframe><\/div><\/script><div class='av-click-to-play-overlay'><div class=\"avia_playpause_icon\"><\/div><\/div><\/div>\n<h2 data-start=\"2302\" data-end=\"2356\">Vorteile eines Original-Kirby-Connector-Schlauchs<\/h2>\n<p data-start=\"2357\" data-end=\"2678\">Ein Original-Kirby-Schlauchanschluss bietet gegen\u00fcber Nachahmerprodukten klare Vorteile. Erstens profitieren Sie von einer perfekten Passform, da das Teil genau nach Kirby-Spezifikationen hergestellt wurde. Au\u00dferdem ist das Material wesentlich langlebiger, sodass Sie es seltener ersetzen m\u00fcssen.<\/p>\n<p data-start=\"2680\" data-end=\"2870\">Dar\u00fcber hinaus bleibt Ihr Kirby-Staubsauger in Top-Zustand, wenn Sie Originalteile verwenden. So verhindern Sie Leistungsverluste und erhalten die leistungsstarke Funktion, f\u00fcr die Kirby bekannt ist.<\/p>\n<h3 data-start=\"2872\" data-end=\"2900\">Wichtigste Vorteile:<\/h3>\n<ul data-start=\"2902\" data-end=\"3047\">\n<li data-start=\"2902\" data-end=\"2938\">Optimale luftdichte Verbindung<\/li>\n<li data-start=\"2902\" data-end=\"2938\">Beibehaltung der maximalen Saugkraft<\/li>\n<li data-start=\"2902\" data-end=\"2938\">Lange Lebensdauer<\/li>\n<li data-start=\"2902\" data-end=\"2938\">Perfekte Kompatibilit\u00e4t<\/li>\n<li data-start=\"2902\" data-end=\"2938\">Zuverl\u00e4ssige Funktion<\/li>\n<\/ul>\n<h2>Kleine Investition, gro\u00dfe Wirkung<\/h2>\n<p data-start=\"3118\" data-end=\"3407\">Obwohl der Kirby-Anschlussschlauch ein kompaktes Teil ist, hat er einen gro\u00dfen Einfluss auf die Leistung Ihres Staubsaugers. Daher ist ein rechtzeitiger Austausch bei Verschlei\u00df unerl\u00e4sslich. Mit dem richtigen Anschluss funktioniert Ihr Kirby weiterhin reibungslos und Sie vermeiden unn\u00f6tigen Leistungsverlust.<\/p>\n<p data-start=\"3409\" data-end=\"3534\" data-is-last-node=\"\" data-is-only-node=\"\">Kurz gesagt: Diese praktische Verbindung ist eine kluge Investition f\u00fcr alle, die ihren Kirby-Staubsauger in Topform halten m\u00f6chten.<\/p>\n<\/div>\n<\/div>\n<\/div>\n<\/div>\n<\/div>\n<\/div>\n<\/article>\n","protected":false},"excerpt":{"rendered":"<p>Der Schlauchanschluss von Kirby sorgt f\u00fcr eine feste, luftdichte Verbindung zwischen Schlauch und Kirby-Staubsauger. Geeignet f\u00fcr verschiedene Kirby-Modelle und ideal f\u00fcr die Aufrechterhaltung einer optimalen Saugleistung.<\/p>\n[trustindex data-widget-id=31675542425128034566e10b5fb]\n<h3><span style=\"color: #008000;\"><br \/>\nVorr\u00e4tig<\/span><\/h3>\n[av_font_icon icon='ue812' font='entypo-fontello' style='' caption='' size='25px' position='left' color='#43ad66' link='' linktarget='' title_attr='' sonar_effect_effect='' sonar_effect_color='' sonar_effect_duration='1' sonar_effect_scale='' sonar_effect_opac='0.5' animation='' id='' custom_class='' template_class='' av_uid='' sc_version='1.0' admin_preview_bg=''][\/av_font_icon]\n<p><span style=\"color: #008000;\">Vor 23:59 uhr bestellt, morgen versendet<\/span><\/p>\n<p>&nbsp;<\/p>\n","protected":false},"featured_media":8572,"comment_status":"open","ping_status":"closed","template":"","meta":{"_acf_changed":false},"product_brand":[],"product_cat":[320],"product_tag":[],"class_list":{"0":"post-10660","1":"product","2":"type-product","3":"status-publish","4":"has-post-thumbnail","6":"product_cat-kirby-schlauchzubehor","7":"product_shipping_class-klein-de","9":"first","10":"instock","11":"taxable","12":"shipping-taxable","13":"purchasable","14":"product-type-variable"},"acf":[],"yoast_head":"<!-- This site is optimized with the Yoast SEO Premium plugin v27.1 (Yoast SEO v27.4) - https:\/\/yoast.com\/product\/yoast-seo-premium-wordpress\/ -->\n<title>Kirby Schlauchanschluss | Original-Schlauchkupplung<\/title>\n<meta name=\"description\" content=\"Original Kirby Schlauchanschluss - f\u00fcr eine feste Schlauchbefestigung. Geeignet f\u00fcr alle Kirby-Modelle und zur Aufrechterhaltung der maximalen Saugkraft.\" \/>\n<meta name=\"robots\" content=\"index, follow, max-snippet:-1, max-image-preview:large, max-video-preview:-1\" \/>\n<link rel=\"canonical\" href=\"https:\/\/www.veltec.eu\/de\/product\/kirby-schlauchanschluss-nl3159\/\" \/>\n<meta property=\"og:locale\" content=\"de_DE\" \/>\n<meta property=\"og:type\" content=\"article\" \/>\n<meta property=\"og:title\" content=\"Kirby Schlauchanschluss\" \/>\n<meta property=\"og:description\" content=\"Der Schlauchanschluss von Kirby sorgt f\u00fcr eine feste, luftdichte Verbindung zwischen Schlauch und Kirby-Staubsauger. Geeignet f\u00fcr verschiedene Kirby-Modelle und ideal f\u00fcr die Aufrechterhaltung einer optimalen Saugleistung.    Vorr\u00e4tig   Vor 23:59 uhr bestellt, morgen versendet  &nbsp;\" \/>\n<meta property=\"og:url\" content=\"https:\/\/www.veltec.eu\/de\/product\/kirby-schlauchanschluss-nl3159\/\" \/>\n<meta property=\"og:site_name\" content=\"Veltec Kirby specialist\" \/>\n<meta property=\"article:publisher\" content=\"https:\/\/www.facebook.com\/Veltec-Kirby-Specialist-236746293374877\/\" \/>\n<meta property=\"article:modified_time\" content=\"2026-03-02T07:19:19+00:00\" \/>\n<meta property=\"og:image\" content=\"https:\/\/www.veltec.eu\/wp-content\/uploads\/2018\/10\/kirby_connector_slang.jpg\" \/>\n\t<meta property=\"og:image:width\" content=\"300\" \/>\n\t<meta property=\"og:image:height\" content=\"300\" \/>\n\t<meta property=\"og:image:type\" content=\"image\/jpeg\" \/>\n<meta name=\"twitter:card\" content=\"summary_large_image\" \/>\n<meta name=\"twitter:label1\" content=\"Gesch\u00e4tzte Lesezeit\" \/>\n\t<meta name=\"twitter:data1\" content=\"3\u00a0Minuten\" \/>\n<script type=\"application\/ld+json\" class=\"yoast-schema-graph\">{\"@context\":\"https:\\\/\\\/schema.org\",\"@graph\":[{\"@type\":\"WebPage\",\"@id\":\"https:\\\/\\\/www.veltec.eu\\\/de\\\/product\\\/kirby-schlauchanschluss-nl3159\\\/\",\"url\":\"https:\\\/\\\/www.veltec.eu\\\/de\\\/product\\\/kirby-schlauchanschluss-nl3159\\\/\",\"name\":\"Kirby Schlauchanschluss | Original-Schlauchkupplung\",\"isPartOf\":{\"@id\":\"https:\\\/\\\/www.veltec.eu\\\/en\\\/#website\"},\"primaryImageOfPage\":{\"@id\":\"https:\\\/\\\/www.veltec.eu\\\/de\\\/product\\\/kirby-schlauchanschluss-nl3159\\\/#primaryimage\"},\"image\":{\"@id\":\"https:\\\/\\\/www.veltec.eu\\\/de\\\/product\\\/kirby-schlauchanschluss-nl3159\\\/#primaryimage\"},\"thumbnailUrl\":\"https:\\\/\\\/www.veltec.eu\\\/wp-content\\\/uploads\\\/2018\\\/10\\\/kirby_connector_slang.jpg\",\"datePublished\":\"2018-10-26T11:37:35+00:00\",\"dateModified\":\"2026-03-02T07:19:19+00:00\",\"description\":\"Original Kirby Schlauchanschluss - f\u00fcr eine feste Schlauchbefestigung. Geeignet f\u00fcr alle Kirby-Modelle und zur Aufrechterhaltung der maximalen Saugkraft.\",\"breadcrumb\":{\"@id\":\"https:\\\/\\\/www.veltec.eu\\\/de\\\/product\\\/kirby-schlauchanschluss-nl3159\\\/#breadcrumb\"},\"inLanguage\":\"de\",\"potentialAction\":[{\"@type\":\"ReadAction\",\"target\":[\"https:\\\/\\\/www.veltec.eu\\\/de\\\/product\\\/kirby-schlauchanschluss-nl3159\\\/\"]}]},{\"@type\":\"ImageObject\",\"inLanguage\":\"de\",\"@id\":\"https:\\\/\\\/www.veltec.eu\\\/de\\\/product\\\/kirby-schlauchanschluss-nl3159\\\/#primaryimage\",\"url\":\"https:\\\/\\\/www.veltec.eu\\\/wp-content\\\/uploads\\\/2018\\\/10\\\/kirby_connector_slang.jpg\",\"contentUrl\":\"https:\\\/\\\/www.veltec.eu\\\/wp-content\\\/uploads\\\/2018\\\/10\\\/kirby_connector_slang.jpg\",\"width\":300,\"height\":300,\"caption\":\"Kirby Schlauchanschluss\"},{\"@type\":\"BreadcrumbList\",\"@id\":\"https:\\\/\\\/www.veltec.eu\\\/de\\\/product\\\/kirby-schlauchanschluss-nl3159\\\/#breadcrumb\",\"itemListElement\":[{\"@type\":\"ListItem\",\"position\":1,\"name\":\"Home\",\"item\":\"https:\\\/\\\/www.veltec.eu\\\/de\\\/\"},{\"@type\":\"ListItem\",\"position\":2,\"name\":\"Kirby Shop\",\"item\":\"https:\\\/\\\/www.veltec.eu\\\/nl\\\/shop-page\\\/\"},{\"@type\":\"ListItem\",\"position\":3,\"name\":\"Kirby Schlauchanschluss\"}]},{\"@type\":\"WebSite\",\"@id\":\"https:\\\/\\\/www.veltec.eu\\\/en\\\/#website\",\"url\":\"https:\\\/\\\/www.veltec.eu\\\/en\\\/\",\"name\":\"Veltec Kirby specialist\",\"description\":\"Kirby stofzuiger producten\",\"publisher\":{\"@id\":\"https:\\\/\\\/www.veltec.eu\\\/en\\\/#organization\"},\"potentialAction\":[{\"@type\":\"SearchAction\",\"target\":{\"@type\":\"EntryPoint\",\"urlTemplate\":\"https:\\\/\\\/www.veltec.eu\\\/en\\\/?s={search_term_string}\"},\"query-input\":{\"@type\":\"PropertyValueSpecification\",\"valueRequired\":true,\"valueName\":\"search_term_string\"}}],\"inLanguage\":\"de\"},{\"@type\":\"Organization\",\"@id\":\"https:\\\/\\\/www.veltec.eu\\\/en\\\/#organization\",\"name\":\"Veltec Kirby Specialist\",\"url\":\"https:\\\/\\\/www.veltec.eu\\\/en\\\/\",\"logo\":{\"@type\":\"ImageObject\",\"inLanguage\":\"de\",\"@id\":\"https:\\\/\\\/www.veltec.eu\\\/en\\\/#\\\/schema\\\/logo\\\/image\\\/\",\"url\":\"https:\\\/\\\/www.veltec.eu\\\/wp-content\\\/uploads\\\/2021\\\/12\\\/Veltec-log-groot-e1537260889125.png\",\"contentUrl\":\"https:\\\/\\\/www.veltec.eu\\\/wp-content\\\/uploads\\\/2021\\\/12\\\/Veltec-log-groot-e1537260889125.png\",\"width\":200,\"height\":60,\"caption\":\"Veltec Kirby Specialist\"},\"image\":{\"@id\":\"https:\\\/\\\/www.veltec.eu\\\/en\\\/#\\\/schema\\\/logo\\\/image\\\/\"},\"sameAs\":[\"https:\\\/\\\/www.facebook.com\\\/Veltec-Kirby-Specialist-236746293374877\\\/\",\"https:\\\/\\\/www.youtube.com\\\/user\\\/VeltecService\"]}]}<\/script>\n<!-- \/ Yoast SEO Premium plugin. -->","yoast_head_json":{"title":"Kirby Schlauchanschluss | Original-Schlauchkupplung","description":"Original Kirby Schlauchanschluss - f\u00fcr eine feste Schlauchbefestigung. Geeignet f\u00fcr alle Kirby-Modelle und zur Aufrechterhaltung der maximalen Saugkraft.","robots":{"index":"index","follow":"follow","max-snippet":"max-snippet:-1","max-image-preview":"max-image-preview:large","max-video-preview":"max-video-preview:-1"},"canonical":"https:\/\/www.veltec.eu\/de\/product\/kirby-schlauchanschluss-nl3159\/","og_locale":"de_DE","og_type":"article","og_title":"Kirby Schlauchanschluss","og_description":"Der Schlauchanschluss von Kirby sorgt f\u00fcr eine feste, luftdichte Verbindung zwischen Schlauch und Kirby-Staubsauger. Geeignet f\u00fcr verschiedene Kirby-Modelle und ideal f\u00fcr die Aufrechterhaltung einer optimalen Saugleistung.    Vorr\u00e4tig   Vor 23:59 uhr bestellt, morgen versendet  &nbsp;","og_url":"https:\/\/www.veltec.eu\/de\/product\/kirby-schlauchanschluss-nl3159\/","og_site_name":"Veltec Kirby specialist","article_publisher":"https:\/\/www.facebook.com\/Veltec-Kirby-Specialist-236746293374877\/","article_modified_time":"2026-03-02T07:19:19+00:00","og_image":[{"width":300,"height":300,"url":"https:\/\/www.veltec.eu\/wp-content\/uploads\/2018\/10\/kirby_connector_slang.jpg","type":"image\/jpeg"}],"twitter_card":"summary_large_image","twitter_misc":{"Gesch\u00e4tzte Lesezeit":"3\u00a0Minuten"},"schema":{"@context":"https:\/\/schema.org","@graph":[{"@type":"WebPage","@id":"https:\/\/www.veltec.eu\/de\/product\/kirby-schlauchanschluss-nl3159\/","url":"https:\/\/www.veltec.eu\/de\/product\/kirby-schlauchanschluss-nl3159\/","name":"Kirby Schlauchanschluss | Original-Schlauchkupplung","isPartOf":{"@id":"https:\/\/www.veltec.eu\/en\/#website"},"primaryImageOfPage":{"@id":"https:\/\/www.veltec.eu\/de\/product\/kirby-schlauchanschluss-nl3159\/#primaryimage"},"image":{"@id":"https:\/\/www.veltec.eu\/de\/product\/kirby-schlauchanschluss-nl3159\/#primaryimage"},"thumbnailUrl":"https:\/\/www.veltec.eu\/wp-content\/uploads\/2018\/10\/kirby_connector_slang.jpg","datePublished":"2018-10-26T11:37:35+00:00","dateModified":"2026-03-02T07:19:19+00:00","description":"Original Kirby Schlauchanschluss - f\u00fcr eine feste Schlauchbefestigung. Geeignet f\u00fcr alle Kirby-Modelle und zur Aufrechterhaltung der maximalen Saugkraft.","breadcrumb":{"@id":"https:\/\/www.veltec.eu\/de\/product\/kirby-schlauchanschluss-nl3159\/#breadcrumb"},"inLanguage":"de","potentialAction":[{"@type":"ReadAction","target":["https:\/\/www.veltec.eu\/de\/product\/kirby-schlauchanschluss-nl3159\/"]}]},{"@type":"ImageObject","inLanguage":"de","@id":"https:\/\/www.veltec.eu\/de\/product\/kirby-schlauchanschluss-nl3159\/#primaryimage","url":"https:\/\/www.veltec.eu\/wp-content\/uploads\/2018\/10\/kirby_connector_slang.jpg","contentUrl":"https:\/\/www.veltec.eu\/wp-content\/uploads\/2018\/10\/kirby_connector_slang.jpg","width":300,"height":300,"caption":"Kirby Schlauchanschluss"},{"@type":"BreadcrumbList","@id":"https:\/\/www.veltec.eu\/de\/product\/kirby-schlauchanschluss-nl3159\/#breadcrumb","itemListElement":[{"@type":"ListItem","position":1,"name":"Home","item":"https:\/\/www.veltec.eu\/de\/"},{"@type":"ListItem","position":2,"name":"Kirby Shop","item":"https:\/\/www.veltec.eu\/nl\/shop-page\/"},{"@type":"ListItem","position":3,"name":"Kirby Schlauchanschluss"}]},{"@type":"WebSite","@id":"https:\/\/www.veltec.eu\/en\/#website","url":"https:\/\/www.veltec.eu\/en\/","name":"Veltec Kirby specialist","description":"Kirby stofzuiger producten","publisher":{"@id":"https:\/\/www.veltec.eu\/en\/#organization"},"potentialAction":[{"@type":"SearchAction","target":{"@type":"EntryPoint","urlTemplate":"https:\/\/www.veltec.eu\/en\/?s={search_term_string}"},"query-input":{"@type":"PropertyValueSpecification","valueRequired":true,"valueName":"search_term_string"}}],"inLanguage":"de"},{"@type":"Organization","@id":"https:\/\/www.veltec.eu\/en\/#organization","name":"Veltec Kirby Specialist","url":"https:\/\/www.veltec.eu\/en\/","logo":{"@type":"ImageObject","inLanguage":"de","@id":"https:\/\/www.veltec.eu\/en\/#\/schema\/logo\/image\/","url":"https:\/\/www.veltec.eu\/wp-content\/uploads\/2021\/12\/Veltec-log-groot-e1537260889125.png","contentUrl":"https:\/\/www.veltec.eu\/wp-content\/uploads\/2021\/12\/Veltec-log-groot-e1537260889125.png","width":200,"height":60,"caption":"Veltec Kirby Specialist"},"image":{"@id":"https:\/\/www.veltec.eu\/en\/#\/schema\/logo\/image\/"},"sameAs":["https:\/\/www.facebook.com\/Veltec-Kirby-Specialist-236746293374877\/","https:\/\/www.youtube.com\/user\/VeltecService"]}]}},"_links":{"self":[{"href":"https:\/\/www.veltec.eu\/de\/wp-json\/wp\/v2\/product\/10660","targetHints":{"allow":["GET"]}}],"collection":[{"href":"https:\/\/www.veltec.eu\/de\/wp-json\/wp\/v2\/product"}],"about":[{"href":"https:\/\/www.veltec.eu\/de\/wp-json\/wp\/v2\/types\/product"}],"replies":[{"embeddable":true,"href":"https:\/\/www.veltec.eu\/de\/wp-json\/wp\/v2\/comments?post=10660"}],"wp:featuredmedia":[{"embeddable":true,"href":"https:\/\/www.veltec.eu\/de\/wp-json\/wp\/v2\/media\/8572"}],"wp:attachment":[{"href":"https:\/\/www.veltec.eu\/de\/wp-json\/wp\/v2\/media?parent=10660"}],"wp:term":[{"taxonomy":"product_brand","embeddable":true,"href":"https:\/\/www.veltec.eu\/de\/wp-json\/wp\/v2\/product_brand?post=10660"},{"taxonomy":"product_cat","embeddable":true,"href":"https:\/\/www.veltec.eu\/de\/wp-json\/wp\/v2\/product_cat?post=10660"},{"taxonomy":"product_tag","embeddable":true,"href":"https:\/\/www.veltec.eu\/de\/wp-json\/wp\/v2\/product_tag?post=10660"}],"curies":[{"name":"wp","href":"https:\/\/api.w.org\/{rel}","templated":true}]}}