{"id":10370,"date":"2018-10-30T10:06:23","date_gmt":"2018-10-30T08:06:23","guid":{"rendered":"https:\/\/www.veltec.eu\/kirby-webshop\/kirby-gehause-unterseite-nl3153\/"},"modified":"2026-04-13T12:45:24","modified_gmt":"2026-04-13T10:45:24","slug":"kirby-gehause-unterseite-nl3153","status":"publish","type":"product","link":"https:\/\/www.veltec.eu\/de\/product\/kirby-gehause-unterseite-nl3153\/","title":{"rendered":"Kirby Geh\u00e4use Unterseite"},"content":{"rendered":"<h1>Kirby Geh\u00e4use Unterseite<\/h1>\n<p>Kirby Geh\u00e4use Unterseite.<\/p>\n<p><strong>Diese Unterseite ist f\u00fcr alle Kirby Staubsauger geeignet;<\/strong><\/p>\n<ul>\n<li>Avalir Platinum<\/li>\n<li>Avalir 2<\/li>\n<li>Avalir 1<\/li>\n<li>Sentria 2 (G10D)<\/li>\n<li>Sentria 1 (G10)<\/li>\n<li>Ultimate G Diamond Ed.(G7D or DE)<\/li>\n<li>Ultimate G (G7 or UG)<\/li>\n<li>Generation 6 (G6)<\/li>\n<li>Generation 5 (G5)<\/li>\n<li>Generation 4 (G4)<\/li>\n<li>Generation 3 (G3)<\/li>\n<\/ul>\n<h2>Kirby Geh\u00e4use Unterseite &#8211; Langlebige und perfekt passende Teile<\/h2>\n<p>Sind Sie auf der Suche nach einer haltbaren und perfekt passenden Unterseite f\u00fcr Ihren Kirby Staubsauger? Der Geh\u00e4useboden ist ein wesentlicher Bestandteil Ihres Kirby Staubsaugers und bietet die solide Basis f\u00fcr einen effizienten Betrieb. Aus einem einzigen St\u00fcck Aluminiumdruckguss gefertigt, sorgt dieses Geh\u00e4use f\u00fcr optimale Stabilit\u00e4t und eine lange Lebensdauer.<\/p>\n<p><a href=\"https:\/\/www.veltec.eu\/de\/kirby-gehause\/\">Hier finden Sie alle Kirby Geh\u00e4use<\/a><\/p>\n<h3>Hergestellt aus hochwertigem Aluminium-Druckguss<\/h3>\n<p>Diese Unterseite f\u00fcr Kirby Staubsauger wird aus hochwertigem Aluminiumdruckguss gefertigt. Dieses Herstellungsverfahren garantiert eine robuste, verschlei\u00dffeste Konstruktion, die einer langen Nutzung standh\u00e4lt. Dank dieses Materials bleibt Ihr Kirby Staubsauger auch nach jahrelangem, intensivem Gebrauch stabil und funktionst\u00fcchtig.<\/p>\n<ul>\n<li>Starkes und langlebiges Geh\u00e4use<\/li>\n<li>Widerstandsf\u00e4hig gegen Verschlei\u00df und St\u00f6\u00dfe<\/li>\n<li>Unterst\u00fctzt die mechanische Funktion Ihres Kirby Staubsaugers<\/li>\n<\/ul>\n<h3>Kompatibel mit allen Kirby Staubsaugern<\/h3>\n<p>Einer der gr\u00f6\u00dften Vorteile dieses Kirby Geh\u00e4usebodens ist seine breite Kompatibilit\u00e4t. Dieses Teil ist so konzipiert, dass es perfekt auf alle Kirby Staubsauger passt, unabh\u00e4ngig vom Modell. Das bedeutet, dass Sie sich keine Gedanken \u00fcber Kompatibilit\u00e4tsprobleme machen m\u00fcssen, wenn Sie die Unterseite austauschen.<\/p>\n<ul>\n<li>Universelle Passform f\u00fcr alle Kirby-Modelle<\/li>\n<li>Keine Einstellungen oder zus\u00e4tzliches Werkzeug erforderlich<\/li>\n<li>Einfache Installation f\u00fcr schnellen Austausch<\/li>\n<\/ul>\n<h3>Warum sollten Sie sich f\u00fcr das Kirby Geh\u00e4use Unterseite entscheiden?<\/h3>\n<p>Wenn Sie m\u00f6chten, dass Ihr Kirby Staubsauger optimal funktioniert, ist es wichtig, in hochwertige Originalteile zu investieren. Die Kirby-Geh\u00e4useunterseite bietet zahlreiche Vorteile:<\/p>\n<ul>\n<li>Erh\u00f6hte Haltbarkeit dank starkem Aluminium<\/li>\n<li>Optimale Passform f\u00fcr eine einfache Montage<\/li>\n<li>L\u00e4ngere Lebensdauer Ihres Staubsaugers durch soliden Halt<\/li>\n<\/ul>\n<p>Sind Sie auf der Suche nach einem zuverl\u00e4ssigen Ersatz f\u00fcr Ihren Kirby Staubsauger? Bestellen Sie noch heute die Kirby Geh\u00e4useunterseite und genie\u00dfen Sie die Vorteile eines robusten und langlebigen Staubsaugergeh\u00e4uses!<\/p>\n","protected":false},"excerpt":{"rendered":"<p>Unterseite des Geh\u00e4uses.<\/p>\n[trustindex data-widget-id=31675542425128034566e10b5fb]\n<h3><span style=\"color: #008000;\"><br \/>\nVorr\u00e4tig<\/span><\/h3>\n[av_font_icon icon='ue812' font='entypo-fontello' style='' caption='' size='25px' position='left' color='#43ad66' link='' linktarget='' title_attr='' sonar_effect_effect='' sonar_effect_color='' sonar_effect_duration='1' sonar_effect_scale='' sonar_effect_opac='0.5' animation='' id='' custom_class='' template_class='' av_uid='' sc_version='1.0' admin_preview_bg=''][\/av_font_icon]\n<p><span style=\"color: #008000;\">Vor 23:59 uhr bestellt, morgen versendet<\/span><\/p>\n<p>&nbsp;<\/p>\n","protected":false},"featured_media":90284,"comment_status":"open","ping_status":"closed","template":"","meta":{"_acf_changed":false},"product_brand":[],"product_cat":[305],"product_tag":[],"class_list":{"0":"post-10370","1":"product","2":"type-product","3":"status-publish","4":"has-post-thumbnail","6":"product_cat-kirby-gehause","7":"product_shipping_class-klein-de","9":"first","10":"instock","11":"taxable","12":"shipping-taxable","13":"purchasable","14":"product-type-simple"},"acf":[],"yoast_head":"<!-- This site is optimized with the Yoast SEO Premium plugin v27.1 (Yoast SEO v27.4) - https:\/\/yoast.com\/product\/yoast-seo-premium-wordpress\/ -->\n<title>Kirby Geh\u00e4use Unterseite - Veltec Kirby specialist<\/title>\n<meta name=\"description\" content=\"Kirby Geh\u00e4use Unterseite Veltec ist seit \u00fcber 25 Jahren der Lieferant von Kirby Staubsaugern. Und ist Ihr vertrauensw\u00fcrdiger\" \/>\n<meta name=\"robots\" content=\"index, follow, max-snippet:-1, max-image-preview:large, max-video-preview:-1\" \/>\n<link rel=\"canonical\" href=\"https:\/\/www.veltec.eu\/de\/product\/kirby-gehause-unterseite-nl3153\/\" \/>\n<meta property=\"og:locale\" content=\"de_DE\" \/>\n<meta property=\"og:type\" content=\"article\" \/>\n<meta property=\"og:title\" content=\"Kirby Geh\u00e4use Unterseite\" \/>\n<meta property=\"og:description\" content=\"Unterseite des Geh\u00e4uses.    Vorr\u00e4tig   Vor 23:59 uhr bestellt, morgen versendet  &nbsp;\" \/>\n<meta property=\"og:url\" content=\"https:\/\/www.veltec.eu\/de\/product\/kirby-gehause-unterseite-nl3153\/\" \/>\n<meta property=\"og:site_name\" content=\"Veltec Kirby specialist\" \/>\n<meta property=\"article:publisher\" content=\"https:\/\/www.facebook.com\/Veltec-Kirby-Specialist-236746293374877\/\" \/>\n<meta property=\"article:modified_time\" content=\"2026-04-13T10:45:24+00:00\" \/>\n<meta property=\"og:image\" content=\"https:\/\/www.veltec.eu\/wp-content\/uploads\/2018\/10\/IMG_8595.png\" \/>\n\t<meta property=\"og:image:width\" content=\"500\" \/>\n\t<meta property=\"og:image:height\" content=\"500\" \/>\n\t<meta property=\"og:image:type\" content=\"image\/png\" \/>\n<meta name=\"twitter:card\" content=\"summary_large_image\" \/>\n<meta name=\"twitter:label1\" content=\"Gesch\u00e4tzte Lesezeit\" \/>\n\t<meta name=\"twitter:data1\" content=\"2\u00a0Minuten\" \/>\n<script type=\"application\/ld+json\" class=\"yoast-schema-graph\">{\"@context\":\"https:\\\/\\\/schema.org\",\"@graph\":[{\"@type\":\"WebPage\",\"@id\":\"https:\\\/\\\/www.veltec.eu\\\/de\\\/product\\\/kirby-gehause-unterseite-nl3153\\\/\",\"url\":\"https:\\\/\\\/www.veltec.eu\\\/de\\\/product\\\/kirby-gehause-unterseite-nl3153\\\/\",\"name\":\"Kirby Geh\u00e4use Unterseite - Veltec Kirby specialist\",\"isPartOf\":{\"@id\":\"https:\\\/\\\/www.veltec.eu\\\/en\\\/#website\"},\"primaryImageOfPage\":{\"@id\":\"https:\\\/\\\/www.veltec.eu\\\/de\\\/product\\\/kirby-gehause-unterseite-nl3153\\\/#primaryimage\"},\"image\":{\"@id\":\"https:\\\/\\\/www.veltec.eu\\\/de\\\/product\\\/kirby-gehause-unterseite-nl3153\\\/#primaryimage\"},\"thumbnailUrl\":\"https:\\\/\\\/www.veltec.eu\\\/wp-content\\\/uploads\\\/2018\\\/10\\\/IMG_8595.png\",\"datePublished\":\"2018-10-30T08:06:23+00:00\",\"dateModified\":\"2026-04-13T10:45:24+00:00\",\"description\":\"Kirby Geh\u00e4use Unterseite Veltec ist seit \u00fcber 25 Jahren der Lieferant von Kirby Staubsaugern. Und ist Ihr vertrauensw\u00fcrdiger\",\"breadcrumb\":{\"@id\":\"https:\\\/\\\/www.veltec.eu\\\/de\\\/product\\\/kirby-gehause-unterseite-nl3153\\\/#breadcrumb\"},\"inLanguage\":\"de\",\"potentialAction\":[{\"@type\":\"ReadAction\",\"target\":[\"https:\\\/\\\/www.veltec.eu\\\/de\\\/product\\\/kirby-gehause-unterseite-nl3153\\\/\"]}]},{\"@type\":\"ImageObject\",\"inLanguage\":\"de\",\"@id\":\"https:\\\/\\\/www.veltec.eu\\\/de\\\/product\\\/kirby-gehause-unterseite-nl3153\\\/#primaryimage\",\"url\":\"https:\\\/\\\/www.veltec.eu\\\/wp-content\\\/uploads\\\/2018\\\/10\\\/IMG_8595.png\",\"contentUrl\":\"https:\\\/\\\/www.veltec.eu\\\/wp-content\\\/uploads\\\/2018\\\/10\\\/IMG_8595.png\",\"width\":500,\"height\":500},{\"@type\":\"BreadcrumbList\",\"@id\":\"https:\\\/\\\/www.veltec.eu\\\/de\\\/product\\\/kirby-gehause-unterseite-nl3153\\\/#breadcrumb\",\"itemListElement\":[{\"@type\":\"ListItem\",\"position\":1,\"name\":\"Home\",\"item\":\"https:\\\/\\\/www.veltec.eu\\\/de\\\/\"},{\"@type\":\"ListItem\",\"position\":2,\"name\":\"Kirby Shop\",\"item\":\"https:\\\/\\\/www.veltec.eu\\\/nl\\\/shop-page\\\/\"},{\"@type\":\"ListItem\",\"position\":3,\"name\":\"Kirby Geh\u00e4use Unterseite\"}]},{\"@type\":\"WebSite\",\"@id\":\"https:\\\/\\\/www.veltec.eu\\\/en\\\/#website\",\"url\":\"https:\\\/\\\/www.veltec.eu\\\/en\\\/\",\"name\":\"Veltec Kirby specialist\",\"description\":\"Kirby stofzuiger producten\",\"publisher\":{\"@id\":\"https:\\\/\\\/www.veltec.eu\\\/en\\\/#organization\"},\"potentialAction\":[{\"@type\":\"SearchAction\",\"target\":{\"@type\":\"EntryPoint\",\"urlTemplate\":\"https:\\\/\\\/www.veltec.eu\\\/en\\\/?s={search_term_string}\"},\"query-input\":{\"@type\":\"PropertyValueSpecification\",\"valueRequired\":true,\"valueName\":\"search_term_string\"}}],\"inLanguage\":\"de\"},{\"@type\":\"Organization\",\"@id\":\"https:\\\/\\\/www.veltec.eu\\\/en\\\/#organization\",\"name\":\"Veltec Kirby Specialist\",\"url\":\"https:\\\/\\\/www.veltec.eu\\\/en\\\/\",\"logo\":{\"@type\":\"ImageObject\",\"inLanguage\":\"de\",\"@id\":\"https:\\\/\\\/www.veltec.eu\\\/en\\\/#\\\/schema\\\/logo\\\/image\\\/\",\"url\":\"https:\\\/\\\/www.veltec.eu\\\/wp-content\\\/uploads\\\/2021\\\/12\\\/Veltec-log-groot-e1537260889125.png\",\"contentUrl\":\"https:\\\/\\\/www.veltec.eu\\\/wp-content\\\/uploads\\\/2021\\\/12\\\/Veltec-log-groot-e1537260889125.png\",\"width\":200,\"height\":60,\"caption\":\"Veltec Kirby Specialist\"},\"image\":{\"@id\":\"https:\\\/\\\/www.veltec.eu\\\/en\\\/#\\\/schema\\\/logo\\\/image\\\/\"},\"sameAs\":[\"https:\\\/\\\/www.facebook.com\\\/Veltec-Kirby-Specialist-236746293374877\\\/\",\"https:\\\/\\\/www.youtube.com\\\/user\\\/VeltecService\"]}]}<\/script>\n<!-- \/ Yoast SEO Premium plugin. -->","yoast_head_json":{"title":"Kirby Geh\u00e4use Unterseite - Veltec Kirby specialist","description":"Kirby Geh\u00e4use Unterseite Veltec ist seit \u00fcber 25 Jahren der Lieferant von Kirby Staubsaugern. Und ist Ihr vertrauensw\u00fcrdiger","robots":{"index":"index","follow":"follow","max-snippet":"max-snippet:-1","max-image-preview":"max-image-preview:large","max-video-preview":"max-video-preview:-1"},"canonical":"https:\/\/www.veltec.eu\/de\/product\/kirby-gehause-unterseite-nl3153\/","og_locale":"de_DE","og_type":"article","og_title":"Kirby Geh\u00e4use Unterseite","og_description":"Unterseite des Geh\u00e4uses.    Vorr\u00e4tig   Vor 23:59 uhr bestellt, morgen versendet  &nbsp;","og_url":"https:\/\/www.veltec.eu\/de\/product\/kirby-gehause-unterseite-nl3153\/","og_site_name":"Veltec Kirby specialist","article_publisher":"https:\/\/www.facebook.com\/Veltec-Kirby-Specialist-236746293374877\/","article_modified_time":"2026-04-13T10:45:24+00:00","og_image":[{"width":500,"height":500,"url":"https:\/\/www.veltec.eu\/wp-content\/uploads\/2018\/10\/IMG_8595.png","type":"image\/png"}],"twitter_card":"summary_large_image","twitter_misc":{"Gesch\u00e4tzte Lesezeit":"2\u00a0Minuten"},"schema":{"@context":"https:\/\/schema.org","@graph":[{"@type":"WebPage","@id":"https:\/\/www.veltec.eu\/de\/product\/kirby-gehause-unterseite-nl3153\/","url":"https:\/\/www.veltec.eu\/de\/product\/kirby-gehause-unterseite-nl3153\/","name":"Kirby Geh\u00e4use Unterseite - Veltec Kirby specialist","isPartOf":{"@id":"https:\/\/www.veltec.eu\/en\/#website"},"primaryImageOfPage":{"@id":"https:\/\/www.veltec.eu\/de\/product\/kirby-gehause-unterseite-nl3153\/#primaryimage"},"image":{"@id":"https:\/\/www.veltec.eu\/de\/product\/kirby-gehause-unterseite-nl3153\/#primaryimage"},"thumbnailUrl":"https:\/\/www.veltec.eu\/wp-content\/uploads\/2018\/10\/IMG_8595.png","datePublished":"2018-10-30T08:06:23+00:00","dateModified":"2026-04-13T10:45:24+00:00","description":"Kirby Geh\u00e4use Unterseite Veltec ist seit \u00fcber 25 Jahren der Lieferant von Kirby Staubsaugern. Und ist Ihr vertrauensw\u00fcrdiger","breadcrumb":{"@id":"https:\/\/www.veltec.eu\/de\/product\/kirby-gehause-unterseite-nl3153\/#breadcrumb"},"inLanguage":"de","potentialAction":[{"@type":"ReadAction","target":["https:\/\/www.veltec.eu\/de\/product\/kirby-gehause-unterseite-nl3153\/"]}]},{"@type":"ImageObject","inLanguage":"de","@id":"https:\/\/www.veltec.eu\/de\/product\/kirby-gehause-unterseite-nl3153\/#primaryimage","url":"https:\/\/www.veltec.eu\/wp-content\/uploads\/2018\/10\/IMG_8595.png","contentUrl":"https:\/\/www.veltec.eu\/wp-content\/uploads\/2018\/10\/IMG_8595.png","width":500,"height":500},{"@type":"BreadcrumbList","@id":"https:\/\/www.veltec.eu\/de\/product\/kirby-gehause-unterseite-nl3153\/#breadcrumb","itemListElement":[{"@type":"ListItem","position":1,"name":"Home","item":"https:\/\/www.veltec.eu\/de\/"},{"@type":"ListItem","position":2,"name":"Kirby Shop","item":"https:\/\/www.veltec.eu\/nl\/shop-page\/"},{"@type":"ListItem","position":3,"name":"Kirby Geh\u00e4use Unterseite"}]},{"@type":"WebSite","@id":"https:\/\/www.veltec.eu\/en\/#website","url":"https:\/\/www.veltec.eu\/en\/","name":"Veltec Kirby specialist","description":"Kirby stofzuiger producten","publisher":{"@id":"https:\/\/www.veltec.eu\/en\/#organization"},"potentialAction":[{"@type":"SearchAction","target":{"@type":"EntryPoint","urlTemplate":"https:\/\/www.veltec.eu\/en\/?s={search_term_string}"},"query-input":{"@type":"PropertyValueSpecification","valueRequired":true,"valueName":"search_term_string"}}],"inLanguage":"de"},{"@type":"Organization","@id":"https:\/\/www.veltec.eu\/en\/#organization","name":"Veltec Kirby Specialist","url":"https:\/\/www.veltec.eu\/en\/","logo":{"@type":"ImageObject","inLanguage":"de","@id":"https:\/\/www.veltec.eu\/en\/#\/schema\/logo\/image\/","url":"https:\/\/www.veltec.eu\/wp-content\/uploads\/2021\/12\/Veltec-log-groot-e1537260889125.png","contentUrl":"https:\/\/www.veltec.eu\/wp-content\/uploads\/2021\/12\/Veltec-log-groot-e1537260889125.png","width":200,"height":60,"caption":"Veltec Kirby Specialist"},"image":{"@id":"https:\/\/www.veltec.eu\/en\/#\/schema\/logo\/image\/"},"sameAs":["https:\/\/www.facebook.com\/Veltec-Kirby-Specialist-236746293374877\/","https:\/\/www.youtube.com\/user\/VeltecService"]}]}},"_links":{"self":[{"href":"https:\/\/www.veltec.eu\/de\/wp-json\/wp\/v2\/product\/10370","targetHints":{"allow":["GET"]}}],"collection":[{"href":"https:\/\/www.veltec.eu\/de\/wp-json\/wp\/v2\/product"}],"about":[{"href":"https:\/\/www.veltec.eu\/de\/wp-json\/wp\/v2\/types\/product"}],"replies":[{"embeddable":true,"href":"https:\/\/www.veltec.eu\/de\/wp-json\/wp\/v2\/comments?post=10370"}],"wp:featuredmedia":[{"embeddable":true,"href":"https:\/\/www.veltec.eu\/de\/wp-json\/wp\/v2\/media\/90284"}],"wp:attachment":[{"href":"https:\/\/www.veltec.eu\/de\/wp-json\/wp\/v2\/media?parent=10370"}],"wp:term":[{"taxonomy":"product_brand","embeddable":true,"href":"https:\/\/www.veltec.eu\/de\/wp-json\/wp\/v2\/product_brand?post=10370"},{"taxonomy":"product_cat","embeddable":true,"href":"https:\/\/www.veltec.eu\/de\/wp-json\/wp\/v2\/product_cat?post=10370"},{"taxonomy":"product_tag","embeddable":true,"href":"https:\/\/www.veltec.eu\/de\/wp-json\/wp\/v2\/product_tag?post=10370"}],"curies":[{"name":"wp","href":"https:\/\/api.w.org\/{rel}","templated":true}]}}