{"id":10365,"date":"2018-10-30T10:10:56","date_gmt":"2018-10-30T08:10:56","guid":{"rendered":"https:\/\/www.veltec.eu\/kirby-webshop\/kirby-gehause-oberseite-nl3152\/"},"modified":"2025-04-02T13:53:38","modified_gmt":"2025-04-02T11:53:38","slug":"kirby-gehause-oberseite-nl3152","status":"publish","type":"product","link":"https:\/\/www.veltec.eu\/de\/product\/kirby-gehause-oberseite-nl3152\/","title":{"rendered":"Kirby Geh\u00e4use Oberseite \u00dcberhold"},"content":{"rendered":"<h2>Kirby Geh\u00e4use Oberseite \u00dcberhold \u2013 Sparen Sie clever bei der Wartung!<\/h2>\n<p>Suchen Sie nach einer erschwinglichen L\u00f6sung, um die obere Abdeckung Ihres Kirby Staubsaugers zu ersetzen? Der Kirby Geh\u00e4use Oberseite \u00dcberhold ist die perfekte Wahl! Dieser Deckel ist vollst\u00e4ndig \u00fcberholt, passt auf alle Kirby-Modelle und ist nicht weniger als 50 % g\u00fcnstiger als ein neuer Deckel. Eine kluge Investition f\u00fcr alle, die ihren Staubsauger pflegen wollen, ohne den H\u00f6chstpreis zu zahlen!<\/p>\n<p><strong>Diese Haube ist f\u00fcr alle Kirby Staubsauger geeignet;<\/strong><\/p>\n<ul>\n<li>Avalir Platinum<\/li>\n<li>Avalir 2<\/li>\n<li>Avalir 1<\/li>\n<li>Sentria 2 (G10D)<\/li>\n<li>Sentria 1 (G10)<\/li>\n<li>Ultimate G Diamond Ed.(G7D or DE)<\/li>\n<li>Ultimate G (G7 or UG)<\/li>\n<li>Generation 6 (G6)<\/li>\n<li>Generation 5 (G5)<\/li>\n<li>Generation 4 (G4)<\/li>\n<li>Generation 3 (G3)<\/li>\n<\/ul>\n<p><a href=\"https:\/\/www.veltec.eu\/de\/kirby-gehause\/\">Hier finden Sie alle Kirby Geh\u00e4use<\/a><\/p>\n<h3>Warum Kirby Geh\u00e4use Oberseite \u00dcberhold w\u00e4hlen?<\/h3>\n<p>Der Austausch von Teilen Ihres Kirby Staubsaugers kann teuer sein, aber mit einer \u00fcberholten Oberseite werden Sie erheblich sparen. Hier sind einige Vorteile auf den Punkt gebracht:<\/p>\n<ul>\n<li>Hervorragende Qualit\u00e4t &#8211; Jedes Teil wurde sorgf\u00e4ltig gereinigt, gepr\u00fcft und bei Bedarf repariert.<\/li>\n<li>Nachhaltig und umweltfreundlich &#8211; Durch die Wiederverwendung von Teilen tragen Sie zu weniger Abfall bei.<\/li>\n<li>Perfekte Passform &#8211; Entwickelt, um nahtlos auf alle Kirby Staubsauger zu passen.<\/li>\n<li>Erschwingliche Alternative &#8211; Sie zahlen die H\u00e4lfte des Preises eines neuen Teils, ohne Kompromisse bei der Leistung einzugehen.<\/li>\n<\/ul>\n<p>Mit diesem Deckel bekommt Ihr Kirby Staubsauger ein zweites Leben und funktioniert weiterhin optimal!<\/p>\n<h3>Passt dieser Aufsatz auf Ihren Kirby Staubsauger?<\/h3>\n<p>Haben Sie Zweifel, ob dieser Aufsatz f\u00fcr Ihr Kirby-Modell geeignet ist? Kein Problem! Dieses Geh\u00e4use ist mit allen Kirby Staubsaugern kompatibel, unabh\u00e4ngig vom Modell oder Produktionsdatum. Dank des universellen Designs passt dieser Aufsatz perfekt auf Ihr Ger\u00e4t, ohne dass Sie etwas \u00e4ndern m\u00fcssen.<\/p>\n<p>M\u00f6chten Sie sicher sein, dass dies die richtige Wahl ist? Dann pr\u00fcfen Sie einfach Ihren aktuellen Deckel und vergleichen Sie ihn mit den Produktbildern. Haben Sie noch Fragen? Nehmen Sie Kontakt mit uns auf und lassen Sie sich beraten!<\/p>\n<h3>Sparen Sie clever: 50% g\u00fcnstiger als neu!<\/h3>\n<p>Ein neuer Aufsatz f\u00fcr Ihren Kirby Staubsauger kann ganz sch\u00f6n viel kosten. Warum mehr bezahlen, wenn Sie einen general\u00fcberholten Aufsatz f\u00fcr die H\u00e4lfte des Preises bekommen k\u00f6nnen?<\/p>\n<p>Bei general\u00fcberholten Produkten wird jedes Teil sorgf\u00e4ltig gepr\u00fcft und bei Bedarf repariert, so dass Sie die gleiche Qualit\u00e4t wie bei einem neuen Produkt erhalten. So profitieren Sie von der gleichen Leistung zu einem viel niedrigeren Preis!<\/p>\n<h3>Bestellen Sie noch heute und machen Sie Ihren Kirby Staubsauger wieder fit!<\/h3>\n<p>Warum warten? Bestellen Sie den Kirby Geh\u00e4useaufsatz Reconditioned noch heute und schenken Sie Ihrem Staubsauger ein zweites Leben. Dank des schnellen Versands haben Sie das Ersatzteil schnell im Haus, damit Sie die starke Leistung Ihres Kirby Staubsaugers wieder genie\u00dfen k\u00f6nnen.<\/p>\n<p>Lassen Sie sich diese Gelegenheit nicht entgehen und profitieren Sie von einer erschwinglichen und langlebigen L\u00f6sung f\u00fcr die Wartung Ihres Staubsaugers!<\/p>\n","protected":false},"excerpt":{"rendered":"<p>Oberseite des Geh\u00e4uses \u00dcberhold.<\/p>\n[trustindex data-widget-id=31675542425128034566e10b5fb]\n<h3><span style=\"color: #008000;\"><br \/>\nVorr\u00e4tig<\/span><\/h3>\n[av_font_icon icon='ue812' font='entypo-fontello' style='' caption='' size='25px' position='left' color='#43ad66' link='' linktarget='' title_attr='' sonar_effect_effect='' sonar_effect_color='' sonar_effect_duration='1' sonar_effect_scale='' sonar_effect_opac='0.5' animation='' id='' custom_class='' template_class='' av_uid='' sc_version='1.0' admin_preview_bg=''][\/av_font_icon]\n<p><span style=\"color: #008000;\">Vor 23:59 uhr bestellt, morgen versendet<\/span><\/p>\n<p>&nbsp;<\/p>\n","protected":false},"featured_media":90771,"comment_status":"open","ping_status":"closed","template":"","meta":{"_acf_changed":false},"product_brand":[],"product_cat":[305],"product_tag":[],"class_list":{"0":"post-10365","1":"product","2":"type-product","3":"status-publish","4":"has-post-thumbnail","6":"product_cat-kirby-gehause","7":"product_shipping_class-klein-de","9":"first","10":"instock","11":"sale","12":"taxable","13":"shipping-taxable","14":"purchasable","15":"product-type-simple"},"acf":[],"yoast_head":"<!-- This site is optimized with the Yoast SEO Premium plugin v27.1 (Yoast SEO v27.4) - https:\/\/yoast.com\/product\/yoast-seo-premium-wordpress\/ -->\n<title>Kirby Geh\u00e4use Oberseite \u00dcberhold - Veltec Kirby specialist<\/title>\n<meta name=\"description\" content=\"Kirby Geh\u00e4use Oberseite \u00dcberhold Veltec ist seit \u00fcber 25 Jahren der Lieferant von Kirby Staubsaugern. Und ist Ihr vertrauensw\u00fcrdiger\" \/>\n<meta name=\"robots\" content=\"index, follow, max-snippet:-1, max-image-preview:large, max-video-preview:-1\" \/>\n<link rel=\"canonical\" href=\"https:\/\/www.veltec.eu\/de\/product\/kirby-gehause-oberseite-nl3152\/\" \/>\n<meta property=\"og:locale\" content=\"de_DE\" \/>\n<meta property=\"og:type\" content=\"article\" \/>\n<meta property=\"og:title\" content=\"Kirby Geh\u00e4use Oberseite \u00dcberhold\" \/>\n<meta property=\"og:description\" content=\"Oberseite des Geh\u00e4uses \u00dcberhold.    Vorr\u00e4tig   Vor 23:59 uhr bestellt, morgen versendet  &nbsp;\" \/>\n<meta property=\"og:url\" content=\"https:\/\/www.veltec.eu\/de\/product\/kirby-gehause-oberseite-nl3152\/\" \/>\n<meta property=\"og:site_name\" content=\"Veltec Kirby specialist\" \/>\n<meta property=\"article:publisher\" content=\"https:\/\/www.facebook.com\/Veltec-Kirby-Specialist-236746293374877\/\" \/>\n<meta property=\"article:modified_time\" content=\"2025-04-02T11:53:38+00:00\" \/>\n<meta property=\"og:image\" content=\"https:\/\/www.veltec.eu\/wp-content\/uploads\/2018\/10\/Kirby-bovenkant.png\" \/>\n\t<meta property=\"og:image:width\" content=\"300\" \/>\n\t<meta property=\"og:image:height\" content=\"300\" \/>\n\t<meta property=\"og:image:type\" content=\"image\/png\" \/>\n<meta name=\"twitter:card\" content=\"summary_large_image\" \/>\n<meta name=\"twitter:label1\" content=\"Gesch\u00e4tzte Lesezeit\" \/>\n\t<meta name=\"twitter:data1\" content=\"3\u00a0Minuten\" \/>\n<script type=\"application\/ld+json\" class=\"yoast-schema-graph\">{\"@context\":\"https:\\\/\\\/schema.org\",\"@graph\":[{\"@type\":\"WebPage\",\"@id\":\"https:\\\/\\\/www.veltec.eu\\\/de\\\/product\\\/kirby-gehause-oberseite-nl3152\\\/\",\"url\":\"https:\\\/\\\/www.veltec.eu\\\/de\\\/product\\\/kirby-gehause-oberseite-nl3152\\\/\",\"name\":\"Kirby Geh\u00e4use Oberseite \u00dcberhold - Veltec Kirby specialist\",\"isPartOf\":{\"@id\":\"https:\\\/\\\/www.veltec.eu\\\/en\\\/#website\"},\"primaryImageOfPage\":{\"@id\":\"https:\\\/\\\/www.veltec.eu\\\/de\\\/product\\\/kirby-gehause-oberseite-nl3152\\\/#primaryimage\"},\"image\":{\"@id\":\"https:\\\/\\\/www.veltec.eu\\\/de\\\/product\\\/kirby-gehause-oberseite-nl3152\\\/#primaryimage\"},\"thumbnailUrl\":\"https:\\\/\\\/www.veltec.eu\\\/wp-content\\\/uploads\\\/2018\\\/10\\\/bovenkant-Kirby-behuizing-1.jpg\",\"datePublished\":\"2018-10-30T08:10:56+00:00\",\"dateModified\":\"2025-04-02T11:53:38+00:00\",\"description\":\"Kirby Geh\u00e4use Oberseite \u00dcberhold Veltec ist seit \u00fcber 25 Jahren der Lieferant von Kirby Staubsaugern. Und ist Ihr vertrauensw\u00fcrdiger\",\"breadcrumb\":{\"@id\":\"https:\\\/\\\/www.veltec.eu\\\/de\\\/product\\\/kirby-gehause-oberseite-nl3152\\\/#breadcrumb\"},\"inLanguage\":\"de\",\"potentialAction\":[{\"@type\":\"ReadAction\",\"target\":[\"https:\\\/\\\/www.veltec.eu\\\/de\\\/product\\\/kirby-gehause-oberseite-nl3152\\\/\"]}]},{\"@type\":\"ImageObject\",\"inLanguage\":\"de\",\"@id\":\"https:\\\/\\\/www.veltec.eu\\\/de\\\/product\\\/kirby-gehause-oberseite-nl3152\\\/#primaryimage\",\"url\":\"https:\\\/\\\/www.veltec.eu\\\/wp-content\\\/uploads\\\/2018\\\/10\\\/bovenkant-Kirby-behuizing-1.jpg\",\"contentUrl\":\"https:\\\/\\\/www.veltec.eu\\\/wp-content\\\/uploads\\\/2018\\\/10\\\/bovenkant-Kirby-behuizing-1.jpg\",\"width\":600,\"height\":600},{\"@type\":\"BreadcrumbList\",\"@id\":\"https:\\\/\\\/www.veltec.eu\\\/de\\\/product\\\/kirby-gehause-oberseite-nl3152\\\/#breadcrumb\",\"itemListElement\":[{\"@type\":\"ListItem\",\"position\":1,\"name\":\"Home\",\"item\":\"https:\\\/\\\/www.veltec.eu\\\/de\\\/\"},{\"@type\":\"ListItem\",\"position\":2,\"name\":\"Kirby Shop\",\"item\":\"https:\\\/\\\/www.veltec.eu\\\/nl\\\/shop-page\\\/\"},{\"@type\":\"ListItem\",\"position\":3,\"name\":\"Kirby Geh\u00e4use Oberseite \u00dcberhold\"}]},{\"@type\":\"WebSite\",\"@id\":\"https:\\\/\\\/www.veltec.eu\\\/en\\\/#website\",\"url\":\"https:\\\/\\\/www.veltec.eu\\\/en\\\/\",\"name\":\"Veltec Kirby specialist\",\"description\":\"Kirby stofzuiger producten\",\"publisher\":{\"@id\":\"https:\\\/\\\/www.veltec.eu\\\/en\\\/#organization\"},\"potentialAction\":[{\"@type\":\"SearchAction\",\"target\":{\"@type\":\"EntryPoint\",\"urlTemplate\":\"https:\\\/\\\/www.veltec.eu\\\/en\\\/?s={search_term_string}\"},\"query-input\":{\"@type\":\"PropertyValueSpecification\",\"valueRequired\":true,\"valueName\":\"search_term_string\"}}],\"inLanguage\":\"de\"},{\"@type\":\"Organization\",\"@id\":\"https:\\\/\\\/www.veltec.eu\\\/en\\\/#organization\",\"name\":\"Veltec Kirby Specialist\",\"url\":\"https:\\\/\\\/www.veltec.eu\\\/en\\\/\",\"logo\":{\"@type\":\"ImageObject\",\"inLanguage\":\"de\",\"@id\":\"https:\\\/\\\/www.veltec.eu\\\/en\\\/#\\\/schema\\\/logo\\\/image\\\/\",\"url\":\"https:\\\/\\\/www.veltec.eu\\\/wp-content\\\/uploads\\\/2021\\\/12\\\/Veltec-log-groot-e1537260889125.png\",\"contentUrl\":\"https:\\\/\\\/www.veltec.eu\\\/wp-content\\\/uploads\\\/2021\\\/12\\\/Veltec-log-groot-e1537260889125.png\",\"width\":200,\"height\":60,\"caption\":\"Veltec Kirby Specialist\"},\"image\":{\"@id\":\"https:\\\/\\\/www.veltec.eu\\\/en\\\/#\\\/schema\\\/logo\\\/image\\\/\"},\"sameAs\":[\"https:\\\/\\\/www.facebook.com\\\/Veltec-Kirby-Specialist-236746293374877\\\/\",\"https:\\\/\\\/www.youtube.com\\\/user\\\/VeltecService\"]}]}<\/script>\n<!-- \/ Yoast SEO Premium plugin. -->","yoast_head_json":{"title":"Kirby Geh\u00e4use Oberseite \u00dcberhold - Veltec Kirby specialist","description":"Kirby Geh\u00e4use Oberseite \u00dcberhold Veltec ist seit \u00fcber 25 Jahren der Lieferant von Kirby Staubsaugern. Und ist Ihr vertrauensw\u00fcrdiger","robots":{"index":"index","follow":"follow","max-snippet":"max-snippet:-1","max-image-preview":"max-image-preview:large","max-video-preview":"max-video-preview:-1"},"canonical":"https:\/\/www.veltec.eu\/de\/product\/kirby-gehause-oberseite-nl3152\/","og_locale":"de_DE","og_type":"article","og_title":"Kirby Geh\u00e4use Oberseite \u00dcberhold","og_description":"Oberseite des Geh\u00e4uses \u00dcberhold.    Vorr\u00e4tig   Vor 23:59 uhr bestellt, morgen versendet  &nbsp;","og_url":"https:\/\/www.veltec.eu\/de\/product\/kirby-gehause-oberseite-nl3152\/","og_site_name":"Veltec Kirby specialist","article_publisher":"https:\/\/www.facebook.com\/Veltec-Kirby-Specialist-236746293374877\/","article_modified_time":"2025-04-02T11:53:38+00:00","og_image":[{"width":300,"height":300,"url":"https:\/\/www.veltec.eu\/wp-content\/uploads\/2018\/10\/Kirby-bovenkant.png","type":"image\/png"}],"twitter_card":"summary_large_image","twitter_misc":{"Gesch\u00e4tzte Lesezeit":"3\u00a0Minuten"},"schema":{"@context":"https:\/\/schema.org","@graph":[{"@type":"WebPage","@id":"https:\/\/www.veltec.eu\/de\/product\/kirby-gehause-oberseite-nl3152\/","url":"https:\/\/www.veltec.eu\/de\/product\/kirby-gehause-oberseite-nl3152\/","name":"Kirby Geh\u00e4use Oberseite \u00dcberhold - Veltec Kirby specialist","isPartOf":{"@id":"https:\/\/www.veltec.eu\/en\/#website"},"primaryImageOfPage":{"@id":"https:\/\/www.veltec.eu\/de\/product\/kirby-gehause-oberseite-nl3152\/#primaryimage"},"image":{"@id":"https:\/\/www.veltec.eu\/de\/product\/kirby-gehause-oberseite-nl3152\/#primaryimage"},"thumbnailUrl":"https:\/\/www.veltec.eu\/wp-content\/uploads\/2018\/10\/bovenkant-Kirby-behuizing-1.jpg","datePublished":"2018-10-30T08:10:56+00:00","dateModified":"2025-04-02T11:53:38+00:00","description":"Kirby Geh\u00e4use Oberseite \u00dcberhold Veltec ist seit \u00fcber 25 Jahren der Lieferant von Kirby Staubsaugern. Und ist Ihr vertrauensw\u00fcrdiger","breadcrumb":{"@id":"https:\/\/www.veltec.eu\/de\/product\/kirby-gehause-oberseite-nl3152\/#breadcrumb"},"inLanguage":"de","potentialAction":[{"@type":"ReadAction","target":["https:\/\/www.veltec.eu\/de\/product\/kirby-gehause-oberseite-nl3152\/"]}]},{"@type":"ImageObject","inLanguage":"de","@id":"https:\/\/www.veltec.eu\/de\/product\/kirby-gehause-oberseite-nl3152\/#primaryimage","url":"https:\/\/www.veltec.eu\/wp-content\/uploads\/2018\/10\/bovenkant-Kirby-behuizing-1.jpg","contentUrl":"https:\/\/www.veltec.eu\/wp-content\/uploads\/2018\/10\/bovenkant-Kirby-behuizing-1.jpg","width":600,"height":600},{"@type":"BreadcrumbList","@id":"https:\/\/www.veltec.eu\/de\/product\/kirby-gehause-oberseite-nl3152\/#breadcrumb","itemListElement":[{"@type":"ListItem","position":1,"name":"Home","item":"https:\/\/www.veltec.eu\/de\/"},{"@type":"ListItem","position":2,"name":"Kirby Shop","item":"https:\/\/www.veltec.eu\/nl\/shop-page\/"},{"@type":"ListItem","position":3,"name":"Kirby Geh\u00e4use Oberseite \u00dcberhold"}]},{"@type":"WebSite","@id":"https:\/\/www.veltec.eu\/en\/#website","url":"https:\/\/www.veltec.eu\/en\/","name":"Veltec Kirby specialist","description":"Kirby stofzuiger producten","publisher":{"@id":"https:\/\/www.veltec.eu\/en\/#organization"},"potentialAction":[{"@type":"SearchAction","target":{"@type":"EntryPoint","urlTemplate":"https:\/\/www.veltec.eu\/en\/?s={search_term_string}"},"query-input":{"@type":"PropertyValueSpecification","valueRequired":true,"valueName":"search_term_string"}}],"inLanguage":"de"},{"@type":"Organization","@id":"https:\/\/www.veltec.eu\/en\/#organization","name":"Veltec Kirby Specialist","url":"https:\/\/www.veltec.eu\/en\/","logo":{"@type":"ImageObject","inLanguage":"de","@id":"https:\/\/www.veltec.eu\/en\/#\/schema\/logo\/image\/","url":"https:\/\/www.veltec.eu\/wp-content\/uploads\/2021\/12\/Veltec-log-groot-e1537260889125.png","contentUrl":"https:\/\/www.veltec.eu\/wp-content\/uploads\/2021\/12\/Veltec-log-groot-e1537260889125.png","width":200,"height":60,"caption":"Veltec Kirby Specialist"},"image":{"@id":"https:\/\/www.veltec.eu\/en\/#\/schema\/logo\/image\/"},"sameAs":["https:\/\/www.facebook.com\/Veltec-Kirby-Specialist-236746293374877\/","https:\/\/www.youtube.com\/user\/VeltecService"]}]}},"_links":{"self":[{"href":"https:\/\/www.veltec.eu\/de\/wp-json\/wp\/v2\/product\/10365","targetHints":{"allow":["GET"]}}],"collection":[{"href":"https:\/\/www.veltec.eu\/de\/wp-json\/wp\/v2\/product"}],"about":[{"href":"https:\/\/www.veltec.eu\/de\/wp-json\/wp\/v2\/types\/product"}],"replies":[{"embeddable":true,"href":"https:\/\/www.veltec.eu\/de\/wp-json\/wp\/v2\/comments?post=10365"}],"wp:featuredmedia":[{"embeddable":true,"href":"https:\/\/www.veltec.eu\/de\/wp-json\/wp\/v2\/media\/90771"}],"wp:attachment":[{"href":"https:\/\/www.veltec.eu\/de\/wp-json\/wp\/v2\/media?parent=10365"}],"wp:term":[{"taxonomy":"product_brand","embeddable":true,"href":"https:\/\/www.veltec.eu\/de\/wp-json\/wp\/v2\/product_brand?post=10365"},{"taxonomy":"product_cat","embeddable":true,"href":"https:\/\/www.veltec.eu\/de\/wp-json\/wp\/v2\/product_cat?post=10365"},{"taxonomy":"product_tag","embeddable":true,"href":"https:\/\/www.veltec.eu\/de\/wp-json\/wp\/v2\/product_tag?post=10365"}],"curies":[{"name":"wp","href":"https:\/\/api.w.org\/{rel}","templated":true}]}}