{"id":10305,"date":"2018-10-30T10:26:56","date_gmt":"2018-10-30T08:26:56","guid":{"rendered":"https:\/\/www.veltec.eu\/kirby-webshop\/kirby-pakkingsring-voorzijde-nl220989\/"},"modified":"2025-04-08T12:50:16","modified_gmt":"2025-04-08T10:50:16","slug":"lueftergehaeuse-dichtung-kirby","status":"publish","type":"product","link":"https:\/\/www.veltec.eu\/de\/product\/lueftergehaeuse-dichtung-kirby\/","title":{"rendered":"L\u00fcftergeh\u00e4use Dichtung Kirby"},"content":{"rendered":"<h2>L\u00fcftergeh\u00e4use Dichtung Kirby- F\u00fcr eine perfekte, luftdichte Verbindung<\/h2>\n<p>Wenn Sie das Beste aus Ihrem Kirby Staubsauger herausholen wollen, ist eine korrekte, luftdichte Abdichtung unerl\u00e4sslich. Aus diesem Grund ist der L\u00fcftergeh\u00e4use Dichtung Kirby unverzichtbar. Dieser hochwertige Dichtungsring sorgt daf\u00fcr, dass der Schlauch perfekt mit der Frontplatte Ihres Kirby verbunden ist. Auf diese Weise verhindern Sie Luftaustritt, Saugkraftverlust und unn\u00f6tigen Verschlei\u00df.<\/p>\n<p><strong>Dieser Dichtungsring ist f\u00fcr die folgenden Kirby Staubsauger geeignet;<\/strong><\/p>\n<ul>\n<li>Avalir Platinum<\/li>\n<li>Avalir 2<\/li>\n<li>Avalir 1<\/li>\n<li>Sentria 2 (G10D)<\/li>\n<li>Sentria 1 (G10)<\/li>\n<li>Ultimate G Diamond Ed.(G7D or DE)<\/li>\n<li>Ultimate G (G7 or UG)<\/li>\n<li>Generation 6 (G6)<\/li>\n<li>Generation 5 (G5)<\/li>\n<li>Generation 4 (G4)<\/li>\n<li>Generation 3 (G3)<\/li>\n<\/ul>\n<p><a href=\"https:\/\/www.veltec.eu\/de\/kirby-gehause\/\">Hier finden Sie alle Kirby Geh\u00e4use<\/a><\/p>\n<h3>Was genau ist der Kirby Dichtungsring vorne?<\/h3>\n<p>Der Kirby Dichtungsring vorne ist ein speziell entwickelter Gummiring, der um das Loch an der Vorderseite Ihres Kirby Staubsaugers gelegt wird. In dem Moment, in dem Sie den Schlauch anschlie\u00dfen, sorgt dieser Ring f\u00fcr eine feste und absolut luftdichte Verbindung. So bleibt die Saugkraft optimal erhalten und Ihr Staubsauger kann seine gewohnte Leistung erbringen.<\/p>\n<p>Es ist wichtig, sich dar\u00fcber im Klaren zu sein, dass schon eine kleine Undichtigkeit gro\u00dfe Auswirkungen auf die Leistung Ihres Staubsaugers haben kann. Daher wird dieser Dichtungsring als wesentliches Teil f\u00fcr jede Wartung oder \u00dcberholung empfohlen.<\/p>\n<h2>Universelle Passform f\u00fcr alle Kirby-Modelle<\/h2>\n<p>Egal, ob Sie ein \u00e4lteres Modell oder eine neuere Variante haben, dieser Dichtungsring passt zu jedem Kirby-Staubsauger. Dank des flexiblen, langlebigen Materials passt der Ring perfekt, ohne dass zus\u00e4tzliches Werkzeug ben\u00f6tigt wird. Das macht den Austausch des alten Rings einfach und schnell.<\/p>\n<h3>Warum dieser Dichtungsring eine kluge Investition ist<\/h3>\n<p>Es gibt mehrere Gr\u00fcnde, warum Sie sich f\u00fcr diesen originalen Kirby Dichtungsring entscheiden sollten:<\/p>\n<ul>\n<li>Passend f\u00fcr jedes Kirby-Modell &#8211; Sie brauchen nicht zu zweifeln, ob er passt.<\/li>\n<li>H\u00e4lt die maximale Saugkraft aufrecht &#8211; Keine Leckage, also 100% Leistung.<\/li>\n<li>Langlebiges Material &#8211; L\u00e4ngere Lebensdauer als billige Alternativen.<\/li>\n<li>Einfache Montage &#8211; Der Austausch dauert nur ein paar Minuten.<\/li>\n<\/ul>\n<h2>Wann ist es an der Zeit, den vorderen L\u00fcftergeh\u00e4use Dichtung Kirby zu ersetzen?<\/h2>\n<p>Es ist ratsam, den Zustand Ihres Dichtungsrings regelm\u00e4\u00dfig zu \u00fcberpr\u00fcfen. Wenn Sie bemerken, dass der Schlauch nicht mehr richtig sitzt oder die Saugleistung merklich nachl\u00e4sst, ist der aktuelle Ring wahrscheinlich abgenutzt. In solchen F\u00e4llen ist es ratsam, ihn sofort zu ersetzen, um weitere Sch\u00e4den oder Leistungseinbu\u00dfen zu vermeiden.<\/p>\n<h3>Teil einer guten Wartung<\/h3>\n<p>Eine gute Wartung verl\u00e4ngert nicht nur die Lebensdauer Ihres Kirby Staubsaugers, sondern sorgt auch daf\u00fcr, dass Ihnen auf lange Sicht weniger Kosten entstehen. Eine kleine Investition wie dieser vordere Dichtungsring kann also viele Probleme verhindern und dazu beitragen, ein perfekt funktionierendes System zu erhalten.<\/p>\n<h2>Bestellen Sie Ihren L\u00fcftergeh\u00e4use Dichtung Kirby<\/h2>\n<p>noch heute. Warten Sie nicht, bis die Saugleistung nachl\u00e4sst oder Teile zu verschlei\u00dfen beginnen. Bestellen Sie den Kirby Dichtungsring Front noch heute und erleben Sie den Unterschied sofort. Wenn Sie das richtige Teil verwenden, sorgen Sie f\u00fcr eine bessere Leistung, weniger Verschlei\u00df und eine l\u00e4ngere Lebensdauer Ihres Staubsaugers.<\/p>\n","protected":false},"excerpt":{"rendered":"<p>Versuchen Sie nicht, das Ger\u00e4t an Kirby G4 oder Kirby G3 Kehrmaschinen zu montieren, da das Schlauchende, das an den Kirby-Sauger angeschlossen wird, eine Dichtung hat, die die Verriegelung am Ger\u00e4t erschwert. Es kann passieren, dass der Schlauchanschluss abbricht.<\/p>\n[trustindex data-widget-id=31675542425128034566e10b5fb]\n<h3><span style=\"color: #008000;\"><br \/>\nVorr\u00e4tig<\/span><\/h3>\n[av_font_icon icon='ue812' font='entypo-fontello' style='' caption='' size='25px' position='left' color='#43ad66' link='' linktarget='' title_attr='' sonar_effect_effect='' sonar_effect_color='' sonar_effect_duration='1' sonar_effect_scale='' sonar_effect_opac='0.5' animation='' id='' custom_class='' template_class='' av_uid='' sc_version='1.0' admin_preview_bg=''][\/av_font_icon]\n<p><span style=\"color: #008000;\">Vor 23:59 uhr bestellt, morgen versendet<\/span><\/p>\n<p>&nbsp;<\/p>\n","protected":false},"featured_media":90464,"comment_status":"open","ping_status":"closed","template":"","meta":{"_acf_changed":false},"product_brand":[],"product_cat":[305],"product_tag":[],"class_list":{"0":"post-10305","1":"product","2":"type-product","3":"status-publish","4":"has-post-thumbnail","6":"product_cat-kirby-gehause","7":"product_shipping_class-klein-de","9":"first","10":"instock","11":"taxable","12":"shipping-taxable","13":"purchasable","14":"product-type-simple"},"acf":[],"yoast_head":"<!-- This site is optimized with the Yoast SEO Premium plugin v27.1 (Yoast SEO v27.4) - https:\/\/yoast.com\/product\/yoast-seo-premium-wordpress\/ -->\n<title>L\u00fcftergeh\u00e4use Dichtung Kirby - Veltec Kirby specialist<\/title>\n<meta name=\"description\" content=\"L\u00fcftergeh\u00e4use Dichtung Kirby - Veltec ist seit mehr als 25 Jahren Lieferant von Kirby Stofzuigern. En is uw vertrouwde Kirby service\" \/>\n<meta name=\"robots\" content=\"index, follow, max-snippet:-1, max-image-preview:large, max-video-preview:-1\" \/>\n<link rel=\"canonical\" href=\"https:\/\/www.veltec.eu\/de\/product\/lueftergehaeuse-dichtung-kirby\/\" \/>\n<meta property=\"og:locale\" content=\"de_DE\" \/>\n<meta property=\"og:type\" content=\"article\" \/>\n<meta property=\"og:title\" content=\"L\u00fcftergeh\u00e4use Dichtung Kirby\" \/>\n<meta property=\"og:description\" content=\"Versuchen Sie nicht, das Ger\u00e4t an Kirby G4 oder Kirby G3 Kehrmaschinen zu montieren, da das Schlauchende, das an den Kirby-Sauger angeschlossen wird, eine Dichtung hat, die die Verriegelung am Ger\u00e4t erschwert. Es kann passieren, dass der Schlauchanschluss abbricht.    Vorr\u00e4tig   Vor 23:59 uhr bestellt, morgen versendet  &nbsp;\" \/>\n<meta property=\"og:url\" content=\"https:\/\/www.veltec.eu\/de\/product\/lueftergehaeuse-dichtung-kirby\/\" \/>\n<meta property=\"og:site_name\" content=\"Veltec Kirby specialist\" \/>\n<meta property=\"article:publisher\" content=\"https:\/\/www.facebook.com\/Veltec-Kirby-Specialist-236746293374877\/\" \/>\n<meta property=\"article:modified_time\" content=\"2025-04-08T10:50:16+00:00\" \/>\n<meta property=\"og:image\" content=\"https:\/\/www.veltec.eu\/wp-content\/uploads\/2018\/10\/20118108.jpg\" \/>\n\t<meta property=\"og:image:width\" content=\"300\" \/>\n\t<meta property=\"og:image:height\" content=\"300\" \/>\n\t<meta property=\"og:image:type\" content=\"image\/jpeg\" \/>\n<meta name=\"twitter:card\" content=\"summary_large_image\" \/>\n<meta name=\"twitter:label1\" content=\"Gesch\u00e4tzte Lesezeit\" \/>\n\t<meta name=\"twitter:data1\" content=\"3\u00a0Minuten\" \/>\n<script type=\"application\/ld+json\" class=\"yoast-schema-graph\">{\"@context\":\"https:\\\/\\\/schema.org\",\"@graph\":[{\"@type\":\"WebPage\",\"@id\":\"https:\\\/\\\/www.veltec.eu\\\/de\\\/product\\\/lueftergehaeuse-dichtung-kirby\\\/\",\"url\":\"https:\\\/\\\/www.veltec.eu\\\/de\\\/product\\\/lueftergehaeuse-dichtung-kirby\\\/\",\"name\":\"L\u00fcftergeh\u00e4use Dichtung Kirby - Veltec Kirby specialist\",\"isPartOf\":{\"@id\":\"https:\\\/\\\/www.veltec.eu\\\/en\\\/#website\"},\"primaryImageOfPage\":{\"@id\":\"https:\\\/\\\/www.veltec.eu\\\/de\\\/product\\\/lueftergehaeuse-dichtung-kirby\\\/#primaryimage\"},\"image\":{\"@id\":\"https:\\\/\\\/www.veltec.eu\\\/de\\\/product\\\/lueftergehaeuse-dichtung-kirby\\\/#primaryimage\"},\"thumbnailUrl\":\"https:\\\/\\\/www.veltec.eu\\\/wp-content\\\/uploads\\\/2018\\\/10\\\/Kirby-pakkingsring1.jpg\",\"datePublished\":\"2018-10-30T08:26:56+00:00\",\"dateModified\":\"2025-04-08T10:50:16+00:00\",\"description\":\"L\u00fcftergeh\u00e4use Dichtung Kirby - Veltec ist seit mehr als 25 Jahren Lieferant von Kirby Stofzuigern. En is uw vertrouwde Kirby service\",\"breadcrumb\":{\"@id\":\"https:\\\/\\\/www.veltec.eu\\\/de\\\/product\\\/lueftergehaeuse-dichtung-kirby\\\/#breadcrumb\"},\"inLanguage\":\"de\",\"potentialAction\":[{\"@type\":\"ReadAction\",\"target\":[\"https:\\\/\\\/www.veltec.eu\\\/de\\\/product\\\/lueftergehaeuse-dichtung-kirby\\\/\"]}]},{\"@type\":\"ImageObject\",\"inLanguage\":\"de\",\"@id\":\"https:\\\/\\\/www.veltec.eu\\\/de\\\/product\\\/lueftergehaeuse-dichtung-kirby\\\/#primaryimage\",\"url\":\"https:\\\/\\\/www.veltec.eu\\\/wp-content\\\/uploads\\\/2018\\\/10\\\/Kirby-pakkingsring1.jpg\",\"contentUrl\":\"https:\\\/\\\/www.veltec.eu\\\/wp-content\\\/uploads\\\/2018\\\/10\\\/Kirby-pakkingsring1.jpg\",\"width\":600,\"height\":600},{\"@type\":\"BreadcrumbList\",\"@id\":\"https:\\\/\\\/www.veltec.eu\\\/de\\\/product\\\/lueftergehaeuse-dichtung-kirby\\\/#breadcrumb\",\"itemListElement\":[{\"@type\":\"ListItem\",\"position\":1,\"name\":\"Home\",\"item\":\"https:\\\/\\\/www.veltec.eu\\\/de\\\/\"},{\"@type\":\"ListItem\",\"position\":2,\"name\":\"Kirby Shop\",\"item\":\"https:\\\/\\\/www.veltec.eu\\\/nl\\\/shop-page\\\/\"},{\"@type\":\"ListItem\",\"position\":3,\"name\":\"L\u00fcftergeh\u00e4use Dichtung Kirby\"}]},{\"@type\":\"WebSite\",\"@id\":\"https:\\\/\\\/www.veltec.eu\\\/en\\\/#website\",\"url\":\"https:\\\/\\\/www.veltec.eu\\\/en\\\/\",\"name\":\"Veltec Kirby specialist\",\"description\":\"Kirby stofzuiger producten\",\"publisher\":{\"@id\":\"https:\\\/\\\/www.veltec.eu\\\/en\\\/#organization\"},\"potentialAction\":[{\"@type\":\"SearchAction\",\"target\":{\"@type\":\"EntryPoint\",\"urlTemplate\":\"https:\\\/\\\/www.veltec.eu\\\/en\\\/?s={search_term_string}\"},\"query-input\":{\"@type\":\"PropertyValueSpecification\",\"valueRequired\":true,\"valueName\":\"search_term_string\"}}],\"inLanguage\":\"de\"},{\"@type\":\"Organization\",\"@id\":\"https:\\\/\\\/www.veltec.eu\\\/en\\\/#organization\",\"name\":\"Veltec Kirby Specialist\",\"url\":\"https:\\\/\\\/www.veltec.eu\\\/en\\\/\",\"logo\":{\"@type\":\"ImageObject\",\"inLanguage\":\"de\",\"@id\":\"https:\\\/\\\/www.veltec.eu\\\/en\\\/#\\\/schema\\\/logo\\\/image\\\/\",\"url\":\"https:\\\/\\\/www.veltec.eu\\\/wp-content\\\/uploads\\\/2021\\\/12\\\/Veltec-log-groot-e1537260889125.png\",\"contentUrl\":\"https:\\\/\\\/www.veltec.eu\\\/wp-content\\\/uploads\\\/2021\\\/12\\\/Veltec-log-groot-e1537260889125.png\",\"width\":200,\"height\":60,\"caption\":\"Veltec Kirby Specialist\"},\"image\":{\"@id\":\"https:\\\/\\\/www.veltec.eu\\\/en\\\/#\\\/schema\\\/logo\\\/image\\\/\"},\"sameAs\":[\"https:\\\/\\\/www.facebook.com\\\/Veltec-Kirby-Specialist-236746293374877\\\/\",\"https:\\\/\\\/www.youtube.com\\\/user\\\/VeltecService\"]}]}<\/script>\n<!-- \/ Yoast SEO Premium plugin. -->","yoast_head_json":{"title":"L\u00fcftergeh\u00e4use Dichtung Kirby - Veltec Kirby specialist","description":"L\u00fcftergeh\u00e4use Dichtung Kirby - Veltec ist seit mehr als 25 Jahren Lieferant von Kirby Stofzuigern. En is uw vertrouwde Kirby service","robots":{"index":"index","follow":"follow","max-snippet":"max-snippet:-1","max-image-preview":"max-image-preview:large","max-video-preview":"max-video-preview:-1"},"canonical":"https:\/\/www.veltec.eu\/de\/product\/lueftergehaeuse-dichtung-kirby\/","og_locale":"de_DE","og_type":"article","og_title":"L\u00fcftergeh\u00e4use Dichtung Kirby","og_description":"Versuchen Sie nicht, das Ger\u00e4t an Kirby G4 oder Kirby G3 Kehrmaschinen zu montieren, da das Schlauchende, das an den Kirby-Sauger angeschlossen wird, eine Dichtung hat, die die Verriegelung am Ger\u00e4t erschwert. Es kann passieren, dass der Schlauchanschluss abbricht.    Vorr\u00e4tig   Vor 23:59 uhr bestellt, morgen versendet  &nbsp;","og_url":"https:\/\/www.veltec.eu\/de\/product\/lueftergehaeuse-dichtung-kirby\/","og_site_name":"Veltec Kirby specialist","article_publisher":"https:\/\/www.facebook.com\/Veltec-Kirby-Specialist-236746293374877\/","article_modified_time":"2025-04-08T10:50:16+00:00","og_image":[{"width":300,"height":300,"url":"https:\/\/www.veltec.eu\/wp-content\/uploads\/2018\/10\/20118108.jpg","type":"image\/jpeg"}],"twitter_card":"summary_large_image","twitter_misc":{"Gesch\u00e4tzte Lesezeit":"3\u00a0Minuten"},"schema":{"@context":"https:\/\/schema.org","@graph":[{"@type":"WebPage","@id":"https:\/\/www.veltec.eu\/de\/product\/lueftergehaeuse-dichtung-kirby\/","url":"https:\/\/www.veltec.eu\/de\/product\/lueftergehaeuse-dichtung-kirby\/","name":"L\u00fcftergeh\u00e4use Dichtung Kirby - Veltec Kirby specialist","isPartOf":{"@id":"https:\/\/www.veltec.eu\/en\/#website"},"primaryImageOfPage":{"@id":"https:\/\/www.veltec.eu\/de\/product\/lueftergehaeuse-dichtung-kirby\/#primaryimage"},"image":{"@id":"https:\/\/www.veltec.eu\/de\/product\/lueftergehaeuse-dichtung-kirby\/#primaryimage"},"thumbnailUrl":"https:\/\/www.veltec.eu\/wp-content\/uploads\/2018\/10\/Kirby-pakkingsring1.jpg","datePublished":"2018-10-30T08:26:56+00:00","dateModified":"2025-04-08T10:50:16+00:00","description":"L\u00fcftergeh\u00e4use Dichtung Kirby - Veltec ist seit mehr als 25 Jahren Lieferant von Kirby Stofzuigern. En is uw vertrouwde Kirby service","breadcrumb":{"@id":"https:\/\/www.veltec.eu\/de\/product\/lueftergehaeuse-dichtung-kirby\/#breadcrumb"},"inLanguage":"de","potentialAction":[{"@type":"ReadAction","target":["https:\/\/www.veltec.eu\/de\/product\/lueftergehaeuse-dichtung-kirby\/"]}]},{"@type":"ImageObject","inLanguage":"de","@id":"https:\/\/www.veltec.eu\/de\/product\/lueftergehaeuse-dichtung-kirby\/#primaryimage","url":"https:\/\/www.veltec.eu\/wp-content\/uploads\/2018\/10\/Kirby-pakkingsring1.jpg","contentUrl":"https:\/\/www.veltec.eu\/wp-content\/uploads\/2018\/10\/Kirby-pakkingsring1.jpg","width":600,"height":600},{"@type":"BreadcrumbList","@id":"https:\/\/www.veltec.eu\/de\/product\/lueftergehaeuse-dichtung-kirby\/#breadcrumb","itemListElement":[{"@type":"ListItem","position":1,"name":"Home","item":"https:\/\/www.veltec.eu\/de\/"},{"@type":"ListItem","position":2,"name":"Kirby Shop","item":"https:\/\/www.veltec.eu\/nl\/shop-page\/"},{"@type":"ListItem","position":3,"name":"L\u00fcftergeh\u00e4use Dichtung Kirby"}]},{"@type":"WebSite","@id":"https:\/\/www.veltec.eu\/en\/#website","url":"https:\/\/www.veltec.eu\/en\/","name":"Veltec Kirby specialist","description":"Kirby stofzuiger producten","publisher":{"@id":"https:\/\/www.veltec.eu\/en\/#organization"},"potentialAction":[{"@type":"SearchAction","target":{"@type":"EntryPoint","urlTemplate":"https:\/\/www.veltec.eu\/en\/?s={search_term_string}"},"query-input":{"@type":"PropertyValueSpecification","valueRequired":true,"valueName":"search_term_string"}}],"inLanguage":"de"},{"@type":"Organization","@id":"https:\/\/www.veltec.eu\/en\/#organization","name":"Veltec Kirby Specialist","url":"https:\/\/www.veltec.eu\/en\/","logo":{"@type":"ImageObject","inLanguage":"de","@id":"https:\/\/www.veltec.eu\/en\/#\/schema\/logo\/image\/","url":"https:\/\/www.veltec.eu\/wp-content\/uploads\/2021\/12\/Veltec-log-groot-e1537260889125.png","contentUrl":"https:\/\/www.veltec.eu\/wp-content\/uploads\/2021\/12\/Veltec-log-groot-e1537260889125.png","width":200,"height":60,"caption":"Veltec Kirby Specialist"},"image":{"@id":"https:\/\/www.veltec.eu\/en\/#\/schema\/logo\/image\/"},"sameAs":["https:\/\/www.facebook.com\/Veltec-Kirby-Specialist-236746293374877\/","https:\/\/www.youtube.com\/user\/VeltecService"]}]}},"_links":{"self":[{"href":"https:\/\/www.veltec.eu\/de\/wp-json\/wp\/v2\/product\/10305","targetHints":{"allow":["GET"]}}],"collection":[{"href":"https:\/\/www.veltec.eu\/de\/wp-json\/wp\/v2\/product"}],"about":[{"href":"https:\/\/www.veltec.eu\/de\/wp-json\/wp\/v2\/types\/product"}],"replies":[{"embeddable":true,"href":"https:\/\/www.veltec.eu\/de\/wp-json\/wp\/v2\/comments?post=10305"}],"wp:featuredmedia":[{"embeddable":true,"href":"https:\/\/www.veltec.eu\/de\/wp-json\/wp\/v2\/media\/90464"}],"wp:attachment":[{"href":"https:\/\/www.veltec.eu\/de\/wp-json\/wp\/v2\/media?parent=10305"}],"wp:term":[{"taxonomy":"product_brand","embeddable":true,"href":"https:\/\/www.veltec.eu\/de\/wp-json\/wp\/v2\/product_brand?post=10305"},{"taxonomy":"product_cat","embeddable":true,"href":"https:\/\/www.veltec.eu\/de\/wp-json\/wp\/v2\/product_cat?post=10305"},{"taxonomy":"product_tag","embeddable":true,"href":"https:\/\/www.veltec.eu\/de\/wp-json\/wp\/v2\/product_tag?post=10305"}],"curies":[{"name":"wp","href":"https:\/\/api.w.org\/{rel}","templated":true}]}}