{"id":10265,"date":"2018-10-30T10:45:59","date_gmt":"2018-10-30T08:45:59","guid":{"rendered":"https:\/\/www.veltec.eu\/kirby-webshop\/kirby-behuizing-gereconditioneerd-nl266778\/"},"modified":"2025-03-31T15:25:01","modified_gmt":"2025-03-31T13:25:01","slug":"kirby-gehaeuse-ueberhold-nl266778","status":"publish","type":"product","link":"https:\/\/www.veltec.eu\/de\/product\/kirby-gehaeuse-ueberhold-nl266778\/","title":{"rendered":"Kirby Geh\u00e4use \u00dcberhold"},"content":{"rendered":"<h1>Kirby Geh\u00e4use \u00dcberhold<\/h1>\n<p>Kirby Geh\u00e4use \u00dcberhold &#8211; Geh\u00e4use vorne und unten komplett mit Radwelle und R\u00e4dern.<br \/>\nDies ist ein gebrauchtes Teil und daher nicht neu. !!!<br \/>\nDieses Produkt wurde gereinigt und die Dichtung zwischen Vorder- und Unterseite wurde \u00fcberpr\u00fcft.<br \/>\nDie Vorderachse wurde demontiert und gereinigt, und eine neue Feder wurde in die Vorderachse des Wagenhebers eingebaut.<br \/>\nDie R\u00e4der wurden gereinigt und, falls erforderlich, mit neuen Abdeckungen versehen.<\/p>\n<p>Dieses Produkt wurde f\u00fcr 100% in Ordnung befunden und wird mit einer 2-j\u00e4hrigen Vollgarantie geliefert.<\/p>\n<p><strong>Dieses Geh\u00e4use ist f\u00fcr jeden Kirby Staubsauger geeignet;<\/strong><\/p>\n<ul>\n<li>Avalir Platinum<\/li>\n<li>Avalir 2<\/li>\n<li>Avalir 1<\/li>\n<li>Sentria 2 (G10D)<\/li>\n<li>Sentria 1 (G10)<\/li>\n<li>Ultimate G Diamond Ed.(G7D or DE)<\/li>\n<li>Ultimate G (G7 or UG)<\/li>\n<li>Generation 6 (G6)<\/li>\n<li>Generation 5 (G5)<\/li>\n<li>Generation 4 (G4)<\/li>\n<li>Generation 3 (G3)<\/li>\n<\/ul>\n<h2>Kirby Geh\u00e4use \u00dcberhold &#8211; Perfekter Ersatz f\u00fcr Ihren Staubsauger<\/h2>\n<p>Sie sind auf der Suche nach einem langlebigen und zuverl\u00e4ssigen Ersatz f\u00fcr das Geh\u00e4use Ihres Kirby Staubsaugers? Unser Kirby Geh\u00e4use Reconditioned ist die ideale L\u00f6sung! Dieses komplette Set besteht aus dem vorderen und unteren Teil des Geh\u00e4uses, einschlie\u00dflich Radachse und R\u00e4dern. Dieses Produkt ist komplett \u00fcberholt und bietet die gleiche Qualit\u00e4t wie ein Neuteil, aber zu einem g\u00fcnstigeren Preis.<\/p>\n<p><a href=\"https:\/\/www.veltec.eu\/de\/kirby-gehause\/\">Hier finden Sie alle Kirby-Geh\u00e4use<\/a><\/p>\n<h3>Warum ein \u00fcberholtes Kirby-Geh\u00e4use w\u00e4hlen?<\/h3>\n<p>Ein Staubsauger wie Kirby ist bekannt f\u00fcr seine lange Lebensdauer und seine starke Leistung. Dennoch k\u00f6nnen Teile mit der Zeit verschlei\u00dfen. Wenn Sie sich f\u00fcr ein \u00fcberholtes Geh\u00e4use entscheiden, profitieren Sie von den folgenden Vorteilen:<\/p>\n<ul>\n<li>Gr\u00fcndlich gereinigt und gepr\u00fcft &#8211; Das Geh\u00e4use wurde vollst\u00e4ndig gereinigt und von Schmutz und Staubr\u00fcckst\u00e4nden befreit.<\/li>\n<li>Neue Dichtung, falls erforderlich &#8211; Die Dichtung zwischen Vorder- und Unterseite wird \u00fcberpr\u00fcft und bei Bedarf neu abgedichtet, um eine optimale Luftdichtheit zu gew\u00e4hrleisten.<\/li>\n<li>\u00dcberholung der Vorderachse &#8211; Die Vorderachse wird sorgf\u00e4ltig demontiert und gereinigt, um einen reibungslosen Betrieb zu gew\u00e4hrleisten.<\/li>\n<li>Neue Feder &#8211; Eine brandneue Feder wird in den Vorderachsheber eingesetzt, um einen reibungslosen Betrieb zu gew\u00e4hrleisten.<\/li>\n<li>\u00dcberholte R\u00e4der &#8211; Die R\u00e4der werden gereinigt und bei Bedarf mit neuen Abdeckungen versehen.<\/li>\n<li>Zwei Jahre Vollgarantie &#8211; Auf dieses Produkt erhalten Sie eine 24-monatige Garantie, die Ihnen einen sorgenfreien Kauf garantiert.<\/li>\n<\/ul>\n<h3>Kompatibilit\u00e4t &#8211; Passt auf jeden Kirby Staubsauger<\/h3>\n<p>Dieses \u00fcberholte Geh\u00e4use ist f\u00fcr alle Kirby Staubsauger geeignet. Egal, welches Modell Sie verwenden, Sie k\u00f6nnen sicher sein, dass dieses Geh\u00e4use nahtlos passt. Dank der hochwertigen Aufbereitung und der strengen Qualit\u00e4tskontrolle ist dieses Teil ein langlebiger und kosteng\u00fcnstiger Ersatz f\u00fcr Ihr altes Geh\u00e4use.<\/p>\n<h3>Sparen Sie Geld und entscheiden Sie sich f\u00fcr Nachhaltigkeit<\/h3>\n<p>Wenn Sie sich f\u00fcr ein wiederaufbereitetes Teil entscheiden, tragen Sie nicht nur zu einer nachhaltigen Umwelt bei, sondern sparen auch die Kosten f\u00fcr ein neues Geh\u00e4use. Unsere Wiederaufbereitungsprozesse stellen sicher, dass jedes Produkt strenge Qualit\u00e4tsstandards erf\u00fcllt. So erhalten Sie eine zuverl\u00e4ssige und langlebige L\u00f6sung, ohne Kompromisse bei der Leistung eingehen zu m\u00fcssen.<\/p>\n<h3>Bestellen Sie noch heute!<\/h3>\n<p>Warten Sie nicht l\u00e4nger und ersetzen Sie das Geh\u00e4use Ihres Kirby Staubsaugers durch dieses \u00fcberholte Modell. Profitieren Sie von h\u00f6chster Qualit\u00e4t, voller Garantie und einem hervorragenden Preis. Bestellen Sie noch heute und erleben Sie die Kraft und Effizienz Ihres Kirby Staubsaugers wieder!<\/p>\n","protected":false},"excerpt":{"rendered":"<p>Kirby Geh\u00e4use \u00dcberhold.<\/p>\n[trustindex data-widget-id=31675542425128034566e10b5fb]\n<h3><span style=\"color: #008000;\"><br \/>\nVorr\u00e4tig<\/span><\/h3>\n[av_font_icon icon='ue812' font='entypo-fontello' style='' caption='' size='25px' position='left' color='#43ad66' link='' linktarget='' title_attr='' sonar_effect_effect='' sonar_effect_color='' sonar_effect_duration='1' sonar_effect_scale='' sonar_effect_opac='0.5' animation='' id='' custom_class='' template_class='' av_uid='' sc_version='1.0' admin_preview_bg=''][\/av_font_icon]\n<p><span style=\"color: #008000;\">Vor 23:59 uhr bestellt, morgen versendet<\/span><\/p>\n<p>&nbsp;<\/p>\n","protected":false},"featured_media":91038,"comment_status":"open","ping_status":"closed","template":"","meta":{"_acf_changed":false},"product_brand":[],"product_cat":[305],"product_tag":[],"class_list":{"0":"post-10265","1":"product","2":"type-product","3":"status-publish","4":"has-post-thumbnail","6":"product_cat-kirby-gehause","7":"product_shipping_class-klein-de","9":"first","10":"instock","11":"sale","12":"taxable","13":"shipping-taxable","14":"purchasable","15":"product-type-variable"},"acf":[],"yoast_head":"<!-- This site is optimized with the Yoast SEO Premium plugin v27.1 (Yoast SEO v27.4) - https:\/\/yoast.com\/product\/yoast-seo-premium-wordpress\/ -->\n<title>Kirby Geh\u00e4use \u00dcberhold - Veltec Kirby specialist<\/title>\n<meta name=\"description\" content=\"Kirby Geh\u00e4use \u00dcberhold Veltec ist seit \u00fcber 25 Jahren der Lieferant von Kirby Staubsaugern. Und ist Ihr vertrauensw\u00fcrdiger Kirby\" \/>\n<meta name=\"robots\" content=\"index, follow, max-snippet:-1, max-image-preview:large, max-video-preview:-1\" \/>\n<link rel=\"canonical\" href=\"https:\/\/www.veltec.eu\/de\/product\/kirby-gehaeuse-ueberhold-nl266778\/\" \/>\n<meta property=\"og:locale\" content=\"de_DE\" \/>\n<meta property=\"og:type\" content=\"article\" \/>\n<meta property=\"og:title\" content=\"Kirby Geh\u00e4use \u00dcberhold\" \/>\n<meta property=\"og:description\" content=\"Kirby Geh\u00e4use \u00dcberhold.    Vorr\u00e4tig   Vor 23:59 uhr bestellt, morgen versendet  &nbsp;\" \/>\n<meta property=\"og:url\" content=\"https:\/\/www.veltec.eu\/de\/product\/kirby-gehaeuse-ueberhold-nl266778\/\" \/>\n<meta property=\"og:site_name\" content=\"Veltec Kirby specialist\" \/>\n<meta property=\"article:publisher\" content=\"https:\/\/www.facebook.com\/Veltec-Kirby-Specialist-236746293374877\/\" \/>\n<meta property=\"article:modified_time\" content=\"2025-03-31T13:25:01+00:00\" \/>\n<meta property=\"og:image\" content=\"https:\/\/www.veltec.eu\/wp-content\/uploads\/2018\/10\/Kirby-onderkant.png\" \/>\n\t<meta property=\"og:image:width\" content=\"300\" \/>\n\t<meta property=\"og:image:height\" content=\"300\" \/>\n\t<meta property=\"og:image:type\" content=\"image\/png\" \/>\n<meta name=\"twitter:card\" content=\"summary_large_image\" \/>\n<meta name=\"twitter:label1\" content=\"Gesch\u00e4tzte Lesezeit\" \/>\n\t<meta name=\"twitter:data1\" content=\"3\u00a0Minuten\" \/>\n<script type=\"application\/ld+json\" class=\"yoast-schema-graph\">{\"@context\":\"https:\\\/\\\/schema.org\",\"@graph\":[{\"@type\":\"WebPage\",\"@id\":\"https:\\\/\\\/www.veltec.eu\\\/de\\\/product\\\/kirby-gehaeuse-ueberhold-nl266778\\\/\",\"url\":\"https:\\\/\\\/www.veltec.eu\\\/de\\\/product\\\/kirby-gehaeuse-ueberhold-nl266778\\\/\",\"name\":\"Kirby Geh\u00e4use \u00dcberhold - Veltec Kirby specialist\",\"isPartOf\":{\"@id\":\"https:\\\/\\\/www.veltec.eu\\\/en\\\/#website\"},\"primaryImageOfPage\":{\"@id\":\"https:\\\/\\\/www.veltec.eu\\\/de\\\/product\\\/kirby-gehaeuse-ueberhold-nl266778\\\/#primaryimage\"},\"image\":{\"@id\":\"https:\\\/\\\/www.veltec.eu\\\/de\\\/product\\\/kirby-gehaeuse-ueberhold-nl266778\\\/#primaryimage\"},\"thumbnailUrl\":\"https:\\\/\\\/www.veltec.eu\\\/wp-content\\\/uploads\\\/2018\\\/10\\\/Kirby-behuizing-2.jpg\",\"datePublished\":\"2018-10-30T08:45:59+00:00\",\"dateModified\":\"2025-03-31T13:25:01+00:00\",\"description\":\"Kirby Geh\u00e4use \u00dcberhold Veltec ist seit \u00fcber 25 Jahren der Lieferant von Kirby Staubsaugern. Und ist Ihr vertrauensw\u00fcrdiger Kirby\",\"breadcrumb\":{\"@id\":\"https:\\\/\\\/www.veltec.eu\\\/de\\\/product\\\/kirby-gehaeuse-ueberhold-nl266778\\\/#breadcrumb\"},\"inLanguage\":\"de\",\"potentialAction\":[{\"@type\":\"ReadAction\",\"target\":[\"https:\\\/\\\/www.veltec.eu\\\/de\\\/product\\\/kirby-gehaeuse-ueberhold-nl266778\\\/\"]}]},{\"@type\":\"ImageObject\",\"inLanguage\":\"de\",\"@id\":\"https:\\\/\\\/www.veltec.eu\\\/de\\\/product\\\/kirby-gehaeuse-ueberhold-nl266778\\\/#primaryimage\",\"url\":\"https:\\\/\\\/www.veltec.eu\\\/wp-content\\\/uploads\\\/2018\\\/10\\\/Kirby-behuizing-2.jpg\",\"contentUrl\":\"https:\\\/\\\/www.veltec.eu\\\/wp-content\\\/uploads\\\/2018\\\/10\\\/Kirby-behuizing-2.jpg\",\"width\":600,\"height\":600},{\"@type\":\"BreadcrumbList\",\"@id\":\"https:\\\/\\\/www.veltec.eu\\\/de\\\/product\\\/kirby-gehaeuse-ueberhold-nl266778\\\/#breadcrumb\",\"itemListElement\":[{\"@type\":\"ListItem\",\"position\":1,\"name\":\"Home\",\"item\":\"https:\\\/\\\/www.veltec.eu\\\/de\\\/\"},{\"@type\":\"ListItem\",\"position\":2,\"name\":\"Kirby Shop\",\"item\":\"https:\\\/\\\/www.veltec.eu\\\/nl\\\/shop-page\\\/\"},{\"@type\":\"ListItem\",\"position\":3,\"name\":\"Kirby Geh\u00e4use \u00dcberhold\"}]},{\"@type\":\"WebSite\",\"@id\":\"https:\\\/\\\/www.veltec.eu\\\/en\\\/#website\",\"url\":\"https:\\\/\\\/www.veltec.eu\\\/en\\\/\",\"name\":\"Veltec Kirby specialist\",\"description\":\"Kirby stofzuiger producten\",\"publisher\":{\"@id\":\"https:\\\/\\\/www.veltec.eu\\\/en\\\/#organization\"},\"potentialAction\":[{\"@type\":\"SearchAction\",\"target\":{\"@type\":\"EntryPoint\",\"urlTemplate\":\"https:\\\/\\\/www.veltec.eu\\\/en\\\/?s={search_term_string}\"},\"query-input\":{\"@type\":\"PropertyValueSpecification\",\"valueRequired\":true,\"valueName\":\"search_term_string\"}}],\"inLanguage\":\"de\"},{\"@type\":\"Organization\",\"@id\":\"https:\\\/\\\/www.veltec.eu\\\/en\\\/#organization\",\"name\":\"Veltec Kirby Specialist\",\"url\":\"https:\\\/\\\/www.veltec.eu\\\/en\\\/\",\"logo\":{\"@type\":\"ImageObject\",\"inLanguage\":\"de\",\"@id\":\"https:\\\/\\\/www.veltec.eu\\\/en\\\/#\\\/schema\\\/logo\\\/image\\\/\",\"url\":\"https:\\\/\\\/www.veltec.eu\\\/wp-content\\\/uploads\\\/2021\\\/12\\\/Veltec-log-groot-e1537260889125.png\",\"contentUrl\":\"https:\\\/\\\/www.veltec.eu\\\/wp-content\\\/uploads\\\/2021\\\/12\\\/Veltec-log-groot-e1537260889125.png\",\"width\":200,\"height\":60,\"caption\":\"Veltec Kirby Specialist\"},\"image\":{\"@id\":\"https:\\\/\\\/www.veltec.eu\\\/en\\\/#\\\/schema\\\/logo\\\/image\\\/\"},\"sameAs\":[\"https:\\\/\\\/www.facebook.com\\\/Veltec-Kirby-Specialist-236746293374877\\\/\",\"https:\\\/\\\/www.youtube.com\\\/user\\\/VeltecService\"]}]}<\/script>\n<!-- \/ Yoast SEO Premium plugin. -->","yoast_head_json":{"title":"Kirby Geh\u00e4use \u00dcberhold - Veltec Kirby specialist","description":"Kirby Geh\u00e4use \u00dcberhold Veltec ist seit \u00fcber 25 Jahren der Lieferant von Kirby Staubsaugern. Und ist Ihr vertrauensw\u00fcrdiger Kirby","robots":{"index":"index","follow":"follow","max-snippet":"max-snippet:-1","max-image-preview":"max-image-preview:large","max-video-preview":"max-video-preview:-1"},"canonical":"https:\/\/www.veltec.eu\/de\/product\/kirby-gehaeuse-ueberhold-nl266778\/","og_locale":"de_DE","og_type":"article","og_title":"Kirby Geh\u00e4use \u00dcberhold","og_description":"Kirby Geh\u00e4use \u00dcberhold.    Vorr\u00e4tig   Vor 23:59 uhr bestellt, morgen versendet  &nbsp;","og_url":"https:\/\/www.veltec.eu\/de\/product\/kirby-gehaeuse-ueberhold-nl266778\/","og_site_name":"Veltec Kirby specialist","article_publisher":"https:\/\/www.facebook.com\/Veltec-Kirby-Specialist-236746293374877\/","article_modified_time":"2025-03-31T13:25:01+00:00","og_image":[{"width":300,"height":300,"url":"https:\/\/www.veltec.eu\/wp-content\/uploads\/2018\/10\/Kirby-onderkant.png","type":"image\/png"}],"twitter_card":"summary_large_image","twitter_misc":{"Gesch\u00e4tzte Lesezeit":"3\u00a0Minuten"},"schema":{"@context":"https:\/\/schema.org","@graph":[{"@type":"WebPage","@id":"https:\/\/www.veltec.eu\/de\/product\/kirby-gehaeuse-ueberhold-nl266778\/","url":"https:\/\/www.veltec.eu\/de\/product\/kirby-gehaeuse-ueberhold-nl266778\/","name":"Kirby Geh\u00e4use \u00dcberhold - Veltec Kirby specialist","isPartOf":{"@id":"https:\/\/www.veltec.eu\/en\/#website"},"primaryImageOfPage":{"@id":"https:\/\/www.veltec.eu\/de\/product\/kirby-gehaeuse-ueberhold-nl266778\/#primaryimage"},"image":{"@id":"https:\/\/www.veltec.eu\/de\/product\/kirby-gehaeuse-ueberhold-nl266778\/#primaryimage"},"thumbnailUrl":"https:\/\/www.veltec.eu\/wp-content\/uploads\/2018\/10\/Kirby-behuizing-2.jpg","datePublished":"2018-10-30T08:45:59+00:00","dateModified":"2025-03-31T13:25:01+00:00","description":"Kirby Geh\u00e4use \u00dcberhold Veltec ist seit \u00fcber 25 Jahren der Lieferant von Kirby Staubsaugern. Und ist Ihr vertrauensw\u00fcrdiger Kirby","breadcrumb":{"@id":"https:\/\/www.veltec.eu\/de\/product\/kirby-gehaeuse-ueberhold-nl266778\/#breadcrumb"},"inLanguage":"de","potentialAction":[{"@type":"ReadAction","target":["https:\/\/www.veltec.eu\/de\/product\/kirby-gehaeuse-ueberhold-nl266778\/"]}]},{"@type":"ImageObject","inLanguage":"de","@id":"https:\/\/www.veltec.eu\/de\/product\/kirby-gehaeuse-ueberhold-nl266778\/#primaryimage","url":"https:\/\/www.veltec.eu\/wp-content\/uploads\/2018\/10\/Kirby-behuizing-2.jpg","contentUrl":"https:\/\/www.veltec.eu\/wp-content\/uploads\/2018\/10\/Kirby-behuizing-2.jpg","width":600,"height":600},{"@type":"BreadcrumbList","@id":"https:\/\/www.veltec.eu\/de\/product\/kirby-gehaeuse-ueberhold-nl266778\/#breadcrumb","itemListElement":[{"@type":"ListItem","position":1,"name":"Home","item":"https:\/\/www.veltec.eu\/de\/"},{"@type":"ListItem","position":2,"name":"Kirby Shop","item":"https:\/\/www.veltec.eu\/nl\/shop-page\/"},{"@type":"ListItem","position":3,"name":"Kirby Geh\u00e4use \u00dcberhold"}]},{"@type":"WebSite","@id":"https:\/\/www.veltec.eu\/en\/#website","url":"https:\/\/www.veltec.eu\/en\/","name":"Veltec Kirby specialist","description":"Kirby stofzuiger producten","publisher":{"@id":"https:\/\/www.veltec.eu\/en\/#organization"},"potentialAction":[{"@type":"SearchAction","target":{"@type":"EntryPoint","urlTemplate":"https:\/\/www.veltec.eu\/en\/?s={search_term_string}"},"query-input":{"@type":"PropertyValueSpecification","valueRequired":true,"valueName":"search_term_string"}}],"inLanguage":"de"},{"@type":"Organization","@id":"https:\/\/www.veltec.eu\/en\/#organization","name":"Veltec Kirby Specialist","url":"https:\/\/www.veltec.eu\/en\/","logo":{"@type":"ImageObject","inLanguage":"de","@id":"https:\/\/www.veltec.eu\/en\/#\/schema\/logo\/image\/","url":"https:\/\/www.veltec.eu\/wp-content\/uploads\/2021\/12\/Veltec-log-groot-e1537260889125.png","contentUrl":"https:\/\/www.veltec.eu\/wp-content\/uploads\/2021\/12\/Veltec-log-groot-e1537260889125.png","width":200,"height":60,"caption":"Veltec Kirby Specialist"},"image":{"@id":"https:\/\/www.veltec.eu\/en\/#\/schema\/logo\/image\/"},"sameAs":["https:\/\/www.facebook.com\/Veltec-Kirby-Specialist-236746293374877\/","https:\/\/www.youtube.com\/user\/VeltecService"]}]}},"_links":{"self":[{"href":"https:\/\/www.veltec.eu\/de\/wp-json\/wp\/v2\/product\/10265","targetHints":{"allow":["GET"]}}],"collection":[{"href":"https:\/\/www.veltec.eu\/de\/wp-json\/wp\/v2\/product"}],"about":[{"href":"https:\/\/www.veltec.eu\/de\/wp-json\/wp\/v2\/types\/product"}],"replies":[{"embeddable":true,"href":"https:\/\/www.veltec.eu\/de\/wp-json\/wp\/v2\/comments?post=10265"}],"wp:featuredmedia":[{"embeddable":true,"href":"https:\/\/www.veltec.eu\/de\/wp-json\/wp\/v2\/media\/91038"}],"wp:attachment":[{"href":"https:\/\/www.veltec.eu\/de\/wp-json\/wp\/v2\/media?parent=10265"}],"wp:term":[{"taxonomy":"product_brand","embeddable":true,"href":"https:\/\/www.veltec.eu\/de\/wp-json\/wp\/v2\/product_brand?post=10265"},{"taxonomy":"product_cat","embeddable":true,"href":"https:\/\/www.veltec.eu\/de\/wp-json\/wp\/v2\/product_cat?post=10265"},{"taxonomy":"product_tag","embeddable":true,"href":"https:\/\/www.veltec.eu\/de\/wp-json\/wp\/v2\/product_tag?post=10265"}],"curies":[{"name":"wp","href":"https:\/\/api.w.org\/{rel}","templated":true}]}}