{"id":10185,"date":"2018-10-30T11:41:43","date_gmt":"2018-10-30T09:41:43","guid":{"rendered":"https:\/\/www.veltec.eu\/kirby-webshop\/kirby-lampenkappe-g3-g4-nl3066\/"},"modified":"2025-04-11T13:51:23","modified_gmt":"2025-04-11T11:51:23","slug":"kirby-lampenschirm-g3-und-g4","status":"publish","type":"product","link":"https:\/\/www.veltec.eu\/de\/product\/kirby-lampenschirm-g3-und-g4\/","title":{"rendered":"Kirby Lampenschirm G3 und G4"},"content":{"rendered":"<h2>Kirby Lampenschirm G3 und G4 &#8211; Schutz und perfekte Passform<\/h2>\n<p>Sind Sie auf der Suche nach einem Ersatz f\u00fcr den Kirby Lampenschirm G3 und G4? Dann ist diese originale Abdeckkappe genau das, was Sie brauchen. Diese Kappe wurde speziell zum Schutz der Lampe an der Vorderseite Ihres <a href=\"https:\/\/www.veltec.eu\/de\/kirby-staubsauger\/\">Kirby Staubsaugers<\/a> entwickelt. Dank der robusten Passform und der langlebigen Materialien ist dieses Teil unerl\u00e4sslich, um das Aussehen und die Funktionalit\u00e4t Ihres Staubsaugers zu erhalten.<\/p>\n<p><strong>Diese Lampenabdeckung ist nur f\u00fcr die unten aufgef\u00fchrten Kirby Staubsauger geeignet;<\/strong><\/p>\n<ul>\n<li>Generation 4 (G4)<\/li>\n<li>Generation 3 (G3)<\/li>\n<\/ul>\n<h3>Warum den Kirby Lampenschirm G3 und G4 w\u00e4hlen?<\/h3>\n<p>Wenn Sie feststellen, dass der Lampenschirm besch\u00e4digt ist, sich verf\u00e4rbt hat oder sogar fehlt, kann dies die Funktion des Staubsaugers beeintr\u00e4chtigen. Nicht nur die Lampe ist dann anf\u00e4llig, sondern auch Schmutz kann eindringen und Sch\u00e4den verursachen. Deshalb ist es wichtig, rechtzeitig einen Ersatzschirm zu kaufen.<\/p>\n<p>Au\u00dferdem ist dieser Lampenschirm sowohl mit den Kirby G3- als auch mit den Kirby G4-Modellen kompatibel. So m\u00fcssen Sie sich keine Gedanken \u00fcber die richtige Gr\u00f6\u00dfe oder den Anschluss machen. Sie erhalten einen Schirm, der perfekt zu Ihrem vorhandenen Kirby Staubsauger passt, ohne dass Sie etwas anpassen oder zus\u00e4tzliche Teile kaufen m\u00fcssen.<\/p>\n<p>Hier finden Sie alle<a href=\"https:\/\/www.veltec.eu\/de\/kirby-lampen-und-lampenkappen\/\"> Kirby Staubsaugerlampen und -kappen<\/a><\/p>\n<h2>Einfache Montage und langlebiges Material<\/h2>\n<h3>Einfacher Austausch<\/h3>\n<p>Dank seines intelligenten Designs l\u00e4sst sich der Kirby-Lampenschirm leicht selbst austauschen. Sie brauchen weder technisches Verst\u00e4ndnis noch Spezialwerkzeug, um dieses Teil zu montieren. Das bedeutet, dass Sie Ihren Staubsauger schnell wieder benutzen k\u00f6nnen, ohne \u00c4rger oder lange Wartezeiten bei einem Reparaturservice.<\/p>\n<h3>F\u00fcr eine lange Nutzungsdauer gemacht<\/h3>\n<p>Die Kappe ist aus hochwertigem Kunststoff gefertigt, der St\u00f6\u00dfen, Kratzern und Verf\u00e4rbungen standh\u00e4lt. Dadurch sieht die Kappe nicht nur gut aus, sondern sch\u00fctzt auch das Licht f\u00fcr eine lange Zeit. Sie entscheiden sich also nicht nur f\u00fcr Komfort, sondern auch f\u00fcr Qualit\u00e4t und Langlebigkeit.<\/p>\n<h2>Ihr Kirby Staubsauger wie neu<\/h2>\n<p>Ein kleines Teil wie ein Lampenschirm kann einen \u00fcberraschend gro\u00dfen Unterschied machen. Nicht nur in Bezug auf das Aussehen, sondern auch in Bezug auf die Sicherheit und den Betrieb. Mit dem Kauf dieses Kirby-Lampenschirms G3 und G4:<\/p>\n<ul>\n<li>Verl\u00e4ngern Sie die Lebensdauer Ihres Staubsaugers<\/li>\n<li>sch\u00fctzen Sie wichtige Teile vor Besch\u00e4digungen<\/li>\n<li>sorgen Sie f\u00fcr ein sauberes und aufger\u00e4umtes Erscheinungsbild<\/li>\n<\/ul>\n<p>Warten Sie also nicht zu lange mit dem Austausch und schenken Sie Ihrem Kirby Staubsauger die Aufmerksamkeit, die er verdient.<\/p>\n","protected":false},"excerpt":{"rendered":"<p>Lampenkappe f\u00fcr Kirby G3 und G4.<\/p>\n[trustindex data-widget-id=31675542425128034566e10b5fb]\n<h3><span style=\"color: #008000;\"><br \/>\nVorr\u00e4tig<\/span><\/h3>\n[av_font_icon icon='ue812' font='entypo-fontello' style='' caption='' size='25px' position='left' color='#43ad66' link='' linktarget='' title_attr='' sonar_effect_effect='' sonar_effect_color='' sonar_effect_duration='1' sonar_effect_scale='' sonar_effect_opac='0.5' animation='' id='' custom_class='' template_class='' av_uid='' sc_version='1.0' admin_preview_bg=''][\/av_font_icon]\n<p><span style=\"color: #008000;\">Vor 23:59 uhr bestellt, morgen versendet<\/span><\/p>\n<p>&nbsp;<\/p>\n","protected":false},"featured_media":90564,"comment_status":"open","ping_status":"closed","template":"","meta":[],"product_brand":[],"product_cat":[300],"product_tag":[],"class_list":{"0":"post-10185","1":"product","2":"type-product","3":"status-publish","4":"has-post-thumbnail","6":"product_cat-kirby-lampen-und-lampenkappen","7":"product_shipping_class-klein-de","9":"first","10":"instock","11":"taxable","12":"shipping-taxable","13":"purchasable","14":"product-type-simple"},"yoast_head":"<!-- This site is optimized with the Yoast SEO Premium plugin v27.1 (Yoast SEO v27.4) - https:\/\/yoast.com\/product\/yoast-seo-premium-wordpress\/ -->\n<title>Kirby Lampenschirm G3 und G4 - Veltec Kirby specialist<\/title>\n<meta name=\"description\" content=\"Kirby Lampenschirm G3 und G4 - Veltec ist seit \u00fcber 25 Jahren der Lieferant von Kirby Staubsaugern. Und ist Ihr vertrauensw\u00fcrdiger Kirby\" \/>\n<meta name=\"robots\" content=\"index, follow, max-snippet:-1, max-image-preview:large, max-video-preview:-1\" \/>\n<link rel=\"canonical\" href=\"https:\/\/www.veltec.eu\/nl\/product\/kirby-lampenkapje-g3-en-g4\/\" \/>\n<meta property=\"og:locale\" content=\"de_DE\" \/>\n<meta property=\"og:type\" content=\"article\" \/>\n<meta property=\"og:title\" content=\"Kirby Lampenschirm G3 und G4\" \/>\n<meta property=\"og:description\" content=\"Lampenkappe f\u00fcr Kirby G3 und G4.    Vorr\u00e4tig   Vor 23:59 uhr bestellt, morgen versendet  &nbsp;\" \/>\n<meta property=\"og:url\" content=\"https:\/\/www.veltec.eu\/nl\/product\/kirby-lampenkapje-g3-en-g4\/\" \/>\n<meta property=\"og:site_name\" content=\"Veltec Kirby specialist\" \/>\n<meta property=\"article:publisher\" content=\"https:\/\/www.facebook.com\/Veltec-Kirby-Specialist-236746293374877\/\" \/>\n<meta property=\"article:modified_time\" content=\"2025-04-11T11:51:23+00:00\" \/>\n<meta property=\"og:image\" content=\"https:\/\/www.veltec.eu\/wp-content\/uploads\/2018\/10\/lampen_kapje_g3_tm_g4.jpg\" \/>\n\t<meta property=\"og:image:width\" content=\"300\" \/>\n\t<meta property=\"og:image:height\" content=\"300\" \/>\n\t<meta property=\"og:image:type\" content=\"image\/jpeg\" \/>\n<meta name=\"twitter:card\" content=\"summary_large_image\" \/>\n<meta name=\"twitter:label1\" content=\"Gesch\u00e4tzte Lesezeit\" \/>\n\t<meta name=\"twitter:data1\" content=\"2\u00a0Minuten\" \/>\n<script type=\"application\/ld+json\" class=\"yoast-schema-graph\">{\"@context\":\"https:\\\/\\\/schema.org\",\"@graph\":[{\"@type\":\"WebPage\",\"@id\":\"https:\\\/\\\/www.veltec.eu\\\/nl\\\/product\\\/kirby-lampenkapje-g3-en-g4\\\/\",\"url\":\"https:\\\/\\\/www.veltec.eu\\\/nl\\\/product\\\/kirby-lampenkapje-g3-en-g4\\\/\",\"name\":\"Kirby Lampenschirm G3 und G4 - Veltec Kirby specialist\",\"isPartOf\":{\"@id\":\"https:\\\/\\\/www.veltec.eu\\\/en\\\/#website\"},\"primaryImageOfPage\":{\"@id\":\"https:\\\/\\\/www.veltec.eu\\\/nl\\\/product\\\/kirby-lampenkapje-g3-en-g4\\\/#primaryimage\"},\"image\":{\"@id\":\"https:\\\/\\\/www.veltec.eu\\\/nl\\\/product\\\/kirby-lampenkapje-g3-en-g4\\\/#primaryimage\"},\"thumbnailUrl\":\"https:\\\/\\\/www.veltec.eu\\\/wp-content\\\/uploads\\\/2018\\\/10\\\/Lampenkapje-Kirby-G3-G4.jpg\",\"datePublished\":\"2018-10-30T09:41:43+00:00\",\"dateModified\":\"2025-04-11T11:51:23+00:00\",\"description\":\"Kirby Lampenschirm G3 und G4 - Veltec ist seit \u00fcber 25 Jahren der Lieferant von Kirby Staubsaugern. Und ist Ihr vertrauensw\u00fcrdiger Kirby\",\"breadcrumb\":{\"@id\":\"https:\\\/\\\/www.veltec.eu\\\/nl\\\/product\\\/kirby-lampenkapje-g3-en-g4\\\/#breadcrumb\"},\"inLanguage\":\"de\",\"potentialAction\":[{\"@type\":\"ReadAction\",\"target\":[\"https:\\\/\\\/www.veltec.eu\\\/nl\\\/product\\\/kirby-lampenkapje-g3-en-g4\\\/\"]}]},{\"@type\":\"ImageObject\",\"inLanguage\":\"de\",\"@id\":\"https:\\\/\\\/www.veltec.eu\\\/nl\\\/product\\\/kirby-lampenkapje-g3-en-g4\\\/#primaryimage\",\"url\":\"https:\\\/\\\/www.veltec.eu\\\/wp-content\\\/uploads\\\/2018\\\/10\\\/Lampenkapje-Kirby-G3-G4.jpg\",\"contentUrl\":\"https:\\\/\\\/www.veltec.eu\\\/wp-content\\\/uploads\\\/2018\\\/10\\\/Lampenkapje-Kirby-G3-G4.jpg\",\"width\":600,\"height\":600},{\"@type\":\"BreadcrumbList\",\"@id\":\"https:\\\/\\\/www.veltec.eu\\\/nl\\\/product\\\/kirby-lampenkapje-g3-en-g4\\\/#breadcrumb\",\"itemListElement\":[{\"@type\":\"ListItem\",\"position\":1,\"name\":\"Home\",\"item\":\"https:\\\/\\\/www.veltec.eu\\\/de\\\/\"},{\"@type\":\"ListItem\",\"position\":2,\"name\":\"Produits\",\"item\":\"https:\\\/\\\/www.veltec.eu\\\/fr\\\/shop\\\/\"},{\"@type\":\"ListItem\",\"position\":3,\"name\":\"Kirby Lampenschirm G3 und G4\"}]},{\"@type\":\"WebSite\",\"@id\":\"https:\\\/\\\/www.veltec.eu\\\/en\\\/#website\",\"url\":\"https:\\\/\\\/www.veltec.eu\\\/en\\\/\",\"name\":\"Veltec Kirby specialist\",\"description\":\"Kirby stofzuiger producten\",\"publisher\":{\"@id\":\"https:\\\/\\\/www.veltec.eu\\\/en\\\/#organization\"},\"potentialAction\":[{\"@type\":\"SearchAction\",\"target\":{\"@type\":\"EntryPoint\",\"urlTemplate\":\"https:\\\/\\\/www.veltec.eu\\\/en\\\/?s={search_term_string}\"},\"query-input\":{\"@type\":\"PropertyValueSpecification\",\"valueRequired\":true,\"valueName\":\"search_term_string\"}}],\"inLanguage\":\"de\"},{\"@type\":\"Organization\",\"@id\":\"https:\\\/\\\/www.veltec.eu\\\/en\\\/#organization\",\"name\":\"Veltec Kirby Specialist\",\"url\":\"https:\\\/\\\/www.veltec.eu\\\/en\\\/\",\"logo\":{\"@type\":\"ImageObject\",\"inLanguage\":\"de\",\"@id\":\"https:\\\/\\\/www.veltec.eu\\\/en\\\/#\\\/schema\\\/logo\\\/image\\\/\",\"url\":\"https:\\\/\\\/www.veltec.eu\\\/wp-content\\\/uploads\\\/2021\\\/12\\\/Veltec-log-groot-e1537260889125.png\",\"contentUrl\":\"https:\\\/\\\/www.veltec.eu\\\/wp-content\\\/uploads\\\/2021\\\/12\\\/Veltec-log-groot-e1537260889125.png\",\"width\":200,\"height\":60,\"caption\":\"Veltec Kirby Specialist\"},\"image\":{\"@id\":\"https:\\\/\\\/www.veltec.eu\\\/en\\\/#\\\/schema\\\/logo\\\/image\\\/\"},\"sameAs\":[\"https:\\\/\\\/www.facebook.com\\\/Veltec-Kirby-Specialist-236746293374877\\\/\",\"https:\\\/\\\/www.youtube.com\\\/user\\\/VeltecService\"]}]}<\/script>\n<!-- \/ Yoast SEO Premium plugin. -->","yoast_head_json":{"title":"Kirby Lampenschirm G3 und G4 - Veltec Kirby specialist","description":"Kirby Lampenschirm G3 und G4 - Veltec ist seit \u00fcber 25 Jahren der Lieferant von Kirby Staubsaugern. Und ist Ihr vertrauensw\u00fcrdiger Kirby","robots":{"index":"index","follow":"follow","max-snippet":"max-snippet:-1","max-image-preview":"max-image-preview:large","max-video-preview":"max-video-preview:-1"},"canonical":"https:\/\/www.veltec.eu\/nl\/product\/kirby-lampenkapje-g3-en-g4\/","og_locale":"de_DE","og_type":"article","og_title":"Kirby Lampenschirm G3 und G4","og_description":"Lampenkappe f\u00fcr Kirby G3 und G4.    Vorr\u00e4tig   Vor 23:59 uhr bestellt, morgen versendet  &nbsp;","og_url":"https:\/\/www.veltec.eu\/nl\/product\/kirby-lampenkapje-g3-en-g4\/","og_site_name":"Veltec Kirby specialist","article_publisher":"https:\/\/www.facebook.com\/Veltec-Kirby-Specialist-236746293374877\/","article_modified_time":"2025-04-11T11:51:23+00:00","og_image":[{"width":300,"height":300,"url":"https:\/\/www.veltec.eu\/wp-content\/uploads\/2018\/10\/lampen_kapje_g3_tm_g4.jpg","type":"image\/jpeg"}],"twitter_card":"summary_large_image","twitter_misc":{"Gesch\u00e4tzte Lesezeit":"2\u00a0Minuten"},"schema":{"@context":"https:\/\/schema.org","@graph":[{"@type":"WebPage","@id":"https:\/\/www.veltec.eu\/nl\/product\/kirby-lampenkapje-g3-en-g4\/","url":"https:\/\/www.veltec.eu\/nl\/product\/kirby-lampenkapje-g3-en-g4\/","name":"Kirby Lampenschirm G3 und G4 - Veltec Kirby specialist","isPartOf":{"@id":"https:\/\/www.veltec.eu\/en\/#website"},"primaryImageOfPage":{"@id":"https:\/\/www.veltec.eu\/nl\/product\/kirby-lampenkapje-g3-en-g4\/#primaryimage"},"image":{"@id":"https:\/\/www.veltec.eu\/nl\/product\/kirby-lampenkapje-g3-en-g4\/#primaryimage"},"thumbnailUrl":"https:\/\/www.veltec.eu\/wp-content\/uploads\/2018\/10\/Lampenkapje-Kirby-G3-G4.jpg","datePublished":"2018-10-30T09:41:43+00:00","dateModified":"2025-04-11T11:51:23+00:00","description":"Kirby Lampenschirm G3 und G4 - Veltec ist seit \u00fcber 25 Jahren der Lieferant von Kirby Staubsaugern. Und ist Ihr vertrauensw\u00fcrdiger Kirby","breadcrumb":{"@id":"https:\/\/www.veltec.eu\/nl\/product\/kirby-lampenkapje-g3-en-g4\/#breadcrumb"},"inLanguage":"de","potentialAction":[{"@type":"ReadAction","target":["https:\/\/www.veltec.eu\/nl\/product\/kirby-lampenkapje-g3-en-g4\/"]}]},{"@type":"ImageObject","inLanguage":"de","@id":"https:\/\/www.veltec.eu\/nl\/product\/kirby-lampenkapje-g3-en-g4\/#primaryimage","url":"https:\/\/www.veltec.eu\/wp-content\/uploads\/2018\/10\/Lampenkapje-Kirby-G3-G4.jpg","contentUrl":"https:\/\/www.veltec.eu\/wp-content\/uploads\/2018\/10\/Lampenkapje-Kirby-G3-G4.jpg","width":600,"height":600},{"@type":"BreadcrumbList","@id":"https:\/\/www.veltec.eu\/nl\/product\/kirby-lampenkapje-g3-en-g4\/#breadcrumb","itemListElement":[{"@type":"ListItem","position":1,"name":"Home","item":"https:\/\/www.veltec.eu\/de\/"},{"@type":"ListItem","position":2,"name":"Produits","item":"https:\/\/www.veltec.eu\/fr\/shop\/"},{"@type":"ListItem","position":3,"name":"Kirby Lampenschirm G3 und G4"}]},{"@type":"WebSite","@id":"https:\/\/www.veltec.eu\/en\/#website","url":"https:\/\/www.veltec.eu\/en\/","name":"Veltec Kirby specialist","description":"Kirby stofzuiger producten","publisher":{"@id":"https:\/\/www.veltec.eu\/en\/#organization"},"potentialAction":[{"@type":"SearchAction","target":{"@type":"EntryPoint","urlTemplate":"https:\/\/www.veltec.eu\/en\/?s={search_term_string}"},"query-input":{"@type":"PropertyValueSpecification","valueRequired":true,"valueName":"search_term_string"}}],"inLanguage":"de"},{"@type":"Organization","@id":"https:\/\/www.veltec.eu\/en\/#organization","name":"Veltec Kirby Specialist","url":"https:\/\/www.veltec.eu\/en\/","logo":{"@type":"ImageObject","inLanguage":"de","@id":"https:\/\/www.veltec.eu\/en\/#\/schema\/logo\/image\/","url":"https:\/\/www.veltec.eu\/wp-content\/uploads\/2021\/12\/Veltec-log-groot-e1537260889125.png","contentUrl":"https:\/\/www.veltec.eu\/wp-content\/uploads\/2021\/12\/Veltec-log-groot-e1537260889125.png","width":200,"height":60,"caption":"Veltec Kirby Specialist"},"image":{"@id":"https:\/\/www.veltec.eu\/en\/#\/schema\/logo\/image\/"},"sameAs":["https:\/\/www.facebook.com\/Veltec-Kirby-Specialist-236746293374877\/","https:\/\/www.youtube.com\/user\/VeltecService"]}]}},"_links":{"self":[{"href":"https:\/\/www.veltec.eu\/de\/wp-json\/wp\/v2\/product\/10185","targetHints":{"allow":["GET"]}}],"collection":[{"href":"https:\/\/www.veltec.eu\/de\/wp-json\/wp\/v2\/product"}],"about":[{"href":"https:\/\/www.veltec.eu\/de\/wp-json\/wp\/v2\/types\/product"}],"replies":[{"embeddable":true,"href":"https:\/\/www.veltec.eu\/de\/wp-json\/wp\/v2\/comments?post=10185"}],"wp:featuredmedia":[{"embeddable":true,"href":"https:\/\/www.veltec.eu\/de\/wp-json\/wp\/v2\/media\/90564"}],"wp:attachment":[{"href":"https:\/\/www.veltec.eu\/de\/wp-json\/wp\/v2\/media?parent=10185"}],"wp:term":[{"taxonomy":"product_brand","embeddable":true,"href":"https:\/\/www.veltec.eu\/de\/wp-json\/wp\/v2\/product_brand?post=10185"},{"taxonomy":"product_cat","embeddable":true,"href":"https:\/\/www.veltec.eu\/de\/wp-json\/wp\/v2\/product_cat?post=10185"},{"taxonomy":"product_tag","embeddable":true,"href":"https:\/\/www.veltec.eu\/de\/wp-json\/wp\/v2\/product_tag?post=10185"}],"curies":[{"name":"wp","href":"https:\/\/api.w.org\/{rel}","templated":true}]}}