{"id":10120,"date":"2018-10-30T12:53:02","date_gmt":"2018-10-30T10:53:02","guid":{"rendered":"https:\/\/www.veltec.eu\/kirby-webshop\/kirby-rolllager-fur-die-schubkonsole-nl3092\/"},"modified":"2025-04-07T10:10:21","modified_gmt":"2025-04-07T08:10:21","slug":"kirby-rolllager-fur-die-schubkonsole-nl3092","status":"publish","type":"product","link":"https:\/\/www.veltec.eu\/de\/product\/kirby-rolllager-fur-die-schubkonsole-nl3092\/","title":{"rendered":"Kirby Rolllager f\u00fcr die Schubkonsole"},"content":{"rendered":"<h2>Kirby Rolllager f\u00fcr die Schubkonsole &#8211; F\u00fcr einen Staubsauger, der reibungslos funktioniert<\/h2>\n<p>Wenn Sie feststellen, dass Ihr Kirby Staubsauger nicht mehr so leicht gleitet wie fr\u00fcher, ist die Wahrscheinlichkeit gro\u00df, dass die Schiebekonsole nicht mehr optimal funktioniert. Die Kirby Rolllager f\u00fcr die Schubkonsole sind dann die L\u00f6sung. Diese beiden hochwertigen Rollenlager werden einfach zwischen die F\u00fchrungen und den Gleitblock der Konsole gelegt, so dass sich Ihr Kirby wieder m\u00fchelos bewegt, genau wie Sie es gewohnt sind.<\/p>\n<p>2x Rollenlager f\u00fcr Schiebekonsole.<\/p>\n<p><strong>Diese Rollenlager sind f\u00fcr alle Kirby Staubsauger geeignet;<\/strong><\/p>\n<ul>\n<li>Avalir Platinum<\/li>\n<li>Avalir 2<\/li>\n<li>Avalir 1<\/li>\n<li>Sentria 2 (G10D)<\/li>\n<li>Sentria 1 (G10)<\/li>\n<li>Ultimate G Diamond Ed.(G7D or DE)<\/li>\n<li>Ultimate G (G7 or UG)<\/li>\n<li>Generation 6 (G6)<\/li>\n<li>Generation 5 (G5)<\/li>\n<li>Generation 4 (G4)<\/li>\n<li>Generation 3 (G3)<\/li>\n<\/ul>\n<p data-start=\"429\" data-end=\"838\"><a href=\"https:\/\/www.veltec.eu\/de\/kirby-gehause\/\">Hier finden Sie alle Kirby Geh\u00e4use<\/a><\/p>\n<h3>Warum sollten Sie diese Kirby Rolllager f\u00fcr die Schubkonsole w\u00e4hlen?<\/h3>\n<p>Zun\u00e4chst einmal ist es gut zu wissen, dass diese Rollenlager f\u00fcr jeden Kirby Staubsauger geeignet sind, unabh\u00e4ngig vom Modell. Egal, ob Sie ein \u00e4lteres oder ein neueres Modell haben, diese Lager werden immer passen. Dar\u00fcber hinaus sind sie speziell f\u00fcr eine optimale Leistung in der Schiebekonsole ausgelegt. Das bedeutet, dass sich der Staubsauger sanfter, leichter und leiser bewegt, was letztlich zu einer l\u00e4ngeren Lebensdauer des Ger\u00e4ts beitr\u00e4gt.<\/p>\n<p>Au\u00dferdem sorgt die einfache Installation daf\u00fcr, dass Sie auch ohne technische Kenntnisse loslegen k\u00f6nnen. Da die Lager genau zugeschnitten sind, f\u00fcgen sie sich nahtlos in die vorhandenen Schlitze der Schiebekonsole ein. So werden Verschlei\u00df oder Besch\u00e4digungen an anderen Teilen vermieden.<\/p>\n<h3>Die Vorteile auf einen Blick<\/h3>\n<ul>\n<li>Perfekte Passform f\u00fcr alle Kirby-Modelle<\/li>\n<li>Verbessert die Bewegungsfreiheit des Staubsaugers<\/li>\n<li>Verl\u00e4ngert die Lebensdauer der Schiebekonsole<\/li>\n<li>Einfach zu montieren, ohne zus\u00e4tzliches Werkzeug<\/li>\n<li>Hergestellt aus langlebigen Materialien, die eine lange Lebensdauer haben<\/li>\n<\/ul>\n<h2>Woher wissen Sie, ob bei Ihrem Kirby neue Rollenlager f\u00e4llig sind?<\/h2>\n<p>Achten Sie auf Anzeichen wie eine schwerg\u00e4ngige Bewegung, ein Schleifger\u00e4usch oder Schwierigkeiten beim Schieben der Konsole. Diese Symptome deuten oft auf verschlissene oder blockierte Lager hin. In diesem Fall ist es ratsam, die Kirby-Rollenlager f\u00fcr die Schiebekonsole rechtzeitig zu ersetzen. So beugen Sie weiteren Sch\u00e4den an Ihrem Staubsauger vor und der Betrieb bleibt optimal.<\/p>\n<h3>Einfach und schnell bestellen<\/h3>\n<p>Warten Sie also nicht, bis Ihr Kirby komplett ausf\u00e4llt. Mit diesem Satz Rollenlager k\u00f6nnen Sie Ihrem Staubsauger ganz einfach ein zweites Leben schenken. Sie k\u00f6nnen schnell und sicher \u00fcber unseren Webshop bestellen. Au\u00dferdem profitieren Sie von einer schnellen Lieferung und einem ausgezeichneten Kundenservice, falls Sie Fragen haben.<\/p>\n","protected":false},"excerpt":{"rendered":"<p>2 Rolllager f\u00fcr die Schubkonsole.<\/p>\n[trustindex data-widget-id=31675542425128034566e10b5fb]\n<h3><span style=\"color: #008000;\"><br \/>\nVorr\u00e4tig<\/span><\/h3>\n[av_font_icon icon='ue812' font='entypo-fontello' style='' caption='' size='25px' position='left' color='#43ad66' link='' linktarget='' title_attr='' sonar_effect_effect='' sonar_effect_color='' sonar_effect_duration='1' sonar_effect_scale='' sonar_effect_opac='0.5' animation='' id='' custom_class='' template_class='' av_uid='' sc_version='1.0' admin_preview_bg=''][\/av_font_icon]\n<p><span style=\"color: #008000;\">Vor 23:59 uhr bestellt, morgen versendet<\/span><\/p>\n<p>&nbsp;<\/p>\n","protected":false},"featured_media":90490,"comment_status":"open","ping_status":"closed","template":"","meta":[],"product_brand":[],"product_cat":[305,290],"product_tag":[],"class_list":{"0":"post-10120","1":"product","2":"type-product","3":"status-publish","4":"has-post-thumbnail","6":"product_cat-kirby-gehause","7":"product_cat-kirby-stiel-und-zubehor","8":"product_shipping_class-klein-de","10":"first","11":"instock","12":"taxable","13":"shipping-taxable","14":"purchasable","15":"product-type-simple"},"yoast_head":"<!-- This site is optimized with the Yoast SEO Premium plugin v27.1 (Yoast SEO v27.4) - https:\/\/yoast.com\/product\/yoast-seo-premium-wordpress\/ -->\n<title>Kirby Rolllager f\u00fcr die Schubkonsole - Veltec Kirby specialist<\/title>\n<meta name=\"description\" content=\"Kirby Rolllager f\u00fcr die Schubkonsole - Veltec ist seit \u00fcber 25 Jahren der Lieferant von Kirby Staubsaugern. Und ist Ihr vertrauensw\u00fcrdiger\" \/>\n<meta name=\"robots\" content=\"index, follow, max-snippet:-1, max-image-preview:large, max-video-preview:-1\" \/>\n<link rel=\"canonical\" href=\"https:\/\/www.veltec.eu\/de\/product\/kirby-rolllager-fur-die-schubkonsole-nl3092\/\" \/>\n<meta property=\"og:locale\" content=\"de_DE\" \/>\n<meta property=\"og:type\" content=\"article\" \/>\n<meta property=\"og:title\" content=\"Kirby Rolllager f\u00fcr die Schubkonsole\" \/>\n<meta property=\"og:description\" content=\"2 Rolllager f\u00fcr die Schubkonsole.    Vorr\u00e4tig   Vor 23:59 uhr bestellt, morgen versendet  &nbsp;\" \/>\n<meta property=\"og:url\" content=\"https:\/\/www.veltec.eu\/de\/product\/kirby-rolllager-fur-die-schubkonsole-nl3092\/\" \/>\n<meta property=\"og:site_name\" content=\"Veltec Kirby specialist\" \/>\n<meta property=\"article:publisher\" content=\"https:\/\/www.facebook.com\/Veltec-Kirby-Specialist-236746293374877\/\" \/>\n<meta property=\"article:modified_time\" content=\"2025-04-07T08:10:21+00:00\" \/>\n<meta property=\"og:image\" content=\"https:\/\/www.veltec.eu\/wp-content\/uploads\/2018\/10\/kirby_rollagers_voor_schuifconsole.jpg\" \/>\n\t<meta property=\"og:image:width\" content=\"300\" \/>\n\t<meta property=\"og:image:height\" content=\"300\" \/>\n\t<meta property=\"og:image:type\" content=\"image\/jpeg\" \/>\n<meta name=\"twitter:card\" content=\"summary_large_image\" \/>\n<meta name=\"twitter:label1\" content=\"Gesch\u00e4tzte Lesezeit\" \/>\n\t<meta name=\"twitter:data1\" content=\"2\u00a0Minuten\" \/>\n<script type=\"application\/ld+json\" class=\"yoast-schema-graph\">{\"@context\":\"https:\\\/\\\/schema.org\",\"@graph\":[{\"@type\":\"WebPage\",\"@id\":\"https:\\\/\\\/www.veltec.eu\\\/de\\\/product\\\/kirby-rolllager-fur-die-schubkonsole-nl3092\\\/\",\"url\":\"https:\\\/\\\/www.veltec.eu\\\/de\\\/product\\\/kirby-rolllager-fur-die-schubkonsole-nl3092\\\/\",\"name\":\"Kirby Rolllager f\u00fcr die Schubkonsole - Veltec Kirby specialist\",\"isPartOf\":{\"@id\":\"https:\\\/\\\/www.veltec.eu\\\/en\\\/#website\"},\"primaryImageOfPage\":{\"@id\":\"https:\\\/\\\/www.veltec.eu\\\/de\\\/product\\\/kirby-rolllager-fur-die-schubkonsole-nl3092\\\/#primaryimage\"},\"image\":{\"@id\":\"https:\\\/\\\/www.veltec.eu\\\/de\\\/product\\\/kirby-rolllager-fur-die-schubkonsole-nl3092\\\/#primaryimage\"},\"thumbnailUrl\":\"https:\\\/\\\/www.veltec.eu\\\/wp-content\\\/uploads\\\/2018\\\/10\\\/Kirby-rollagers.jpg\",\"datePublished\":\"2018-10-30T10:53:02+00:00\",\"dateModified\":\"2025-04-07T08:10:21+00:00\",\"description\":\"Kirby Rolllager f\u00fcr die Schubkonsole - Veltec ist seit \u00fcber 25 Jahren der Lieferant von Kirby Staubsaugern. Und ist Ihr vertrauensw\u00fcrdiger\",\"breadcrumb\":{\"@id\":\"https:\\\/\\\/www.veltec.eu\\\/de\\\/product\\\/kirby-rolllager-fur-die-schubkonsole-nl3092\\\/#breadcrumb\"},\"inLanguage\":\"de\",\"potentialAction\":[{\"@type\":\"ReadAction\",\"target\":[\"https:\\\/\\\/www.veltec.eu\\\/de\\\/product\\\/kirby-rolllager-fur-die-schubkonsole-nl3092\\\/\"]}]},{\"@type\":\"ImageObject\",\"inLanguage\":\"de\",\"@id\":\"https:\\\/\\\/www.veltec.eu\\\/de\\\/product\\\/kirby-rolllager-fur-die-schubkonsole-nl3092\\\/#primaryimage\",\"url\":\"https:\\\/\\\/www.veltec.eu\\\/wp-content\\\/uploads\\\/2018\\\/10\\\/Kirby-rollagers.jpg\",\"contentUrl\":\"https:\\\/\\\/www.veltec.eu\\\/wp-content\\\/uploads\\\/2018\\\/10\\\/Kirby-rollagers.jpg\",\"width\":600,\"height\":600},{\"@type\":\"BreadcrumbList\",\"@id\":\"https:\\\/\\\/www.veltec.eu\\\/de\\\/product\\\/kirby-rolllager-fur-die-schubkonsole-nl3092\\\/#breadcrumb\",\"itemListElement\":[{\"@type\":\"ListItem\",\"position\":1,\"name\":\"Home\",\"item\":\"https:\\\/\\\/www.veltec.eu\\\/de\\\/\"},{\"@type\":\"ListItem\",\"position\":2,\"name\":\"Produits\",\"item\":\"https:\\\/\\\/www.veltec.eu\\\/fr\\\/shop\\\/\"},{\"@type\":\"ListItem\",\"position\":3,\"name\":\"Kirby Rolllager f\u00fcr die Schubkonsole\"}]},{\"@type\":\"WebSite\",\"@id\":\"https:\\\/\\\/www.veltec.eu\\\/en\\\/#website\",\"url\":\"https:\\\/\\\/www.veltec.eu\\\/en\\\/\",\"name\":\"Veltec Kirby specialist\",\"description\":\"Kirby stofzuiger producten\",\"publisher\":{\"@id\":\"https:\\\/\\\/www.veltec.eu\\\/en\\\/#organization\"},\"potentialAction\":[{\"@type\":\"SearchAction\",\"target\":{\"@type\":\"EntryPoint\",\"urlTemplate\":\"https:\\\/\\\/www.veltec.eu\\\/en\\\/?s={search_term_string}\"},\"query-input\":{\"@type\":\"PropertyValueSpecification\",\"valueRequired\":true,\"valueName\":\"search_term_string\"}}],\"inLanguage\":\"de\"},{\"@type\":\"Organization\",\"@id\":\"https:\\\/\\\/www.veltec.eu\\\/en\\\/#organization\",\"name\":\"Veltec Kirby Specialist\",\"url\":\"https:\\\/\\\/www.veltec.eu\\\/en\\\/\",\"logo\":{\"@type\":\"ImageObject\",\"inLanguage\":\"de\",\"@id\":\"https:\\\/\\\/www.veltec.eu\\\/en\\\/#\\\/schema\\\/logo\\\/image\\\/\",\"url\":\"https:\\\/\\\/www.veltec.eu\\\/wp-content\\\/uploads\\\/2021\\\/12\\\/Veltec-log-groot-e1537260889125.png\",\"contentUrl\":\"https:\\\/\\\/www.veltec.eu\\\/wp-content\\\/uploads\\\/2021\\\/12\\\/Veltec-log-groot-e1537260889125.png\",\"width\":200,\"height\":60,\"caption\":\"Veltec Kirby Specialist\"},\"image\":{\"@id\":\"https:\\\/\\\/www.veltec.eu\\\/en\\\/#\\\/schema\\\/logo\\\/image\\\/\"},\"sameAs\":[\"https:\\\/\\\/www.facebook.com\\\/Veltec-Kirby-Specialist-236746293374877\\\/\",\"https:\\\/\\\/www.youtube.com\\\/user\\\/VeltecService\"]}]}<\/script>\n<!-- \/ Yoast SEO Premium plugin. -->","yoast_head_json":{"title":"Kirby Rolllager f\u00fcr die Schubkonsole - Veltec Kirby specialist","description":"Kirby Rolllager f\u00fcr die Schubkonsole - Veltec ist seit \u00fcber 25 Jahren der Lieferant von Kirby Staubsaugern. Und ist Ihr vertrauensw\u00fcrdiger","robots":{"index":"index","follow":"follow","max-snippet":"max-snippet:-1","max-image-preview":"max-image-preview:large","max-video-preview":"max-video-preview:-1"},"canonical":"https:\/\/www.veltec.eu\/de\/product\/kirby-rolllager-fur-die-schubkonsole-nl3092\/","og_locale":"de_DE","og_type":"article","og_title":"Kirby Rolllager f\u00fcr die Schubkonsole","og_description":"2 Rolllager f\u00fcr die Schubkonsole.    Vorr\u00e4tig   Vor 23:59 uhr bestellt, morgen versendet  &nbsp;","og_url":"https:\/\/www.veltec.eu\/de\/product\/kirby-rolllager-fur-die-schubkonsole-nl3092\/","og_site_name":"Veltec Kirby specialist","article_publisher":"https:\/\/www.facebook.com\/Veltec-Kirby-Specialist-236746293374877\/","article_modified_time":"2025-04-07T08:10:21+00:00","og_image":[{"width":300,"height":300,"url":"https:\/\/www.veltec.eu\/wp-content\/uploads\/2018\/10\/kirby_rollagers_voor_schuifconsole.jpg","type":"image\/jpeg"}],"twitter_card":"summary_large_image","twitter_misc":{"Gesch\u00e4tzte Lesezeit":"2\u00a0Minuten"},"schema":{"@context":"https:\/\/schema.org","@graph":[{"@type":"WebPage","@id":"https:\/\/www.veltec.eu\/de\/product\/kirby-rolllager-fur-die-schubkonsole-nl3092\/","url":"https:\/\/www.veltec.eu\/de\/product\/kirby-rolllager-fur-die-schubkonsole-nl3092\/","name":"Kirby Rolllager f\u00fcr die Schubkonsole - Veltec Kirby specialist","isPartOf":{"@id":"https:\/\/www.veltec.eu\/en\/#website"},"primaryImageOfPage":{"@id":"https:\/\/www.veltec.eu\/de\/product\/kirby-rolllager-fur-die-schubkonsole-nl3092\/#primaryimage"},"image":{"@id":"https:\/\/www.veltec.eu\/de\/product\/kirby-rolllager-fur-die-schubkonsole-nl3092\/#primaryimage"},"thumbnailUrl":"https:\/\/www.veltec.eu\/wp-content\/uploads\/2018\/10\/Kirby-rollagers.jpg","datePublished":"2018-10-30T10:53:02+00:00","dateModified":"2025-04-07T08:10:21+00:00","description":"Kirby Rolllager f\u00fcr die Schubkonsole - Veltec ist seit \u00fcber 25 Jahren der Lieferant von Kirby Staubsaugern. Und ist Ihr vertrauensw\u00fcrdiger","breadcrumb":{"@id":"https:\/\/www.veltec.eu\/de\/product\/kirby-rolllager-fur-die-schubkonsole-nl3092\/#breadcrumb"},"inLanguage":"de","potentialAction":[{"@type":"ReadAction","target":["https:\/\/www.veltec.eu\/de\/product\/kirby-rolllager-fur-die-schubkonsole-nl3092\/"]}]},{"@type":"ImageObject","inLanguage":"de","@id":"https:\/\/www.veltec.eu\/de\/product\/kirby-rolllager-fur-die-schubkonsole-nl3092\/#primaryimage","url":"https:\/\/www.veltec.eu\/wp-content\/uploads\/2018\/10\/Kirby-rollagers.jpg","contentUrl":"https:\/\/www.veltec.eu\/wp-content\/uploads\/2018\/10\/Kirby-rollagers.jpg","width":600,"height":600},{"@type":"BreadcrumbList","@id":"https:\/\/www.veltec.eu\/de\/product\/kirby-rolllager-fur-die-schubkonsole-nl3092\/#breadcrumb","itemListElement":[{"@type":"ListItem","position":1,"name":"Home","item":"https:\/\/www.veltec.eu\/de\/"},{"@type":"ListItem","position":2,"name":"Produits","item":"https:\/\/www.veltec.eu\/fr\/shop\/"},{"@type":"ListItem","position":3,"name":"Kirby Rolllager f\u00fcr die Schubkonsole"}]},{"@type":"WebSite","@id":"https:\/\/www.veltec.eu\/en\/#website","url":"https:\/\/www.veltec.eu\/en\/","name":"Veltec Kirby specialist","description":"Kirby stofzuiger producten","publisher":{"@id":"https:\/\/www.veltec.eu\/en\/#organization"},"potentialAction":[{"@type":"SearchAction","target":{"@type":"EntryPoint","urlTemplate":"https:\/\/www.veltec.eu\/en\/?s={search_term_string}"},"query-input":{"@type":"PropertyValueSpecification","valueRequired":true,"valueName":"search_term_string"}}],"inLanguage":"de"},{"@type":"Organization","@id":"https:\/\/www.veltec.eu\/en\/#organization","name":"Veltec Kirby Specialist","url":"https:\/\/www.veltec.eu\/en\/","logo":{"@type":"ImageObject","inLanguage":"de","@id":"https:\/\/www.veltec.eu\/en\/#\/schema\/logo\/image\/","url":"https:\/\/www.veltec.eu\/wp-content\/uploads\/2021\/12\/Veltec-log-groot-e1537260889125.png","contentUrl":"https:\/\/www.veltec.eu\/wp-content\/uploads\/2021\/12\/Veltec-log-groot-e1537260889125.png","width":200,"height":60,"caption":"Veltec Kirby Specialist"},"image":{"@id":"https:\/\/www.veltec.eu\/en\/#\/schema\/logo\/image\/"},"sameAs":["https:\/\/www.facebook.com\/Veltec-Kirby-Specialist-236746293374877\/","https:\/\/www.youtube.com\/user\/VeltecService"]}]}},"_links":{"self":[{"href":"https:\/\/www.veltec.eu\/de\/wp-json\/wp\/v2\/product\/10120","targetHints":{"allow":["GET"]}}],"collection":[{"href":"https:\/\/www.veltec.eu\/de\/wp-json\/wp\/v2\/product"}],"about":[{"href":"https:\/\/www.veltec.eu\/de\/wp-json\/wp\/v2\/types\/product"}],"replies":[{"embeddable":true,"href":"https:\/\/www.veltec.eu\/de\/wp-json\/wp\/v2\/comments?post=10120"}],"wp:featuredmedia":[{"embeddable":true,"href":"https:\/\/www.veltec.eu\/de\/wp-json\/wp\/v2\/media\/90490"}],"wp:attachment":[{"href":"https:\/\/www.veltec.eu\/de\/wp-json\/wp\/v2\/media?parent=10120"}],"wp:term":[{"taxonomy":"product_brand","embeddable":true,"href":"https:\/\/www.veltec.eu\/de\/wp-json\/wp\/v2\/product_brand?post=10120"},{"taxonomy":"product_cat","embeddable":true,"href":"https:\/\/www.veltec.eu\/de\/wp-json\/wp\/v2\/product_cat?post=10120"},{"taxonomy":"product_tag","embeddable":true,"href":"https:\/\/www.veltec.eu\/de\/wp-json\/wp\/v2\/product_tag?post=10120"}],"curies":[{"name":"wp","href":"https:\/\/api.w.org\/{rel}","templated":true}]}}