{"id":88494,"date":"2026-02-18T12:24:33","date_gmt":"2026-02-18T10:24:33","guid":{"rendered":"https:\/\/www.veltec.eu\/welchen-kirby-habe-ich\/"},"modified":"2026-02-18T12:41:50","modified_gmt":"2026-02-18T10:41:50","slug":"welchen-kirby-habe-ich","status":"publish","type":"page","link":"https:\/\/www.veltec.eu\/de\/welchen-kirby-habe-ich\/","title":{"rendered":"Welchen Kirby habe ich?"},"content":{"rendered":"<section  class='av_textblock_section av-27n1sfp-b0bfc8076f743886a886863e8aa5bc65 '   itemscope=\"itemscope\" itemtype=\"https:\/\/schema.org\/CreativeWork\" ><div class='avia_textblock'  itemprop=\"text\" ><h1 data-start=\"87\" data-end=\"110\">Welchen Kirby habe ich?<\/h1>\n<p><img decoding=\"async\" class=\"alignnone wp-image-42583 size-full\" src=\"https:\/\/www.veltec.eu\/wp-content\/uploads\/2021\/10\/Kirby-modellen5.jpg\" alt=\"Welchen Kirby habe ich?\" width=\"1400\" height=\"301\" srcset=\"https:\/\/www.veltec.eu\/wp-content\/uploads\/2021\/10\/Kirby-modellen5.jpg 1400w, https:\/\/www.veltec.eu\/wp-content\/uploads\/2021\/10\/Kirby-modellen5-300x65.jpg 300w, https:\/\/www.veltec.eu\/wp-content\/uploads\/2021\/10\/Kirby-modellen5-1030x221.jpg 1030w, https:\/\/www.veltec.eu\/wp-content\/uploads\/2021\/10\/Kirby-modellen5-768x165.jpg 768w, https:\/\/www.veltec.eu\/wp-content\/uploads\/2021\/10\/Kirby-modellen5-705x152.jpg 705w, https:\/\/www.veltec.eu\/wp-content\/uploads\/2021\/10\/Kirby-modellen5-600x129.jpg 600w\" sizes=\"(max-width: 1400px) 100vw, 1400px\" \/><\/p>\n<\/div><\/section>\n\n<style type=\"text\/css\" data-created_by=\"avia_inline_auto\" id=\"style-css-av-6u01i-294e84c5e5ccbb05371eb2d59b098352\">\n#top .hr.hr-invisible.av-6u01i-294e84c5e5ccbb05371eb2d59b098352{\nheight:50px;\n}\n<\/style>\n<div  class='hr av-6u01i-294e84c5e5ccbb05371eb2d59b098352 hr-invisible  avia-builder-el-1  el_after_av_textblock  el_before_av_textblock '><span class='hr-inner '><span class=\"hr-inner-style\"><\/span><\/span><\/div>\n<section  class='av_textblock_section av-mlqjgijv-23b6673a7c69151b062def148a89c154 '   itemscope=\"itemscope\" itemtype=\"https:\/\/schema.org\/CreativeWork\" ><div class='avia_textblock'  itemprop=\"text\" ><h2 data-start=\"87\" data-end=\"110\">Welchen Kirby habe ich?<\/h2>\n<p data-start=\"112\" data-end=\"442\">Sind Sie neugierig, welches Staubsaugermodell Sie genau besitzen? Mit dieser praktischen Anleitung finden Sie schnell und einfach heraus, welches Kirby-Modell Sie haben, damit Sie immer die richtigen Ersatzteile und Zubeh\u00f6rteile bestellen k\u00f6nnen. Diese \u00dcbersicht hilft Ihnen, sich im breiten Angebot an Kirby-Modellen zurechtzufinden und Fehler beim Kauf von Ersatzteilen zu vermeiden.<\/p>\n<p>\n<style type=\"text\/css\" data-created_by=\"avia_inline_auto\" id=\"style-css-av-1mf4i51-2143fca09532cd7f3da825eb1030ab5d\">\n#top .hr.hr-invisible.av-1mf4i51-2143fca09532cd7f3da825eb1030ab5d{\nheight:10px;\n}\n<\/style>\n<div  class='hr av-1mf4i51-2143fca09532cd7f3da825eb1030ab5d hr-invisible  avia-builder-el-3  el_before_av_button  avia-builder-el-first '><span class='hr-inner '><span class=\"hr-inner-style\"><\/span><\/span><\/div><br \/>\n<div  class='avia-button-wrap av-txpmyd-281530f01b28a82978538dc33129189d-wrap avia-button-center  avia-builder-el-4  el_after_av_hr  el_before_av_hr '>\n<style type=\"text\/css\" data-created_by=\"avia_inline_auto\" id=\"style-css-av-txpmyd-281530f01b28a82978538dc33129189d\">\n#top #wrap_all .avia-button.av-txpmyd-281530f01b28a82978538dc33129189d{\nfont-size:15px;\nbackground-color:#2d5c88;\nborder-color:#2d5c88;\ncolor:#ffffff;\nborder-radius:10px 10px 10px 10px;\ntransition:all 0.4s ease-in-out;\n}\n#top #wrap_all.avia-button.av-txpmyd-281530f01b28a82978538dc33129189d:hover .avia_button_background{\nborder-radius:10px 10px 10px 10px;\n}\n#top #wrap_all .avia-button.av-txpmyd-281530f01b28a82978538dc33129189d .avia-svg-icon svg:first-child{\nfill:#ffffff;\nstroke:#ffffff;\n}\n<\/style>\n<a href='https:\/\/www.veltec.eu\/de\/kirby-modelle\/'  class='avia-button av-txpmyd-281530f01b28a82978538dc33129189d av-link-btn avia-icon_select-yes-left-icon avia-size-medium avia-position-center'  target=\"_blank\"  rel=\"noopener noreferrer\"  aria-label=\"Wie unterscheiden sich die Kirby Modelle?\"><span class='avia_button_icon avia_button_icon_left avia-svg-icon avia-font-svg_entypo-fontello' data-av_svg_icon='info-circled' data-av_iconset='svg_entypo-fontello'><svg version=\"1.1\" xmlns=\"http:\/\/www.w3.org\/2000\/svg\" width=\"29\" height=\"32\" viewBox=\"0 0 29 32\" preserveAspectRatio=\"xMidYMid meet\" aria-labelledby='av-svg-title-1' aria-describedby='av-svg-desc-1' role=\"graphics-symbol\">\n<title id='av-svg-title-1'>Info-circled<\/title>\n<desc id='av-svg-desc-1'>Info-circled<\/desc>\n<path d=\"M14.528 1.28q6.080-0.064 10.432 4.16t4.48 10.304q0.064 6.080-4.192 10.464t-10.336 4.512q-6.080 0.064-10.464-4.192t-4.448-10.336q-0.128-6.080 4.16-10.464t10.368-4.448zM16.192 6.144q-1.344 0-2.080 0.768t-0.736 1.6q-0.064 0.896 0.48 1.408t1.568 0.512q1.216 0 1.952-0.704t0.736-1.728q0-1.856-1.92-1.856zM12.352 25.152q0.96 0 2.688-0.832t3.392-2.496l-0.576-0.768q-1.536 1.152-2.304 1.152-0.448 0-0.128-1.216l1.344-5.12q0.832-3.072-0.704-3.072-0.96 0-2.848 0.928t-3.68 2.4l0.512 0.832q1.664-1.088 2.368-1.088 0.384 0 0 1.088l-1.152 4.864q-0.832 3.328 1.088 3.328z\"><\/path>\n<\/svg><\/span><span class='avia_iconbox_title' >Wie unterscheiden sich die Kirby Modelle?<\/span><\/a><\/div><\/p>\n<p data-start=\"444\" data-end=\"503\">\n<style type=\"text\/css\" data-created_by=\"avia_inline_auto\" id=\"style-css-av-rswpx1-0c84fd40e4c90b7ddbaf5a5235c7739f\">\n#top .hr.hr-invisible.av-rswpx1-0c84fd40e4c90b7ddbaf5a5235c7739f{\nheight:10px;\n}\n<\/style>\n<div  class='hr av-rswpx1-0c84fd40e4c90b7ddbaf5a5235c7739f hr-invisible  avia-builder-el-5  el_after_av_button  avia-builder-el-last '><span class='hr-inner '><span class=\"hr-inner-style\"><\/span><\/span><\/div><\/p>\n<h2 data-start=\"444\" data-end=\"503\">Warum es wichtig ist, dies zu wissen:<\/h2>\n<p data-start=\"505\" data-end=\"1073\">In den 100 Jahren seines Bestehens hat der Hersteller Kirby nicht weniger als 28 verschiedene Modelle auf den Markt gebracht. Daher kann es manchmal schwierig sein, den genauen Staubsaugertyp zu identifizieren. Insbesondere seit der Einf\u00fchrung der Generation-Serie im Jahr 1990 sind viele Modelle universell einsetzbar, was bedeutet, dass die meisten Teile mit mehreren Modellen kompatibel sind. Dennoch gibt es einige Ausnahmen. Daher ist es wichtig, genau zu wissen, welches Modell Sie haben. Nur so k\u00f6nnen Sie vermeiden, dass Sie Teile bestellen, die nicht passen oder die Funktionalit\u00e4t einschr\u00e4nken.<\/p>\n<h2 data-start=\"1075\" data-end=\"1122\">So erkennen Sie Ihr Modell: Welchen Kirby habe ich?<\/h2>\n<p data-start=\"1124\" data-end=\"1672\">Zun\u00e4chst einmal ist es sinnvoll, die Seriennummer Ihres Kirby zu \u00fcberpr\u00fcfen. Diese Nummer befindet sich in der Regel an der Unterseite und an der Seite des Ger\u00e4ts. Dar\u00fcber hinaus k\u00f6nnen \u00e4u\u00dfere Merkmale wie das Design des Geh\u00e4uses, die Farbe und die Anordnung der Tasten bei der Identifizierung helfen. Dar\u00fcber hinaus geben bestimmte Zubeh\u00f6rteile und standardm\u00e4\u00dfig mitgelieferte B\u00fcrsten oft Hinweise auf das Modell. Anhand dieser Informationen k\u00f6nnen Sie sofort erkennen, welchen Kirby-Staubsauger Sie besitzen, sodass Sie den richtigen Artikel f\u00fcr Ihren Kirby-Typ bestellen k\u00f6nnen.<\/p>\n<h3 data-start=\"1674\" data-end=\"1718\">Tipps f\u00fcr die Bestellung von Ersatzteilen<\/h3>\n<p data-start=\"1720\" data-end=\"2103\">Sobald Sie wissen, welches Modell Sie haben, k\u00f6nnen Sie gezielt nach den richtigen Ersatzteilen suchen. Achten Sie insbesondere auf Universalteile, die f\u00fcr mehrere Generationen geeignet sind, aber \u00fcberpr\u00fcfen Sie immer, ob es Ausnahmen gibt. Die Verwendung von Original- oder kompatiblen Ersatzteilen sorgt daf\u00fcr, dass Ihr Kirby-Staubsauger weiterhin optimale Leistung erbringt und verl\u00e4ngert seine Lebensdauer erheblich.<\/p>\n<div class=\"trustpilot-widget\" data-locale=\"nl-NL\" data-template-id=\"5613c9cde69ddc09340c6beb\" data-businessunit-id=\"4e1b158d00006400051028e4\" data-style-height=\"100%\" data-style-width=\"100%\" data-theme=\"light\"><a href=\"https:\/\/nl.trustpilot.com\/review\/www.veltec.eu\" target=\"_blank\" rel=\"noopener\"><img decoding=\"async\" class=\"aligncenter wp-image-55206 size-full\" src=\"https:\/\/www.veltec.eu\/wp-content\/uploads\/2023\/12\/NL.jpg\" alt=\"\" width=\"774\" height=\"75\" srcset=\"https:\/\/www.veltec.eu\/wp-content\/uploads\/2023\/12\/NL.jpg 774w, https:\/\/www.veltec.eu\/wp-content\/uploads\/2023\/12\/NL-300x29.jpg 300w, https:\/\/www.veltec.eu\/wp-content\/uploads\/2023\/12\/NL-768x74.jpg 768w, https:\/\/www.veltec.eu\/wp-content\/uploads\/2023\/12\/NL-705x68.jpg 705w, https:\/\/www.veltec.eu\/wp-content\/uploads\/2023\/12\/NL-450x44.jpg 450w, https:\/\/www.veltec.eu\/wp-content\/uploads\/2023\/12\/NL-600x58.jpg 600w, https:\/\/www.veltec.eu\/wp-content\/uploads\/2023\/12\/NL-190x18.jpg 190w, https:\/\/www.veltec.eu\/wp-content\/uploads\/2023\/12\/NL-750x73.jpg 750w\" sizes=\"(max-width: 774px) 100vw, 774px\" \/><\/a><\/div>\n<p><!-- End TrustBox widget --><\/p>\n<\/div><\/section>\n","protected":false},"excerpt":{"rendered":"","protected":false},"author":1,"featured_media":0,"parent":0,"menu_order":0,"comment_status":"closed","ping_status":"closed","template":"","meta":{"footnotes":""},"class_list":["post-88494","page","type-page","status-publish","hentry"],"yoast_head":"<!-- This site is optimized with the Yoast SEO Premium plugin v27.1 (Yoast SEO v27.2) - https:\/\/yoast.com\/product\/yoast-seo-premium-wordpress\/ -->\n<title>Welchen Kirby habe ich? - Veltec Kirby-Spezialist<\/title>\n<meta name=\"description\" content=\"Sehen Sie hier nach, welches Modell Sie haben. Veltec ist seit \u00fcber 25 Jahren Lieferant von Kirby-Staubsaugern.\" \/>\n<meta name=\"robots\" content=\"index, follow, max-snippet:-1, max-image-preview:large, max-video-preview:-1\" \/>\n<link rel=\"canonical\" href=\"https:\/\/www.veltec.eu\/nl\/welke-kirby-heb-ik\/\" \/>\n<meta property=\"og:locale\" content=\"de_DE\" \/>\n<meta property=\"og:type\" content=\"article\" \/>\n<meta property=\"og:title\" content=\"Welchen Kirby habe ich?\" \/>\n<meta property=\"og:url\" content=\"https:\/\/www.veltec.eu\/nl\/welke-kirby-heb-ik\/\" \/>\n<meta property=\"og:site_name\" content=\"Veltec Kirby specialist\" \/>\n<meta property=\"article:publisher\" content=\"https:\/\/www.facebook.com\/Veltec-Kirby-Specialist-236746293374877\/\" \/>\n<meta property=\"article:modified_time\" content=\"2026-02-18T10:41:50+00:00\" \/>\n<meta property=\"og:image\" content=\"https:\/\/www.veltec.eu\/wp-content\/uploads\/2021\/10\/Kirby-modellen5.jpg\" \/>\n<meta name=\"twitter:card\" content=\"summary_large_image\" \/>\n<meta name=\"twitter:label1\" content=\"Gesch\u00e4tzte Lesezeit\" \/>\n\t<meta name=\"twitter:data1\" content=\"2\u00a0Minuten\" \/>\n<script type=\"application\/ld+json\" class=\"yoast-schema-graph\">{\"@context\":\"https:\/\/schema.org\",\"@graph\":[{\"@type\":\"WebPage\",\"@id\":\"https:\/\/www.veltec.eu\/nl\/welke-kirby-heb-ik\/\",\"url\":\"https:\/\/www.veltec.eu\/nl\/welke-kirby-heb-ik\/\",\"name\":\"Welchen Kirby habe ich? - Veltec Kirby-Spezialist\",\"isPartOf\":{\"@id\":\"https:\/\/www.veltec.eu\/en\/#website\"},\"primaryImageOfPage\":{\"@id\":\"https:\/\/www.veltec.eu\/nl\/welke-kirby-heb-ik\/#primaryimage\"},\"image\":{\"@id\":\"https:\/\/www.veltec.eu\/nl\/welke-kirby-heb-ik\/#primaryimage\"},\"thumbnailUrl\":\"https:\/\/www.veltec.eu\/wp-content\/uploads\/2021\/10\/Kirby-modellen5.jpg\",\"datePublished\":\"2026-02-18T10:24:33+00:00\",\"dateModified\":\"2026-02-18T10:41:50+00:00\",\"description\":\"Sehen Sie hier nach, welches Modell Sie haben. Veltec ist seit \u00fcber 25 Jahren Lieferant von Kirby-Staubsaugern.\",\"breadcrumb\":{\"@id\":\"https:\/\/www.veltec.eu\/nl\/welke-kirby-heb-ik\/#breadcrumb\"},\"inLanguage\":\"de\",\"potentialAction\":[{\"@type\":\"ReadAction\",\"target\":[\"https:\/\/www.veltec.eu\/nl\/welke-kirby-heb-ik\/\"]}]},{\"@type\":\"ImageObject\",\"inLanguage\":\"de\",\"@id\":\"https:\/\/www.veltec.eu\/nl\/welke-kirby-heb-ik\/#primaryimage\",\"url\":\"https:\/\/www.veltec.eu\/wp-content\/uploads\/2021\/10\/Kirby-modellen5.jpg\",\"contentUrl\":\"https:\/\/www.veltec.eu\/wp-content\/uploads\/2021\/10\/Kirby-modellen5.jpg\"},{\"@type\":\"BreadcrumbList\",\"@id\":\"https:\/\/www.veltec.eu\/nl\/welke-kirby-heb-ik\/#breadcrumb\",\"itemListElement\":[{\"@type\":\"ListItem\",\"position\":1,\"name\":\"Home\",\"item\":\"https:\/\/www.veltec.eu\/de\/\"},{\"@type\":\"ListItem\",\"position\":2,\"name\":\"Welchen Kirby habe ich?\"}]},{\"@type\":\"WebSite\",\"@id\":\"https:\/\/www.veltec.eu\/en\/#website\",\"url\":\"https:\/\/www.veltec.eu\/en\/\",\"name\":\"Veltec Kirby specialist\",\"description\":\"Kirby stofzuiger producten\",\"publisher\":{\"@id\":\"https:\/\/www.veltec.eu\/en\/#organization\"},\"potentialAction\":[{\"@type\":\"SearchAction\",\"target\":{\"@type\":\"EntryPoint\",\"urlTemplate\":\"https:\/\/www.veltec.eu\/en\/?s={search_term_string}\"},\"query-input\":{\"@type\":\"PropertyValueSpecification\",\"valueRequired\":true,\"valueName\":\"search_term_string\"}}],\"inLanguage\":\"de\"},{\"@type\":\"Organization\",\"@id\":\"https:\/\/www.veltec.eu\/en\/#organization\",\"name\":\"Veltec Kirby Specialist\",\"url\":\"https:\/\/www.veltec.eu\/en\/\",\"logo\":{\"@type\":\"ImageObject\",\"inLanguage\":\"de\",\"@id\":\"https:\/\/www.veltec.eu\/en\/#\/schema\/logo\/image\/\",\"url\":\"https:\/\/www.veltec.eu\/wp-content\/uploads\/2021\/12\/Veltec-log-groot-e1537260889125.png\",\"contentUrl\":\"https:\/\/www.veltec.eu\/wp-content\/uploads\/2021\/12\/Veltec-log-groot-e1537260889125.png\",\"width\":200,\"height\":60,\"caption\":\"Veltec Kirby Specialist\"},\"image\":{\"@id\":\"https:\/\/www.veltec.eu\/en\/#\/schema\/logo\/image\/\"},\"sameAs\":[\"https:\/\/www.facebook.com\/Veltec-Kirby-Specialist-236746293374877\/\",\"https:\/\/www.youtube.com\/user\/VeltecService\"]}]}<\/script>\n<!-- \/ Yoast SEO Premium plugin. -->","yoast_head_json":{"title":"Welchen Kirby habe ich? - Veltec Kirby-Spezialist","description":"Sehen Sie hier nach, welches Modell Sie haben. Veltec ist seit \u00fcber 25 Jahren Lieferant von Kirby-Staubsaugern.","robots":{"index":"index","follow":"follow","max-snippet":"max-snippet:-1","max-image-preview":"max-image-preview:large","max-video-preview":"max-video-preview:-1"},"canonical":"https:\/\/www.veltec.eu\/nl\/welke-kirby-heb-ik\/","og_locale":"de_DE","og_type":"article","og_title":"Welchen Kirby habe ich?","og_url":"https:\/\/www.veltec.eu\/nl\/welke-kirby-heb-ik\/","og_site_name":"Veltec Kirby specialist","article_publisher":"https:\/\/www.facebook.com\/Veltec-Kirby-Specialist-236746293374877\/","article_modified_time":"2026-02-18T10:41:50+00:00","og_image":[{"url":"https:\/\/www.veltec.eu\/wp-content\/uploads\/2021\/10\/Kirby-modellen5.jpg","type":"","width":"","height":""}],"twitter_card":"summary_large_image","twitter_misc":{"Gesch\u00e4tzte Lesezeit":"2\u00a0Minuten"},"schema":{"@context":"https:\/\/schema.org","@graph":[{"@type":"WebPage","@id":"https:\/\/www.veltec.eu\/nl\/welke-kirby-heb-ik\/","url":"https:\/\/www.veltec.eu\/nl\/welke-kirby-heb-ik\/","name":"Welchen Kirby habe ich? - Veltec Kirby-Spezialist","isPartOf":{"@id":"https:\/\/www.veltec.eu\/en\/#website"},"primaryImageOfPage":{"@id":"https:\/\/www.veltec.eu\/nl\/welke-kirby-heb-ik\/#primaryimage"},"image":{"@id":"https:\/\/www.veltec.eu\/nl\/welke-kirby-heb-ik\/#primaryimage"},"thumbnailUrl":"https:\/\/www.veltec.eu\/wp-content\/uploads\/2021\/10\/Kirby-modellen5.jpg","datePublished":"2026-02-18T10:24:33+00:00","dateModified":"2026-02-18T10:41:50+00:00","description":"Sehen Sie hier nach, welches Modell Sie haben. Veltec ist seit \u00fcber 25 Jahren Lieferant von Kirby-Staubsaugern.","breadcrumb":{"@id":"https:\/\/www.veltec.eu\/nl\/welke-kirby-heb-ik\/#breadcrumb"},"inLanguage":"de","potentialAction":[{"@type":"ReadAction","target":["https:\/\/www.veltec.eu\/nl\/welke-kirby-heb-ik\/"]}]},{"@type":"ImageObject","inLanguage":"de","@id":"https:\/\/www.veltec.eu\/nl\/welke-kirby-heb-ik\/#primaryimage","url":"https:\/\/www.veltec.eu\/wp-content\/uploads\/2021\/10\/Kirby-modellen5.jpg","contentUrl":"https:\/\/www.veltec.eu\/wp-content\/uploads\/2021\/10\/Kirby-modellen5.jpg"},{"@type":"BreadcrumbList","@id":"https:\/\/www.veltec.eu\/nl\/welke-kirby-heb-ik\/#breadcrumb","itemListElement":[{"@type":"ListItem","position":1,"name":"Home","item":"https:\/\/www.veltec.eu\/de\/"},{"@type":"ListItem","position":2,"name":"Welchen Kirby habe ich?"}]},{"@type":"WebSite","@id":"https:\/\/www.veltec.eu\/en\/#website","url":"https:\/\/www.veltec.eu\/en\/","name":"Veltec Kirby specialist","description":"Kirby stofzuiger producten","publisher":{"@id":"https:\/\/www.veltec.eu\/en\/#organization"},"potentialAction":[{"@type":"SearchAction","target":{"@type":"EntryPoint","urlTemplate":"https:\/\/www.veltec.eu\/en\/?s={search_term_string}"},"query-input":{"@type":"PropertyValueSpecification","valueRequired":true,"valueName":"search_term_string"}}],"inLanguage":"de"},{"@type":"Organization","@id":"https:\/\/www.veltec.eu\/en\/#organization","name":"Veltec Kirby Specialist","url":"https:\/\/www.veltec.eu\/en\/","logo":{"@type":"ImageObject","inLanguage":"de","@id":"https:\/\/www.veltec.eu\/en\/#\/schema\/logo\/image\/","url":"https:\/\/www.veltec.eu\/wp-content\/uploads\/2021\/12\/Veltec-log-groot-e1537260889125.png","contentUrl":"https:\/\/www.veltec.eu\/wp-content\/uploads\/2021\/12\/Veltec-log-groot-e1537260889125.png","width":200,"height":60,"caption":"Veltec Kirby Specialist"},"image":{"@id":"https:\/\/www.veltec.eu\/en\/#\/schema\/logo\/image\/"},"sameAs":["https:\/\/www.facebook.com\/Veltec-Kirby-Specialist-236746293374877\/","https:\/\/www.youtube.com\/user\/VeltecService"]}]}},"_links":{"self":[{"href":"https:\/\/www.veltec.eu\/de\/wp-json\/wp\/v2\/pages\/88494","targetHints":{"allow":["GET"]}}],"collection":[{"href":"https:\/\/www.veltec.eu\/de\/wp-json\/wp\/v2\/pages"}],"about":[{"href":"https:\/\/www.veltec.eu\/de\/wp-json\/wp\/v2\/types\/page"}],"author":[{"embeddable":true,"href":"https:\/\/www.veltec.eu\/de\/wp-json\/wp\/v2\/users\/1"}],"replies":[{"embeddable":true,"href":"https:\/\/www.veltec.eu\/de\/wp-json\/wp\/v2\/comments?post=88494"}],"version-history":[{"count":3,"href":"https:\/\/www.veltec.eu\/de\/wp-json\/wp\/v2\/pages\/88494\/revisions"}],"predecessor-version":[{"id":88497,"href":"https:\/\/www.veltec.eu\/de\/wp-json\/wp\/v2\/pages\/88494\/revisions\/88497"}],"wp:attachment":[{"href":"https:\/\/www.veltec.eu\/de\/wp-json\/wp\/v2\/media?parent=88494"}],"curies":[{"name":"wp","href":"https:\/\/api.w.org\/{rel}","templated":true}]}}