{"id":66498,"date":"2024-09-03T13:46:17","date_gmt":"2024-09-03T11:46:17","guid":{"rendered":"https:\/\/www.veltec.eu\/?page_id=66498"},"modified":"2026-05-05T11:37:00","modified_gmt":"2026-05-05T09:37:00","slug":"kirby-osterreich","status":"publish","type":"page","link":"https:\/\/www.veltec.eu\/de\/kirby-osterreich\/","title":{"rendered":"Kirby \u00d6sterreich"},"content":{"rendered":"\n<style type=\"text\/css\" data-created_by=\"avia_inline_auto\" id=\"style-css-av-vedi-305b8b86727032f3ed0452aa9fa3cbc4\">\n.flex_column.av-vedi-305b8b86727032f3ed0452aa9fa3cbc4{\nborder-radius:0px 0px 0px 0px;\npadding:0px 0px 0px 0px;\n}\n<\/style>\n<div  class='flex_column av-vedi-305b8b86727032f3ed0452aa9fa3cbc4 av_one_full  avia-builder-el-0  el_before_av_two_fifth  avia-builder-el-first  first flex_column_div av-zero-column-padding  '     ><section  class='av_textblock_section av-jmby17c6-cab4d7a08811cbc31eae0a6b7ee91844 '   itemscope=\"itemscope\" itemtype=\"https:\/\/schema.org\/CreativeWork\" ><div class='avia_textblock'  itemprop=\"text\" ><h1>Kirby \u00d6sterreich &#8211; Verkauf und Wartung von Kirby Staubsaugern<\/h1>\n<\/div><\/section><\/div>\n\n<style type=\"text\/css\" data-created_by=\"avia_inline_auto\" id=\"style-css-av-8x5pa-36a50ada888fdc2125691538afdf43f0\">\n.flex_column.av-8x5pa-36a50ada888fdc2125691538afdf43f0{\nborder-radius:0px 0px 0px 0px;\npadding:0px 0px 0px 0px;\n}\n<\/style>\n<div  class='flex_column av-8x5pa-36a50ada888fdc2125691538afdf43f0 av_two_fifth  avia-builder-el-2  el_after_av_one_full  el_before_av_three_fifth  first flex_column_div av-zero-column-padding  column-top-margin'     ><style type=\"text\/css\" data-created_by=\"avia_inline_auto\" id=\"style-css-av-jmbyg0k2-ede63669fbecad80f2c977624bb13a06\">\n.avia-image-container.av-jmbyg0k2-ede63669fbecad80f2c977624bb13a06 img.avia_image{\nbox-shadow:none;\n}\n.avia-image-container.av-jmbyg0k2-ede63669fbecad80f2c977624bb13a06 .av-image-caption-overlay-center{\ncolor:#ffffff;\n}\n<\/style>\n<div  class='avia-image-container av-jmbyg0k2-ede63669fbecad80f2c977624bb13a06 av-styling- avia-align-center  avia-builder-el-3  avia-builder-el-no-sibling '   itemprop=\"image\" itemscope=\"itemscope\" itemtype=\"https:\/\/schema.org\/ImageObject\" ><div class=\"avia-image-container-inner\"><div class=\"avia-image-overlay-wrap\"><img decoding=\"async\" fetchpriority=\"high\" class='wp-image-68976 avia-img-lazy-loading-not-68976 avia_image ' src=\"https:\/\/www.veltec.eu\/wp-content\/uploads\/2024\/10\/Austria-Flag-PNG-File-300x158.png\" alt='Kirby Deutschland' title='Kirby Deutschland'  height=\"158\" width=\"300\"  itemprop=\"thumbnailUrl\" srcset=\"https:\/\/www.veltec.eu\/wp-content\/uploads\/2024\/10\/Austria-Flag-PNG-File-300x158.png 300w, https:\/\/www.veltec.eu\/wp-content\/uploads\/2024\/10\/Austria-Flag-PNG-File-1030x543.png 1030w, https:\/\/www.veltec.eu\/wp-content\/uploads\/2024\/10\/Austria-Flag-PNG-File-768x405.png 768w, https:\/\/www.veltec.eu\/wp-content\/uploads\/2024\/10\/Austria-Flag-PNG-File.png 1200w, https:\/\/www.veltec.eu\/wp-content\/uploads\/2024\/10\/Austria-Flag-PNG-File-710x375.png 710w, https:\/\/www.veltec.eu\/wp-content\/uploads\/2024\/10\/Austria-Flag-PNG-File-705x372.png 705w, https:\/\/www.veltec.eu\/wp-content\/uploads\/2024\/10\/Austria-Flag-PNG-File-450x237.png 450w, https:\/\/www.veltec.eu\/wp-content\/uploads\/2024\/10\/Austria-Flag-PNG-File-600x317.png 600w, https:\/\/www.veltec.eu\/wp-content\/uploads\/2024\/10\/Austria-Flag-PNG-File-114x60.png 114w, https:\/\/www.veltec.eu\/wp-content\/uploads\/2024\/10\/Austria-Flag-PNG-File-171x90.png 171w\" sizes=\"(max-width: 300px) 100vw, 300px\" \/><\/div><\/div><\/div><\/div>\n\n<style type=\"text\/css\" data-created_by=\"avia_inline_auto\" id=\"style-css-av-aq7iu-1b87a7ec26f85512de677466925e0799\">\n.flex_column.av-aq7iu-1b87a7ec26f85512de677466925e0799{\nborder-radius:0px 0px 0px 0px;\npadding:0px 0px 0px 0px;\n}\n<\/style>\n<div  class='flex_column av-aq7iu-1b87a7ec26f85512de677466925e0799 av_three_fifth  avia-builder-el-4  el_after_av_two_fifth  avia-builder-el-last  flex_column_div av-zero-column-padding  column-top-margin'     ><section  class='av_textblock_section av-jmby2a5i-01729f02965578111a4bc7b4cedf9208 '   itemscope=\"itemscope\" itemtype=\"https:\/\/schema.org\/CreativeWork\" ><div class='avia_textblock'  itemprop=\"text\" ><h4>Veltec Kirby Spezialist &#8211; Kirby \u00d6sterreich<\/h4>\n<p>Der bekannte Staubsauger von Kirby ist auch in \u00d6sterreich erh\u00e4ltlich.<br \/>\nDer ber\u00fchmte Kirby-Staubsauger hat sich auch in unserem Land durchgesetzt, und seit seiner Einf\u00fchrung im Jahr 1989 wurden mehr als 200.000 Kirby-Ger\u00e4te verkauft. Veltec ist der Spezialist f\u00fcr Kirby Staubsauger. Wir haben mehr als 200 Original Kirby-Ersatzteile auf Lager, die heute bestellt und morgen geliefert werden.<\/p>\n<h4>Solide und zuverl\u00e4ssig<\/h4>\n<p>Veltec hat mehr als 25 Jahre Erfahrung mit Kirby-Produkten und ist seit 1998 in Andelst (Niederlande) ans\u00e4ssig. Dank unserer Unabh\u00e4ngigkeit und unseres Direktimports k\u00f6nnen wir Ihnen Kirby Staubsauger um ein Vielfaches g\u00fcnstiger anbieten als \u00fcber einen H\u00e4ndler. Oft sogar bis zu 60 % unter dem Neupreis. Wir liefern alle Original Kirby Produkte nicht nur in unserem Land, sondern seit 2010 auch in Belgien, Deutschland, Frankreich, Luxemburg, Schweiz, Italien, Spanien und Portugal.<br \/>\nVeltec Kirby \u00d6sterreich ist auch das <a href=\"https:\/\/www.veltec.eu\/de\/kirby-service-deutschland\/\">Kirby Service<\/a> Center f\u00fcr alle Reparaturen und Wartungen.<br \/>\nF\u00fcr <a href=\"https:\/\/www.veltec.eu\/de\/kirby-staubsauger\/\">Kirby Staubsauger<\/a> in den Niederlanden und Belgien siehe hier: Kirby-Dienst.<\/p>\n<h4>Kirby Service direkt bei Ihnen zu Hause<\/h4>\n<p>Kirby-Reparaturen und -Dienstleistungen werden nach vorheriger Terminabsprache einfach bei Ihnen zu Hause durchgef\u00fchrt. Wenn Ihr Kirby Staubsauger unerwartet defekt ist. Oder wenn Sie einen regelm\u00e4\u00dfigen Kirby-Service beantragen m\u00f6chten. Dann kommen wir nach vorheriger Terminabsprache direkt zu Ihnen nach Hause. F\u00fcr unseren Kirby-Service brauchen Sie also Ihr Haus nicht mehr zu verlassen.<\/p>\n<h4>Warum ein Kirby Staubsauger?<\/h4>\n<p>Dank der unendlichen Saugkraft und der professionellen Art der Reinigung werden Haare, Staubpartikel und sogar Hausstaubmilben vollst\u00e4ndig entfernt. Allergische Reaktionen geh\u00f6ren dank der Kirby Staubsauger der Vergangenheit an. Der Einsatz eines Kirby Staubsaugers \u00fcbertrifft alles und sorgt daf\u00fcr, dass Ihr Haus und\/oder Ihre Gesch\u00e4ftsr\u00e4ume wirklich sauber sind.<\/p>\n<h4>M\u00f6chten Sie mehr \u00fcber Kirby Staubsauger \u00d6sterreich erfahren?<\/h4>\n<p>Bitte schauen Sie auch in unserem Webshop nach allen Produkten, die wir anbieten, wie Kirby Ersatzteile, Kirby Staubsaugerbeutel und Zubeh\u00f6r.<br \/>\nWeitere Informationen \u00fcber Kirby? Rufen Sie uns an, wir helfen Ihnen gerne weiter. Kirby \u00d6sterreich: 0031-(0)36 260 00 61<\/p>\n<p><a href=\"https:\/\/www.trustindex.io\/reviews\/www.veltec.eu?lang=de\">Lesen Sie, wie unsere Kunden uns bewerten <\/a><\/p>\n<h2><a href=\"https:\/\/www.veltec.eu\/de\/kirby-laden\/\">Gehen Sie direkt zum Kirby-Webshop &gt;&gt;<\/a><\/h2>\n<\/div><\/section><\/div>\n","protected":false},"excerpt":{"rendered":"","protected":false},"author":1,"featured_media":0,"parent":0,"menu_order":0,"comment_status":"closed","ping_status":"closed","template":"","meta":{"_acf_changed":false,"footnotes":""},"class_list":["post-66498","page","type-page","status-publish","hentry"],"acf":[],"yoast_head":"<!-- This site is optimized with the Yoast SEO Premium plugin v27.1 (Yoast SEO v27.4) - https:\/\/yoast.com\/product\/yoast-seo-premium-wordpress\/ -->\n<title>Kirby \u00d6sterreich - Staubsaugers und service - Kirby Spezialist<\/title>\n<meta name=\"description\" content=\"Veltec ist der Kirby-Spezialist in \u00d6sterreich. Wir haben eine gro\u00dfe Auswahl an Kirby Staubsaugern und Zubeh\u00f6r.\" \/>\n<meta name=\"robots\" content=\"index, follow, max-snippet:-1, max-image-preview:large, max-video-preview:-1\" \/>\n<link rel=\"canonical\" href=\"https:\/\/www.veltec.eu\/de\/kirby-osterreich\/\" \/>\n<meta property=\"og:locale\" content=\"de_DE\" \/>\n<meta property=\"og:type\" content=\"article\" \/>\n<meta property=\"og:title\" content=\"Kirby \u00d6sterreich\" \/>\n<meta property=\"og:url\" content=\"https:\/\/www.veltec.eu\/de\/kirby-osterreich\/\" \/>\n<meta property=\"og:site_name\" content=\"Veltec Kirby specialist\" \/>\n<meta property=\"article:publisher\" content=\"https:\/\/www.facebook.com\/Veltec-Kirby-Specialist-236746293374877\/\" \/>\n<meta property=\"article:modified_time\" content=\"2026-05-05T09:37:00+00:00\" \/>\n<meta name=\"twitter:card\" content=\"summary_large_image\" \/>\n<meta name=\"twitter:label1\" content=\"Gesch\u00e4tzte Lesezeit\" \/>\n\t<meta name=\"twitter:data1\" content=\"2\u00a0Minuten\" \/>\n<script type=\"application\/ld+json\" class=\"yoast-schema-graph\">{\"@context\":\"https:\\\/\\\/schema.org\",\"@graph\":[{\"@type\":\"WebPage\",\"@id\":\"https:\\\/\\\/www.veltec.eu\\\/de\\\/kirby-osterreich\\\/\",\"url\":\"https:\\\/\\\/www.veltec.eu\\\/de\\\/kirby-osterreich\\\/\",\"name\":\"Kirby \u00d6sterreich - Staubsaugers und service - Kirby Spezialist\",\"isPartOf\":{\"@id\":\"https:\\\/\\\/www.veltec.eu\\\/en\\\/#website\"},\"datePublished\":\"2024-09-03T11:46:17+00:00\",\"dateModified\":\"2026-05-05T09:37:00+00:00\",\"description\":\"Veltec ist der Kirby-Spezialist in \u00d6sterreich. Wir haben eine gro\u00dfe Auswahl an Kirby Staubsaugern und Zubeh\u00f6r.\",\"breadcrumb\":{\"@id\":\"https:\\\/\\\/www.veltec.eu\\\/de\\\/kirby-osterreich\\\/#breadcrumb\"},\"inLanguage\":\"de\",\"potentialAction\":[{\"@type\":\"ReadAction\",\"target\":[\"https:\\\/\\\/www.veltec.eu\\\/de\\\/kirby-osterreich\\\/\"]}]},{\"@type\":\"BreadcrumbList\",\"@id\":\"https:\\\/\\\/www.veltec.eu\\\/de\\\/kirby-osterreich\\\/#breadcrumb\",\"itemListElement\":[{\"@type\":\"ListItem\",\"position\":1,\"name\":\"Home\",\"item\":\"https:\\\/\\\/www.veltec.eu\\\/de\\\/startseite\\\/\"},{\"@type\":\"ListItem\",\"position\":2,\"name\":\"Kirby \u00d6sterreich\"}]},{\"@type\":\"WebSite\",\"@id\":\"https:\\\/\\\/www.veltec.eu\\\/en\\\/#website\",\"url\":\"https:\\\/\\\/www.veltec.eu\\\/en\\\/\",\"name\":\"Veltec Kirby specialist\",\"description\":\"Kirby stofzuiger producten\",\"publisher\":{\"@id\":\"https:\\\/\\\/www.veltec.eu\\\/en\\\/#organization\"},\"potentialAction\":[{\"@type\":\"SearchAction\",\"target\":{\"@type\":\"EntryPoint\",\"urlTemplate\":\"https:\\\/\\\/www.veltec.eu\\\/en\\\/?s={search_term_string}\"},\"query-input\":{\"@type\":\"PropertyValueSpecification\",\"valueRequired\":true,\"valueName\":\"search_term_string\"}}],\"inLanguage\":\"de\"},{\"@type\":\"Organization\",\"@id\":\"https:\\\/\\\/www.veltec.eu\\\/en\\\/#organization\",\"name\":\"Veltec Kirby Specialist\",\"url\":\"https:\\\/\\\/www.veltec.eu\\\/en\\\/\",\"logo\":{\"@type\":\"ImageObject\",\"inLanguage\":\"de\",\"@id\":\"https:\\\/\\\/www.veltec.eu\\\/en\\\/#\\\/schema\\\/logo\\\/image\\\/\",\"url\":\"https:\\\/\\\/www.veltec.eu\\\/wp-content\\\/uploads\\\/2021\\\/12\\\/Veltec-log-groot-e1537260889125.png\",\"contentUrl\":\"https:\\\/\\\/www.veltec.eu\\\/wp-content\\\/uploads\\\/2021\\\/12\\\/Veltec-log-groot-e1537260889125.png\",\"width\":200,\"height\":60,\"caption\":\"Veltec Kirby Specialist\"},\"image\":{\"@id\":\"https:\\\/\\\/www.veltec.eu\\\/en\\\/#\\\/schema\\\/logo\\\/image\\\/\"},\"sameAs\":[\"https:\\\/\\\/www.facebook.com\\\/Veltec-Kirby-Specialist-236746293374877\\\/\",\"https:\\\/\\\/www.youtube.com\\\/user\\\/VeltecService\"]}]}<\/script>\n<!-- \/ Yoast SEO Premium plugin. -->","yoast_head_json":{"title":"Kirby \u00d6sterreich - Staubsaugers und service - Kirby Spezialist","description":"Veltec ist der Kirby-Spezialist in \u00d6sterreich. Wir haben eine gro\u00dfe Auswahl an Kirby Staubsaugern und Zubeh\u00f6r.","robots":{"index":"index","follow":"follow","max-snippet":"max-snippet:-1","max-image-preview":"max-image-preview:large","max-video-preview":"max-video-preview:-1"},"canonical":"https:\/\/www.veltec.eu\/de\/kirby-osterreich\/","og_locale":"de_DE","og_type":"article","og_title":"Kirby \u00d6sterreich","og_url":"https:\/\/www.veltec.eu\/de\/kirby-osterreich\/","og_site_name":"Veltec Kirby specialist","article_publisher":"https:\/\/www.facebook.com\/Veltec-Kirby-Specialist-236746293374877\/","article_modified_time":"2026-05-05T09:37:00+00:00","twitter_card":"summary_large_image","twitter_misc":{"Gesch\u00e4tzte Lesezeit":"2\u00a0Minuten"},"schema":{"@context":"https:\/\/schema.org","@graph":[{"@type":"WebPage","@id":"https:\/\/www.veltec.eu\/de\/kirby-osterreich\/","url":"https:\/\/www.veltec.eu\/de\/kirby-osterreich\/","name":"Kirby \u00d6sterreich - Staubsaugers und service - Kirby Spezialist","isPartOf":{"@id":"https:\/\/www.veltec.eu\/en\/#website"},"datePublished":"2024-09-03T11:46:17+00:00","dateModified":"2026-05-05T09:37:00+00:00","description":"Veltec ist der Kirby-Spezialist in \u00d6sterreich. Wir haben eine gro\u00dfe Auswahl an Kirby Staubsaugern und Zubeh\u00f6r.","breadcrumb":{"@id":"https:\/\/www.veltec.eu\/de\/kirby-osterreich\/#breadcrumb"},"inLanguage":"de","potentialAction":[{"@type":"ReadAction","target":["https:\/\/www.veltec.eu\/de\/kirby-osterreich\/"]}]},{"@type":"BreadcrumbList","@id":"https:\/\/www.veltec.eu\/de\/kirby-osterreich\/#breadcrumb","itemListElement":[{"@type":"ListItem","position":1,"name":"Home","item":"https:\/\/www.veltec.eu\/de\/startseite\/"},{"@type":"ListItem","position":2,"name":"Kirby \u00d6sterreich"}]},{"@type":"WebSite","@id":"https:\/\/www.veltec.eu\/en\/#website","url":"https:\/\/www.veltec.eu\/en\/","name":"Veltec Kirby specialist","description":"Kirby stofzuiger producten","publisher":{"@id":"https:\/\/www.veltec.eu\/en\/#organization"},"potentialAction":[{"@type":"SearchAction","target":{"@type":"EntryPoint","urlTemplate":"https:\/\/www.veltec.eu\/en\/?s={search_term_string}"},"query-input":{"@type":"PropertyValueSpecification","valueRequired":true,"valueName":"search_term_string"}}],"inLanguage":"de"},{"@type":"Organization","@id":"https:\/\/www.veltec.eu\/en\/#organization","name":"Veltec Kirby Specialist","url":"https:\/\/www.veltec.eu\/en\/","logo":{"@type":"ImageObject","inLanguage":"de","@id":"https:\/\/www.veltec.eu\/en\/#\/schema\/logo\/image\/","url":"https:\/\/www.veltec.eu\/wp-content\/uploads\/2021\/12\/Veltec-log-groot-e1537260889125.png","contentUrl":"https:\/\/www.veltec.eu\/wp-content\/uploads\/2021\/12\/Veltec-log-groot-e1537260889125.png","width":200,"height":60,"caption":"Veltec Kirby Specialist"},"image":{"@id":"https:\/\/www.veltec.eu\/en\/#\/schema\/logo\/image\/"},"sameAs":["https:\/\/www.facebook.com\/Veltec-Kirby-Specialist-236746293374877\/","https:\/\/www.youtube.com\/user\/VeltecService"]}]}},"_links":{"self":[{"href":"https:\/\/www.veltec.eu\/de\/wp-json\/wp\/v2\/pages\/66498","targetHints":{"allow":["GET"]}}],"collection":[{"href":"https:\/\/www.veltec.eu\/de\/wp-json\/wp\/v2\/pages"}],"about":[{"href":"https:\/\/www.veltec.eu\/de\/wp-json\/wp\/v2\/types\/page"}],"author":[{"embeddable":true,"href":"https:\/\/www.veltec.eu\/de\/wp-json\/wp\/v2\/users\/1"}],"replies":[{"embeddable":true,"href":"https:\/\/www.veltec.eu\/de\/wp-json\/wp\/v2\/comments?post=66498"}],"version-history":[{"count":2,"href":"https:\/\/www.veltec.eu\/de\/wp-json\/wp\/v2\/pages\/66498\/revisions"}],"predecessor-version":[{"id":92177,"href":"https:\/\/www.veltec.eu\/de\/wp-json\/wp\/v2\/pages\/66498\/revisions\/92177"}],"wp:attachment":[{"href":"https:\/\/www.veltec.eu\/de\/wp-json\/wp\/v2\/media?parent=66498"}],"curies":[{"name":"wp","href":"https:\/\/api.w.org\/{rel}","templated":true}]}}