{"id":64956,"date":"2024-08-13T08:19:07","date_gmt":"2024-08-13T06:19:07","guid":{"rendered":"https:\/\/www.veltec.eu\/kirby-stoffbeutel\/"},"modified":"2025-01-24T14:48:58","modified_gmt":"2025-01-24T12:48:58","slug":"kirby-stoffbeutel","status":"publish","type":"page","link":"https:\/\/www.veltec.eu\/de\/kirby-stoffbeutel\/","title":{"rendered":"Kirby-Stoffbeutel."},"content":{"rendered":"<h1>Welche Kirby-Stoffbeutel passen zu meinem KIRBY?<\/h1>\n<h3>Und wie finde ich heraus, welchen Kirby-Stoffbeutel (F oder S) ich verwende?<\/h3>\n<p>Seit 2014 haben wir die neuen universellen Kirby-Stoffbeutel.<\/p>\n<p>Diese werden von KIRBY so hergestellt, dass sie f\u00fcr alle Maschinen der neuesten Generation von G4 bis Sentria II passen. Wir empfehlen Ihnen dringend, diese originalen Kirby Staubsaugerbeutel zu kaufen und zu verwenden. Denn sie sind so konzipiert, dass sie die alten F- und S-Saugerbeutel von Kirby ersetzen. In einer neuen praktischen Universal-Kirby-Beutelpackung.<\/p>\n<p>&nbsp;<\/p>\n<div id=\"attachment_4335\" style=\"width: 510px\" class=\"wp-caption alignnone\"><a href=\"https:\/\/www.veltec.eu\/de\/kirby-staubsaugerbeutel\/\"><img decoding=\"async\" aria-describedby=\"caption-attachment-4335\" class=\"wp-image-4335 size-full\" src=\"https:\/\/www.veltec.eu\/wp-content\/uploads\/2018\/10\/2-en3-Scrolpagina-Kirby-stofzuigerzakken.jpg\" alt=\"Kirby-Stoffbeutel\" width=\"500\" height=\"303\" srcset=\"https:\/\/www.veltec.eu\/wp-content\/uploads\/2018\/10\/2-en3-Scrolpagina-Kirby-stofzuigerzakken.jpg 500w, https:\/\/www.veltec.eu\/wp-content\/uploads\/2018\/10\/2-en3-Scrolpagina-Kirby-stofzuigerzakken-300x182.jpg 300w\" sizes=\"(max-width: 500px) 100vw, 500px\" \/><\/a><p id=\"caption-attachment-4335\" class=\"wp-caption-text\">Kirby-Stoffbeutel<\/p><\/div>\n<p>Ihr Kirby Home Care System wurde entwickelt, um eine hervorragende Staubsaugerleistung zu erzielen. Ihr Kirby-Filterbeutel ist ein wichtiger Bestandteil Ihres KIRBY-Filtersystems. und Original KIRBY HEPA-Beutel sind so konzipiert. Um sch\u00e4dliche Partikel wie Staubmilben in Ihrem KIRBY-Beutel zu halten. und nicht wieder in die Luft abgegeben werden.<\/p>\n<h3>Die neuesten KIRBY HEPA-Kirby-Stoffbeutel sind in 2 Ausf\u00fchrungen erh\u00e4ltlich.<\/h3>\n<p>&#8220;F&#8221;-Stil &#8211; der neueste KIRBY Sentria. Und UPGRADED zum F-Stil G3, G4, G5, G6, G7, G8, Ultimate G. Und Diamond KIRBY Systeme k\u00f6nnen diese verwenden.<br \/>\nEin \u00e4lterer &#8220;S&#8221;-Stil &#8211; der ehemalige KIRBY Sentria und Heritage II, Legend II, G3, G4, G5, G6, G7, G8, Ultimate G. Und Diamond KIRBY-Systeme k\u00f6nnen sie verwenden.<br \/>\nDie F-Style-Taschen haben gegen\u00fcber den S-Style-Taschen einige deutliche Vorteile. Wenn Sie also ein Angebot einholen m\u00f6chten. Um Ihre KIRBY-Maschine auf F-Style-Beutel aufzur\u00fcsten. Bitte kontaktieren Sie uns.<\/p>\n<h3>HEPA-Filterung f\u00fcr Ihr Kirby-System mit den Kirby-Staubbeuteln<\/h3>\n<p>Der Kirby Micro Allergen Plus HEPA-Filter ist unser bester Filter f\u00fcr Ihr Kirby-System, denn er bietet die<br \/>\nmaximale Filtration f\u00fcr Ihren Kirby Staubsauger. Unser Kirby HEPA-Filter f\u00e4ngt nicht nur gew\u00f6hnlichen Hausstaub, sondern auch Pollen und andere Partikel auf. weil Sie ihn leicht reinigen k\u00f6nnen, ohne eine Sauerei zu verursachen. Mit unserem HEPA-Filter k\u00f6nnen Sie Ihr Zuhause frisch und sauber halten. Unser geladenes Material f\u00e4ngt Mikronpartikel ein. Und h\u00e4lt den ganzen Schmutz, Staub, Tierhaare. Und mehr im Kirby HEPA-Filterbeutel.<\/p>\n<h3>Haustierbesitzer lieben unsere Kirby Staubbeutel mit HEPA-Filter!<\/h3>\n<p>Haustierbesitzer wissen, wie schwierig es sein kann, Ihr Zuhause frei von Haaren und Ger\u00fcchen zu halten.<br \/>\nZum Gl\u00fcck sorgt der Kirby HEPA-Filter f\u00fcr eine maximale Filterung Ihres Kirby Staubsaugers. Der hervorragende Luftstrom des Kirby-Systems entfernt m\u00fchelos Haare. und Haustierger\u00fcche aus Ihrem Zuhause. Und f\u00e4ngt sie in unseren Einwegfiltern zur einfachen Reinigung auf!<br \/>\nVerwenden Sie den Micron Magic HEPA Filter Plus zusammen mit der Haustierb\u00fcrstenrolle. F\u00fcr maximale Reinigungsleistung!<\/p>\n<p>Wichtig: Um die maximale Reinigungsleistung zu erhalten. Tauschen Sie den Filterbeutel aus, bevor der Schmutz die FULL-Linie erreicht.<\/p>\n<h3>Kirby-Stoffbeutel<\/h3>\n<p>M\u00fcssen Sie Ihre Kirby-Staubbeutel ersetzen? Kein Problem!<br \/>\nDer Kirby Allergenreduktionsfilterbeutel ist der beliebteste aller Kirby Staubsaugerbeutel. Jeder unserer Kirby Staubsaugerbeutel reduziert gew\u00f6hnlichen Hausstaub, Pollen und andere Partikel.<br \/>\nDas elektrostatisch aufgeladene Material f\u00e4ngt Staubpartikel ein, nachdem sie von Ihrem Boden aufgenommen wurden. So bleiben Schmutz und Staub in Ihrem Kirby Staubsaugerbeutel. Und nicht in der Luft um Ihr Haus herum. weil der Kauf von Kirby Staubsaugerbeuteln Ihnen Komfort bietet.<\/p>\n<h3>Wichtig: Um die maximale Reinigungsleistung zu erhalten, denn. Tauschen Sie den Filterbeutel aus, bevor der Schmutz die FULL-Linie erreicht.<\/h3>\n<p>Passt sowohl f\u00fcr F-Style- als auch f\u00fcr Twist-Style-Adapter<br \/>\nFunktioniert mit: G4, G5, Gsix, Ultimate G, Ultimate G Diamond, Sentria, Sentria II, und Avalir Modelle<br \/>\nF\u00fcr ultimative Filtration kaufen Sie Kirby HEPA-Filterbeutel mit Micro Allergen Plus Technologie!<br \/>\nKatzen- und Hundebesitzer, die bef\u00fcrchten, dass ihre Wohnung nach ihren Haustieren riecht. sollten Kirby Odor Fighter Filterbeutel kaufen, die mit einer Aktivkohleschicht ausgestattet sind. Sie helfen, unangenehme Ger\u00fcche zu neutralisieren!<\/p>\n<h3>Einweg Kirby Filterbeutel, Kirby-Stoffbeutel.<\/h3>\n<p>Um die beste Leistung zu erzielen, verwenden Sie nur original Kirby Staubsaugerbeutel. Und ersetzen Sie sie, wenn der Schmutz die VOLL-Linie erreicht.<br \/>\nEin Kirby Staubsaugerbeutel sollte vor dem Saugen eingesetzt werden.<\/p>\n<h3>Entfernen Sie einen gebrauchten Einwegfilterbeutel:<\/h3>\n<p>Schalten Sie das Ger\u00e4t aus.<br \/>\nZiehen Sie also den Stecker.<br \/>\nZiehen Sie den Rei\u00dfverschluss des Au\u00dfenbeutels ab.<br \/>\nKlappen Sie die Papplasche, mit der der Einwegfilterbeutel befestigt ist, hoch und ziehen Sie den Beutel heraus.<br \/>\nVerwenden Sie das Ger\u00e4t nicht als Staubsauger, wenn der Filterbeutel nicht eingesetzt ist.<br \/>\nBevor Sie den Einwegfilterbeutel austauschen. Sie m\u00fcssen jedoch den Stecker aus der Steckdose ziehen. Vergewissern Sie sich auch, dass der Motor und das Gebl\u00e4se ausgeschaltet sind.<\/p>\n<h3>Vor dem Einsetzen von neuen Kirby-Stoffbeutel:<\/h3>\n<p>\u00d6ffnen Sie den Rei\u00dfverschluss des \u00e4u\u00dferen Kirby Staubsaugerbeutels und ziehen Sie den oberen Adapter heraus. Legen Sie die Pappvorderseite des Kirby Staubsaugerbeutels gegen die Unterseite des oberen Adapters.<\/p>\n<p>Dr\u00fccken Sie die Pappfrontplatte nach oben. Gegen die flache Oberfl\u00e4che des oberen Adapters.<br \/>\nBiegen und dr\u00fccken Sie die Lasche an der Oberseite der Pappfrontplatte auf den oberen Adapter, um sie zu sichern.<br \/>\nVergewissern Sie sich, dass der Trageriemen der Tasche durch das kleine Loch des oberen Adapters gesteckt ist. Und dass er \u00fcber dem Nocken befestigt ist.<br \/>\nStecken Sie den Kirby Staubsaugerbeutel in den permanenten Au\u00dfenbeutel und schlie\u00dfen Sie den Rei\u00dfverschluss.<\/p>\n<h3>Entfernen Sie den permanenten Au\u00dfenbeutel von Kirby und den Kirby Mini-Emptor-Sammler.<\/h3>\n<p>Der Kirby Mini Em-Tor Auffangbeh\u00e4lter nimmt gro\u00dfe, schwere Partikel auf, die den Kirby Staubsaugerbeutel nicht erreichen.<br \/>\nErgreifen Sie die Basis des Mini Em-Tor\u00ae Auffangbeh\u00e4lters. Drehen Sie ihn vom Ger\u00e4t weg und heben Sie ihn ab.<br \/>\nNehmen Sie den oberen Teil des Kirby Staubsaugerbeutels aus dem Ger\u00e4t. Dr\u00fccken Sie dazu den Entriegelungsknopf des Beutels.<br \/>\nLegen Sie die \u00d6ffnung des Kirby Mini-Emptor-Sammlers \u00fcber eine Zeitung. Sch\u00fctteln Sie den Auffangbeh\u00e4lter, um Partikel zu entfernen.<br \/>\nBringen Sie den Kirby mini-Emptor Auffangbeh\u00e4lter wieder an, wenn Sie fertig sind.<br \/>\nVerriegeln Sie den Kirby mini-Emptor Auffangbeh\u00e4lter sicher. Andernfalls wird das Ger\u00e4t nicht funktionieren. (Es l\u00e4sst sich nicht einschalten).<\/p>\n<p>VORSICHT: Gefahr der Besch\u00e4digung der eigenen Attrappen. Saugen Sie nicht absichtlich schwere Gegenst\u00e4nde, wie z. B. M\u00fcnzen, auf. Die Nichtbeachtung dieser Warnhinweise kann zu einer Besch\u00e4digung des Kirby-Rotorblatts f\u00fchren. Kirby Staubsaugerbeutel kaufen bei Veltec.<\/p>\n","protected":false},"excerpt":{"rendered":"<p>Welche Kirby-Stoffbeutel passen zu meinem KIRBY? Und wie finde ich heraus, welchen Kirby-Stoffbeutel (F oder S) ich verwende? Seit 2014 haben wir die neuen universellen Kirby-Stoffbeutel. Diese werden von KIRBY so hergestellt, dass sie f\u00fcr alle Maschinen der neuesten Generation von G4 bis Sentria II passen. Wir empfehlen Ihnen dringend, diese originalen Kirby Staubsaugerbeutel zu [&hellip;]<\/p>\n","protected":false},"author":1,"featured_media":0,"parent":0,"menu_order":0,"comment_status":"closed","ping_status":"closed","template":"","meta":{"footnotes":""},"class_list":["post-64956","page","type-page","status-publish","hentry"],"yoast_head":"<!-- This site is optimized with the Yoast SEO Premium plugin v27.1 (Yoast SEO v27.2) - https:\/\/yoast.com\/product\/yoast-seo-premium-wordpress\/ -->\n<title>Kirby-Stoffbeutel. - Veltec Kirby specialist<\/title>\n<meta name=\"description\" content=\"Kirby-Stoffbeutel. Welche Kirby-Stoffbeutel passen zu meinem KIRBY? Wie finde ich heraus, welchen Stoffbeutel ich brauche?\" \/>\n<meta name=\"robots\" content=\"index, follow, max-snippet:-1, max-image-preview:large, max-video-preview:-1\" \/>\n<link rel=\"canonical\" href=\"https:\/\/www.veltec.eu\/nl\/content-paginas\/kirby-stofzakken\/\" \/>\n<meta property=\"og:locale\" content=\"de_DE\" \/>\n<meta property=\"og:type\" content=\"article\" \/>\n<meta property=\"og:title\" content=\"Kirby-Stoffbeutel.\" \/>\n<meta property=\"og:description\" content=\"Welche Kirby-Stoffbeutel passen zu meinem KIRBY? Und wie finde ich heraus, welchen Kirby-Stoffbeutel (F oder S) ich verwende? Seit 2014 haben wir die\" \/>\n<meta property=\"og:url\" content=\"https:\/\/www.veltec.eu\/nl\/content-paginas\/kirby-stofzakken\/\" \/>\n<meta property=\"og:site_name\" content=\"Veltec Kirby specialist\" \/>\n<meta property=\"article:publisher\" content=\"https:\/\/www.facebook.com\/Veltec-Kirby-Specialist-236746293374877\/\" \/>\n<meta property=\"article:modified_time\" content=\"2025-01-24T12:48:58+00:00\" \/>\n<meta property=\"og:image\" content=\"https:\/\/www.veltec.eu\/wp-content\/uploads\/2018\/10\/2-en3-Scrolpagina-Kirby-stofzuigerzakken.jpg\" \/>\n\t<meta property=\"og:image:width\" content=\"500\" \/>\n\t<meta property=\"og:image:height\" content=\"303\" \/>\n\t<meta property=\"og:image:type\" content=\"image\/jpeg\" \/>\n<meta name=\"twitter:card\" content=\"summary_large_image\" \/>\n<meta name=\"twitter:label1\" content=\"Gesch\u00e4tzte Lesezeit\" \/>\n\t<meta name=\"twitter:data1\" content=\"5\u00a0Minuten\" \/>\n<script type=\"application\/ld+json\" class=\"yoast-schema-graph\">{\"@context\":\"https:\/\/schema.org\",\"@graph\":[{\"@type\":\"WebPage\",\"@id\":\"https:\/\/www.veltec.eu\/nl\/content-paginas\/kirby-stofzakken\/\",\"url\":\"https:\/\/www.veltec.eu\/nl\/content-paginas\/kirby-stofzakken\/\",\"name\":\"Kirby-Stoffbeutel. - Veltec Kirby specialist\",\"isPartOf\":{\"@id\":\"https:\/\/www.veltec.eu\/en\/#website\"},\"primaryImageOfPage\":{\"@id\":\"https:\/\/www.veltec.eu\/nl\/content-paginas\/kirby-stofzakken\/#primaryimage\"},\"image\":{\"@id\":\"https:\/\/www.veltec.eu\/nl\/content-paginas\/kirby-stofzakken\/#primaryimage\"},\"thumbnailUrl\":\"https:\/\/www.veltec.eu\/wp-content\/uploads\/2018\/10\/2-en3-Scrolpagina-Kirby-stofzuigerzakken.jpg\",\"datePublished\":\"2024-08-13T06:19:07+00:00\",\"dateModified\":\"2025-01-24T12:48:58+00:00\",\"description\":\"Kirby-Stoffbeutel. Welche Kirby-Stoffbeutel passen zu meinem KIRBY? Wie finde ich heraus, welchen Stoffbeutel ich brauche?\",\"breadcrumb\":{\"@id\":\"https:\/\/www.veltec.eu\/nl\/content-paginas\/kirby-stofzakken\/#breadcrumb\"},\"inLanguage\":\"de\",\"potentialAction\":[{\"@type\":\"ReadAction\",\"target\":[\"https:\/\/www.veltec.eu\/nl\/content-paginas\/kirby-stofzakken\/\"]}]},{\"@type\":\"ImageObject\",\"inLanguage\":\"de\",\"@id\":\"https:\/\/www.veltec.eu\/nl\/content-paginas\/kirby-stofzakken\/#primaryimage\",\"url\":\"https:\/\/www.veltec.eu\/wp-content\/uploads\/2018\/10\/2-en3-Scrolpagina-Kirby-stofzuigerzakken.jpg\",\"contentUrl\":\"https:\/\/www.veltec.eu\/wp-content\/uploads\/2018\/10\/2-en3-Scrolpagina-Kirby-stofzuigerzakken.jpg\"},{\"@type\":\"BreadcrumbList\",\"@id\":\"https:\/\/www.veltec.eu\/nl\/content-paginas\/kirby-stofzakken\/#breadcrumb\",\"itemListElement\":[{\"@type\":\"ListItem\",\"position\":1,\"name\":\"Home\",\"item\":\"https:\/\/www.veltec.eu\/de\/\"},{\"@type\":\"ListItem\",\"position\":2,\"name\":\"Kirby-Stoffbeutel.\"}]},{\"@type\":\"WebSite\",\"@id\":\"https:\/\/www.veltec.eu\/en\/#website\",\"url\":\"https:\/\/www.veltec.eu\/en\/\",\"name\":\"Veltec Kirby specialist\",\"description\":\"Kirby stofzuiger producten\",\"publisher\":{\"@id\":\"https:\/\/www.veltec.eu\/en\/#organization\"},\"potentialAction\":[{\"@type\":\"SearchAction\",\"target\":{\"@type\":\"EntryPoint\",\"urlTemplate\":\"https:\/\/www.veltec.eu\/en\/?s={search_term_string}\"},\"query-input\":{\"@type\":\"PropertyValueSpecification\",\"valueRequired\":true,\"valueName\":\"search_term_string\"}}],\"inLanguage\":\"de\"},{\"@type\":\"Organization\",\"@id\":\"https:\/\/www.veltec.eu\/en\/#organization\",\"name\":\"Veltec Kirby Specialist\",\"url\":\"https:\/\/www.veltec.eu\/en\/\",\"logo\":{\"@type\":\"ImageObject\",\"inLanguage\":\"de\",\"@id\":\"https:\/\/www.veltec.eu\/en\/#\/schema\/logo\/image\/\",\"url\":\"https:\/\/www.veltec.eu\/wp-content\/uploads\/2021\/12\/Veltec-log-groot-e1537260889125.png\",\"contentUrl\":\"https:\/\/www.veltec.eu\/wp-content\/uploads\/2021\/12\/Veltec-log-groot-e1537260889125.png\",\"width\":200,\"height\":60,\"caption\":\"Veltec Kirby Specialist\"},\"image\":{\"@id\":\"https:\/\/www.veltec.eu\/en\/#\/schema\/logo\/image\/\"},\"sameAs\":[\"https:\/\/www.facebook.com\/Veltec-Kirby-Specialist-236746293374877\/\",\"https:\/\/www.youtube.com\/user\/VeltecService\"]}]}<\/script>\n<!-- \/ Yoast SEO Premium plugin. -->","yoast_head_json":{"title":"Kirby-Stoffbeutel. - Veltec Kirby specialist","description":"Kirby-Stoffbeutel. Welche Kirby-Stoffbeutel passen zu meinem KIRBY? Wie finde ich heraus, welchen Stoffbeutel ich brauche?","robots":{"index":"index","follow":"follow","max-snippet":"max-snippet:-1","max-image-preview":"max-image-preview:large","max-video-preview":"max-video-preview:-1"},"canonical":"https:\/\/www.veltec.eu\/nl\/content-paginas\/kirby-stofzakken\/","og_locale":"de_DE","og_type":"article","og_title":"Kirby-Stoffbeutel.","og_description":"Welche Kirby-Stoffbeutel passen zu meinem KIRBY? Und wie finde ich heraus, welchen Kirby-Stoffbeutel (F oder S) ich verwende? Seit 2014 haben wir die","og_url":"https:\/\/www.veltec.eu\/nl\/content-paginas\/kirby-stofzakken\/","og_site_name":"Veltec Kirby specialist","article_publisher":"https:\/\/www.facebook.com\/Veltec-Kirby-Specialist-236746293374877\/","article_modified_time":"2025-01-24T12:48:58+00:00","og_image":[{"width":500,"height":303,"url":"https:\/\/www.veltec.eu\/wp-content\/uploads\/2018\/10\/2-en3-Scrolpagina-Kirby-stofzuigerzakken.jpg","type":"image\/jpeg"}],"twitter_card":"summary_large_image","twitter_misc":{"Gesch\u00e4tzte Lesezeit":"5\u00a0Minuten"},"schema":{"@context":"https:\/\/schema.org","@graph":[{"@type":"WebPage","@id":"https:\/\/www.veltec.eu\/nl\/content-paginas\/kirby-stofzakken\/","url":"https:\/\/www.veltec.eu\/nl\/content-paginas\/kirby-stofzakken\/","name":"Kirby-Stoffbeutel. - Veltec Kirby specialist","isPartOf":{"@id":"https:\/\/www.veltec.eu\/en\/#website"},"primaryImageOfPage":{"@id":"https:\/\/www.veltec.eu\/nl\/content-paginas\/kirby-stofzakken\/#primaryimage"},"image":{"@id":"https:\/\/www.veltec.eu\/nl\/content-paginas\/kirby-stofzakken\/#primaryimage"},"thumbnailUrl":"https:\/\/www.veltec.eu\/wp-content\/uploads\/2018\/10\/2-en3-Scrolpagina-Kirby-stofzuigerzakken.jpg","datePublished":"2024-08-13T06:19:07+00:00","dateModified":"2025-01-24T12:48:58+00:00","description":"Kirby-Stoffbeutel. Welche Kirby-Stoffbeutel passen zu meinem KIRBY? Wie finde ich heraus, welchen Stoffbeutel ich brauche?","breadcrumb":{"@id":"https:\/\/www.veltec.eu\/nl\/content-paginas\/kirby-stofzakken\/#breadcrumb"},"inLanguage":"de","potentialAction":[{"@type":"ReadAction","target":["https:\/\/www.veltec.eu\/nl\/content-paginas\/kirby-stofzakken\/"]}]},{"@type":"ImageObject","inLanguage":"de","@id":"https:\/\/www.veltec.eu\/nl\/content-paginas\/kirby-stofzakken\/#primaryimage","url":"https:\/\/www.veltec.eu\/wp-content\/uploads\/2018\/10\/2-en3-Scrolpagina-Kirby-stofzuigerzakken.jpg","contentUrl":"https:\/\/www.veltec.eu\/wp-content\/uploads\/2018\/10\/2-en3-Scrolpagina-Kirby-stofzuigerzakken.jpg"},{"@type":"BreadcrumbList","@id":"https:\/\/www.veltec.eu\/nl\/content-paginas\/kirby-stofzakken\/#breadcrumb","itemListElement":[{"@type":"ListItem","position":1,"name":"Home","item":"https:\/\/www.veltec.eu\/de\/"},{"@type":"ListItem","position":2,"name":"Kirby-Stoffbeutel."}]},{"@type":"WebSite","@id":"https:\/\/www.veltec.eu\/en\/#website","url":"https:\/\/www.veltec.eu\/en\/","name":"Veltec Kirby specialist","description":"Kirby stofzuiger producten","publisher":{"@id":"https:\/\/www.veltec.eu\/en\/#organization"},"potentialAction":[{"@type":"SearchAction","target":{"@type":"EntryPoint","urlTemplate":"https:\/\/www.veltec.eu\/en\/?s={search_term_string}"},"query-input":{"@type":"PropertyValueSpecification","valueRequired":true,"valueName":"search_term_string"}}],"inLanguage":"de"},{"@type":"Organization","@id":"https:\/\/www.veltec.eu\/en\/#organization","name":"Veltec Kirby Specialist","url":"https:\/\/www.veltec.eu\/en\/","logo":{"@type":"ImageObject","inLanguage":"de","@id":"https:\/\/www.veltec.eu\/en\/#\/schema\/logo\/image\/","url":"https:\/\/www.veltec.eu\/wp-content\/uploads\/2021\/12\/Veltec-log-groot-e1537260889125.png","contentUrl":"https:\/\/www.veltec.eu\/wp-content\/uploads\/2021\/12\/Veltec-log-groot-e1537260889125.png","width":200,"height":60,"caption":"Veltec Kirby Specialist"},"image":{"@id":"https:\/\/www.veltec.eu\/en\/#\/schema\/logo\/image\/"},"sameAs":["https:\/\/www.facebook.com\/Veltec-Kirby-Specialist-236746293374877\/","https:\/\/www.youtube.com\/user\/VeltecService"]}]}},"_links":{"self":[{"href":"https:\/\/www.veltec.eu\/de\/wp-json\/wp\/v2\/pages\/64956","targetHints":{"allow":["GET"]}}],"collection":[{"href":"https:\/\/www.veltec.eu\/de\/wp-json\/wp\/v2\/pages"}],"about":[{"href":"https:\/\/www.veltec.eu\/de\/wp-json\/wp\/v2\/types\/page"}],"author":[{"embeddable":true,"href":"https:\/\/www.veltec.eu\/de\/wp-json\/wp\/v2\/users\/1"}],"replies":[{"embeddable":true,"href":"https:\/\/www.veltec.eu\/de\/wp-json\/wp\/v2\/comments?post=64956"}],"version-history":[{"count":0,"href":"https:\/\/www.veltec.eu\/de\/wp-json\/wp\/v2\/pages\/64956\/revisions"}],"wp:attachment":[{"href":"https:\/\/www.veltec.eu\/de\/wp-json\/wp\/v2\/media?parent=64956"}],"curies":[{"name":"wp","href":"https:\/\/api.w.org\/{rel}","templated":true}]}}