{"id":63135,"date":"2024-08-02T10:30:24","date_gmt":"2024-08-02T08:30:24","guid":{"rendered":"https:\/\/www.veltec.eu\/kirby-teile-gebraucht\/"},"modified":"2024-08-02T10:51:47","modified_gmt":"2024-08-02T08:51:47","slug":"kirby-teile-gebraucht","status":"publish","type":"page","link":"https:\/\/www.veltec.eu\/de\/kirby-teile-gebraucht\/","title":{"rendered":"Kirby Teile gebraucht"},"content":{"rendered":"<h1>Kirby-Teile gebraucht<\/h1>\n<p>Ihr Kirby-System sollte ein Leben lang halten. Mit dem richtigen Zubeh\u00f6r und der richtigen Pflege wird Ihr System auch nach Jahren noch wie neu funktionieren. Wenn ein Teil kaputt geht oder nicht mehr richtig funktioniert, bieten wir Ihnen alle Kirby-Ersatzteile, die Sie ben\u00f6tigen. Und hier sind einige wichtige Staubsaugerteile und Ersatzteile, die Sie ben\u00f6tigen. Ihr Kirby-System sollte ein Leben lang halten. Mit der richtigen Wartung und Pflege wird Ihr System auch nach Jahren noch wie neu funktionieren. Wenn ein Kirby-Teil kaputt geht oder nicht mehr richtig funktioniert, bieten wir alle Kirby Staubsauger-Ersatzteile an, die Sie ben\u00f6tigen, einschlie\u00dflich Kirby Staubsaugerbeutel und B\u00fcrstenrollen.<\/p>\n<p>Um die Lebensdauer Ihres Kirby-Systems zu sch\u00fctzen und gute Reinigungsergebnisse zu gew\u00e4hrleisten, sollten Sie nur Originalteile f\u00fcr Kirby Staubsauger verwenden.<\/p>\n<h4><img decoding=\"async\" class=\"alignnone wp-image-41644 size-medium\" src=\"https:\/\/www.veltec.eu\/wp-content\/uploads\/2021\/07\/Kirby-voor-transport-300x266.jpg\" alt=\"Kirby Teile gebraucht\" width=\"300\" height=\"266\" srcset=\"https:\/\/www.veltec.eu\/wp-content\/uploads\/2021\/07\/Kirby-voor-transport-300x266.jpg 300w, https:\/\/www.veltec.eu\/wp-content\/uploads\/2021\/07\/Kirby-voor-transport.jpg 459w\" sizes=\"(max-width: 300px) 100vw, 300px\" \/><\/h4>\n<h3>Wie verwendet man Kirby Teile gebraucht?<\/h3>\n<p>Kirby hat einen guten Ruf als einer der zuverl\u00e4ssigsten Staubsauger auf dem Markt. Obwohl ein Gro\u00dfteil seiner Anziehungskraft von seinen Tiefenreinigungsergebnissen herr\u00fchrt. Der Staubsauger ist auch wegen seiner zahlreichen Zubeh\u00f6r- und Ersatzteile beliebt, die die Reinigung einer Vielzahl von schwer zug\u00e4nglichen Stellen erleichtern.<\/p>\n<p>Wenn Sie mit den Kirby-Teilen nicht vertraut sind, kann es Ihnen kompliziert erscheinen, sie zu benutzen. Mit ein wenig Anleitung und \u00dcbung k\u00f6nnen Sie die Verwendung dieser praktischen Zubeh\u00f6rteile leicht erlernen. Und sie bei Ihrer t\u00e4glichen Reinigung einsetzen. Lesen Sie weiter, um zu erfahren, wie Sie Kirby-Teile verwenden:<\/p>\n<h3>Ziehen Sie den Stecker des Ger\u00e4ts<\/h3>\n<p>Vergewissern Sie sich, dass der Stecker aus der Steckdose gezogen ist, bevor Sie Aufs\u00e4tze f\u00fcr einen Kirby Staubsauger verwenden. Und ob der Ein- und Ausschalter ausgeschaltet ist. Sicherheit ist oberstes Gebot &#8211; und wenn Sie keine einfachen Sicherheitsma\u00dfnahmen ergreifen, k\u00f6nnten Sie sich in Gefahr begeben.<\/p>\n<h3>Befestigen Sie den Schlauch des Kirby Staubsaugers<\/h3>\n<p>Die meisten Kirby-Teile verwenden den Schlauch, mit dem Sie jeden Winkel erreichen k\u00f6nnen. Dies kann den Unterschied zwischen einer mittelm\u00e4\u00dfigen Reinigung und einem makellosen Raum ausmachen.<\/p>\n<p>Um den Schlauch an der Vorderseite des Kirby-Ger\u00e4ts anzubringen, entfernen Sie die Kirby-Breitschlag-Saugd\u00fcse. Heben Sie die Abdeckung der Kopflampe an und entfernen Sie die Breitklopfd\u00fcse, indem Sie den Riemenhebel gegen den Uhrzeigersinn drehen.<\/p>\n<p>Das gleiche Verfahren, das zur Befestigung der Kopfd\u00fcse am Ger\u00e4t verwendet wurde, kann auch zur Befestigung des Schlauchs verwendet werden. Legen Sie die Haken des Schlauchs \u00fcber die Stange an der Vorderseite des Ger\u00e4ts und verriegeln Sie ihn dann.<\/p>\n<h3>Nutzen Sie die Vorteile der verschiedenen Kirby Teile gebraucht<\/h3>\n<p>F\u00fcr die Staubsauger von Kirby sind verschiedene Schlauchaufs\u00e4tze erh\u00e4ltlich, die jeweils einen speziellen Nutzen f\u00fcr den Haushalt haben. Sie lassen sich alle mit einem einfachen Druck und einer leichten Drehung am Schlauch befestigen.<\/p>\n<p>Eine Vielzahl von Kirby Staubsaugeraufs\u00e4tzen kann sich in verschiedenen Situationen als n\u00fctzlich erweisen, aber die meisten Benutzer sind sich einig, dass die folgenden Teile am wertvollsten sind:<\/p>\n<h3>Verwendete Kirby Teile gebraucht<\/h3>\n<p><strong>Kirby Verl\u00e4ngerungsrohr<\/strong><\/p>\n<p><a href=\"https:\/\/www.veltec.eu\/nl\/product\/kirby-verlengbuis-nl3131\/\"><img decoding=\"async\" class=\"alignnone wp-image-47923 size-full\" src=\"https:\/\/www.veltec.eu\/wp-content\/uploads\/2022\/03\/verleng_1x_kopie.jpg\" alt=\"Kirby Verl\u00e4ngerungsrohr\" width=\"300\" height=\"300\" srcset=\"https:\/\/www.veltec.eu\/wp-content\/uploads\/2022\/03\/verleng_1x_kopie.jpg 300w, https:\/\/www.veltec.eu\/wp-content\/uploads\/2022\/03\/verleng_1x_kopie-80x80.jpg 80w, https:\/\/www.veltec.eu\/wp-content\/uploads\/2022\/03\/verleng_1x_kopie-36x36.jpg 36w, https:\/\/www.veltec.eu\/wp-content\/uploads\/2022\/03\/verleng_1x_kopie-180x180.jpg 180w, https:\/\/www.veltec.eu\/wp-content\/uploads\/2022\/03\/verleng_1x_kopie-100x100.jpg 100w\" sizes=\"(max-width: 300px) 100vw, 300px\" \/><\/a><\/p>\n<p>Da wir wissen, wie schwierig es ist, diese hohen und schwer zug\u00e4nglichen Stellen zu erreichen, haben wir die M\u00f6glichkeit geschaffen, bis zu zwei Verl\u00e4ngerungsrohre anzubringen. Dies ist perfekt f\u00fcr die Reinigung von hohen Vorh\u00e4ngen, staubigen Deckenecken und unter langen Lounge- oder Beistelltischen.<\/p>\n<p><strong>Kirby Staubb\u00fcrste<\/strong><\/p>\n<p><a href=\"https:\/\/www.veltec.eu\/nl\/product\/kirby-afstofborstel-nl3021\/\"><img decoding=\"async\" class=\"alignnone wp-image-47904 size-medium\" src=\"https:\/\/www.veltec.eu\/wp-content\/uploads\/2022\/03\/9200000113169269-1-300x300.jpg\" alt=\"Kirby Staubb\u00fcrste\" width=\"300\" height=\"300\" srcset=\"https:\/\/www.veltec.eu\/wp-content\/uploads\/2022\/03\/9200000113169269-1-300x300.jpg 300w, https:\/\/www.veltec.eu\/wp-content\/uploads\/2022\/03\/9200000113169269-1-80x80.jpg 80w, https:\/\/www.veltec.eu\/wp-content\/uploads\/2022\/03\/9200000113169269-1-36x36.jpg 36w, https:\/\/www.veltec.eu\/wp-content\/uploads\/2022\/03\/9200000113169269-1-180x180.jpg 180w, https:\/\/www.veltec.eu\/wp-content\/uploads\/2022\/03\/9200000113169269-1-100x100.jpg 100w, https:\/\/www.veltec.eu\/wp-content\/uploads\/2022\/03\/9200000113169269-1.jpg 531w\" sizes=\"(max-width: 300px) 100vw, 300px\" \/><\/a><\/p>\n<p>Hartholzm\u00f6bel, B\u00fccherregale oder andere staubige Gegenst\u00e4nde in der Wohnung k\u00f6nnen mit der Kirby Staubb\u00fcrste gereinigt werden. Diese einfache und effektive B\u00fcrste ist seit langem eines der zuverl\u00e4ssigsten Kirby-Zubeh\u00f6rteile.<\/p>\n<p><strong>Kirby-M\u00f6beld\u00fcse<\/strong><\/p>\n<p>Dieser Aufsatz ist perfekt f\u00fcr den Innenraum des Autos, wo Autofahrer sich auf ihn verlassen, um schwer zu reinigende Polster zu reinigen. Die Kirby-M\u00f6beld\u00fcse ist auch eine hervorragende Option f\u00fcr Sofas, Treppenstufen und Polsterm\u00f6bel.<\/p>\n<p><strong>Kirby Sockelb\u00fcrste<\/strong><\/p>\n<p>Saugen Sie mit der Kirby Sockelb\u00fcrste alles auf, was sich zwischen den Polstern des Sofas befindet &#8211; oder erreichen Sie auch schwierige Stellen. Dank der einzigartigen Flexibilit\u00e4t dieses Aufsatzes ist es ein Kinderspiel, jeden Zentimeter zu reinigen, der sonst \u00fcbersehen werden w\u00fcrde.<\/p>\n<h3>Verwenden Sie den Kirby als Gebl\u00e4se oder Pumpe<\/h3>\n<p>Ein Kirby Staubsauger kann nicht nur viele Arten von Schmutz aufsaugen, sondern Sie k\u00f6nnen ihn auch zum Reinigen von Oberfl\u00e4chen durch Blasen von Luft verwenden. Mit dem Kirby-Gebl\u00e4seauslauf kann dies eine \u00fcberraschend effektive Methode sein, um z. B. Luftbetten und sogar Computertastaturen zu reinigen.<\/p>\n<p>Die Umr\u00fcstung des Kirby in ein Gebl\u00e4se ist einfach. Entfernen Sie zun\u00e4chst die Gebl\u00e4sed\u00fcse und ersetzen Sie sie durch die Kirby-Gebl\u00e4seschutzhaube. Befestigen Sie die Haube am Ger\u00e4t, wie Sie es bei der Anbringung der Blasd\u00fcse tun w\u00fcrden.<\/p>\n<p>Der n\u00e4chste Schritt? Entfernen Sie den Au\u00dfenbeutel. Schlie\u00dflich wird er nicht ben\u00f6tigt, da nichts in den Beutel gesaugt wird. Zum Schluss schlie\u00dfen Sie den Aufsatzschlauch an die Luftauslass\u00f6ffnung an. Richten Sie einfach die Pfeile aus und drehen Sie den Schlauch in den Kirby Nederland ein.<\/p>\n<h3>Verwendung des tragbaren Spr\u00fchger\u00e4ts und der Shampoonierpistole Kirby Teile<\/h3>\n<p>Sobald der Kirby als Gebl\u00e4se eingestellt ist, kann er die Kraft von zwei praktischen Aufs\u00e4tzen nutzen: der Kirby Shampoonierpistole und der Gebl\u00e4sed\u00fcse. Beide Aufs\u00e4tze k\u00f6nnen auf die gleiche Weise an den Aufsatzschlauch angeschlossen werden, wie die \u00fcblichen Kirby-Teile.<\/p>\n<h3>Entfernen der verwendeten Kirby-Teile<\/h3>\n<p>Nach der Reinigung k\u00f6nnen Sie jeden Aufsatz mit einer einfachen Dreh- und Ziehbewegung abnehmen. Achten Sie darauf, dass Sie alle Kirby-Aufs\u00e4tze am gleichen Ort aufbewahren, damit sie nicht verloren gehen, wenn Sie sie das n\u00e4chste Mal brauchen.<\/p>\n<h3>Meistern Sie die Kunst der Verwendung von Kirby-Aufs\u00e4tzen<\/h3>\n<p>Es mag einige Zeit des Ausprobierens erfordern, aber Sie werden bald feststellen, dass gebrauchte Kirby-Teile einfach zu verwenden sind. Sie k\u00f6nnen bei der Reinigung einen gro\u00dfen Unterschied ausmachen, also z\u00f6gern Sie nicht, sie in vollem Umfang zu nutzen.<\/p>\n","protected":false},"excerpt":{"rendered":"<p>Kirby-Teile gebraucht Ihr Kirby-System sollte ein Leben lang halten. Mit dem richtigen Zubeh\u00f6r und der richtigen Pflege wird Ihr System auch nach Jahren noch wie neu funktionieren. Wenn ein Teil kaputt geht oder nicht mehr richtig funktioniert, bieten wir Ihnen alle Kirby-Ersatzteile, die Sie ben\u00f6tigen. Und hier sind einige wichtige Staubsaugerteile und Ersatzteile, die Sie [&hellip;]<\/p>\n","protected":false},"author":1,"featured_media":0,"parent":0,"menu_order":0,"comment_status":"closed","ping_status":"closed","template":"","meta":{"_acf_changed":false,"footnotes":""},"class_list":["post-63135","page","type-page","status-publish","hentry"],"acf":[],"yoast_head":"<!-- This site is optimized with the Yoast SEO Premium plugin v27.1 (Yoast SEO v27.4) - https:\/\/yoast.com\/product\/yoast-seo-premium-wordpress\/ -->\n<title>Kirby Teile gebraucht - Veltec Kirby specialist<\/title>\n<meta name=\"description\" content=\"Kirby Teile gebraucht. Veltec ist seit \u00fcber 25 Jahren ein Lieferant von Kirby Gebrauchtteilen. Und ist Ihr Kirby-Service-Spezialist.\" \/>\n<meta name=\"robots\" content=\"index, follow, max-snippet:-1, max-image-preview:large, max-video-preview:-1\" \/>\n<link rel=\"canonical\" href=\"https:\/\/www.veltec.eu\/nl\/content-paginas\/kirby-onderdelen-gebruikt\/\" \/>\n<meta property=\"og:locale\" content=\"de_DE\" \/>\n<meta property=\"og:type\" content=\"article\" \/>\n<meta property=\"og:title\" content=\"Kirby Teile gebraucht\" \/>\n<meta property=\"og:description\" content=\"Kirby-Teile gebraucht Ihr Kirby-System sollte ein Leben lang halten. Mit dem richtigen Zubeh\u00f6r und der richtigen Pflege wird Ihr System auch nach Jahren\" \/>\n<meta property=\"og:url\" content=\"https:\/\/www.veltec.eu\/nl\/content-paginas\/kirby-onderdelen-gebruikt\/\" \/>\n<meta property=\"og:site_name\" content=\"Veltec Kirby specialist\" \/>\n<meta property=\"article:publisher\" content=\"https:\/\/www.facebook.com\/Veltec-Kirby-Specialist-236746293374877\/\" \/>\n<meta property=\"article:modified_time\" content=\"2024-08-02T08:51:47+00:00\" \/>\n<meta property=\"og:image\" content=\"https:\/\/www.veltec.eu\/wp-content\/uploads\/2021\/07\/Kirby-voor-transport.jpg\" \/>\n\t<meta property=\"og:image:width\" content=\"459\" \/>\n\t<meta property=\"og:image:height\" content=\"407\" \/>\n\t<meta property=\"og:image:type\" content=\"image\/jpeg\" \/>\n<meta name=\"twitter:card\" content=\"summary_large_image\" \/>\n<meta name=\"twitter:label1\" content=\"Gesch\u00e4tzte Lesezeit\" \/>\n\t<meta name=\"twitter:data1\" content=\"5\u00a0Minuten\" \/>\n<script type=\"application\/ld+json\" class=\"yoast-schema-graph\">{\"@context\":\"https:\\\/\\\/schema.org\",\"@graph\":[{\"@type\":\"WebPage\",\"@id\":\"https:\\\/\\\/www.veltec.eu\\\/nl\\\/content-paginas\\\/kirby-onderdelen-gebruikt\\\/\",\"url\":\"https:\\\/\\\/www.veltec.eu\\\/nl\\\/content-paginas\\\/kirby-onderdelen-gebruikt\\\/\",\"name\":\"Kirby Teile gebraucht - Veltec Kirby specialist\",\"isPartOf\":{\"@id\":\"https:\\\/\\\/www.veltec.eu\\\/en\\\/#website\"},\"primaryImageOfPage\":{\"@id\":\"https:\\\/\\\/www.veltec.eu\\\/nl\\\/content-paginas\\\/kirby-onderdelen-gebruikt\\\/#primaryimage\"},\"image\":{\"@id\":\"https:\\\/\\\/www.veltec.eu\\\/nl\\\/content-paginas\\\/kirby-onderdelen-gebruikt\\\/#primaryimage\"},\"thumbnailUrl\":\"https:\\\/\\\/www.veltec.eu\\\/wp-content\\\/uploads\\\/2021\\\/07\\\/Kirby-voor-transport-300x266.jpg\",\"datePublished\":\"2024-08-02T08:30:24+00:00\",\"dateModified\":\"2024-08-02T08:51:47+00:00\",\"description\":\"Kirby Teile gebraucht. Veltec ist seit \u00fcber 25 Jahren ein Lieferant von Kirby Gebrauchtteilen. Und ist Ihr Kirby-Service-Spezialist.\",\"breadcrumb\":{\"@id\":\"https:\\\/\\\/www.veltec.eu\\\/nl\\\/content-paginas\\\/kirby-onderdelen-gebruikt\\\/#breadcrumb\"},\"inLanguage\":\"de\",\"potentialAction\":[{\"@type\":\"ReadAction\",\"target\":[\"https:\\\/\\\/www.veltec.eu\\\/nl\\\/content-paginas\\\/kirby-onderdelen-gebruikt\\\/\"]}]},{\"@type\":\"ImageObject\",\"inLanguage\":\"de\",\"@id\":\"https:\\\/\\\/www.veltec.eu\\\/nl\\\/content-paginas\\\/kirby-onderdelen-gebruikt\\\/#primaryimage\",\"url\":\"https:\\\/\\\/www.veltec.eu\\\/wp-content\\\/uploads\\\/2021\\\/07\\\/Kirby-voor-transport-300x266.jpg\",\"contentUrl\":\"https:\\\/\\\/www.veltec.eu\\\/wp-content\\\/uploads\\\/2021\\\/07\\\/Kirby-voor-transport-300x266.jpg\"},{\"@type\":\"BreadcrumbList\",\"@id\":\"https:\\\/\\\/www.veltec.eu\\\/nl\\\/content-paginas\\\/kirby-onderdelen-gebruikt\\\/#breadcrumb\",\"itemListElement\":[{\"@type\":\"ListItem\",\"position\":1,\"name\":\"Home\",\"item\":\"https:\\\/\\\/www.veltec.eu\\\/de\\\/\"},{\"@type\":\"ListItem\",\"position\":2,\"name\":\"Kirby Teile gebraucht\"}]},{\"@type\":\"WebSite\",\"@id\":\"https:\\\/\\\/www.veltec.eu\\\/en\\\/#website\",\"url\":\"https:\\\/\\\/www.veltec.eu\\\/en\\\/\",\"name\":\"Veltec Kirby specialist\",\"description\":\"Kirby stofzuiger producten\",\"publisher\":{\"@id\":\"https:\\\/\\\/www.veltec.eu\\\/en\\\/#organization\"},\"potentialAction\":[{\"@type\":\"SearchAction\",\"target\":{\"@type\":\"EntryPoint\",\"urlTemplate\":\"https:\\\/\\\/www.veltec.eu\\\/en\\\/?s={search_term_string}\"},\"query-input\":{\"@type\":\"PropertyValueSpecification\",\"valueRequired\":true,\"valueName\":\"search_term_string\"}}],\"inLanguage\":\"de\"},{\"@type\":\"Organization\",\"@id\":\"https:\\\/\\\/www.veltec.eu\\\/en\\\/#organization\",\"name\":\"Veltec Kirby Specialist\",\"url\":\"https:\\\/\\\/www.veltec.eu\\\/en\\\/\",\"logo\":{\"@type\":\"ImageObject\",\"inLanguage\":\"de\",\"@id\":\"https:\\\/\\\/www.veltec.eu\\\/en\\\/#\\\/schema\\\/logo\\\/image\\\/\",\"url\":\"https:\\\/\\\/www.veltec.eu\\\/wp-content\\\/uploads\\\/2021\\\/12\\\/Veltec-log-groot-e1537260889125.png\",\"contentUrl\":\"https:\\\/\\\/www.veltec.eu\\\/wp-content\\\/uploads\\\/2021\\\/12\\\/Veltec-log-groot-e1537260889125.png\",\"width\":200,\"height\":60,\"caption\":\"Veltec Kirby Specialist\"},\"image\":{\"@id\":\"https:\\\/\\\/www.veltec.eu\\\/en\\\/#\\\/schema\\\/logo\\\/image\\\/\"},\"sameAs\":[\"https:\\\/\\\/www.facebook.com\\\/Veltec-Kirby-Specialist-236746293374877\\\/\",\"https:\\\/\\\/www.youtube.com\\\/user\\\/VeltecService\"]}]}<\/script>\n<!-- \/ Yoast SEO Premium plugin. -->","yoast_head_json":{"title":"Kirby Teile gebraucht - Veltec Kirby specialist","description":"Kirby Teile gebraucht. Veltec ist seit \u00fcber 25 Jahren ein Lieferant von Kirby Gebrauchtteilen. Und ist Ihr Kirby-Service-Spezialist.","robots":{"index":"index","follow":"follow","max-snippet":"max-snippet:-1","max-image-preview":"max-image-preview:large","max-video-preview":"max-video-preview:-1"},"canonical":"https:\/\/www.veltec.eu\/nl\/content-paginas\/kirby-onderdelen-gebruikt\/","og_locale":"de_DE","og_type":"article","og_title":"Kirby Teile gebraucht","og_description":"Kirby-Teile gebraucht Ihr Kirby-System sollte ein Leben lang halten. Mit dem richtigen Zubeh\u00f6r und der richtigen Pflege wird Ihr System auch nach Jahren","og_url":"https:\/\/www.veltec.eu\/nl\/content-paginas\/kirby-onderdelen-gebruikt\/","og_site_name":"Veltec Kirby specialist","article_publisher":"https:\/\/www.facebook.com\/Veltec-Kirby-Specialist-236746293374877\/","article_modified_time":"2024-08-02T08:51:47+00:00","og_image":[{"width":459,"height":407,"url":"https:\/\/www.veltec.eu\/wp-content\/uploads\/2021\/07\/Kirby-voor-transport.jpg","type":"image\/jpeg"}],"twitter_card":"summary_large_image","twitter_misc":{"Gesch\u00e4tzte Lesezeit":"5\u00a0Minuten"},"schema":{"@context":"https:\/\/schema.org","@graph":[{"@type":"WebPage","@id":"https:\/\/www.veltec.eu\/nl\/content-paginas\/kirby-onderdelen-gebruikt\/","url":"https:\/\/www.veltec.eu\/nl\/content-paginas\/kirby-onderdelen-gebruikt\/","name":"Kirby Teile gebraucht - Veltec Kirby specialist","isPartOf":{"@id":"https:\/\/www.veltec.eu\/en\/#website"},"primaryImageOfPage":{"@id":"https:\/\/www.veltec.eu\/nl\/content-paginas\/kirby-onderdelen-gebruikt\/#primaryimage"},"image":{"@id":"https:\/\/www.veltec.eu\/nl\/content-paginas\/kirby-onderdelen-gebruikt\/#primaryimage"},"thumbnailUrl":"https:\/\/www.veltec.eu\/wp-content\/uploads\/2021\/07\/Kirby-voor-transport-300x266.jpg","datePublished":"2024-08-02T08:30:24+00:00","dateModified":"2024-08-02T08:51:47+00:00","description":"Kirby Teile gebraucht. Veltec ist seit \u00fcber 25 Jahren ein Lieferant von Kirby Gebrauchtteilen. Und ist Ihr Kirby-Service-Spezialist.","breadcrumb":{"@id":"https:\/\/www.veltec.eu\/nl\/content-paginas\/kirby-onderdelen-gebruikt\/#breadcrumb"},"inLanguage":"de","potentialAction":[{"@type":"ReadAction","target":["https:\/\/www.veltec.eu\/nl\/content-paginas\/kirby-onderdelen-gebruikt\/"]}]},{"@type":"ImageObject","inLanguage":"de","@id":"https:\/\/www.veltec.eu\/nl\/content-paginas\/kirby-onderdelen-gebruikt\/#primaryimage","url":"https:\/\/www.veltec.eu\/wp-content\/uploads\/2021\/07\/Kirby-voor-transport-300x266.jpg","contentUrl":"https:\/\/www.veltec.eu\/wp-content\/uploads\/2021\/07\/Kirby-voor-transport-300x266.jpg"},{"@type":"BreadcrumbList","@id":"https:\/\/www.veltec.eu\/nl\/content-paginas\/kirby-onderdelen-gebruikt\/#breadcrumb","itemListElement":[{"@type":"ListItem","position":1,"name":"Home","item":"https:\/\/www.veltec.eu\/de\/"},{"@type":"ListItem","position":2,"name":"Kirby Teile gebraucht"}]},{"@type":"WebSite","@id":"https:\/\/www.veltec.eu\/en\/#website","url":"https:\/\/www.veltec.eu\/en\/","name":"Veltec Kirby specialist","description":"Kirby stofzuiger producten","publisher":{"@id":"https:\/\/www.veltec.eu\/en\/#organization"},"potentialAction":[{"@type":"SearchAction","target":{"@type":"EntryPoint","urlTemplate":"https:\/\/www.veltec.eu\/en\/?s={search_term_string}"},"query-input":{"@type":"PropertyValueSpecification","valueRequired":true,"valueName":"search_term_string"}}],"inLanguage":"de"},{"@type":"Organization","@id":"https:\/\/www.veltec.eu\/en\/#organization","name":"Veltec Kirby Specialist","url":"https:\/\/www.veltec.eu\/en\/","logo":{"@type":"ImageObject","inLanguage":"de","@id":"https:\/\/www.veltec.eu\/en\/#\/schema\/logo\/image\/","url":"https:\/\/www.veltec.eu\/wp-content\/uploads\/2021\/12\/Veltec-log-groot-e1537260889125.png","contentUrl":"https:\/\/www.veltec.eu\/wp-content\/uploads\/2021\/12\/Veltec-log-groot-e1537260889125.png","width":200,"height":60,"caption":"Veltec Kirby Specialist"},"image":{"@id":"https:\/\/www.veltec.eu\/en\/#\/schema\/logo\/image\/"},"sameAs":["https:\/\/www.facebook.com\/Veltec-Kirby-Specialist-236746293374877\/","https:\/\/www.youtube.com\/user\/VeltecService"]}]}},"_links":{"self":[{"href":"https:\/\/www.veltec.eu\/de\/wp-json\/wp\/v2\/pages\/63135","targetHints":{"allow":["GET"]}}],"collection":[{"href":"https:\/\/www.veltec.eu\/de\/wp-json\/wp\/v2\/pages"}],"about":[{"href":"https:\/\/www.veltec.eu\/de\/wp-json\/wp\/v2\/types\/page"}],"author":[{"embeddable":true,"href":"https:\/\/www.veltec.eu\/de\/wp-json\/wp\/v2\/users\/1"}],"replies":[{"embeddable":true,"href":"https:\/\/www.veltec.eu\/de\/wp-json\/wp\/v2\/comments?post=63135"}],"version-history":[{"count":0,"href":"https:\/\/www.veltec.eu\/de\/wp-json\/wp\/v2\/pages\/63135\/revisions"}],"wp:attachment":[{"href":"https:\/\/www.veltec.eu\/de\/wp-json\/wp\/v2\/media?parent=63135"}],"curies":[{"name":"wp","href":"https:\/\/api.w.org\/{rel}","templated":true}]}}