{"id":60579,"date":"2024-07-01T11:42:40","date_gmt":"2024-07-01T09:42:40","guid":{"rendered":"https:\/\/www.veltec.eu\/die-kirby-ersatzteile\/"},"modified":"2024-10-21T09:37:23","modified_gmt":"2024-10-21T07:37:23","slug":"die-kirby-ersatzteile","status":"publish","type":"page","link":"https:\/\/www.veltec.eu\/de\/die-kirby-ersatzteile\/","title":{"rendered":"Die Kirby-Ersatzteile"},"content":{"rendered":"<h1>Die Kirby-Ersatzteile<\/h1>\n<p>Ihr Kirby-System sollte ein Leben lang halten. Mit dem richtigen Zubeh\u00f6r und der richtigen Pflege wird Ihr System auch nach jahrelangem Gebrauch wie neu funktionieren. Wenn ein Teil kaputt geht oder nicht mehr richtig funktioniert, bieten wir Die Kirby-Ersatzteile an, die Sie brauchen. Und hier sind einige der wichtigsten Staubsaugerteile und Ersatzteile, die Sie ben\u00f6tigen.<\/p>\n<h3>Ihr Kirby-System sollte ein Leben lang halten.<\/h3>\n<p>Mit der richtigen Wartung und Pflege wird Ihr System auch nach jahrelangem Gebrauch wie neu funktionieren. Wenn ein Kirby-Teil kaputt geht oder nicht mehr richtig funktioniert, bieten wir Ihnen alle ben\u00f6tigten Ersatzteile f\u00fcr <a href=\"https:\/\/www.veltec.eu\/de\/kirby-staubsauger\/\">Kirby-Staubsauger<\/a> an, einschlie\u00dflich Kirby-Staubsaugerbeutel und B\u00fcrstenwalzen.<\/p>\n<p>Um die Lebensdauer Ihres Kirby-Systems zu sch\u00fctzen und gute Reinigungsergebnisse zu gew\u00e4hrleisten, sollten Sie nur Original-Kirby-Staubsaugerteile und Original-<a href=\"https:\/\/www.veltec.eu\/de\/kirby-staubsaugerbeutel\/\">Kirby-Staubsaugerbeutel<\/a> verwenden.<\/p>\n<p><a href=\"https:\/\/www.veltec.eu\/de\/kirby-zubehor-kaufen\/\"><img decoding=\"async\" class=\"alignnone wp-image-60582 size-full\" src=\"https:\/\/www.veltec.eu\/wp-content\/uploads\/2024\/07\/DE-hulp.jpg\" alt=\"Die Kirby-Ersatzteile\" width=\"500\" height=\"350\" srcset=\"https:\/\/www.veltec.eu\/wp-content\/uploads\/2024\/07\/DE-hulp.jpg 500w, https:\/\/www.veltec.eu\/wp-content\/uploads\/2024\/07\/DE-hulp-300x210.jpg 300w, https:\/\/www.veltec.eu\/wp-content\/uploads\/2024\/07\/DE-hulp-450x315.jpg 450w, https:\/\/www.veltec.eu\/wp-content\/uploads\/2024\/07\/DE-hulp-86x60.jpg 86w, https:\/\/www.veltec.eu\/wp-content\/uploads\/2024\/07\/DE-hulp-129x90.jpg 129w\" sizes=\"(max-width: 500px) 100vw, 500px\" \/><\/a><\/p>\n<h3>Wie verwende ich die\u00a0Kirby-Ersatzteile, die ich in unserem Kirby-Shop gefunden habe?<\/h3>\n<p>Kirby hat den Ruf, einer der zuverl\u00e4ssigsten Staubsauger auf dem Markt zu sein. Obwohl ein gro\u00dfer Teil seiner Attraktivit\u00e4t von seinen gr\u00fcndlichen Reinigungsergebnissen herr\u00fchrt. Der Staubsauger wird auch wegen seiner F\u00fclle an Zubeh\u00f6r und Ersatzteilen gesch\u00e4tzt, die das Reinigen einer Vielzahl von schwer erreichbaren Stellen erleichtern.<\/p>\n<p>Wenn Sie mit die Kirby-Ersatzteile nicht vertraut sind, erscheinen sie Ihnen vielleicht kompliziert in der Handhabung. Mit ein wenig Anleitung und \u00dcbung k\u00f6nnen Sie leicht lernen, diese praktischen <a href=\"https:\/\/www.veltec.eu\/de\/kirby-zubehor-kaufen\/\">Zubeh\u00f6rteile<\/a> zu verwenden. Und sie f\u00fcr Ihre t\u00e4gliche Reinigung zu verwenden.<\/p>\n<h3>Lesen Sie weiter, um zu erfahren, wie Sie die Kirby-M\u00fcnzen verwenden :<\/h3>\n<h3>Das Zubeh\u00f6r ausstecken<\/h3>\n<p>Bevor Sie das<a href=\"https:\/\/www.veltec.eu\/de\/kirby-zubehor\/\"> Zubeh\u00f6r<\/a> eines Kirby-Staubsaugers verwenden, vergewissern Sie sich, dass das Netzkabel ausgesteckt ist. Und dass der Netzschalter ausgeschaltet ist. Sicherheit ist oberstes Gebot und wenn Sie einfache Sicherheitsvorkehrungen nicht treffen, k\u00f6nnten Sie in Gefahr geraten.<\/p>\n<h3>Befestigen Sie den Schlauch des Kirby-Staubsaugers.<\/h3>\n<p>Die meisten Die Kirby-Ersatzteile verwenden den Schlauch, mit dem Sie alle Ecken und Winkel erreichen k\u00f6nnen. Dies kann den Unterschied zwischen einer schlechten Reinigung und einem sauberen Raum ausmachen.<\/p>\n<p>Um den Schlauch an der Vorderseite des Kirby-Ger\u00e4ts zu befestigen, entfernen Sie zun\u00e4chst den breiten Kirby-Wischer. Heben Sie die Abdeckung des Scheinwerfers an und entfernen Sie die Breitschlagd\u00fcse, indem Sie den Riemen gegen den Uhrzeigersinn drehen.<\/p>\n<p>Dasselbe Verfahren, mit dem der D\u00fcsenkopf am Ger\u00e4t befestigt wurde, kann auch zur Befestigung des Schlauchs verwendet werden. Setzen Sie die Haken des Schlauchs auf die Stange an der Vorderseite des Ger\u00e4ts und arretieren Sie sie.<\/p>\n<h3>Nutzen Sie die verschiedenen Die Kirby-Ersatzteile<\/h3>\n<p>F\u00fcr Kirby-Staubsauger gibt es verschiedene Teile zur Befestigung des Schlauchs, von denen jedes einen bestimmten Zweck im Haushalt erf\u00fcllt. Sie k\u00f6nnen alle durch einfaches Dr\u00fccken und leichtes Verdrehen am Schlauch befestigt werden.<\/p>\n<p>Viele Zubeh\u00f6rteile f\u00fcr Kirby-Staubsauger k\u00f6nnen in verschiedenen Situationen n\u00fctzlich sein, aber die meisten Benutzer sind sich einig, dass die folgenden Zubeh\u00f6rteile am n\u00fctzlichsten sind:<\/p>\n<h2>Die Kirby-Ersatzteile<\/h2>\n<h3>Kirby Verl\u00e4ngerungsrohr<\/h3>\n<p>Da wir wissen, dass es schwierig ist, hohe und schwer zug\u00e4ngliche Stellen zu erreichen, haben wir die M\u00f6glichkeit vorgesehen, bis zu zwei Verl\u00e4ngerungsrohre anzubringen. Das ist ideal zum Reinigen von hohen Vorh\u00e4ngen, staubigen Deckenecken und unter langen Wohnzimmer- oder Beistelltischen.<\/p>\n<h3>Kirby Staubb\u00fcrste<\/h3>\n<p>Hartholzm\u00f6bel, B\u00fccherregale und andere staubige Gegenst\u00e4nde im Haus k\u00f6nnen mit der Kirby-Staubb\u00fcrste gereinigt werden. Diese einfache und effektive B\u00fcrste ist seit langem eines der beliebtesten Kirby-Accessoires.<\/p>\n<h3>Kirby M\u00f6beld\u00fcse.<\/h3>\n<p>Dieses Zubeh\u00f6r eignet sich perfekt f\u00fcr den Innenraum des Autos, wo Fahrer damit schwer zu reinigende M\u00f6belstoffe s\u00e4ubern. Die Kirby-M\u00f6beld\u00fcse ist auch eine hervorragende Option f\u00fcr Sofas, Treppenstufen und Polsterm\u00f6bel.<\/p>\n<h3>Kirby Sockelleistenb\u00fcrste<\/h3>\n<p>Saugen Sie alles, was sich zwischen den Sofakissen befindet &#8211; oder erreichen Sie die heiklen Stellen &#8211; mit der Kirby Sockelleistenb\u00fcrste. Die einzigartige Flexibilit\u00e4t dieses Zubeh\u00f6rs erm\u00f6glicht es Ihnen, im Handumdrehen auch die kleinsten Ecken zu reinigen, die sonst vielleicht \u00fcbersehen worden w\u00e4ren.<\/p>\n<h3>Verwenden Sie den Kirby als Bl\u00e4ser oder Pumpe.<\/h3>\n<p>Ein Kirby-Staubsauger kann nicht nur viele Arten von Schmutz aufsaugen, sondern Sie k\u00f6nnen ihn auch zum Reinigen von Oberfl\u00e4chen verwenden, indem Sie Luft ausblasen. Mit der Kirby-Blasd\u00fcse kann diese Methode \u00fcberraschend effektiv sein, um Gegenst\u00e4nde wie Luftmatratzen aufzublasen und sogar Computertastaturen zu reinigen.<\/p>\n<p>Den Kirby in ein Blasrohr zu verwandeln ist ganz einfach. Entfernen Sie zun\u00e4chst das Mundst\u00fcck des Bl\u00e4sers und ersetzen Sie es durch die Schutzhaube des Kirby-Bl\u00e4sers. Befestigen Sie die Haube am Ger\u00e4t, wie Sie es auch mit dem Mundst\u00fcck des Bl\u00e4sers tun w\u00fcrden.<\/p>\n<p>Der n\u00e4chste Schritt? Entfernen Sie die Au\u00dfentasche. Schlie\u00dflich ist er nicht notwendig, da nichts in den Beutel gesaugt wird. Verbinden Sie schlie\u00dflich den Befestigungsschlauch mit der Luftauslass\u00f6ffnung. Richten Sie einfach die Pfeile aus und schrauben Sie den Schlauch fest.<\/p>\n<h3>Verwenden Sie den tragbaren Spr\u00fchkopf und die Kirby Shampoo-Pistole als Zubeh\u00f6r.<\/h3>\n<p>Sobald der <a href=\"https:\/\/www.veltec.eu\/de\/\">Kirby<\/a> als Blasger\u00e4t konfiguriert ist, kann er die Kraft von zwei praktischen Zubeh\u00f6rteilen nutzen: der Kirby Shampoo-Pistole und der Blasd\u00fcse. Diese beiden Zubeh\u00f6rteile k\u00f6nnen auf die gleiche Weise wie die \u00fcblichen Kirby-Teile an den Stromschlauch angeschlossen werden.<\/p>\n<h3>Entfernen Sie die Kirby-Teile<\/h3>\n<p>Nach der Reinigung k\u00f6nnen Sie jedes Zubeh\u00f6rteil mit einer einfachen Dreh- und Ziehbewegung entfernen. Achten Sie darauf, dass Sie alle Kirby-Zubeh\u00f6rteile am selben Ort aufbewahren, damit Sie sie nicht verlieren, wenn Sie sie das n\u00e4chste Mal brauchen.<\/p>\n<h3>Beherrschen Sie die Kunst, Kirby-M\u00fcnzen zu verwenden.<\/h3>\n<p>Vielleicht brauchen Sie ein wenig Versuch und Irrtum, aber Sie werden schnell feststellen, dass die Kirby-M\u00fcnzen einfach zu verwenden sind. Sie k\u00f6nnen beim Putzen einen gro\u00dfen Unterschied machen, also z\u00f6gern Sie nicht, sie in vollen Z\u00fcgen zu genie\u00dfen.<\/p>\n","protected":false},"excerpt":{"rendered":"<p>Die Kirby-Ersatzteile Ihr Kirby-System sollte ein Leben lang halten. Mit dem richtigen Zubeh\u00f6r und der richtigen Pflege wird Ihr System auch nach jahrelangem Gebrauch wie neu funktionieren. Wenn ein Teil kaputt geht oder nicht mehr richtig funktioniert, bieten wir Die Kirby-Ersatzteile an, die Sie brauchen. Und hier sind einige der wichtigsten Staubsaugerteile und Ersatzteile, die [&hellip;]<\/p>\n","protected":false},"author":1,"featured_media":0,"parent":0,"menu_order":0,"comment_status":"closed","ping_status":"closed","template":"","meta":{"_acf_changed":false,"footnotes":""},"class_list":["post-60579","page","type-page","status-publish","hentry"],"acf":[],"yoast_head":"<!-- This site is optimized with the Yoast SEO Premium plugin v27.1 (Yoast SEO v27.4) - https:\/\/yoast.com\/product\/yoast-seo-premium-wordpress\/ -->\n<title>Die Kirby-Ersatzteile - Veltec Kirby specialist<\/title>\n<meta name=\"description\" content=\"Die Kirby-Ersatzteile. Veltec liefert seit \u00fcber 25 Jahren Kirby-Teile und ist Ihr Kirby-Spezialist. Alles f\u00fcr Ihren Kirby Staubsauger.\" \/>\n<meta name=\"robots\" content=\"index, follow, max-snippet:-1, max-image-preview:large, max-video-preview:-1\" \/>\n<link rel=\"canonical\" href=\"https:\/\/www.veltec.eu\/nl\/content-paginas\/de-kirby-onderdelen\/\" \/>\n<meta property=\"og:locale\" content=\"de_DE\" \/>\n<meta property=\"og:type\" content=\"article\" \/>\n<meta property=\"og:title\" content=\"Die Kirby-Ersatzteile\" \/>\n<meta property=\"og:description\" content=\"Die Kirby-Ersatzteile Ihr Kirby-System sollte ein Leben lang halten. Mit dem richtigen Zubeh\u00f6r und der richtigen Pflege wird Ihr System auch nach\" \/>\n<meta property=\"og:url\" content=\"https:\/\/www.veltec.eu\/nl\/content-paginas\/de-kirby-onderdelen\/\" \/>\n<meta property=\"og:site_name\" content=\"Veltec Kirby specialist\" \/>\n<meta property=\"article:publisher\" content=\"https:\/\/www.facebook.com\/Veltec-Kirby-Specialist-236746293374877\/\" \/>\n<meta property=\"article:modified_time\" content=\"2024-10-21T07:37:23+00:00\" \/>\n<meta property=\"og:image\" content=\"https:\/\/www.veltec.eu\/wp-content\/uploads\/2024\/07\/DE-hulp.jpg\" \/>\n\t<meta property=\"og:image:width\" content=\"500\" \/>\n\t<meta property=\"og:image:height\" content=\"350\" \/>\n\t<meta property=\"og:image:type\" content=\"image\/jpeg\" \/>\n<meta name=\"twitter:card\" content=\"summary_large_image\" \/>\n<meta name=\"twitter:label1\" content=\"Gesch\u00e4tzte Lesezeit\" \/>\n\t<meta name=\"twitter:data1\" content=\"5\u00a0Minuten\" \/>\n<script type=\"application\/ld+json\" class=\"yoast-schema-graph\">{\"@context\":\"https:\\\/\\\/schema.org\",\"@graph\":[{\"@type\":\"WebPage\",\"@id\":\"https:\\\/\\\/www.veltec.eu\\\/nl\\\/content-paginas\\\/de-kirby-onderdelen\\\/\",\"url\":\"https:\\\/\\\/www.veltec.eu\\\/nl\\\/content-paginas\\\/de-kirby-onderdelen\\\/\",\"name\":\"Die Kirby-Ersatzteile - Veltec Kirby specialist\",\"isPartOf\":{\"@id\":\"https:\\\/\\\/www.veltec.eu\\\/en\\\/#website\"},\"primaryImageOfPage\":{\"@id\":\"https:\\\/\\\/www.veltec.eu\\\/nl\\\/content-paginas\\\/de-kirby-onderdelen\\\/#primaryimage\"},\"image\":{\"@id\":\"https:\\\/\\\/www.veltec.eu\\\/nl\\\/content-paginas\\\/de-kirby-onderdelen\\\/#primaryimage\"},\"thumbnailUrl\":\"https:\\\/\\\/www.veltec.eu\\\/wp-content\\\/uploads\\\/2024\\\/07\\\/DE-hulp.jpg\",\"datePublished\":\"2024-07-01T09:42:40+00:00\",\"dateModified\":\"2024-10-21T07:37:23+00:00\",\"description\":\"Die Kirby-Ersatzteile. Veltec liefert seit \u00fcber 25 Jahren Kirby-Teile und ist Ihr Kirby-Spezialist. Alles f\u00fcr Ihren Kirby Staubsauger.\",\"breadcrumb\":{\"@id\":\"https:\\\/\\\/www.veltec.eu\\\/nl\\\/content-paginas\\\/de-kirby-onderdelen\\\/#breadcrumb\"},\"inLanguage\":\"de\",\"potentialAction\":[{\"@type\":\"ReadAction\",\"target\":[\"https:\\\/\\\/www.veltec.eu\\\/nl\\\/content-paginas\\\/de-kirby-onderdelen\\\/\"]}]},{\"@type\":\"ImageObject\",\"inLanguage\":\"de\",\"@id\":\"https:\\\/\\\/www.veltec.eu\\\/nl\\\/content-paginas\\\/de-kirby-onderdelen\\\/#primaryimage\",\"url\":\"https:\\\/\\\/www.veltec.eu\\\/wp-content\\\/uploads\\\/2024\\\/07\\\/DE-hulp.jpg\",\"contentUrl\":\"https:\\\/\\\/www.veltec.eu\\\/wp-content\\\/uploads\\\/2024\\\/07\\\/DE-hulp.jpg\"},{\"@type\":\"BreadcrumbList\",\"@id\":\"https:\\\/\\\/www.veltec.eu\\\/nl\\\/content-paginas\\\/de-kirby-onderdelen\\\/#breadcrumb\",\"itemListElement\":[{\"@type\":\"ListItem\",\"position\":1,\"name\":\"Home\",\"item\":\"https:\\\/\\\/www.veltec.eu\\\/de\\\/\"},{\"@type\":\"ListItem\",\"position\":2,\"name\":\"Die Kirby-Ersatzteile\"}]},{\"@type\":\"WebSite\",\"@id\":\"https:\\\/\\\/www.veltec.eu\\\/en\\\/#website\",\"url\":\"https:\\\/\\\/www.veltec.eu\\\/en\\\/\",\"name\":\"Veltec Kirby specialist\",\"description\":\"Kirby stofzuiger producten\",\"publisher\":{\"@id\":\"https:\\\/\\\/www.veltec.eu\\\/en\\\/#organization\"},\"potentialAction\":[{\"@type\":\"SearchAction\",\"target\":{\"@type\":\"EntryPoint\",\"urlTemplate\":\"https:\\\/\\\/www.veltec.eu\\\/en\\\/?s={search_term_string}\"},\"query-input\":{\"@type\":\"PropertyValueSpecification\",\"valueRequired\":true,\"valueName\":\"search_term_string\"}}],\"inLanguage\":\"de\"},{\"@type\":\"Organization\",\"@id\":\"https:\\\/\\\/www.veltec.eu\\\/en\\\/#organization\",\"name\":\"Veltec Kirby Specialist\",\"url\":\"https:\\\/\\\/www.veltec.eu\\\/en\\\/\",\"logo\":{\"@type\":\"ImageObject\",\"inLanguage\":\"de\",\"@id\":\"https:\\\/\\\/www.veltec.eu\\\/en\\\/#\\\/schema\\\/logo\\\/image\\\/\",\"url\":\"https:\\\/\\\/www.veltec.eu\\\/wp-content\\\/uploads\\\/2021\\\/12\\\/Veltec-log-groot-e1537260889125.png\",\"contentUrl\":\"https:\\\/\\\/www.veltec.eu\\\/wp-content\\\/uploads\\\/2021\\\/12\\\/Veltec-log-groot-e1537260889125.png\",\"width\":200,\"height\":60,\"caption\":\"Veltec Kirby Specialist\"},\"image\":{\"@id\":\"https:\\\/\\\/www.veltec.eu\\\/en\\\/#\\\/schema\\\/logo\\\/image\\\/\"},\"sameAs\":[\"https:\\\/\\\/www.facebook.com\\\/Veltec-Kirby-Specialist-236746293374877\\\/\",\"https:\\\/\\\/www.youtube.com\\\/user\\\/VeltecService\"]}]}<\/script>\n<!-- \/ Yoast SEO Premium plugin. -->","yoast_head_json":{"title":"Die Kirby-Ersatzteile - Veltec Kirby specialist","description":"Die Kirby-Ersatzteile. Veltec liefert seit \u00fcber 25 Jahren Kirby-Teile und ist Ihr Kirby-Spezialist. Alles f\u00fcr Ihren Kirby Staubsauger.","robots":{"index":"index","follow":"follow","max-snippet":"max-snippet:-1","max-image-preview":"max-image-preview:large","max-video-preview":"max-video-preview:-1"},"canonical":"https:\/\/www.veltec.eu\/nl\/content-paginas\/de-kirby-onderdelen\/","og_locale":"de_DE","og_type":"article","og_title":"Die Kirby-Ersatzteile","og_description":"Die Kirby-Ersatzteile Ihr Kirby-System sollte ein Leben lang halten. Mit dem richtigen Zubeh\u00f6r und der richtigen Pflege wird Ihr System auch nach","og_url":"https:\/\/www.veltec.eu\/nl\/content-paginas\/de-kirby-onderdelen\/","og_site_name":"Veltec Kirby specialist","article_publisher":"https:\/\/www.facebook.com\/Veltec-Kirby-Specialist-236746293374877\/","article_modified_time":"2024-10-21T07:37:23+00:00","og_image":[{"width":500,"height":350,"url":"https:\/\/www.veltec.eu\/wp-content\/uploads\/2024\/07\/DE-hulp.jpg","type":"image\/jpeg"}],"twitter_card":"summary_large_image","twitter_misc":{"Gesch\u00e4tzte Lesezeit":"5\u00a0Minuten"},"schema":{"@context":"https:\/\/schema.org","@graph":[{"@type":"WebPage","@id":"https:\/\/www.veltec.eu\/nl\/content-paginas\/de-kirby-onderdelen\/","url":"https:\/\/www.veltec.eu\/nl\/content-paginas\/de-kirby-onderdelen\/","name":"Die Kirby-Ersatzteile - Veltec Kirby specialist","isPartOf":{"@id":"https:\/\/www.veltec.eu\/en\/#website"},"primaryImageOfPage":{"@id":"https:\/\/www.veltec.eu\/nl\/content-paginas\/de-kirby-onderdelen\/#primaryimage"},"image":{"@id":"https:\/\/www.veltec.eu\/nl\/content-paginas\/de-kirby-onderdelen\/#primaryimage"},"thumbnailUrl":"https:\/\/www.veltec.eu\/wp-content\/uploads\/2024\/07\/DE-hulp.jpg","datePublished":"2024-07-01T09:42:40+00:00","dateModified":"2024-10-21T07:37:23+00:00","description":"Die Kirby-Ersatzteile. Veltec liefert seit \u00fcber 25 Jahren Kirby-Teile und ist Ihr Kirby-Spezialist. Alles f\u00fcr Ihren Kirby Staubsauger.","breadcrumb":{"@id":"https:\/\/www.veltec.eu\/nl\/content-paginas\/de-kirby-onderdelen\/#breadcrumb"},"inLanguage":"de","potentialAction":[{"@type":"ReadAction","target":["https:\/\/www.veltec.eu\/nl\/content-paginas\/de-kirby-onderdelen\/"]}]},{"@type":"ImageObject","inLanguage":"de","@id":"https:\/\/www.veltec.eu\/nl\/content-paginas\/de-kirby-onderdelen\/#primaryimage","url":"https:\/\/www.veltec.eu\/wp-content\/uploads\/2024\/07\/DE-hulp.jpg","contentUrl":"https:\/\/www.veltec.eu\/wp-content\/uploads\/2024\/07\/DE-hulp.jpg"},{"@type":"BreadcrumbList","@id":"https:\/\/www.veltec.eu\/nl\/content-paginas\/de-kirby-onderdelen\/#breadcrumb","itemListElement":[{"@type":"ListItem","position":1,"name":"Home","item":"https:\/\/www.veltec.eu\/de\/"},{"@type":"ListItem","position":2,"name":"Die Kirby-Ersatzteile"}]},{"@type":"WebSite","@id":"https:\/\/www.veltec.eu\/en\/#website","url":"https:\/\/www.veltec.eu\/en\/","name":"Veltec Kirby specialist","description":"Kirby stofzuiger producten","publisher":{"@id":"https:\/\/www.veltec.eu\/en\/#organization"},"potentialAction":[{"@type":"SearchAction","target":{"@type":"EntryPoint","urlTemplate":"https:\/\/www.veltec.eu\/en\/?s={search_term_string}"},"query-input":{"@type":"PropertyValueSpecification","valueRequired":true,"valueName":"search_term_string"}}],"inLanguage":"de"},{"@type":"Organization","@id":"https:\/\/www.veltec.eu\/en\/#organization","name":"Veltec Kirby Specialist","url":"https:\/\/www.veltec.eu\/en\/","logo":{"@type":"ImageObject","inLanguage":"de","@id":"https:\/\/www.veltec.eu\/en\/#\/schema\/logo\/image\/","url":"https:\/\/www.veltec.eu\/wp-content\/uploads\/2021\/12\/Veltec-log-groot-e1537260889125.png","contentUrl":"https:\/\/www.veltec.eu\/wp-content\/uploads\/2021\/12\/Veltec-log-groot-e1537260889125.png","width":200,"height":60,"caption":"Veltec Kirby Specialist"},"image":{"@id":"https:\/\/www.veltec.eu\/en\/#\/schema\/logo\/image\/"},"sameAs":["https:\/\/www.facebook.com\/Veltec-Kirby-Specialist-236746293374877\/","https:\/\/www.youtube.com\/user\/VeltecService"]}]}},"_links":{"self":[{"href":"https:\/\/www.veltec.eu\/de\/wp-json\/wp\/v2\/pages\/60579","targetHints":{"allow":["GET"]}}],"collection":[{"href":"https:\/\/www.veltec.eu\/de\/wp-json\/wp\/v2\/pages"}],"about":[{"href":"https:\/\/www.veltec.eu\/de\/wp-json\/wp\/v2\/types\/page"}],"author":[{"embeddable":true,"href":"https:\/\/www.veltec.eu\/de\/wp-json\/wp\/v2\/users\/1"}],"replies":[{"embeddable":true,"href":"https:\/\/www.veltec.eu\/de\/wp-json\/wp\/v2\/comments?post=60579"}],"version-history":[{"count":0,"href":"https:\/\/www.veltec.eu\/de\/wp-json\/wp\/v2\/pages\/60579\/revisions"}],"wp:attachment":[{"href":"https:\/\/www.veltec.eu\/de\/wp-json\/wp\/v2\/media?parent=60579"}],"curies":[{"name":"wp","href":"https:\/\/api.w.org\/{rel}","templated":true}]}}