{"id":58982,"date":"2024-05-31T11:07:40","date_gmt":"2024-05-31T09:07:40","guid":{"rendered":"https:\/\/www.veltec.eu\/kirby-hinterradantrieb-kaufen\/"},"modified":"2026-04-29T09:36:20","modified_gmt":"2026-04-29T07:36:20","slug":"kirby-hinterradantrieb-und-zubehor","status":"publish","type":"page","link":"https:\/\/www.veltec.eu\/de\/kirby-hinterradantrieb-und-zubehor\/","title":{"rendered":"Kirby Hinterradantrieb und Zubeh\u00f6r"},"content":{"rendered":"<div  class='flex_column av-14p0gkn-52efca84f1ad814df74c6f154a40b57b av_one_full  avia-builder-el-0  avia-builder-el-no-sibling  first flex_column_div  '     ><section  class='av_textblock_section av-lwqa3yyv-20e8e11e03dce78daa41bbbc13efdfa4 '   itemscope=\"itemscope\" itemtype=\"https:\/\/schema.org\/CreativeWork\" ><div class='avia_textblock'  itemprop=\"text\" ><div class=\"flex-1 overflow-hidden\">\n<div class=\"react-scroll-to-bottom--css-wpfof-79elbk h-full\">\n<div class=\"react-scroll-to-bottom--css-wpfof-1n7m0yu\">\n<div class=\"flex flex-col text-sm\">\n<div class=\"w-full text-token-text-primary\" dir=\"auto\" data-testid=\"conversation-turn-21\" data-scroll-anchor=\"true\">\n<div class=\"py-2 juice:py-&#091;18px&#093; px-3 text-base md:px-4 m-auto md:px-5 lg:px-1 xl:px-5\">\n<div class=\"mx-auto flex flex-1 gap-3 text-base juice:gap-4 juice:md:gap-6 md:max-w-3xl lg:max-w-&#091;40rem&#093; xl:max-w-&#091;48rem&#093;\">\n<div class=\"group\/conversation-turn relative flex w-full min-w-0 flex-col agent-turn\">\n<div class=\"flex-col gap-1 md:gap-3\">\n<div class=\"flex flex-grow flex-col max-w-full\">\n<h1>Kirby Hinterradantrieb und Zubeh\u00f6r<\/h1>\n<p>Der Kirby Hinterradantrieb und das Zubeh\u00f6r sorgen f\u00fcr optimale Wendigkeit und Stabilit\u00e4t beim Staubsaugen. Sie man\u00f6vrieren m\u00fchelos \u00fcber Teppiche und Hartb\u00f6den und behalten dabei eine starke Saugleistung bei. Langlebig, ergonomisch und f\u00fcr maximalen Bedienkomfort im Haushalt entwickelt.<\/p>\n<\/div><\/section><\/div>\n<\/div>\n<\/div>\n<\/div>\n<\/div>\n<\/div>\n<\/div>\n<\/div>\n<\/div>\n<\/div>\n<\/div>\n","protected":false},"excerpt":{"rendered":"","protected":false},"author":1,"featured_media":0,"parent":0,"menu_order":0,"comment_status":"closed","ping_status":"closed","template":"","meta":{"_acf_changed":false,"footnotes":""},"class_list":["post-58982","page","type-page","status-publish","hentry"],"acf":[],"yoast_head":"<!-- This site is optimized with the Yoast SEO Premium plugin v27.1 (Yoast SEO v27.4) - https:\/\/yoast.com\/product\/yoast-seo-premium-wordpress\/ -->\n<title>Kirby Hinterradantrieb und Zubeh\u00f6r | Wendbar und leistungsstark<\/title>\n<meta name=\"description\" content=\"Kirby Hinterradantrieb und Zubeh\u00f6r f\u00fcr maximale Wendigkeit und Kontrolle beim Staubsaugen. Leistungsstark auf jedem Bodenbelag.\" \/>\n<meta name=\"robots\" content=\"index, follow, max-snippet:-1, max-image-preview:large, max-video-preview:-1\" \/>\n<link rel=\"canonical\" href=\"https:\/\/www.veltec.eu\/de\/kirby-hinterradantrieb-und-zubehor\/\" \/>\n<meta property=\"og:locale\" content=\"de_DE\" \/>\n<meta property=\"og:type\" content=\"article\" \/>\n<meta property=\"og:title\" content=\"Kirby Hinterradantrieb und Zubeh\u00f6r\" \/>\n<meta property=\"og:url\" content=\"https:\/\/www.veltec.eu\/de\/kirby-hinterradantrieb-und-zubehor\/\" \/>\n<meta property=\"og:site_name\" content=\"Veltec Kirby specialist\" \/>\n<meta property=\"article:publisher\" content=\"https:\/\/www.facebook.com\/Veltec-Kirby-Specialist-236746293374877\/\" \/>\n<meta property=\"article:modified_time\" content=\"2026-04-29T07:36:20+00:00\" \/>\n<meta name=\"twitter:card\" content=\"summary_large_image\" \/>\n<meta name=\"twitter:label1\" content=\"Gesch\u00e4tzte Lesezeit\" \/>\n\t<meta name=\"twitter:data1\" content=\"1\u00a0Minute\" \/>\n<script type=\"application\/ld+json\" class=\"yoast-schema-graph\">{\"@context\":\"https:\\\/\\\/schema.org\",\"@graph\":[{\"@type\":\"WebPage\",\"@id\":\"https:\\\/\\\/www.veltec.eu\\\/de\\\/kirby-hinterradantrieb-und-zubehor\\\/\",\"url\":\"https:\\\/\\\/www.veltec.eu\\\/de\\\/kirby-hinterradantrieb-und-zubehor\\\/\",\"name\":\"Kirby Hinterradantrieb und Zubeh\u00f6r | Wendbar und leistungsstark\",\"isPartOf\":{\"@id\":\"https:\\\/\\\/www.veltec.eu\\\/en\\\/#website\"},\"datePublished\":\"2024-05-31T09:07:40+00:00\",\"dateModified\":\"2026-04-29T07:36:20+00:00\",\"description\":\"Kirby Hinterradantrieb und Zubeh\u00f6r f\u00fcr maximale Wendigkeit und Kontrolle beim Staubsaugen. Leistungsstark auf jedem Bodenbelag.\",\"breadcrumb\":{\"@id\":\"https:\\\/\\\/www.veltec.eu\\\/de\\\/kirby-hinterradantrieb-und-zubehor\\\/#breadcrumb\"},\"inLanguage\":\"de\",\"potentialAction\":[{\"@type\":\"ReadAction\",\"target\":[\"https:\\\/\\\/www.veltec.eu\\\/de\\\/kirby-hinterradantrieb-und-zubehor\\\/\"]}]},{\"@type\":\"BreadcrumbList\",\"@id\":\"https:\\\/\\\/www.veltec.eu\\\/de\\\/kirby-hinterradantrieb-und-zubehor\\\/#breadcrumb\",\"itemListElement\":[{\"@type\":\"ListItem\",\"position\":1,\"name\":\"Home\",\"item\":\"https:\\\/\\\/www.veltec.eu\\\/de\\\/\"},{\"@type\":\"ListItem\",\"position\":2,\"name\":\"Kirby Hinterradantrieb und Zubeh\u00f6r\"}]},{\"@type\":\"WebSite\",\"@id\":\"https:\\\/\\\/www.veltec.eu\\\/en\\\/#website\",\"url\":\"https:\\\/\\\/www.veltec.eu\\\/en\\\/\",\"name\":\"Veltec Kirby specialist\",\"description\":\"Kirby stofzuiger producten\",\"publisher\":{\"@id\":\"https:\\\/\\\/www.veltec.eu\\\/en\\\/#organization\"},\"potentialAction\":[{\"@type\":\"SearchAction\",\"target\":{\"@type\":\"EntryPoint\",\"urlTemplate\":\"https:\\\/\\\/www.veltec.eu\\\/en\\\/?s={search_term_string}\"},\"query-input\":{\"@type\":\"PropertyValueSpecification\",\"valueRequired\":true,\"valueName\":\"search_term_string\"}}],\"inLanguage\":\"de\"},{\"@type\":\"Organization\",\"@id\":\"https:\\\/\\\/www.veltec.eu\\\/en\\\/#organization\",\"name\":\"Veltec Kirby Specialist\",\"url\":\"https:\\\/\\\/www.veltec.eu\\\/en\\\/\",\"logo\":{\"@type\":\"ImageObject\",\"inLanguage\":\"de\",\"@id\":\"https:\\\/\\\/www.veltec.eu\\\/en\\\/#\\\/schema\\\/logo\\\/image\\\/\",\"url\":\"https:\\\/\\\/www.veltec.eu\\\/wp-content\\\/uploads\\\/2021\\\/12\\\/Veltec-log-groot-e1537260889125.png\",\"contentUrl\":\"https:\\\/\\\/www.veltec.eu\\\/wp-content\\\/uploads\\\/2021\\\/12\\\/Veltec-log-groot-e1537260889125.png\",\"width\":200,\"height\":60,\"caption\":\"Veltec Kirby Specialist\"},\"image\":{\"@id\":\"https:\\\/\\\/www.veltec.eu\\\/en\\\/#\\\/schema\\\/logo\\\/image\\\/\"},\"sameAs\":[\"https:\\\/\\\/www.facebook.com\\\/Veltec-Kirby-Specialist-236746293374877\\\/\",\"https:\\\/\\\/www.youtube.com\\\/user\\\/VeltecService\"]}]}<\/script>\n<!-- \/ Yoast SEO Premium plugin. -->","yoast_head_json":{"title":"Kirby Hinterradantrieb und Zubeh\u00f6r | Wendbar und leistungsstark","description":"Kirby Hinterradantrieb und Zubeh\u00f6r f\u00fcr maximale Wendigkeit und Kontrolle beim Staubsaugen. Leistungsstark auf jedem Bodenbelag.","robots":{"index":"index","follow":"follow","max-snippet":"max-snippet:-1","max-image-preview":"max-image-preview:large","max-video-preview":"max-video-preview:-1"},"canonical":"https:\/\/www.veltec.eu\/de\/kirby-hinterradantrieb-und-zubehor\/","og_locale":"de_DE","og_type":"article","og_title":"Kirby Hinterradantrieb und Zubeh\u00f6r","og_url":"https:\/\/www.veltec.eu\/de\/kirby-hinterradantrieb-und-zubehor\/","og_site_name":"Veltec Kirby specialist","article_publisher":"https:\/\/www.facebook.com\/Veltec-Kirby-Specialist-236746293374877\/","article_modified_time":"2026-04-29T07:36:20+00:00","twitter_card":"summary_large_image","twitter_misc":{"Gesch\u00e4tzte Lesezeit":"1\u00a0Minute"},"schema":{"@context":"https:\/\/schema.org","@graph":[{"@type":"WebPage","@id":"https:\/\/www.veltec.eu\/de\/kirby-hinterradantrieb-und-zubehor\/","url":"https:\/\/www.veltec.eu\/de\/kirby-hinterradantrieb-und-zubehor\/","name":"Kirby Hinterradantrieb und Zubeh\u00f6r | Wendbar und leistungsstark","isPartOf":{"@id":"https:\/\/www.veltec.eu\/en\/#website"},"datePublished":"2024-05-31T09:07:40+00:00","dateModified":"2026-04-29T07:36:20+00:00","description":"Kirby Hinterradantrieb und Zubeh\u00f6r f\u00fcr maximale Wendigkeit und Kontrolle beim Staubsaugen. Leistungsstark auf jedem Bodenbelag.","breadcrumb":{"@id":"https:\/\/www.veltec.eu\/de\/kirby-hinterradantrieb-und-zubehor\/#breadcrumb"},"inLanguage":"de","potentialAction":[{"@type":"ReadAction","target":["https:\/\/www.veltec.eu\/de\/kirby-hinterradantrieb-und-zubehor\/"]}]},{"@type":"BreadcrumbList","@id":"https:\/\/www.veltec.eu\/de\/kirby-hinterradantrieb-und-zubehor\/#breadcrumb","itemListElement":[{"@type":"ListItem","position":1,"name":"Home","item":"https:\/\/www.veltec.eu\/de\/"},{"@type":"ListItem","position":2,"name":"Kirby Hinterradantrieb und Zubeh\u00f6r"}]},{"@type":"WebSite","@id":"https:\/\/www.veltec.eu\/en\/#website","url":"https:\/\/www.veltec.eu\/en\/","name":"Veltec Kirby specialist","description":"Kirby stofzuiger producten","publisher":{"@id":"https:\/\/www.veltec.eu\/en\/#organization"},"potentialAction":[{"@type":"SearchAction","target":{"@type":"EntryPoint","urlTemplate":"https:\/\/www.veltec.eu\/en\/?s={search_term_string}"},"query-input":{"@type":"PropertyValueSpecification","valueRequired":true,"valueName":"search_term_string"}}],"inLanguage":"de"},{"@type":"Organization","@id":"https:\/\/www.veltec.eu\/en\/#organization","name":"Veltec Kirby Specialist","url":"https:\/\/www.veltec.eu\/en\/","logo":{"@type":"ImageObject","inLanguage":"de","@id":"https:\/\/www.veltec.eu\/en\/#\/schema\/logo\/image\/","url":"https:\/\/www.veltec.eu\/wp-content\/uploads\/2021\/12\/Veltec-log-groot-e1537260889125.png","contentUrl":"https:\/\/www.veltec.eu\/wp-content\/uploads\/2021\/12\/Veltec-log-groot-e1537260889125.png","width":200,"height":60,"caption":"Veltec Kirby Specialist"},"image":{"@id":"https:\/\/www.veltec.eu\/en\/#\/schema\/logo\/image\/"},"sameAs":["https:\/\/www.facebook.com\/Veltec-Kirby-Specialist-236746293374877\/","https:\/\/www.youtube.com\/user\/VeltecService"]}]}},"_links":{"self":[{"href":"https:\/\/www.veltec.eu\/de\/wp-json\/wp\/v2\/pages\/58982","targetHints":{"allow":["GET"]}}],"collection":[{"href":"https:\/\/www.veltec.eu\/de\/wp-json\/wp\/v2\/pages"}],"about":[{"href":"https:\/\/www.veltec.eu\/de\/wp-json\/wp\/v2\/types\/page"}],"author":[{"embeddable":true,"href":"https:\/\/www.veltec.eu\/de\/wp-json\/wp\/v2\/users\/1"}],"replies":[{"embeddable":true,"href":"https:\/\/www.veltec.eu\/de\/wp-json\/wp\/v2\/comments?post=58982"}],"version-history":[{"count":12,"href":"https:\/\/www.veltec.eu\/de\/wp-json\/wp\/v2\/pages\/58982\/revisions"}],"predecessor-version":[{"id":91630,"href":"https:\/\/www.veltec.eu\/de\/wp-json\/wp\/v2\/pages\/58982\/revisions\/91630"}],"wp:attachment":[{"href":"https:\/\/www.veltec.eu\/de\/wp-json\/wp\/v2\/media?parent=58982"}],"curies":[{"name":"wp","href":"https:\/\/api.w.org\/{rel}","templated":true}]}}