{"id":47499,"date":"2022-02-15T16:25:33","date_gmt":"2022-02-15T14:25:33","guid":{"rendered":"https:\/\/www.veltec.eu\/?page_id=47499"},"modified":"2024-10-22T10:47:54","modified_gmt":"2024-10-22T08:47:54","slug":"veltec-videos","status":"publish","type":"page","link":"https:\/\/www.veltec.eu\/de\/veltec-videos\/","title":{"rendered":"Veltec-Videos"},"content":{"rendered":"<section  class='av_textblock_section av-kzo7yqr0-2f56d86f6c1b4956b61d5af00b634c56 '   itemscope=\"itemscope\" itemtype=\"https:\/\/schema.org\/CreativeWork\" ><div class='avia_textblock'  itemprop=\"text\" ><p>Veltec-Videos. Sehen Sie sich unsere Videos mit visuellen Informationen \u00fcber unsere Dienstleistungen an.<\/p>\n<\/div><\/section>\n<div  class='flex_column av-av_one_fourth-a93934ecd89fbb8a9566d39e89cd3725 av_one_fourth  avia-builder-el-1  el_after_av_textblock  el_before_av_one_fourth  first flex_column_div  column-top-margin'     ><div  class='avia-video av-kzo7zrsz-c4ba8ea1c842796f3b027af19d20bb6d avia-video-16-9 av-no-preview-image avia-video-load-always av-lazyload-immediate av-lazyload-video-embed'  itemprop=\"video\" itemtype=\"https:\/\/schema.org\/VideoObject\"  data-original_url='https:\/\/www.youtube.com\/watch?v=FDXXIZgh_Yw'><script type='text\/html' class='av-video-tmpl'><div class='avia-iframe-wrap'><iframe loading=\"lazy\" title=\"Kirby Staubsauger Veltec - Kirby Schlauchanschluss verfangen\" width=\"1500\" height=\"844\" src=\"https:\/\/www.youtube.com\/embed\/FDXXIZgh_Yw?feature=oembed&autoplay=0&loop=0&controls=1&mute=0\" frameborder=\"0\" allow=\"accelerometer; autoplay; clipboard-write; encrypted-media; gyroscope; picture-in-picture; web-share\" referrerpolicy=\"strict-origin-when-cross-origin\" allowfullscreen><\/iframe><\/div><\/script><div class='av-click-to-play-overlay'><div class=\"avia_playpause_icon\"><\/div><\/div><\/div><\/div><div  class='flex_column av-av_one_fourth-d06667205e6186ec8414c6eb7605d406 av_one_fourth  avia-builder-el-3  el_after_av_one_fourth  el_before_av_one_fourth  flex_column_div  column-top-margin'     ><div  class='avia-video av-kzo801ku-a4644630150412a18cc1571151991c5e avia-video-16-9 av-no-preview-image avia-video-load-always av-lazyload-immediate av-lazyload-video-embed'  itemprop=\"video\" itemtype=\"https:\/\/schema.org\/VideoObject\"  data-original_url='https:\/\/www.youtube.com\/watch?v=To0d2pHOo_s'><script type='text\/html' class='av-video-tmpl'><div class='avia-iframe-wrap'><iframe loading=\"lazy\" title=\"Kirby Staubsauger Veltec - Kirby Antriebriemen verfangen\" width=\"1500\" height=\"844\" src=\"https:\/\/www.youtube.com\/embed\/To0d2pHOo_s?feature=oembed&autoplay=0&loop=0&controls=1&mute=0\" frameborder=\"0\" allow=\"accelerometer; autoplay; clipboard-write; encrypted-media; gyroscope; picture-in-picture; web-share\" referrerpolicy=\"strict-origin-when-cross-origin\" allowfullscreen><\/iframe><\/div><\/script><div class='av-click-to-play-overlay'><div class=\"avia_playpause_icon\"><\/div><\/div><\/div><\/div><div  class='flex_column av-av_one_fourth-d06667205e6186ec8414c6eb7605d406 av_one_fourth  avia-builder-el-5  el_after_av_one_fourth  el_before_av_one_fourth  flex_column_div  column-top-margin'     ><div  class='avia-video av-kzo80drn-7f1d1ad05b4b32574a5aa552001189cd avia-video-16-9 av-no-preview-image avia-video-load-always av-lazyload-immediate av-lazyload-video-embed'  itemprop=\"video\" itemtype=\"https:\/\/schema.org\/VideoObject\"  data-original_url='https:\/\/www.youtube.com\/watch?v=UC8epbwp85E'><script type='text\/html' class='av-video-tmpl'><div class='avia-iframe-wrap'><iframe loading=\"lazy\" title=\"Kirby Staubsauger Veltec - Kirby Staubsaugerbeutel verfangen\" width=\"1500\" height=\"844\" src=\"https:\/\/www.youtube.com\/embed\/UC8epbwp85E?feature=oembed&autoplay=0&loop=0&controls=1&mute=0\" frameborder=\"0\" allow=\"accelerometer; autoplay; clipboard-write; encrypted-media; gyroscope; picture-in-picture; web-share\" referrerpolicy=\"strict-origin-when-cross-origin\" allowfullscreen><\/iframe><\/div><\/script><div class='av-click-to-play-overlay'><div class=\"avia_playpause_icon\"><\/div><\/div><\/div><\/div><div  class='flex_column av-av_one_fourth-d06667205e6186ec8414c6eb7605d406 av_one_fourth  avia-builder-el-7  el_after_av_one_fourth  el_before_av_hr  flex_column_div  column-top-margin'     ><div  class='avia-video av-kzo80oxy-d1a59dc0e3d75402c42b9cbc8041c7de avia-video-16-9 av-no-preview-image avia-video-load-always av-lazyload-immediate av-lazyload-video-embed'  itemprop=\"video\" itemtype=\"https:\/\/schema.org\/VideoObject\"  data-original_url='https:\/\/www.youtube.com\/watch?v=5wxo0v8lifE'><script type='text\/html' class='av-video-tmpl'><div class='avia-iframe-wrap'><iframe loading=\"lazy\" title=\"Kirby Staubsauger Veltec - Kirby Staubsaugerd\u00fcse verfangen\" width=\"1500\" height=\"844\" src=\"https:\/\/www.youtube.com\/embed\/5wxo0v8lifE?feature=oembed&autoplay=0&loop=0&controls=1&mute=0\" frameborder=\"0\" allow=\"accelerometer; autoplay; clipboard-write; encrypted-media; gyroscope; picture-in-picture; web-share\" referrerpolicy=\"strict-origin-when-cross-origin\" allowfullscreen><\/iframe><\/div><\/script><div class='av-click-to-play-overlay'><div class=\"avia_playpause_icon\"><\/div><\/div><\/div><\/div>\n<style type=\"text\/css\" data-created_by=\"avia_inline_auto\" id=\"style-css-av-kzo80x5t-b96e6b4a76b1297e759ed73b096738fc\">\n#top .hr.hr-invisible.av-kzo80x5t-b96e6b4a76b1297e759ed73b096738fc{\nheight:50px;\n}\n<\/style>\n<div  class='hr av-kzo80x5t-b96e6b4a76b1297e759ed73b096738fc hr-invisible  avia-builder-el-9  el_after_av_one_fourth  el_before_av_textblock '><span class='hr-inner '><span class=\"hr-inner-style\"><\/span><\/span><\/div><\/p>\n<section  class='av_textblock_section av-kzo81gn8-1f021f285b33ff9b437108277437900e '   itemscope=\"itemscope\" itemtype=\"https:\/\/schema.org\/CreativeWork\" ><div class='avia_textblock'  itemprop=\"text\" ><p><!-- TrustBox widget - Starter --><\/p>\n<div class=\"trustpilot-widget\" data-locale=\"de-DE\" data-template-id=\"5613c9cde69ddc09340c6beb\" data-businessunit-id=\"4e1b158d00006400051028e4\" data-style-height=\"100%\" data-style-width=\"100%\" data-theme=\"light\"><a href=\"https:\/\/de.trustpilot.com\/review\/www.veltec.eu\" target=\"_blank\" rel=\"noopener noreferrer\">Trustpilot<\/a><\/div>\n<p><!-- End TrustBox widget --><\/p>\n<\/div><\/section>\n\n<style type=\"text\/css\" data-created_by=\"avia_inline_auto\" id=\"style-css-av-kzo81ogh-52a55128305ff0d32816fae47d379f5f\">\n#top .hr.hr-invisible.av-kzo81ogh-52a55128305ff0d32816fae47d379f5f{\nheight:50px;\n}\n<\/style>\n<div  class='hr av-kzo81ogh-52a55128305ff0d32816fae47d379f5f hr-invisible  avia-builder-el-11  el_after_av_textblock  el_before_av_image '><span class='hr-inner '><span class=\"hr-inner-style\"><\/span><\/span><\/div>\n\n<style type=\"text\/css\" data-created_by=\"avia_inline_auto\" id=\"style-css-av-kzo82gsu-642c38b20eee653c390e852fc85dd2b7\">\n.avia-image-container.av-kzo82gsu-642c38b20eee653c390e852fc85dd2b7 img.avia_image{\nbox-shadow:none;\n}\n.avia-image-container.av-kzo82gsu-642c38b20eee653c390e852fc85dd2b7 .av-image-caption-overlay-center{\ncolor:#ffffff;\n}\n<\/style>\n<div  class='avia-image-container av-kzo82gsu-642c38b20eee653c390e852fc85dd2b7 av-styling- avia-align-center  avia-builder-el-12  el_after_av_hr  el_before_av_hr '   itemprop=\"image\" itemscope=\"itemscope\" itemtype=\"https:\/\/schema.org\/ImageObject\" ><div class=\"avia-image-container-inner\"><div class=\"avia-image-overlay-wrap\"><img decoding=\"async\" fetchpriority=\"high\" class='wp-image-47428 avia-img-lazy-loading-not-47428 avia_image ' src=\"https:\/\/www.veltec.eu\/wp-content\/uploads\/2022\/02\/Veltec-log-groot-e1537260889125.webp\" alt='' title='Veltec-Videos'  height=\"60\" width=\"200\"  itemprop=\"thumbnailUrl\"  \/><\/div><\/div><\/div>\n\n<style type=\"text\/css\" data-created_by=\"avia_inline_auto\" id=\"style-css-av-kzo82tmo-166821f4ac35fee0d5971634733f550d\">\n#top .hr.hr-invisible.av-kzo82tmo-166821f4ac35fee0d5971634733f550d{\nheight:50px;\n}\n<\/style>\n<div  class='hr av-kzo82tmo-166821f4ac35fee0d5971634733f550d hr-invisible  avia-builder-el-13  el_after_av_image  el_before_av_textblock '><span class='hr-inner '><span class=\"hr-inner-style\"><\/span><\/span><\/div>\n<section  class='av_textblock_section av-kzo83f4y-69b99f1f497e6216449c130bef42f0fd '   itemscope=\"itemscope\" itemtype=\"https:\/\/schema.org\/CreativeWork\" ><div class='avia_textblock'  itemprop=\"text\" ><div class=\"flex_column av-2vhm-3883028715af4632344e8ee3ae8432c2 av_one_full avia-builder-el-30 el_after_av_productslider el_before_av_one_full first flex_column_div av-zero-column-padding \">\n<section class=\"av_textblock_section av-jmaorxn6-43437ee9ef25a06e7aed745abfe02ac4\">\n<div class=\"avia_textblock\">\n<h2>Kirby Staubsauger Webshop: Veltec<\/h2>\n<h3>Alle Ersatz- und Zubeh\u00f6rteile f\u00fcr Ihren Kirby-Staubsauger!<\/h3>\n<p>Veltec ist ein f\u00fchrender Anbieter f\u00fcr die meisten Kirby-Staubsauger. Und\u00a0<a href=\"https:\/\/www.veltec.eu\/de\/kirby-zubehor\/\">Zubeh\u00f6rteile<\/a>\u00a0im High-End-Bereich. Wir liefern seit \u00fcber 20 Jahren Kirby-Staubsauger an Privathaushalte und Unternehmen. Unser Kirby-Staubsauger-Webshop bietet alle Kirby.Staubsauger und Zubeh\u00f6rteile in der Originalversion und in der \u00fcberarbeiteten Version an. Unser Kirby-Staubsauger-Webshop hat \u00fcber 180 Original-Staubsaugerprodukte im Angebot. Deshalb sind Kirby-Staubsauger-Beutel, professionelle Kirby-Staubsauger und Original Kirby-Ersatzteile nie mehr als wenige Klicks entfernt. Als zus\u00e4tzlichen Service bieten wir Ihnen die hilfreichsten Anleitungsvideos zu den Kirby-Staubsaugern von Veltec. Alle Produkte k\u00f6nnen Sie \u00fcber unseren Kirby-Webshop einfach beziehen. Wenn Sie Ihr Kirby-Produkt noch heute bestellen, wird es innerhalb von 3 Arbeitstagen geliefert.<\/p>\n<h2>Kirby-Reinigungssysteme<\/h2>\n<h3>Die besten Kirby-Reinigungssysteme zu erschwinglichen Preisen!<\/h3>\n<p>Neben Kirby-Staubsaugern bieten wir auch eine Vielzahl an anderen Haushaltsger\u00e4ten wie beispielsweise die Reinigungssysteme von Veltec und Kirby. Unsere Kirby- und Veltec-Produktreihen umfassen eine Vielzahl innovativer und intelligenter Reinigungsger\u00e4te. Die Kirby-Reinigungsprodukte aus der Spitzenreihe umfasst ein umfangreiches Sortiment an Dampfreinigern und Kirby-Staubsaugern. Alle Ger\u00e4te wurden von uns vorab getestet, um sicherzustellen, dass alle Kirby- und Veltec-Produkte den h\u00f6chsten Veltec-Standards entsprechen. Dank der Durchf\u00fchrung dieser Qualit\u00e4tstests konnten wir eine Auswahl der besten Kirby- und Veltec-Reinigungssysteme,\u00a0<a href=\"https:\/\/www.veltec.eu\/de\/kirby-staubsauger\/\">Kirby-Staubsauger<\/a>\u00a0und Kirby Zubeh\u00f6rteile zusammenstelle. Alle im Webshop angebotenen Produkte haben eine hohe Qualit\u00e4t und ein gutes Preis\/Leistungs-Verh\u00e4ltnis.<\/p>\n<\/div>\n<\/section>\n<\/div>\n<div class=\"flex_column av-2ons-e5cf78e9ae507c31570e5e67adf0d1d1 av_one_full avia-builder-el-32 el_after_av_one_full avia-builder-el-last first flex_column_div av-zero-column-padding column-top-margin\">\n<section class=\"av_textblock_section av-jm6cnrsx-3df8749aaffe00a075ce5f0299af19ad\">\n<div class=\"avia_textblock\">\n<h2>Veltec Kirby-Reinigungsteile und Zubeh\u00f6r<\/h2>\n<h3>Kirby-Staubsauger-Ersatzteile<\/h3>\n<p>Kirby wurde im Jahr 1914 gegr\u00fcndet. Seither gelten\u00a0<a title=\"Kirby staubsauger\" href=\"https:\/\/www.veltec.eu\/de\/categorie\/kirby-staubsauger-uberholt\/\">Kirby-Staubsauger<\/a>\u00a0als sehr zuverl\u00e4ssig und als Produkt mit ausgezeichnetem Preis\/Leistungs-Verh\u00e4ltnis. Mit der Zeit hat sich gezeigt, dass Ihr Kirby-Staubsauger mit einer guten Wartung f\u00fcr lange Zeit in ausgezeichnetem Zustand bleibt. Leider kann es durch h\u00e4ufige Nutzung zu einigen Verschlei\u00dfsch\u00e4den kommen, die mehr oder weniger unvermeidlich sind. Zum Gl\u00fcck sind wir in der Lage, alle Kirby-Staubsauger-Ersatzteile zu liefern, die man f\u00fcr einen reibungslosen Betrieb der Kirby-Staubsauger ben\u00f6tigt. Vollst\u00e4ndige Kirby-Motoren, Rotorbl\u00e4tter, Fu\u00dfpedale, Stromkabel und sogar die kleinsten Kirby-Schrauben \u2013 wir haben die besten Teile auf Lager. Im Kirby-Staubsauger-Webshop finden Sie alle Kirby-Staubsauger Original- und \u00fcberarbeitete Ersatzteile, Staubsaugerbeutel und Zubeh\u00f6rteile mit nur wenigen Klicks.<\/p>\n<h3><a title=\"Kirby-Staubsaugerbeutel\" href=\"https:\/\/www.veltec.eu\/de\/kirby-staubsaugerbeutel\/\">Staubsaugerbeutel von Kirby<\/a><\/h3>\n<p>Neben Kirby-Staubsauger-Ersatzteilen wie Rotorbl\u00e4ttern und vollst\u00e4ndigen Kirby-Motoren legt Veltec noch mehr auf den Tisch. Wir bieten Kirby-Staubsaugerbeutel der Spitzenklasse von brandneuen Staubsaugerbeuteln bis hin zu professionell aufgearbeieteten Kirby-Staubsaugerbeuteln. Sogar Staubsauger m\u00fcssen hin und wieder gereinigt werden. Ein neuer Kirby-Staubsaugerbetel kann die Leistung Ihres Staubsaugers erheblich verbessern. Ein neuer oder professionell aufgearbeiteter\u00a0<a title=\"Kirby-Staubsaugerbeutel\" href=\"https:\/\/www.veltec.eu\/de\/kirby-staubsaugerbeutel\/\">Kirby- Staubsaugerbeutel<\/a>\u00a0stellt sicher, dass Sie den Staub vollst\u00e4ndig aufsaugen k\u00f6nnen, ohne sich dar\u00fcber Gedanken machen zu m\u00fcssen, dass der Staubsaugerbeutel rei\u00dfen k\u00f6nnte.<\/p>\n<h3>Kirby-Zubeh\u00f6rteile<\/h3>\n<p>F\u00fcr die optimale Leistung Ihres\u00a0<a href=\"https:\/\/www.veltec.eu\/de\/kirby-staubsauger\/\">Kirby-Staubsaugers<\/a>\u00a0sind die richtigen Zubeh\u00f6rteile eine Notwendigkeit. Professionelle B\u00fcrsten helfen Ihnen beispielsweise, sogar die schwierigsten Stellen an der Innen- und Au\u00dfenseite des Kirby-Staubsaugers zu erreichen. Durch diese Pflege l\u00e4sst sich die Lebensdauer Ihres Staubsaugers erheblich verl\u00e4ngern. Wenn die Reinigungsaufgabe etwas schwieriger ist, kann unser Kirby-Shampoosystem Ihnen die Arbeit erleichtern. Das Kirby-Shampoosystem l\u00e4sst schmutzige L\u00e4ufer und Teppiche in nur einem Reinigungsgang wie neu aussehen. Wenn Sie nicht wissen, welche Zubeh\u00f6rteile Ihnen bei der gr\u00fcndlichen Reinigung einer Fl\u00e4che helfen k\u00f6nnen, kann Veltec helfen. Wir bieten Ihnen eine professionelle Kirby-Beratung. So ist kein einziger Staub- oder Schmutzpartikel mehr sicher.<\/p>\n<\/div>\n<\/section>\n<\/div>\n<\/div><\/section>\n","protected":false},"excerpt":{"rendered":"","protected":false},"author":1,"featured_media":0,"parent":0,"menu_order":0,"comment_status":"closed","ping_status":"closed","template":"","meta":{"_acf_changed":false,"footnotes":""},"class_list":["post-47499","page","type-page","status-publish","hentry"],"acf":[],"yoast_head":"<!-- This site is optimized with the Yoast SEO Premium plugin v27.1 (Yoast SEO v27.4) - https:\/\/yoast.com\/product\/yoast-seo-premium-wordpress\/ -->\n<title>Veltec-Videos - Veltec Kirby specialist<\/title>\n<meta name=\"description\" content=\"Veltec-Videos. Sehen Sie sich unsere Videos mit visuellen Informationen \u00fcber unsere Dienstleistungen an. Veltec ist \u00fcber 20 Jahren Lieferant.\" \/>\n<meta name=\"robots\" content=\"index, follow, max-snippet:-1, max-image-preview:large, max-video-preview:-1\" \/>\n<link rel=\"canonical\" href=\"https:\/\/www.veltec.eu\/nl\/content-paginas\/de-veltec-videos\/\" \/>\n<meta property=\"og:locale\" content=\"de_DE\" \/>\n<meta property=\"og:type\" content=\"article\" \/>\n<meta property=\"og:title\" content=\"Veltec-Videos\" \/>\n<meta property=\"og:url\" content=\"https:\/\/www.veltec.eu\/nl\/content-paginas\/de-veltec-videos\/\" \/>\n<meta property=\"og:site_name\" content=\"Veltec Kirby specialist\" \/>\n<meta property=\"article:publisher\" content=\"https:\/\/www.facebook.com\/Veltec-Kirby-Specialist-236746293374877\/\" \/>\n<meta property=\"article:modified_time\" content=\"2024-10-22T08:47:54+00:00\" \/>\n<meta name=\"twitter:card\" content=\"summary_large_image\" \/>\n<meta name=\"twitter:label1\" content=\"Gesch\u00e4tzte Lesezeit\" \/>\n\t<meta name=\"twitter:data1\" content=\"11\u00a0Minuten\" \/>\n<script type=\"application\/ld+json\" class=\"yoast-schema-graph\">{\"@context\":\"https:\\\/\\\/schema.org\",\"@graph\":[{\"@type\":\"WebPage\",\"@id\":\"https:\\\/\\\/www.veltec.eu\\\/nl\\\/content-paginas\\\/de-veltec-videos\\\/\",\"url\":\"https:\\\/\\\/www.veltec.eu\\\/nl\\\/content-paginas\\\/de-veltec-videos\\\/\",\"name\":\"Veltec-Videos - Veltec Kirby specialist\",\"isPartOf\":{\"@id\":\"https:\\\/\\\/www.veltec.eu\\\/en\\\/#website\"},\"datePublished\":\"2022-02-15T14:25:33+00:00\",\"dateModified\":\"2024-10-22T08:47:54+00:00\",\"description\":\"Veltec-Videos. Sehen Sie sich unsere Videos mit visuellen Informationen \u00fcber unsere Dienstleistungen an. Veltec ist \u00fcber 20 Jahren Lieferant.\",\"breadcrumb\":{\"@id\":\"https:\\\/\\\/www.veltec.eu\\\/nl\\\/content-paginas\\\/de-veltec-videos\\\/#breadcrumb\"},\"inLanguage\":\"de\",\"potentialAction\":[{\"@type\":\"ReadAction\",\"target\":[\"https:\\\/\\\/www.veltec.eu\\\/nl\\\/content-paginas\\\/de-veltec-videos\\\/\"]}]},{\"@type\":\"BreadcrumbList\",\"@id\":\"https:\\\/\\\/www.veltec.eu\\\/nl\\\/content-paginas\\\/de-veltec-videos\\\/#breadcrumb\",\"itemListElement\":[{\"@type\":\"ListItem\",\"position\":1,\"name\":\"Home\",\"item\":\"https:\\\/\\\/www.veltec.eu\\\/de\\\/\"},{\"@type\":\"ListItem\",\"position\":2,\"name\":\"Veltec-Videos\"}]},{\"@type\":\"WebSite\",\"@id\":\"https:\\\/\\\/www.veltec.eu\\\/en\\\/#website\",\"url\":\"https:\\\/\\\/www.veltec.eu\\\/en\\\/\",\"name\":\"Veltec Kirby specialist\",\"description\":\"Kirby stofzuiger producten\",\"publisher\":{\"@id\":\"https:\\\/\\\/www.veltec.eu\\\/en\\\/#organization\"},\"potentialAction\":[{\"@type\":\"SearchAction\",\"target\":{\"@type\":\"EntryPoint\",\"urlTemplate\":\"https:\\\/\\\/www.veltec.eu\\\/en\\\/?s={search_term_string}\"},\"query-input\":{\"@type\":\"PropertyValueSpecification\",\"valueRequired\":true,\"valueName\":\"search_term_string\"}}],\"inLanguage\":\"de\"},{\"@type\":\"Organization\",\"@id\":\"https:\\\/\\\/www.veltec.eu\\\/en\\\/#organization\",\"name\":\"Veltec Kirby Specialist\",\"url\":\"https:\\\/\\\/www.veltec.eu\\\/en\\\/\",\"logo\":{\"@type\":\"ImageObject\",\"inLanguage\":\"de\",\"@id\":\"https:\\\/\\\/www.veltec.eu\\\/en\\\/#\\\/schema\\\/logo\\\/image\\\/\",\"url\":\"https:\\\/\\\/www.veltec.eu\\\/wp-content\\\/uploads\\\/2021\\\/12\\\/Veltec-log-groot-e1537260889125.png\",\"contentUrl\":\"https:\\\/\\\/www.veltec.eu\\\/wp-content\\\/uploads\\\/2021\\\/12\\\/Veltec-log-groot-e1537260889125.png\",\"width\":200,\"height\":60,\"caption\":\"Veltec Kirby Specialist\"},\"image\":{\"@id\":\"https:\\\/\\\/www.veltec.eu\\\/en\\\/#\\\/schema\\\/logo\\\/image\\\/\"},\"sameAs\":[\"https:\\\/\\\/www.facebook.com\\\/Veltec-Kirby-Specialist-236746293374877\\\/\",\"https:\\\/\\\/www.youtube.com\\\/user\\\/VeltecService\"]}]}<\/script>\n<!-- \/ Yoast SEO Premium plugin. -->","yoast_head_json":{"title":"Veltec-Videos - Veltec Kirby specialist","description":"Veltec-Videos. Sehen Sie sich unsere Videos mit visuellen Informationen \u00fcber unsere Dienstleistungen an. Veltec ist \u00fcber 20 Jahren Lieferant.","robots":{"index":"index","follow":"follow","max-snippet":"max-snippet:-1","max-image-preview":"max-image-preview:large","max-video-preview":"max-video-preview:-1"},"canonical":"https:\/\/www.veltec.eu\/nl\/content-paginas\/de-veltec-videos\/","og_locale":"de_DE","og_type":"article","og_title":"Veltec-Videos","og_url":"https:\/\/www.veltec.eu\/nl\/content-paginas\/de-veltec-videos\/","og_site_name":"Veltec Kirby specialist","article_publisher":"https:\/\/www.facebook.com\/Veltec-Kirby-Specialist-236746293374877\/","article_modified_time":"2024-10-22T08:47:54+00:00","twitter_card":"summary_large_image","twitter_misc":{"Gesch\u00e4tzte Lesezeit":"11\u00a0Minuten"},"schema":{"@context":"https:\/\/schema.org","@graph":[{"@type":"WebPage","@id":"https:\/\/www.veltec.eu\/nl\/content-paginas\/de-veltec-videos\/","url":"https:\/\/www.veltec.eu\/nl\/content-paginas\/de-veltec-videos\/","name":"Veltec-Videos - Veltec Kirby specialist","isPartOf":{"@id":"https:\/\/www.veltec.eu\/en\/#website"},"datePublished":"2022-02-15T14:25:33+00:00","dateModified":"2024-10-22T08:47:54+00:00","description":"Veltec-Videos. Sehen Sie sich unsere Videos mit visuellen Informationen \u00fcber unsere Dienstleistungen an. Veltec ist \u00fcber 20 Jahren Lieferant.","breadcrumb":{"@id":"https:\/\/www.veltec.eu\/nl\/content-paginas\/de-veltec-videos\/#breadcrumb"},"inLanguage":"de","potentialAction":[{"@type":"ReadAction","target":["https:\/\/www.veltec.eu\/nl\/content-paginas\/de-veltec-videos\/"]}]},{"@type":"BreadcrumbList","@id":"https:\/\/www.veltec.eu\/nl\/content-paginas\/de-veltec-videos\/#breadcrumb","itemListElement":[{"@type":"ListItem","position":1,"name":"Home","item":"https:\/\/www.veltec.eu\/de\/"},{"@type":"ListItem","position":2,"name":"Veltec-Videos"}]},{"@type":"WebSite","@id":"https:\/\/www.veltec.eu\/en\/#website","url":"https:\/\/www.veltec.eu\/en\/","name":"Veltec Kirby specialist","description":"Kirby stofzuiger producten","publisher":{"@id":"https:\/\/www.veltec.eu\/en\/#organization"},"potentialAction":[{"@type":"SearchAction","target":{"@type":"EntryPoint","urlTemplate":"https:\/\/www.veltec.eu\/en\/?s={search_term_string}"},"query-input":{"@type":"PropertyValueSpecification","valueRequired":true,"valueName":"search_term_string"}}],"inLanguage":"de"},{"@type":"Organization","@id":"https:\/\/www.veltec.eu\/en\/#organization","name":"Veltec Kirby Specialist","url":"https:\/\/www.veltec.eu\/en\/","logo":{"@type":"ImageObject","inLanguage":"de","@id":"https:\/\/www.veltec.eu\/en\/#\/schema\/logo\/image\/","url":"https:\/\/www.veltec.eu\/wp-content\/uploads\/2021\/12\/Veltec-log-groot-e1537260889125.png","contentUrl":"https:\/\/www.veltec.eu\/wp-content\/uploads\/2021\/12\/Veltec-log-groot-e1537260889125.png","width":200,"height":60,"caption":"Veltec Kirby Specialist"},"image":{"@id":"https:\/\/www.veltec.eu\/en\/#\/schema\/logo\/image\/"},"sameAs":["https:\/\/www.facebook.com\/Veltec-Kirby-Specialist-236746293374877\/","https:\/\/www.youtube.com\/user\/VeltecService"]}]}},"_links":{"self":[{"href":"https:\/\/www.veltec.eu\/de\/wp-json\/wp\/v2\/pages\/47499","targetHints":{"allow":["GET"]}}],"collection":[{"href":"https:\/\/www.veltec.eu\/de\/wp-json\/wp\/v2\/pages"}],"about":[{"href":"https:\/\/www.veltec.eu\/de\/wp-json\/wp\/v2\/types\/page"}],"author":[{"embeddable":true,"href":"https:\/\/www.veltec.eu\/de\/wp-json\/wp\/v2\/users\/1"}],"replies":[{"embeddable":true,"href":"https:\/\/www.veltec.eu\/de\/wp-json\/wp\/v2\/comments?post=47499"}],"version-history":[{"count":0,"href":"https:\/\/www.veltec.eu\/de\/wp-json\/wp\/v2\/pages\/47499\/revisions"}],"wp:attachment":[{"href":"https:\/\/www.veltec.eu\/de\/wp-json\/wp\/v2\/media?parent=47499"}],"curies":[{"name":"wp","href":"https:\/\/api.w.org\/{rel}","templated":true}]}}