{"id":3736,"date":"2018-10-05T14:28:17","date_gmt":"2018-10-05T12:28:17","guid":{"rendered":"https:\/\/www.veltec.eu\/privacy-policy\/"},"modified":"2024-05-06T12:20:59","modified_gmt":"2024-05-06T10:20:59","slug":"datenschutzpolitik","status":"publish","type":"page","link":"https:\/\/www.veltec.eu\/de\/datenschutzpolitik\/","title":{"rendered":"Datenschutzpolitik"},"content":{"rendered":"\n<style type=\"text\/css\" data-created_by=\"avia_inline_auto\" id=\"style-css-av-22umy1-b536422a63e59c89c7bae0734c90a66c\">\n.flex_column.av-22umy1-b536422a63e59c89c7bae0734c90a66c{\nborder-radius:0px 0px 0px 0px;\npadding:0px 0px 0px 0px;\n}\n<\/style>\n<div  class='flex_column av-22umy1-b536422a63e59c89c7bae0734c90a66c av_one_full  avia-builder-el-0  avia-builder-el-no-sibling  first flex_column_div av-zero-column-padding  '     ><section  class='av_textblock_section av-jmbwzuva-efb4f30f546806dd489dd87b5dd2211a '   itemscope=\"itemscope\" itemtype=\"https:\/\/schema.org\/CreativeWork\" ><div class='avia_textblock'  itemprop=\"text\" ><div class=\"page-title\"><\/div>\n<div class=\"std\">\n<h1>Datenschutz &#8211; Veltec &#8211; Kirby Staubsauger Spezialist<\/h1>\n<p><strong>Pers\u00f6nliche Daten, die verarbeitet werden<\/strong><\/p>\n<p>Veltec Kirby-Spezialist, von nun an Veltec genannt, kann personenbezogene Daten \u00fcber Sie verarbeiten, weil Sie die Dienste von Veltec nutzen, und \/ oder weil Sie Veltec ein Kontaktformular auf der Website zur Verf\u00fcgung stellen. Veltec kann die folgenden personenbezogenen Daten verarbeiten:<\/p>\n<p>&#8211; Vor- und Nachname<\/p>\n<p>&#8211; Adressdaten<\/p>\n<p>&#8211; Telefon-Nummer<\/p>\n<p>&#8211; E-Mail Adresse<\/p>\n<p>&#8211; IP-Adresse<\/p>\n<p>&#8211; Kontonummer<\/p>\n<p><strong>Warum Veltec Daten ben\u00f6tigt<\/strong><\/p>\n<p>Veltec verwendet Ihre pers\u00f6nlichen Daten im Rahmen der Durchf\u00fchrung eines Bestellvertrages mit Ihnen, der in der Regel aus dem Online-Verkauf unserer Produkte besteht.<\/p>\n<p>Dar\u00fcber hinaus kann Veltec Ihre Daten verarbeiten, um mit Ihnen telefonisch in Kontakt treten zu k\u00f6nnen, wenn Sie dies w\u00fcnschen, und \/ oder um mit Ihnen schriftlich (per E-Mail und \/ oder per Post) in Kontakt treten zu k\u00f6nnen, wenn Sie telefonisch nicht erreicht werden k\u00f6nnen.<\/p>\n<p><strong>Wie lange Veltec Daten speichert<\/strong><\/p>\n<p>Veltec speichert Ihre pers\u00f6nlichen Daten nicht l\u00e4nger als unbedingt notwendig, um die Ziele zu erreichen, f\u00fcr die Ihre Daten gesammelt wurden.<\/p>\n<p>&#8211; Wir m\u00fcssen unsere Verwaltung mit Ihren Rechnungs-, Zahlungs- und Bestelldaten 7 Jahre lang von den Steuerbeh\u00f6rden aufbewahren. Danach verwenden wir die anonymen Daten nur noch f\u00fcr interne Berichte.<br \/>\n&#8211; Wenn Sie den Newsletter abonniert haben oder die Erlaubnis gegeben haben, personalisierte Nachrichten zu erhalten, behalten wir diese Erlaubnis, bis Sie sich abmelden. Auch wenn Sie zu einem bestimmten Zeitpunkt entscheiden, dass Sie den Newsletter oder personalisierte Nachrichten nicht mehr erhalten m\u00f6chten, bewahren wir den Widerruf Ihrer Anfrage auf. Nach Ablauf dieser Frist verwenden wir Ihre Daten nur noch anonym f\u00fcr interne Berichte.<\/p>\n<p><strong>Google Analytics-Daten<\/strong><\/p>\n<p>Der Standardzeitraum f\u00fcr Daten, die durch Cookies oder Anzeigen gesammelt werden, betr\u00e4gt 26 Monate. M\u00f6chten Sie, dass Ihre Daten sofort nach Ihrem Besuch auf veltec.eu gel\u00f6scht werden? Kontaktieren Sie uns \u00fcber info@veltec.eu. Nach der Verarbeitung der Daten dauert es 24 Stunden, bis Ihre Daten tats\u00e4chlich gel\u00f6scht sind.<\/p>\n<p><strong>Weitergabe an andere<\/strong><\/p>\n<p>Veltec gibt Ihre pers\u00f6nlichen Daten nur dann an Dritte weiter, wenn dies f\u00fcr die Durchf\u00fchrung eines Vertrages mit Ihnen, zur Erfassung von Website-Besuchen oder zur Erf\u00fcllung einer gesetzlichen Verpflichtung erforderlich ist.<\/p>\n<p><strong>Erfassung von Website-Besuchen<\/strong><\/p>\n<p>Die Veltec-Website erfasst allgemeine Besucherdaten, einschlie\u00dflich der IP-Adresse Ihres Computers und der Uhrzeit des Abrufs sowie Daten, die Ihr Browser sendet. Diese Daten werden f\u00fcr Analysen des Besucher- und Klickverhaltens auf der Website verwendet. Veltec verwendet diese Informationen, um den Betrieb der Website zu verbessern. Diese Daten werden so weit wie m\u00f6glich anonymisiert und ggf. an Dritte weitergegeben.<\/p>\n<p>Dar\u00fcber hinaus k\u00f6nnen wir und unsere Werbenetzwerke und Mediaagenturen Ihre Werbung anzeigen. Dies geschieht auf der Grundlage Ihrer fr\u00fcheren Besuche auf unseren Websites und auf den Websites Dritter. Wir und unsere Werbenetzwerke und Medienagenturen erfassen Ihr Surf-, Such- und Kaufverhalten auf der Grundlage von Cookie-Techniken, Ihrer IP-Adresse und der Werbenummer, die mit dem Ger\u00e4t, mit dem Sie surfen, verbunden ist.<\/p>\n<p>Schlie\u00dflich besteht die M\u00f6glichkeit, dass Veltec Ihre pers\u00f6nlichen Daten zur Verf\u00fcgung stellt, wenn Veltec aufgrund einer gerichtlichen Anordnung oder einer anderen rechtlichen Verpflichtung, einer Vorladung oder eines Rechtsstreits dazu verpflichtet ist oder wenn wir glauben, dass dies notwendig ist, um unsere Rechte zu verteidigen, zum Beispiel um illegale Aktivit\u00e4ten oder Verst\u00f6\u00dfe gegen unsere Richtlinien zu verhindern oder zu bek\u00e4mpfen.<\/p>\n<p><strong>Cookie-Richtlinie<\/strong><\/p>\n<p>Der Zweck der Registrierung personenbezogener Daten durch Veltec ist es, die Aktivit\u00e4ten und Bed\u00fcrfnisse unserer Kunden zu erfassen. Wir k\u00f6nnen diese Informationen nutzen, um unsere Produkte und Dienstleistungen zu verbessern. Wir geben die Daten an Dritte weiter, z.B. an Medienagenturen, damit wir Sie pers\u00f6nlich beraten oder Ihnen gezielte Werbung zeigen k\u00f6nnen, z.B. basierend auf Ihrem Interesse an bestimmten Produkten.<\/p>\n<p><strong>Was ist ein Cookie?<\/strong><\/p>\n<p>Ein Cookie ist eine kleine Textdatei, die im Browser Ihres Computers, Tablets oder Smartphones gespeichert wird, wenn Sie diese Website zum ersten Mal besuchen. Wenn Sie zustimmen, wird die Datei hinzugef\u00fcgt und das Cookie hilft bei der Analyse des Internetverkehrs oder informiert Sie, wenn Sie eine bestimmte Website besuchen. Insgesamt helfen uns Cookies dabei, Ihnen eine bessere Website zu bieten, indem sie uns erm\u00f6glichen zu beobachten, welche Seiten Sie n\u00fctzlich finden und welche nicht.<\/p>\n<p>Ein Cookie verschafft uns in keiner Weise Zugang zu Ihrem Computer oder zu Informationen \u00fcber Sie, mit Ausnahme der Daten, die Sie uns mitteilen m\u00f6chten.<\/p>\n<p><strong>Welche Cookies verwenden wir?<\/strong><\/p>\n<p>Funktionale Cookies oder notwendige Cookies<br \/>\nDiese Arten von Cookies sorgen daf\u00fcr, dass unser Webshop ordnungsgem\u00e4\u00df funktioniert. Dabei handelt es sich um Funktionalit\u00e4ten wie den Einkaufswagen oder den Kassiervorgang.<\/p>\n<p>Werbe-Cookies<br \/>\nWerbe-Cookies erm\u00f6glichen es uns, Ihnen relevante Angebote von Produkten zu zeigen, die Sie interessant finden oder bereits angesehen haben. Dar\u00fcber hinaus verwenden wir diese Cookies, um festzustellen, welche Werbung Sie bereits gesehen haben.<\/p>\n<p>Analytische Cookies<br \/>\nMit diesen Cookies messen wir Statistiken in unserem Webshop. Die Daten, die aus diesen Analysen hervorgehen, sind v\u00f6llig anonym. Wir k\u00f6nnen zum Beispiel sehen, wie viele Besucher unsere Website an einem Tag hatte, aber nicht, welche Personen unsere Website besucht haben.<\/p>\n<p><strong>Wollen Sie nicht, dass wir Ihre Cookies verwenden?<\/strong><\/p>\n<p>Die meisten Webbrowser akzeptieren Cookies automatisch, aber Sie k\u00f6nnen die Einstellungen Ihres Browsers in der Regel so \u00e4ndern, dass Cookies abgelehnt werden, wenn Sie dies w\u00fcnschen. Dies kann dazu f\u00fchren, dass Sie die Vorteile der Website nicht in vollem Umfang nutzen k\u00f6nnen.<\/p>\n<p>Sehen Sie hier f\u00fcr jeden Browser, wie Sie die Cookie-Einstellungen \u00e4ndern k\u00f6nnen:<\/p>\n<p>&#8211;\u00a0<a href=\"https:\/\/support.google.com\/chrome\/answer\/95647?hl=nl\">Chrome<\/a><br \/>\n&#8211;\u00a0<a href=\"https:\/\/support.mozilla.org\/nl\/kb\/cookies-verwijderen-gegevens-wissen-websites-opgeslagen\">Firefox<\/a><br \/>\n&#8211;\u00a0<a href=\"https:\/\/www.apple.com\/legal\/privacy\/nl\/cookies\/\">Safari<\/a><br \/>\n&#8211;\u00a0<a href=\"https:\/\/support.microsoft.com\/nl-nl\/help\/17442\/windows-internet-explorer-delete-manage-cookies\">Internet Explorer<\/a><\/p>\n<p><strong>Google-Analytics<\/strong><\/p>\n<p>Veltec verwendet Google Analytics, um zu verfolgen, wie die Nutzer die Website nutzen und wie effektiv die Veltec Adwords-Anzeigen auf den Google-Suchergebnisseiten sind. Die so erhaltenen Informationen, einschlie\u00dflich der Adresse Ihres Computers (IP-Adresse), werden an Google \u00fcbertragen und von Google auf Servern in den Vereinigten Staaten gespeichert. Lesen Sie die Datenschutzbestimmungen von Google f\u00fcr weitere Informationen. Die Datenschutzbestimmungen von Google Analytics finden Sie auch hier. Google verwendet diese Informationen, um zu verfolgen, wie unsere Website genutzt wird, um Veltec Berichte \u00fcber die Website zur Verf\u00fcgung zu stellen und um seinen Werbekunden Informationen \u00fcber die Wirksamkeit ihrer Kampagnen zu liefern. Google kann diese Informationen an Dritte weitergeben, wenn Google gesetzlich dazu verpflichtet ist oder soweit diese Dritten die Informationen im Auftrag von Google verarbeiten. Veltec hat hierauf keinen Einfluss. Veltec hat Google keine Erlaubnis erteilt, die \u00fcber Veltec erhaltenen Analytics-Informationen f\u00fcr andere Google-Dienste zu verwenden.<\/p>\n<p><strong>Daten einsehen, \u00e4ndern oder l\u00f6schen<\/strong><\/p>\n<p>Sie haben das Recht, Ihre pers\u00f6nlichen Daten einzusehen, zu korrigieren oder zu l\u00f6schen. Sie k\u00f6nnen einen Antrag auf Einsicht, Berichtigung oder L\u00f6schung an info@veltec.eu senden. Veltec wird Ihre Anfrage so schnell wie m\u00f6glich, jedoch innerhalb von vier Wochen, beantworten.<\/p>\n<p><strong>Sicherheit<\/strong><\/p>\n<p>Veltec nimmt den Schutz Ihrer Daten ernst und ergreift geeignete Ma\u00dfnahmen, um Missbrauch, Verlust, unbefugten Zugriff, unerw\u00fcnschte Offenlegung und unbefugte \u00c4nderung zu verhindern. Die Website von Veltec verwendet ein zuverl\u00e4ssiges SSL-Zertifikat, um sicherzustellen, dass Ihre pers\u00f6nlichen Daten nicht in die falschen H\u00e4nde geraten.<\/p>\n<p>Wenn Sie den Eindruck haben, dass Ihre Daten nicht sicher sind oder es Anzeichen f\u00fcr einen Missbrauch gibt, oder wenn Sie weitere Informationen \u00fcber die Sicherheit der von Veltec erhobenen personenbezogenen Daten w\u00fcnschen, wenden Sie sich bitte an Veltec unter info@veltec.eu.<\/p>\n<p>Veltec kann wie folgt erreicht werden:<\/p>\n<p>Adresse: Wanraaij 29 M, 6673 DM, ANDELST<br \/>\nNummer der Handelskammer (KVK): 39086156<br \/>\nTelefon: +31 (0) 36 260 0061<br \/>\nE-Mail: info@veltec.eu<\/p>\n<\/div>\n<\/div><\/section><\/div>\n","protected":false},"excerpt":{"rendered":"","protected":false},"author":1,"featured_media":0,"parent":0,"menu_order":0,"comment_status":"closed","ping_status":"closed","template":"","meta":{"footnotes":""},"class_list":["post-3736","page","type-page","status-publish","hentry"],"yoast_head":"<!-- This site is optimized with the Yoast SEO Premium plugin v27.1 (Yoast SEO v27.2) - https:\/\/yoast.com\/product\/yoast-seo-premium-wordpress\/ -->\n<title>Datenschutzpolitik - Veltec Kirby specialist<\/title>\n<meta name=\"description\" content=\"Datenschutzpolitik- Veltec Kirby Spezialist Alle Datenschutzbestimmungen f\u00fcr den Besuch unseres Webshops und f\u00fcr Bestellungen.\" \/>\n<meta name=\"robots\" content=\"index, follow, max-snippet:-1, max-image-preview:large, max-video-preview:-1\" \/>\n<link rel=\"canonical\" href=\"https:\/\/www.veltec.eu\/de\/datenschutzpolitik\/\" \/>\n<meta property=\"og:locale\" content=\"de_DE\" \/>\n<meta property=\"og:type\" content=\"article\" \/>\n<meta property=\"og:title\" content=\"Datenschutzpolitik\" \/>\n<meta property=\"og:url\" content=\"https:\/\/www.veltec.eu\/de\/datenschutzpolitik\/\" \/>\n<meta property=\"og:site_name\" content=\"Veltec Kirby specialist\" \/>\n<meta property=\"article:publisher\" content=\"https:\/\/www.facebook.com\/Veltec-Kirby-Specialist-236746293374877\/\" \/>\n<meta property=\"article:modified_time\" content=\"2024-05-06T10:20:59+00:00\" \/>\n<meta name=\"twitter:card\" content=\"summary_large_image\" \/>\n<meta name=\"twitter:label1\" content=\"Gesch\u00e4tzte Lesezeit\" \/>\n\t<meta name=\"twitter:data1\" content=\"6\u00a0Minuten\" \/>\n<script type=\"application\/ld+json\" class=\"yoast-schema-graph\">{\"@context\":\"https:\/\/schema.org\",\"@graph\":[{\"@type\":\"WebPage\",\"@id\":\"https:\/\/www.veltec.eu\/de\/datenschutzpolitik\/\",\"url\":\"https:\/\/www.veltec.eu\/de\/datenschutzpolitik\/\",\"name\":\"Datenschutzpolitik - Veltec Kirby specialist\",\"isPartOf\":{\"@id\":\"https:\/\/www.veltec.eu\/en\/#website\"},\"datePublished\":\"2018-10-05T12:28:17+00:00\",\"dateModified\":\"2024-05-06T10:20:59+00:00\",\"description\":\"Datenschutzpolitik- Veltec Kirby Spezialist Alle Datenschutzbestimmungen f\u00fcr den Besuch unseres Webshops und f\u00fcr Bestellungen.\",\"breadcrumb\":{\"@id\":\"https:\/\/www.veltec.eu\/de\/datenschutzpolitik\/#breadcrumb\"},\"inLanguage\":\"de\",\"potentialAction\":[{\"@type\":\"ReadAction\",\"target\":[\"https:\/\/www.veltec.eu\/de\/datenschutzpolitik\/\"]}]},{\"@type\":\"BreadcrumbList\",\"@id\":\"https:\/\/www.veltec.eu\/de\/datenschutzpolitik\/#breadcrumb\",\"itemListElement\":[{\"@type\":\"ListItem\",\"position\":1,\"name\":\"Home\",\"item\":\"https:\/\/www.veltec.eu\/de\/\"},{\"@type\":\"ListItem\",\"position\":2,\"name\":\"Datenschutzpolitik\"}]},{\"@type\":\"WebSite\",\"@id\":\"https:\/\/www.veltec.eu\/en\/#website\",\"url\":\"https:\/\/www.veltec.eu\/en\/\",\"name\":\"Veltec Kirby specialist\",\"description\":\"Kirby stofzuiger producten\",\"publisher\":{\"@id\":\"https:\/\/www.veltec.eu\/en\/#organization\"},\"potentialAction\":[{\"@type\":\"SearchAction\",\"target\":{\"@type\":\"EntryPoint\",\"urlTemplate\":\"https:\/\/www.veltec.eu\/en\/?s={search_term_string}\"},\"query-input\":{\"@type\":\"PropertyValueSpecification\",\"valueRequired\":true,\"valueName\":\"search_term_string\"}}],\"inLanguage\":\"de\"},{\"@type\":\"Organization\",\"@id\":\"https:\/\/www.veltec.eu\/en\/#organization\",\"name\":\"Veltec Kirby Specialist\",\"url\":\"https:\/\/www.veltec.eu\/en\/\",\"logo\":{\"@type\":\"ImageObject\",\"inLanguage\":\"de\",\"@id\":\"https:\/\/www.veltec.eu\/en\/#\/schema\/logo\/image\/\",\"url\":\"https:\/\/www.veltec.eu\/wp-content\/uploads\/2021\/12\/Veltec-log-groot-e1537260889125.png\",\"contentUrl\":\"https:\/\/www.veltec.eu\/wp-content\/uploads\/2021\/12\/Veltec-log-groot-e1537260889125.png\",\"width\":200,\"height\":60,\"caption\":\"Veltec Kirby Specialist\"},\"image\":{\"@id\":\"https:\/\/www.veltec.eu\/en\/#\/schema\/logo\/image\/\"},\"sameAs\":[\"https:\/\/www.facebook.com\/Veltec-Kirby-Specialist-236746293374877\/\",\"https:\/\/www.youtube.com\/user\/VeltecService\"]}]}<\/script>\n<!-- \/ Yoast SEO Premium plugin. -->","yoast_head_json":{"title":"Datenschutzpolitik - Veltec Kirby specialist","description":"Datenschutzpolitik- Veltec Kirby Spezialist Alle Datenschutzbestimmungen f\u00fcr den Besuch unseres Webshops und f\u00fcr Bestellungen.","robots":{"index":"index","follow":"follow","max-snippet":"max-snippet:-1","max-image-preview":"max-image-preview:large","max-video-preview":"max-video-preview:-1"},"canonical":"https:\/\/www.veltec.eu\/de\/datenschutzpolitik\/","og_locale":"de_DE","og_type":"article","og_title":"Datenschutzpolitik","og_url":"https:\/\/www.veltec.eu\/de\/datenschutzpolitik\/","og_site_name":"Veltec Kirby specialist","article_publisher":"https:\/\/www.facebook.com\/Veltec-Kirby-Specialist-236746293374877\/","article_modified_time":"2024-05-06T10:20:59+00:00","twitter_card":"summary_large_image","twitter_misc":{"Gesch\u00e4tzte Lesezeit":"6\u00a0Minuten"},"schema":{"@context":"https:\/\/schema.org","@graph":[{"@type":"WebPage","@id":"https:\/\/www.veltec.eu\/de\/datenschutzpolitik\/","url":"https:\/\/www.veltec.eu\/de\/datenschutzpolitik\/","name":"Datenschutzpolitik - Veltec Kirby specialist","isPartOf":{"@id":"https:\/\/www.veltec.eu\/en\/#website"},"datePublished":"2018-10-05T12:28:17+00:00","dateModified":"2024-05-06T10:20:59+00:00","description":"Datenschutzpolitik- Veltec Kirby Spezialist Alle Datenschutzbestimmungen f\u00fcr den Besuch unseres Webshops und f\u00fcr Bestellungen.","breadcrumb":{"@id":"https:\/\/www.veltec.eu\/de\/datenschutzpolitik\/#breadcrumb"},"inLanguage":"de","potentialAction":[{"@type":"ReadAction","target":["https:\/\/www.veltec.eu\/de\/datenschutzpolitik\/"]}]},{"@type":"BreadcrumbList","@id":"https:\/\/www.veltec.eu\/de\/datenschutzpolitik\/#breadcrumb","itemListElement":[{"@type":"ListItem","position":1,"name":"Home","item":"https:\/\/www.veltec.eu\/de\/"},{"@type":"ListItem","position":2,"name":"Datenschutzpolitik"}]},{"@type":"WebSite","@id":"https:\/\/www.veltec.eu\/en\/#website","url":"https:\/\/www.veltec.eu\/en\/","name":"Veltec Kirby specialist","description":"Kirby stofzuiger producten","publisher":{"@id":"https:\/\/www.veltec.eu\/en\/#organization"},"potentialAction":[{"@type":"SearchAction","target":{"@type":"EntryPoint","urlTemplate":"https:\/\/www.veltec.eu\/en\/?s={search_term_string}"},"query-input":{"@type":"PropertyValueSpecification","valueRequired":true,"valueName":"search_term_string"}}],"inLanguage":"de"},{"@type":"Organization","@id":"https:\/\/www.veltec.eu\/en\/#organization","name":"Veltec Kirby Specialist","url":"https:\/\/www.veltec.eu\/en\/","logo":{"@type":"ImageObject","inLanguage":"de","@id":"https:\/\/www.veltec.eu\/en\/#\/schema\/logo\/image\/","url":"https:\/\/www.veltec.eu\/wp-content\/uploads\/2021\/12\/Veltec-log-groot-e1537260889125.png","contentUrl":"https:\/\/www.veltec.eu\/wp-content\/uploads\/2021\/12\/Veltec-log-groot-e1537260889125.png","width":200,"height":60,"caption":"Veltec Kirby Specialist"},"image":{"@id":"https:\/\/www.veltec.eu\/en\/#\/schema\/logo\/image\/"},"sameAs":["https:\/\/www.facebook.com\/Veltec-Kirby-Specialist-236746293374877\/","https:\/\/www.youtube.com\/user\/VeltecService"]}]}},"_links":{"self":[{"href":"https:\/\/www.veltec.eu\/de\/wp-json\/wp\/v2\/pages\/3736","targetHints":{"allow":["GET"]}}],"collection":[{"href":"https:\/\/www.veltec.eu\/de\/wp-json\/wp\/v2\/pages"}],"about":[{"href":"https:\/\/www.veltec.eu\/de\/wp-json\/wp\/v2\/types\/page"}],"author":[{"embeddable":true,"href":"https:\/\/www.veltec.eu\/de\/wp-json\/wp\/v2\/users\/1"}],"replies":[{"embeddable":true,"href":"https:\/\/www.veltec.eu\/de\/wp-json\/wp\/v2\/comments?post=3736"}],"version-history":[{"count":0,"href":"https:\/\/www.veltec.eu\/de\/wp-json\/wp\/v2\/pages\/3736\/revisions"}],"wp:attachment":[{"href":"https:\/\/www.veltec.eu\/de\/wp-json\/wp\/v2\/media?parent=3736"}],"curies":[{"name":"wp","href":"https:\/\/api.w.org\/{rel}","templated":true}]}}