{"id":3725,"date":"2018-10-05T14:23:06","date_gmt":"2018-10-05T12:23:06","guid":{"rendered":"https:\/\/www.veltec.eu\/ruckgaberecht\/"},"modified":"2023-12-13T18:11:39","modified_gmt":"2023-12-13T16:11:39","slug":"ruckgaberecht","status":"publish","type":"page","link":"https:\/\/www.veltec.eu\/de\/ruckgaberecht\/","title":{"rendered":"R\u00fcckgaberecht"},"content":{"rendered":"\n<style type=\"text\/css\" data-created_by=\"avia_inline_auto\" id=\"style-css-av-9uxpx-24a82d43df3c26c45fb35d4e7e9a68c3\">\n.flex_column.av-9uxpx-24a82d43df3c26c45fb35d4e7e9a68c3{\nborder-radius:0px 0px 0px 0px;\npadding:0px 0px 0px 0px;\n}\n<\/style>\n<div  class='flex_column av-9uxpx-24a82d43df3c26c45fb35d4e7e9a68c3 av_one_fifth  avia-builder-el-0  el_before_av_four_fifth  avia-builder-el-first  first flex_column_div av-zero-column-padding  '     ><style type=\"text\/css\" data-created_by=\"avia_inline_auto\" id=\"style-css-av-jn39tm1r-0436aa48d75fc04529b763440e6edc3d\">\n.av_font_icon.av-jn39tm1r-0436aa48d75fc04529b763440e6edc3d{\ncolor:#6786a1;\nborder-color:#6786a1;\n}\n.avia-svg-icon.av-jn39tm1r-0436aa48d75fc04529b763440e6edc3d svg:first-child{\nstroke:#6786a1;\nfill:#6786a1;\n}\n.av_font_icon.av-jn39tm1r-0436aa48d75fc04529b763440e6edc3d .av-icon-char{\nfont-size:40px;\nline-height:40px;\nwidth:40px;\n}\n<\/style>\n<span  class='av_font_icon av-jn39tm1r-0436aa48d75fc04529b763440e6edc3d avia_animate_when_visible av-icon-style-border avia-icon-pos-left avia-iconfont avia-font-entypo-fontello avia-icon-animate'><span class='av-icon-char' data-av_icon='\ue891' data-av_iconfont='entypo-fontello' aria-hidden=\"true\" ><\/span><\/span><\/div>\n\n<style type=\"text\/css\" data-created_by=\"avia_inline_auto\" id=\"style-css-av-z0qt-53f6ea13528e2c4661c269cb63317c92\">\n.flex_column.av-z0qt-53f6ea13528e2c4661c269cb63317c92{\nborder-radius:0px 0px 0px 0px;\npadding:0px 0px 0px 0px;\n}\n<\/style>\n<div  class='flex_column av-z0qt-53f6ea13528e2c4661c269cb63317c92 av_four_fifth  avia-builder-el-2  el_after_av_one_fifth  el_before_av_one_full  flex_column_div av-zero-column-padding  '     ><section  class='av_textblock_section av-jmbr413g-1eb5c1b5de5c67641f7cf4dba23e26ef '   itemscope=\"itemscope\" itemtype=\"https:\/\/schema.org\/CreativeWork\" ><div class='avia_textblock'  itemprop=\"text\" ><h4 class=\"p1\"><strong>R\u00fcckgaberecht<\/strong><\/h4>\n<p class=\"p1\">Im Rahmen des &#8216;Fernabsatzgesetzes&#8217; haben Sie nach Ihrem Einkauf bei Veltec einen Anspruch auf Bedenkzei, R\u00fcckgaberecht. Mit anderen Worten, beim Kauf von Produkten, hat der Kunde die M\u00f6glichkeit, den Vertrag ohne Angabe von Gr\u00fcnden innerhalb von sp\u00e4testens vierzehn (14) Tagen zu widerrufen. Die Frist beginnt am Tag nach Erhalt der Ware durch oder im Namen des Kunden.<\/p>\n<p class=\"p1\">W\u00e4hrend dieser Frist wird der Kunde mit dem Produkt und der Verpackung\u00a0\u00a0sorgsam umgehen. Er wird das Produkt weder auspacken noch verwenden, um festzustellen, ob er das Produkt behalten m\u00f6chte.\u00a0\u00a0Wenn der Kunde von seinem Widerrufsrecht Gebrauch macht, wird er das Produkt mit allem Zubeh\u00f6r, in seinem urspr\u00fcnglichen Zustand und in der urspr\u00fcnglichen Verpackung an Veltec zur\u00fccksenden, in \u00dcbereinstimmung mit den durch Veltec vorgegebenen Anweisungen und klaren Vorgaben.<\/p>\n<h4>Der Verbraucher<\/h4>\n<p class=\"p1\">Der Verbraucher darf sein R\u00fcckgaberecht auf die gelieferten Waren aus\u00fcben und die Waren ohne Angabe von Gr\u00fcnden innerhalb von vierzehn (14) Tagen nach Erhalt der Waren an <a href=\"https:\/\/www.veltec.eu\/de\/\">Veltec<\/a> zur\u00fccksenden, unter Ber\u00fccksichtigung der folgenden Bedingungen:<\/p>\n<p class=\"p1\">a. R\u00fccksendungen gehen zu Lasten des Kunden,\u00a0\u00a0nicht ausreichend frankierte Pakete werden von Veltec nicht entgegengenommen.<\/p>\n<p class=\"p1\">b. Der Kunde selbst ist f\u00fcr die Art und Weise der R\u00fccksendung und f\u00fcr das Versandrisiko verantwortlich\u00a0\u00a0-wobei die Verantwortung und das Risiko vom Kunden akzeptiert werden- bis Veltec die R\u00fccksendung entgegengenommen hat.<\/p>\n<p>c. VORSICHT !!! \u00dcberholte Kirby Staubsaugers k\u00f6nnen nicht zur\u00fcckgenommen werden!!!)<br \/>\nDies liegt daran, dass diese im Auftrag des K\u00e4ufers \u00fcberholt werden. Hierf\u00fcr werden Arbeitsstunden aufgewendet und neue Motorteile speziell f\u00fcr diesen Zweck gekauft, die dann in den bestellten Kirby Staubsauger eingebaut werden. Einmal montiert, k\u00f6nnen diese Produkte nicht mehr demontiert werden. Es handelt sich um eine vollst\u00e4ndig ausgef\u00fchrte Dienstleistung, f\u00fcr die gilt, dass Sie vor Ihrer Bestellung ausdr\u00fccklich zugestimmt haben, die Dienstleistung in Anspruch zu nehmen, sowie die Tatsache, dass sie nach vollst\u00e4ndiger Ausf\u00fchrung der Vereinbarung nicht mehr storniert werden kann.<\/p>\n<p class=\"p1\">d. Die gelieferten Produkte sich bei R\u00fccksendung noch in der unbesch\u00e4digten Originalverpackung befinden. (Originalverpackungen, die ge\u00f6ffnet worden sind, k\u00f6nnen nicht mehr zur\u00fcckgenommen werden!)<\/p>\n<p class=\"p1\">Der Widerruf gilt als aufl\u00f6sende Bedingung , wobei der Kunde einen Anspruch auf Erstattung\u00a0\u00a0der bereits gezahlten Summe hat.<\/p>\n<p class=\"p1\"><strong>Absender-Adresse<\/strong><\/p>\n<p class=\"p1\">Wanraaij 29M, 6673 DM, Andelst (Netherlands)<\/p>\n<\/div><\/section><\/div>\n<div  class='flex_column av-av_one_full-a93934ecd89fbb8a9566d39e89cd3725 av_one_full  avia-builder-el-4  el_after_av_four_fifth  avia-builder-el-last  first flex_column_div  '     ><section  class='av_textblock_section av-ky1boh5b-5e4e966c4be56816862e87ea6ce62b7b '   itemscope=\"itemscope\" itemtype=\"https:\/\/schema.org\/CreativeWork\" ><div class='avia_textblock'  itemprop=\"text\" >\n<style type=\"text\/css\" data-created_by=\"avia_inline_auto\" id=\"style-css-av-6u01i-294e84c5e5ccbb05371eb2d59b098352\">\n#top .hr.hr-invisible.av-6u01i-294e84c5e5ccbb05371eb2d59b098352{\nheight:50px;\n}\n<\/style>\n<div  class='hr av-6u01i-294e84c5e5ccbb05371eb2d59b098352 hr-invisible  avia-builder-el-6  avia-builder-el-no-sibling '><span class='hr-inner '><span class=\"hr-inner-style\"><\/span><\/span><\/div>\n<p><img decoding=\"async\" class=\"aligncenter wp-image-44337 size-full\" src=\"https:\/\/www.veltec.eu\/wp-content\/uploads\/2021\/12\/Veltec-log-groot-e1537260889125.png\" alt=\"R\u00fcckgaberecht\" width=\"200\" height=\"60\" \/><\/p>\n<p><!-- TrustBox widget - Starter --><\/p>\n<div class=\"trustpilot-widget\" data-locale=\"de-DE\" data-template-id=\"5613c9cde69ddc09340c6beb\" data-businessunit-id=\"4e1b158d00006400051028e4\" data-style-height=\"100%\" data-style-width=\"100%\" data-theme=\"light\"><a href=\"https:\/\/de.trustpilot.com\/review\/www.veltec.eu\" target=\"_blank\" rel=\"noopener\"><img decoding=\"async\" class=\"aligncenter wp-image-55238 size-full\" src=\"https:\/\/www.veltec.eu\/wp-content\/uploads\/2023\/12\/DE.jpg\" alt=\"\" width=\"700\" height=\"51\" srcset=\"https:\/\/www.veltec.eu\/wp-content\/uploads\/2023\/12\/DE.jpg 700w, https:\/\/www.veltec.eu\/wp-content\/uploads\/2023\/12\/DE-300x22.jpg 300w, https:\/\/www.veltec.eu\/wp-content\/uploads\/2023\/12\/DE-450x33.jpg 450w, https:\/\/www.veltec.eu\/wp-content\/uploads\/2023\/12\/DE-600x44.jpg 600w, https:\/\/www.veltec.eu\/wp-content\/uploads\/2023\/12\/DE-190x14.jpg 190w\" sizes=\"(max-width: 700px) 100vw, 700px\" \/><\/a><\/div>\n<div style=\"text-align: center;\" data-locale=\"de-DE\" data-template-id=\"5613c9cde69ddc09340c6beb\" data-businessunit-id=\"4e1b158d00006400051028e4\" data-style-height=\"100%\" data-style-width=\"100%\" data-theme=\"light\">Veltec ist ein f\u00fchrender Anbieter f\u00fcr die meisten Kirby-Staubsauger. Und\u00a0<a href=\"https:\/\/www.veltec.eu\/de\/kirby-zubehor\/\">Zubeh\u00f6rteile<\/a> im High-End-Bereich.<br \/>\nWir liefern seit \u00fcber 20 Jahren Kirby-Staubsauger.<\/div>\n<p><!-- End TrustBox widget --><\/p>\n<\/div><\/section><\/div>\n","protected":false},"excerpt":{"rendered":"","protected":false},"author":1,"featured_media":0,"parent":0,"menu_order":0,"comment_status":"closed","ping_status":"closed","template":"","meta":{"footnotes":""},"class_list":["post-3725","page","type-page","status-publish","hentry"],"yoast_head":"<!-- This site is optimized with the Yoast SEO Premium plugin v27.1 (Yoast SEO v27.4) - https:\/\/yoast.com\/product\/yoast-seo-premium-wordpress\/ -->\n<title>R\u00fcckgaberecht - Veltec Kirby specialist<\/title>\n<meta name=\"description\" content=\"R\u00fcckgaberecht. Veltec ist ein f\u00fchrender Anbieter f\u00fcr die meisten Kirby-Staubsauger. Und Zubeh\u00f6rteile im High-End-Bereich.\" \/>\n<meta name=\"robots\" content=\"index, follow, max-snippet:-1, max-image-preview:large, max-video-preview:-1\" \/>\n<link rel=\"canonical\" href=\"https:\/\/www.veltec.eu\/nl\/retourbeleid\/\" \/>\n<meta property=\"og:locale\" content=\"de_DE\" \/>\n<meta property=\"og:type\" content=\"article\" \/>\n<meta property=\"og:title\" content=\"R\u00fcckgaberecht\" \/>\n<meta property=\"og:url\" content=\"https:\/\/www.veltec.eu\/nl\/retourbeleid\/\" \/>\n<meta property=\"og:site_name\" content=\"Veltec Kirby specialist\" \/>\n<meta property=\"article:publisher\" content=\"https:\/\/www.facebook.com\/Veltec-Kirby-Specialist-236746293374877\/\" \/>\n<meta property=\"article:modified_time\" content=\"2023-12-13T16:11:39+00:00\" \/>\n<meta property=\"og:image\" content=\"https:\/\/www.veltec.eu\/wp-content\/uploads\/2021\/12\/Veltec-log-groot-e1537260889125.png\" \/>\n<meta name=\"twitter:card\" content=\"summary_large_image\" \/>\n<meta name=\"twitter:label1\" content=\"Gesch\u00e4tzte Lesezeit\" \/>\n\t<meta name=\"twitter:data1\" content=\"4\u00a0Minuten\" \/>\n<script type=\"application\/ld+json\" class=\"yoast-schema-graph\">{\"@context\":\"https:\\\/\\\/schema.org\",\"@graph\":[{\"@type\":\"WebPage\",\"@id\":\"https:\\\/\\\/www.veltec.eu\\\/nl\\\/retourbeleid\\\/\",\"url\":\"https:\\\/\\\/www.veltec.eu\\\/nl\\\/retourbeleid\\\/\",\"name\":\"R\u00fcckgaberecht - Veltec Kirby specialist\",\"isPartOf\":{\"@id\":\"https:\\\/\\\/www.veltec.eu\\\/en\\\/#website\"},\"primaryImageOfPage\":{\"@id\":\"https:\\\/\\\/www.veltec.eu\\\/nl\\\/retourbeleid\\\/#primaryimage\"},\"image\":{\"@id\":\"https:\\\/\\\/www.veltec.eu\\\/nl\\\/retourbeleid\\\/#primaryimage\"},\"thumbnailUrl\":\"https:\\\/\\\/www.veltec.eu\\\/wp-content\\\/uploads\\\/2021\\\/12\\\/Veltec-log-groot-e1537260889125.png\",\"datePublished\":\"2018-10-05T12:23:06+00:00\",\"dateModified\":\"2023-12-13T16:11:39+00:00\",\"description\":\"R\u00fcckgaberecht. Veltec ist ein f\u00fchrender Anbieter f\u00fcr die meisten Kirby-Staubsauger. Und Zubeh\u00f6rteile im High-End-Bereich.\",\"breadcrumb\":{\"@id\":\"https:\\\/\\\/www.veltec.eu\\\/nl\\\/retourbeleid\\\/#breadcrumb\"},\"inLanguage\":\"de\",\"potentialAction\":[{\"@type\":\"ReadAction\",\"target\":[\"https:\\\/\\\/www.veltec.eu\\\/nl\\\/retourbeleid\\\/\"]}]},{\"@type\":\"ImageObject\",\"inLanguage\":\"de\",\"@id\":\"https:\\\/\\\/www.veltec.eu\\\/nl\\\/retourbeleid\\\/#primaryimage\",\"url\":\"https:\\\/\\\/www.veltec.eu\\\/wp-content\\\/uploads\\\/2021\\\/12\\\/Veltec-log-groot-e1537260889125.png\",\"contentUrl\":\"https:\\\/\\\/www.veltec.eu\\\/wp-content\\\/uploads\\\/2021\\\/12\\\/Veltec-log-groot-e1537260889125.png\"},{\"@type\":\"BreadcrumbList\",\"@id\":\"https:\\\/\\\/www.veltec.eu\\\/nl\\\/retourbeleid\\\/#breadcrumb\",\"itemListElement\":[{\"@type\":\"ListItem\",\"position\":1,\"name\":\"Home\",\"item\":\"https:\\\/\\\/www.veltec.eu\\\/de\\\/\"},{\"@type\":\"ListItem\",\"position\":2,\"name\":\"R\u00fcckgaberecht\"}]},{\"@type\":\"WebSite\",\"@id\":\"https:\\\/\\\/www.veltec.eu\\\/en\\\/#website\",\"url\":\"https:\\\/\\\/www.veltec.eu\\\/en\\\/\",\"name\":\"Veltec Kirby specialist\",\"description\":\"Kirby stofzuiger producten\",\"publisher\":{\"@id\":\"https:\\\/\\\/www.veltec.eu\\\/en\\\/#organization\"},\"potentialAction\":[{\"@type\":\"SearchAction\",\"target\":{\"@type\":\"EntryPoint\",\"urlTemplate\":\"https:\\\/\\\/www.veltec.eu\\\/en\\\/?s={search_term_string}\"},\"query-input\":{\"@type\":\"PropertyValueSpecification\",\"valueRequired\":true,\"valueName\":\"search_term_string\"}}],\"inLanguage\":\"de\"},{\"@type\":\"Organization\",\"@id\":\"https:\\\/\\\/www.veltec.eu\\\/en\\\/#organization\",\"name\":\"Veltec Kirby Specialist\",\"url\":\"https:\\\/\\\/www.veltec.eu\\\/en\\\/\",\"logo\":{\"@type\":\"ImageObject\",\"inLanguage\":\"de\",\"@id\":\"https:\\\/\\\/www.veltec.eu\\\/en\\\/#\\\/schema\\\/logo\\\/image\\\/\",\"url\":\"https:\\\/\\\/www.veltec.eu\\\/wp-content\\\/uploads\\\/2021\\\/12\\\/Veltec-log-groot-e1537260889125.png\",\"contentUrl\":\"https:\\\/\\\/www.veltec.eu\\\/wp-content\\\/uploads\\\/2021\\\/12\\\/Veltec-log-groot-e1537260889125.png\",\"width\":200,\"height\":60,\"caption\":\"Veltec Kirby Specialist\"},\"image\":{\"@id\":\"https:\\\/\\\/www.veltec.eu\\\/en\\\/#\\\/schema\\\/logo\\\/image\\\/\"},\"sameAs\":[\"https:\\\/\\\/www.facebook.com\\\/Veltec-Kirby-Specialist-236746293374877\\\/\",\"https:\\\/\\\/www.youtube.com\\\/user\\\/VeltecService\"]}]}<\/script>\n<!-- \/ Yoast SEO Premium plugin. -->","yoast_head_json":{"title":"R\u00fcckgaberecht - Veltec Kirby specialist","description":"R\u00fcckgaberecht. Veltec ist ein f\u00fchrender Anbieter f\u00fcr die meisten Kirby-Staubsauger. Und Zubeh\u00f6rteile im High-End-Bereich.","robots":{"index":"index","follow":"follow","max-snippet":"max-snippet:-1","max-image-preview":"max-image-preview:large","max-video-preview":"max-video-preview:-1"},"canonical":"https:\/\/www.veltec.eu\/nl\/retourbeleid\/","og_locale":"de_DE","og_type":"article","og_title":"R\u00fcckgaberecht","og_url":"https:\/\/www.veltec.eu\/nl\/retourbeleid\/","og_site_name":"Veltec Kirby specialist","article_publisher":"https:\/\/www.facebook.com\/Veltec-Kirby-Specialist-236746293374877\/","article_modified_time":"2023-12-13T16:11:39+00:00","og_image":[{"url":"https:\/\/www.veltec.eu\/wp-content\/uploads\/2021\/12\/Veltec-log-groot-e1537260889125.png","type":"","width":"","height":""}],"twitter_card":"summary_large_image","twitter_misc":{"Gesch\u00e4tzte Lesezeit":"4\u00a0Minuten"},"schema":{"@context":"https:\/\/schema.org","@graph":[{"@type":"WebPage","@id":"https:\/\/www.veltec.eu\/nl\/retourbeleid\/","url":"https:\/\/www.veltec.eu\/nl\/retourbeleid\/","name":"R\u00fcckgaberecht - Veltec Kirby specialist","isPartOf":{"@id":"https:\/\/www.veltec.eu\/en\/#website"},"primaryImageOfPage":{"@id":"https:\/\/www.veltec.eu\/nl\/retourbeleid\/#primaryimage"},"image":{"@id":"https:\/\/www.veltec.eu\/nl\/retourbeleid\/#primaryimage"},"thumbnailUrl":"https:\/\/www.veltec.eu\/wp-content\/uploads\/2021\/12\/Veltec-log-groot-e1537260889125.png","datePublished":"2018-10-05T12:23:06+00:00","dateModified":"2023-12-13T16:11:39+00:00","description":"R\u00fcckgaberecht. Veltec ist ein f\u00fchrender Anbieter f\u00fcr die meisten Kirby-Staubsauger. Und Zubeh\u00f6rteile im High-End-Bereich.","breadcrumb":{"@id":"https:\/\/www.veltec.eu\/nl\/retourbeleid\/#breadcrumb"},"inLanguage":"de","potentialAction":[{"@type":"ReadAction","target":["https:\/\/www.veltec.eu\/nl\/retourbeleid\/"]}]},{"@type":"ImageObject","inLanguage":"de","@id":"https:\/\/www.veltec.eu\/nl\/retourbeleid\/#primaryimage","url":"https:\/\/www.veltec.eu\/wp-content\/uploads\/2021\/12\/Veltec-log-groot-e1537260889125.png","contentUrl":"https:\/\/www.veltec.eu\/wp-content\/uploads\/2021\/12\/Veltec-log-groot-e1537260889125.png"},{"@type":"BreadcrumbList","@id":"https:\/\/www.veltec.eu\/nl\/retourbeleid\/#breadcrumb","itemListElement":[{"@type":"ListItem","position":1,"name":"Home","item":"https:\/\/www.veltec.eu\/de\/"},{"@type":"ListItem","position":2,"name":"R\u00fcckgaberecht"}]},{"@type":"WebSite","@id":"https:\/\/www.veltec.eu\/en\/#website","url":"https:\/\/www.veltec.eu\/en\/","name":"Veltec Kirby specialist","description":"Kirby stofzuiger producten","publisher":{"@id":"https:\/\/www.veltec.eu\/en\/#organization"},"potentialAction":[{"@type":"SearchAction","target":{"@type":"EntryPoint","urlTemplate":"https:\/\/www.veltec.eu\/en\/?s={search_term_string}"},"query-input":{"@type":"PropertyValueSpecification","valueRequired":true,"valueName":"search_term_string"}}],"inLanguage":"de"},{"@type":"Organization","@id":"https:\/\/www.veltec.eu\/en\/#organization","name":"Veltec Kirby Specialist","url":"https:\/\/www.veltec.eu\/en\/","logo":{"@type":"ImageObject","inLanguage":"de","@id":"https:\/\/www.veltec.eu\/en\/#\/schema\/logo\/image\/","url":"https:\/\/www.veltec.eu\/wp-content\/uploads\/2021\/12\/Veltec-log-groot-e1537260889125.png","contentUrl":"https:\/\/www.veltec.eu\/wp-content\/uploads\/2021\/12\/Veltec-log-groot-e1537260889125.png","width":200,"height":60,"caption":"Veltec Kirby Specialist"},"image":{"@id":"https:\/\/www.veltec.eu\/en\/#\/schema\/logo\/image\/"},"sameAs":["https:\/\/www.facebook.com\/Veltec-Kirby-Specialist-236746293374877\/","https:\/\/www.youtube.com\/user\/VeltecService"]}]}},"_links":{"self":[{"href":"https:\/\/www.veltec.eu\/de\/wp-json\/wp\/v2\/pages\/3725","targetHints":{"allow":["GET"]}}],"collection":[{"href":"https:\/\/www.veltec.eu\/de\/wp-json\/wp\/v2\/pages"}],"about":[{"href":"https:\/\/www.veltec.eu\/de\/wp-json\/wp\/v2\/types\/page"}],"author":[{"embeddable":true,"href":"https:\/\/www.veltec.eu\/de\/wp-json\/wp\/v2\/users\/1"}],"replies":[{"embeddable":true,"href":"https:\/\/www.veltec.eu\/de\/wp-json\/wp\/v2\/comments?post=3725"}],"version-history":[{"count":0,"href":"https:\/\/www.veltec.eu\/de\/wp-json\/wp\/v2\/pages\/3725\/revisions"}],"wp:attachment":[{"href":"https:\/\/www.veltec.eu\/de\/wp-json\/wp\/v2\/media?parent=3725"}],"curies":[{"name":"wp","href":"https:\/\/api.w.org\/{rel}","templated":true}]}}