{"id":3715,"date":"2018-10-05T14:15:42","date_gmt":"2018-10-05T12:15:42","guid":{"rendered":"https:\/\/www.veltec.eu\/kundenservice\/"},"modified":"2026-05-06T11:02:58","modified_gmt":"2026-05-06T09:02:58","slug":"kundenservice","status":"publish","type":"page","link":"https:\/\/www.veltec.eu\/de\/kundenservice\/","title":{"rendered":"Kundenservice"},"content":{"rendered":"\n<style type=\"text\/css\" data-created_by=\"avia_inline_auto\" id=\"style-css-av-7zxoi-9237fb34409ded3af3f5e8272d6b2973\">\n.flex_column.av-7zxoi-9237fb34409ded3af3f5e8272d6b2973{\nborder-radius:0px 0px 0px 0px;\npadding:0px 0px 0px 0px;\n}\n<\/style>\n<div  class='flex_column av-7zxoi-9237fb34409ded3af3f5e8272d6b2973 av_one_full  avia-builder-el-0  el_before_av_one_full  avia-builder-el-first  first flex_column_div av-zero-column-padding  '     ><style type=\"text\/css\" data-created_by=\"avia_inline_auto\" id=\"style-css-av-jn2rdjta-bc26aeb7ab6f07cee0c4d1162d993832\">\n.avia-image-container.av-jn2rdjta-bc26aeb7ab6f07cee0c4d1162d993832 img.avia_image{\nbox-shadow:none;\n}\n.avia-image-container.av-jn2rdjta-bc26aeb7ab6f07cee0c4d1162d993832 .av-caption-image-overlay-bg{\nopacity:0.4;\nbackground-color:#6786a1;\n}\n.avia-image-container.av-jn2rdjta-bc26aeb7ab6f07cee0c4d1162d993832 .av-image-caption-overlay-center{\ncolor:#ffffff;\n}\n<\/style>\n<div  class='avia-image-container av-jn2rdjta-bc26aeb7ab6f07cee0c4d1162d993832 av-styling- avia-align-center  avia-builder-el-1  avia-builder-el-no-sibling  noHover av-overlay-hover-deactivate'   itemprop=\"image\" itemscope=\"itemscope\" itemtype=\"https:\/\/schema.org\/ImageObject\" ><div class=\"avia-image-container-inner\"><div class=\"avia-image-overlay-wrap\"><div class=\"av-image-caption-overlay\"><div class=\"av-caption-image-overlay-bg\"><\/div><div class=\"av-image-caption-overlay-position\"><div class=\"av-image-caption-overlay-center\"><\/div><\/div><\/div><img decoding=\"async\" fetchpriority=\"high\" class='wp-image- avia-img-lazy-loading-not- avia_image ' src=\"https:\/\/www.veltec.eu\/wp-content\/uploads\/2018\/09\/hero_customer_services_3.jpg\" alt='' title=''   itemprop=\"thumbnailUrl\"  \/><\/div><\/div><\/div><\/div>\n\n<style type=\"text\/css\" data-created_by=\"avia_inline_auto\" id=\"style-css-av-9dtz6-1a9e29acae5b2e09e007b82897f3e1c4\">\n.flex_column.av-9dtz6-1a9e29acae5b2e09e007b82897f3e1c4{\nborder-radius:0px 0px 0px 0px;\npadding:0px 0px 0px 0px;\n}\n<\/style>\n<div  class='flex_column av-9dtz6-1a9e29acae5b2e09e007b82897f3e1c4 av_one_full  avia-builder-el-2  el_after_av_one_full  el_before_av_one_fifth  first flex_column_div av-zero-column-padding  column-top-margin'     ><section  class='av_textblock_section av-jmbr3ff1-71fd9b974755d908fb1aa5f583c0366e '   itemscope=\"itemscope\" itemtype=\"https:\/\/schema.org\/CreativeWork\" ><div class='avia_textblock'  itemprop=\"text\" ><p>Kundenservice<\/p>\n<h2>Veltec-Kirby-Spezialist<\/h2>\n<p><strong>Bestellen:<\/strong> Sie haben Fragen zum Bestellvorgang, zu einem bestimmten Artikel, oder Sie m\u00f6chten eine Bestellung annullieren.<br \/>\n<strong>Die Lieferung Ihrer Bestellung:<\/strong> Sie haben Fragen zu den Lieferzeiten oder den Portokosten.<br \/>\n<strong>Bezahlen<\/strong>:\u00a0Sie haben Fragen zu den Zahlungsmethoden oder zu einer fehlerhaften Rechnung.<br \/>\n<strong>Garantie:\u00a0<\/strong>Sie m\u00f6chten etwas \u00fcber die Garantiebedingungen wissen.<br \/>\n<strong>Retournieren:\u00a0<\/strong>Sie haben Fragen zum Zur\u00fcckschicken von Produkten, einem falsch gelieferten Produkt oder Sch\u00e4den bei der Lieferung.\u00a0Sie ben\u00f6tigen Hilfe bei der Produktauswahl oder Information zu unseren Produkten.<\/p>\n<h4>Kontakt Kundenservice<\/h4>\n<p>Sie k\u00f6nnen den Kundenservice von Veltec-Kirby-Spezialist auf zwei Arten erreichen. Sie k\u00f6nnen telefonisch unter tel.<br \/>\n0031-36 260 00 61 Kontakt aufnehmen oder Sie k\u00f6nnen uns eine E-Mail schicken.<\/p>\n<div class=\"\"><span class=\"\">Veltec Kirby specialist<\/span><\/div>\n<div class=\"\"><span class=\"\">Wanraaij 29 M<\/span><\/div>\n<div class=\"\"><span class=\"\">6673 DM ANDELST<\/span><\/div>\n<div class=\"\">\n<p><span class=\"\">Netherlands<\/span><\/p>\n<p>Wir bem\u00fchen uns darum, Ihre Mail innerhalb eines Wochentages zu beantworten.<\/p>\n<\/div>\n<\/div><\/section><\/div>\n\n<style type=\"text\/css\" data-created_by=\"avia_inline_auto\" id=\"style-css-av-gqa1e-223fcada78285c204eba15a49b23dd00\">\n.flex_column.av-gqa1e-223fcada78285c204eba15a49b23dd00{\nborder-radius:0px 0px 0px 0px;\npadding:0px 0px 0px 0px;\n}\n<\/style>\n<div  class='flex_column av-gqa1e-223fcada78285c204eba15a49b23dd00 av_one_fifth  avia-builder-el-4  el_after_av_one_full  el_before_av_four_fifth  first flex_column_div av-zero-column-padding  column-top-margin'     ><style type=\"text\/css\" data-created_by=\"avia_inline_auto\" id=\"style-css-av-jn3anh3w-623bce81d3d498d010134b0678b9fe01\">\n.av_font_icon.av-jn3anh3w-623bce81d3d498d010134b0678b9fe01{\ncolor:#6786a1;\nborder-color:#6786a1;\n}\n.avia-svg-icon.av-jn3anh3w-623bce81d3d498d010134b0678b9fe01 svg:first-child{\nstroke:#6786a1;\nfill:#6786a1;\n}\n.av_font_icon.av-jn3anh3w-623bce81d3d498d010134b0678b9fe01 .av-icon-char{\nfont-size:40px;\nline-height:40px;\nwidth:40px;\n}\n<\/style>\n<span  class='av_font_icon av-jn3anh3w-623bce81d3d498d010134b0678b9fe01 avia_animate_when_visible av-icon-style-border avia-icon-pos-right avia-iconfont avia-font-entypo-fontello'><span class='av-icon-char' data-av_icon='\ue854' data-av_iconfont='entypo-fontello' aria-hidden=\"true\" ><\/span><\/span><\/div>\n\n<style type=\"text\/css\" data-created_by=\"avia_inline_auto\" id=\"style-css-av-9ybmq-735723168ec1b63139f20fa9e3e5d66d\">\n.flex_column.av-9ybmq-735723168ec1b63139f20fa9e3e5d66d{\nborder-radius:0px 0px 0px 0px;\npadding:0px 0px 0px 0px;\n}\n<\/style>\n<div  class='flex_column av-9ybmq-735723168ec1b63139f20fa9e3e5d66d av_four_fifth  avia-builder-el-6  el_after_av_one_fifth  el_before_av_one_full  flex_column_div av-zero-column-padding  column-top-margin'     ><section  class='av_textblock_section av-jn3amtzv-53739c77c534023f4c3153a9fd5104a3 '   itemscope=\"itemscope\" itemtype=\"https:\/\/schema.org\/CreativeWork\" ><div class='avia_textblock'  itemprop=\"text\" ><p>Kundenservice: \u00a0 <strong>\u00a0\u00a0\u00a0\u00a0\u00a0\u00a0\u00a0 +31 (0)36 260 00 61\u00a0<\/strong><br \/>\nTechnischer service:<strong>\u00a0\u00a0 +31 (0)36 540 20 40<\/strong><\/p>\n<p>E-mail:\u00a0\u00a0\u00a0\u00a0\u00a0\u00a0\u00a0\u00a0\u00a0\u00a0\u00a0\u00a0\u00a0\u00a0\u00a0\u00a0\u00a0\u00a0\u00a0\u00a0\u00a0 <strong><a href=\"mailto:info@veltec.eu\">info@veltec.eu<\/a><\/strong><\/p>\n<\/div><\/section><\/div>\n\n<style type=\"text\/css\" data-created_by=\"avia_inline_auto\" id=\"style-css-av-8ps8i-a4b47fbe51ea1572303b44b9b389825e\">\n.flex_column.av-8ps8i-a4b47fbe51ea1572303b44b9b389825e{\nborder-radius:0px 0px 0px 0px;\npadding:0px 0px 0px 0px;\n}\n<\/style>\n<div  class='flex_column av-8ps8i-a4b47fbe51ea1572303b44b9b389825e av_one_full  avia-builder-el-8  el_after_av_four_fifth  el_before_av_one_fifth  first flex_column_div av-zero-column-padding  '     ><\/div>\n\n<style type=\"text\/css\" data-created_by=\"avia_inline_auto\" id=\"style-css-av-gqa1e-223fcada78285c204eba15a49b23dd00\">\n.flex_column.av-gqa1e-223fcada78285c204eba15a49b23dd00{\nborder-radius:0px 0px 0px 0px;\npadding:0px 0px 0px 0px;\n}\n<\/style>\n<div  class='flex_column av-gqa1e-223fcada78285c204eba15a49b23dd00 av_one_fifth  avia-builder-el-9  el_after_av_one_full  el_before_av_four_fifth  first flex_column_div av-zero-column-padding  column-top-margin'     ><style type=\"text\/css\" data-created_by=\"avia_inline_auto\" id=\"style-css-av-jn3anh3w-fd83ccacdd58b37c45d6939fab3ea051\">\n.av_font_icon.av-jn3anh3w-fd83ccacdd58b37c45d6939fab3ea051{\ncolor:#6786a1;\nborder-color:#6786a1;\n}\n.avia-svg-icon.av-jn3anh3w-fd83ccacdd58b37c45d6939fab3ea051 svg:first-child{\nstroke:#6786a1;\nfill:#6786a1;\n}\n.av_font_icon.av-jn3anh3w-fd83ccacdd58b37c45d6939fab3ea051 .av-icon-char{\nfont-size:40px;\nline-height:40px;\nwidth:40px;\n}\n<\/style>\n<span  class='av_font_icon av-jn3anh3w-fd83ccacdd58b37c45d6939fab3ea051 avia_animate_when_visible av-icon-style-border avia-icon-pos-right avia-iconfont avia-font-entypo-fontello'><span class='av-icon-char' data-av_icon='\ue821' data-av_iconfont='entypo-fontello' aria-hidden=\"true\" ><\/span><\/span><\/div>\n\n<style type=\"text\/css\" data-created_by=\"avia_inline_auto\" id=\"style-css-av-9ybmq-735723168ec1b63139f20fa9e3e5d66d\">\n.flex_column.av-9ybmq-735723168ec1b63139f20fa9e3e5d66d{\nborder-radius:0px 0px 0px 0px;\npadding:0px 0px 0px 0px;\n}\n<\/style>\n<div  class='flex_column av-9ybmq-735723168ec1b63139f20fa9e3e5d66d av_four_fifth  avia-builder-el-11  el_after_av_one_fifth  el_before_av_hr  flex_column_div av-zero-column-padding  column-top-margin'     ><section  class='av_textblock_section av-jn3amtzv-8d8ef57d1acdd943f918a97d6d4dc495 '   itemscope=\"itemscope\" itemtype=\"https:\/\/schema.org\/CreativeWork\" ><div class='avia_textblock'  itemprop=\"text\" ><div class=\"\"><span class=\"\">Veltec Kirby specialist<\/span><\/div>\n<div class=\"\"><span class=\"\">Wanraaij 29 M<\/span><\/div>\n<div class=\"\"><span class=\"\">6673 DM ANDELST<\/span><\/div>\n<div class=\"\"><span class=\"\">Netherlands<\/span><\/div>\n<\/div><\/section><\/div>\n\n<style type=\"text\/css\" data-created_by=\"avia_inline_auto\" id=\"style-css-av-ky07qcnf-885bee0dc0ae559fc4d9fa778c89bcca\">\n#top .hr.hr-invisible.av-ky07qcnf-885bee0dc0ae559fc4d9fa778c89bcca{\nheight:50px;\n}\n<\/style>\n<div  class='hr av-ky07qcnf-885bee0dc0ae559fc4d9fa778c89bcca hr-invisible  avia-builder-el-13  el_after_av_four_fifth  el_before_av_textblock '><span class='hr-inner '><span class=\"hr-inner-style\"><\/span><\/span><\/div>\n<section  class='av_textblock_section av-ky07sdmt-ad653923a8a51e7864aa6bef07789279 '   itemscope=\"itemscope\" itemtype=\"https:\/\/schema.org\/CreativeWork\" ><div class='avia_textblock'  itemprop=\"text\" ><p>Veltec ist ein f\u00fchrender Anbieter f\u00fcr die meisten <a href=\"https:\/\/www.veltec.eu\/de\/kirby-staubsauger\/\">Kirby-Staubsauger<\/a>. Und\u00a0Zubeh\u00f6rteile im High-End-Bereich. Wir liefern seit \u00fcber 25 Jahren Kirby-Staubsauger an Privathaushalte und Unternehmen. Unser <a href=\"https:\/\/www.veltec.eu\/de\/kirby-laden\/\">Kirby-Staubsauger-Webshop<\/a> bietet alle Kirby Staubsauger und Zubeh\u00f6rteile in der Originalversion und in der \u00fcberarbeiteten Version an. Unser Kirby-Staubsauger-Webshop hat \u00fcber 180 Original-Staubsaugerprodukte im Angebot. Deshalb sind Kirby-Staubsauger-Beutel, professionelle Kirby-Staubsauger und Original Kirby-Ersatzteile nie mehr als wenige Klicks entfernt. Als zus\u00e4tzlichen Service bieten wir Ihnen die hilfreichsten Anleitungsvideos zu den Kirby-Staubsaugern von Veltec. Alle Produkte k\u00f6nnen Sie \u00fcber unseren Kirby-Webshop einfach beziehen. Wenn Sie Ihr Kirby-Produkt noch heute bestellen, wird es innerhalb von 3 Arbeitstagen geliefert.<\/p>\n\n<style type=\"text\/css\" data-created_by=\"avia_inline_auto\" id=\"style-css-av-6u01i-294e84c5e5ccbb05371eb2d59b098352\">\n#top .hr.hr-invisible.av-6u01i-294e84c5e5ccbb05371eb2d59b098352{\nheight:50px;\n}\n<\/style>\n<div  class='hr av-6u01i-294e84c5e5ccbb05371eb2d59b098352 hr-invisible  avia-builder-el-15  avia-builder-el-no-sibling '><span class='hr-inner '><span class=\"hr-inner-style\"><\/span><\/span><\/div>\n<p><img decoding=\"async\" class=\"aligncenter wp-image-44337 size-full\" src=\"https:\/\/www.veltec.eu\/wp-content\/uploads\/2021\/12\/Veltec-log-groot-e1537260889125.png\" alt=\"Kundenservice\" width=\"200\" height=\"60\" \/><\/p>\n<p><!-- TrustBox widget - Starter --><\/p>\n<div class=\"trustpilot-widget\" data-locale=\"de-DE\" data-template-id=\"5613c9cde69ddc09340c6beb\" data-businessunit-id=\"4e1b158d00006400051028e4\" data-style-height=\"100%\" data-style-width=\"100%\" data-theme=\"light\"><a href=\"https:\/\/de.trustpilot.com\/review\/www.veltec.eu\" target=\"_blank\" rel=\"noopener noreferrer\">Trustpilot<\/a><\/div>\n<p><!-- End TrustBox widget --><\/p>\n<\/div><\/section>\n","protected":false},"excerpt":{"rendered":"","protected":false},"author":1,"featured_media":0,"parent":0,"menu_order":0,"comment_status":"closed","ping_status":"closed","template":"","meta":{"_acf_changed":false,"footnotes":""},"class_list":["post-3715","page","type-page","status-publish","hentry"],"acf":[],"yoast_head":"<!-- This site is optimized with the Yoast SEO Premium plugin v27.1 (Yoast SEO v27.4) - https:\/\/yoast.com\/product\/yoast-seo-premium-wordpress\/ -->\n<title>Kundenservice - Veltec Kirby specialist<\/title>\n<meta name=\"description\" content=\"Haben Sie eine Frage? Erf\u00fcllt etwas nicht Ihre Erwartungen? Oder brauchen Sie Hilfe, nutzen Sie unseren Kundenservice.\" \/>\n<meta name=\"robots\" content=\"index, follow, max-snippet:-1, max-image-preview:large, max-video-preview:-1\" \/>\n<link rel=\"canonical\" href=\"https:\/\/www.veltec.eu\/de\/kundenservice\/\" \/>\n<meta property=\"og:locale\" content=\"de_DE\" \/>\n<meta property=\"og:type\" content=\"article\" \/>\n<meta property=\"og:title\" content=\"Kundenservice\" \/>\n<meta property=\"og:url\" content=\"https:\/\/www.veltec.eu\/de\/kundenservice\/\" \/>\n<meta property=\"og:site_name\" content=\"Veltec Kirby specialist\" \/>\n<meta property=\"article:publisher\" content=\"https:\/\/www.facebook.com\/Veltec-Kirby-Specialist-236746293374877\/\" \/>\n<meta property=\"article:modified_time\" content=\"2026-05-06T09:02:58+00:00\" \/>\n<meta property=\"og:image\" content=\"https:\/\/www.veltec.eu\/wp-content\/uploads\/2021\/12\/Veltec-log-groot-e1537260889125.png\" \/>\n<meta name=\"twitter:card\" content=\"summary_large_image\" \/>\n<meta name=\"twitter:label1\" content=\"Gesch\u00e4tzte Lesezeit\" \/>\n\t<meta name=\"twitter:data1\" content=\"2\u00a0Minuten\" \/>\n<script type=\"application\/ld+json\" class=\"yoast-schema-graph\">{\"@context\":\"https:\\\/\\\/schema.org\",\"@graph\":[{\"@type\":\"WebPage\",\"@id\":\"https:\\\/\\\/www.veltec.eu\\\/de\\\/kundenservice\\\/\",\"url\":\"https:\\\/\\\/www.veltec.eu\\\/de\\\/kundenservice\\\/\",\"name\":\"Kundenservice - Veltec Kirby specialist\",\"isPartOf\":{\"@id\":\"https:\\\/\\\/www.veltec.eu\\\/en\\\/#website\"},\"primaryImageOfPage\":{\"@id\":\"https:\\\/\\\/www.veltec.eu\\\/de\\\/kundenservice\\\/#primaryimage\"},\"image\":{\"@id\":\"https:\\\/\\\/www.veltec.eu\\\/de\\\/kundenservice\\\/#primaryimage\"},\"thumbnailUrl\":\"https:\\\/\\\/www.veltec.eu\\\/wp-content\\\/uploads\\\/2021\\\/12\\\/Veltec-log-groot-e1537260889125.png\",\"datePublished\":\"2018-10-05T12:15:42+00:00\",\"dateModified\":\"2026-05-06T09:02:58+00:00\",\"description\":\"Haben Sie eine Frage? Erf\u00fcllt etwas nicht Ihre Erwartungen? Oder brauchen Sie Hilfe, nutzen Sie unseren Kundenservice.\",\"breadcrumb\":{\"@id\":\"https:\\\/\\\/www.veltec.eu\\\/de\\\/kundenservice\\\/#breadcrumb\"},\"inLanguage\":\"de\",\"potentialAction\":[{\"@type\":\"ReadAction\",\"target\":[\"https:\\\/\\\/www.veltec.eu\\\/de\\\/kundenservice\\\/\"]}]},{\"@type\":\"ImageObject\",\"inLanguage\":\"de\",\"@id\":\"https:\\\/\\\/www.veltec.eu\\\/de\\\/kundenservice\\\/#primaryimage\",\"url\":\"https:\\\/\\\/www.veltec.eu\\\/wp-content\\\/uploads\\\/2021\\\/12\\\/Veltec-log-groot-e1537260889125.png\",\"contentUrl\":\"https:\\\/\\\/www.veltec.eu\\\/wp-content\\\/uploads\\\/2021\\\/12\\\/Veltec-log-groot-e1537260889125.png\"},{\"@type\":\"BreadcrumbList\",\"@id\":\"https:\\\/\\\/www.veltec.eu\\\/de\\\/kundenservice\\\/#breadcrumb\",\"itemListElement\":[{\"@type\":\"ListItem\",\"position\":1,\"name\":\"Home\",\"item\":\"https:\\\/\\\/www.veltec.eu\\\/de\\\/startseite\\\/\"},{\"@type\":\"ListItem\",\"position\":2,\"name\":\"Kundenservice\"}]},{\"@type\":\"WebSite\",\"@id\":\"https:\\\/\\\/www.veltec.eu\\\/en\\\/#website\",\"url\":\"https:\\\/\\\/www.veltec.eu\\\/en\\\/\",\"name\":\"Veltec Kirby specialist\",\"description\":\"Kirby stofzuiger producten\",\"publisher\":{\"@id\":\"https:\\\/\\\/www.veltec.eu\\\/en\\\/#organization\"},\"potentialAction\":[{\"@type\":\"SearchAction\",\"target\":{\"@type\":\"EntryPoint\",\"urlTemplate\":\"https:\\\/\\\/www.veltec.eu\\\/en\\\/?s={search_term_string}\"},\"query-input\":{\"@type\":\"PropertyValueSpecification\",\"valueRequired\":true,\"valueName\":\"search_term_string\"}}],\"inLanguage\":\"de\"},{\"@type\":\"Organization\",\"@id\":\"https:\\\/\\\/www.veltec.eu\\\/en\\\/#organization\",\"name\":\"Veltec Kirby Specialist\",\"url\":\"https:\\\/\\\/www.veltec.eu\\\/en\\\/\",\"logo\":{\"@type\":\"ImageObject\",\"inLanguage\":\"de\",\"@id\":\"https:\\\/\\\/www.veltec.eu\\\/en\\\/#\\\/schema\\\/logo\\\/image\\\/\",\"url\":\"https:\\\/\\\/www.veltec.eu\\\/wp-content\\\/uploads\\\/2021\\\/12\\\/Veltec-log-groot-e1537260889125.png\",\"contentUrl\":\"https:\\\/\\\/www.veltec.eu\\\/wp-content\\\/uploads\\\/2021\\\/12\\\/Veltec-log-groot-e1537260889125.png\",\"width\":200,\"height\":60,\"caption\":\"Veltec Kirby Specialist\"},\"image\":{\"@id\":\"https:\\\/\\\/www.veltec.eu\\\/en\\\/#\\\/schema\\\/logo\\\/image\\\/\"},\"sameAs\":[\"https:\\\/\\\/www.facebook.com\\\/Veltec-Kirby-Specialist-236746293374877\\\/\",\"https:\\\/\\\/www.youtube.com\\\/user\\\/VeltecService\"]}]}<\/script>\n<!-- \/ Yoast SEO Premium plugin. -->","yoast_head_json":{"title":"Kundenservice - Veltec Kirby specialist","description":"Haben Sie eine Frage? Erf\u00fcllt etwas nicht Ihre Erwartungen? Oder brauchen Sie Hilfe, nutzen Sie unseren Kundenservice.","robots":{"index":"index","follow":"follow","max-snippet":"max-snippet:-1","max-image-preview":"max-image-preview:large","max-video-preview":"max-video-preview:-1"},"canonical":"https:\/\/www.veltec.eu\/de\/kundenservice\/","og_locale":"de_DE","og_type":"article","og_title":"Kundenservice","og_url":"https:\/\/www.veltec.eu\/de\/kundenservice\/","og_site_name":"Veltec Kirby specialist","article_publisher":"https:\/\/www.facebook.com\/Veltec-Kirby-Specialist-236746293374877\/","article_modified_time":"2026-05-06T09:02:58+00:00","og_image":[{"url":"https:\/\/www.veltec.eu\/wp-content\/uploads\/2021\/12\/Veltec-log-groot-e1537260889125.png","type":"","width":"","height":""}],"twitter_card":"summary_large_image","twitter_misc":{"Gesch\u00e4tzte Lesezeit":"2\u00a0Minuten"},"schema":{"@context":"https:\/\/schema.org","@graph":[{"@type":"WebPage","@id":"https:\/\/www.veltec.eu\/de\/kundenservice\/","url":"https:\/\/www.veltec.eu\/de\/kundenservice\/","name":"Kundenservice - Veltec Kirby specialist","isPartOf":{"@id":"https:\/\/www.veltec.eu\/en\/#website"},"primaryImageOfPage":{"@id":"https:\/\/www.veltec.eu\/de\/kundenservice\/#primaryimage"},"image":{"@id":"https:\/\/www.veltec.eu\/de\/kundenservice\/#primaryimage"},"thumbnailUrl":"https:\/\/www.veltec.eu\/wp-content\/uploads\/2021\/12\/Veltec-log-groot-e1537260889125.png","datePublished":"2018-10-05T12:15:42+00:00","dateModified":"2026-05-06T09:02:58+00:00","description":"Haben Sie eine Frage? Erf\u00fcllt etwas nicht Ihre Erwartungen? Oder brauchen Sie Hilfe, nutzen Sie unseren Kundenservice.","breadcrumb":{"@id":"https:\/\/www.veltec.eu\/de\/kundenservice\/#breadcrumb"},"inLanguage":"de","potentialAction":[{"@type":"ReadAction","target":["https:\/\/www.veltec.eu\/de\/kundenservice\/"]}]},{"@type":"ImageObject","inLanguage":"de","@id":"https:\/\/www.veltec.eu\/de\/kundenservice\/#primaryimage","url":"https:\/\/www.veltec.eu\/wp-content\/uploads\/2021\/12\/Veltec-log-groot-e1537260889125.png","contentUrl":"https:\/\/www.veltec.eu\/wp-content\/uploads\/2021\/12\/Veltec-log-groot-e1537260889125.png"},{"@type":"BreadcrumbList","@id":"https:\/\/www.veltec.eu\/de\/kundenservice\/#breadcrumb","itemListElement":[{"@type":"ListItem","position":1,"name":"Home","item":"https:\/\/www.veltec.eu\/de\/startseite\/"},{"@type":"ListItem","position":2,"name":"Kundenservice"}]},{"@type":"WebSite","@id":"https:\/\/www.veltec.eu\/en\/#website","url":"https:\/\/www.veltec.eu\/en\/","name":"Veltec Kirby specialist","description":"Kirby stofzuiger producten","publisher":{"@id":"https:\/\/www.veltec.eu\/en\/#organization"},"potentialAction":[{"@type":"SearchAction","target":{"@type":"EntryPoint","urlTemplate":"https:\/\/www.veltec.eu\/en\/?s={search_term_string}"},"query-input":{"@type":"PropertyValueSpecification","valueRequired":true,"valueName":"search_term_string"}}],"inLanguage":"de"},{"@type":"Organization","@id":"https:\/\/www.veltec.eu\/en\/#organization","name":"Veltec Kirby Specialist","url":"https:\/\/www.veltec.eu\/en\/","logo":{"@type":"ImageObject","inLanguage":"de","@id":"https:\/\/www.veltec.eu\/en\/#\/schema\/logo\/image\/","url":"https:\/\/www.veltec.eu\/wp-content\/uploads\/2021\/12\/Veltec-log-groot-e1537260889125.png","contentUrl":"https:\/\/www.veltec.eu\/wp-content\/uploads\/2021\/12\/Veltec-log-groot-e1537260889125.png","width":200,"height":60,"caption":"Veltec Kirby Specialist"},"image":{"@id":"https:\/\/www.veltec.eu\/en\/#\/schema\/logo\/image\/"},"sameAs":["https:\/\/www.facebook.com\/Veltec-Kirby-Specialist-236746293374877\/","https:\/\/www.youtube.com\/user\/VeltecService"]}]}},"_links":{"self":[{"href":"https:\/\/www.veltec.eu\/de\/wp-json\/wp\/v2\/pages\/3715","targetHints":{"allow":["GET"]}}],"collection":[{"href":"https:\/\/www.veltec.eu\/de\/wp-json\/wp\/v2\/pages"}],"about":[{"href":"https:\/\/www.veltec.eu\/de\/wp-json\/wp\/v2\/types\/page"}],"author":[{"embeddable":true,"href":"https:\/\/www.veltec.eu\/de\/wp-json\/wp\/v2\/users\/1"}],"replies":[{"embeddable":true,"href":"https:\/\/www.veltec.eu\/de\/wp-json\/wp\/v2\/comments?post=3715"}],"version-history":[{"count":3,"href":"https:\/\/www.veltec.eu\/de\/wp-json\/wp\/v2\/pages\/3715\/revisions"}],"predecessor-version":[{"id":92555,"href":"https:\/\/www.veltec.eu\/de\/wp-json\/wp\/v2\/pages\/3715\/revisions\/92555"}],"wp:attachment":[{"href":"https:\/\/www.veltec.eu\/de\/wp-json\/wp\/v2\/media?parent=3715"}],"curies":[{"name":"wp","href":"https:\/\/api.w.org\/{rel}","templated":true}]}}