{"id":3440,"date":"2018-10-04T16:26:25","date_gmt":"2018-10-04T14:26:25","guid":{"rendered":"https:\/\/www.veltec.eu\/contact-2\/"},"modified":"2025-03-27T15:59:46","modified_gmt":"2025-03-27T13:59:46","slug":"kontakt","status":"publish","type":"page","link":"https:\/\/www.veltec.eu\/de\/kontakt\/","title":{"rendered":"Kontakt"},"content":{"rendered":"<div  class='flex_column av-av_one_full-a93934ecd89fbb8a9566d39e89cd3725 av_one_full  avia-builder-el-0  el_before_av_one_half  avia-builder-el-first  first flex_column_div  '     ><section  class='av_textblock_section av-kwp6mahx-9497939edfde40e40db8aa93df907df1 '   itemscope=\"itemscope\" itemtype=\"https:\/\/schema.org\/CreativeWork\" ><div class='avia_textblock'  itemprop=\"text\" ><h1>Kontakt<\/h1>\n<\/div><\/section><\/div>\n\n<style type=\"text\/css\" data-created_by=\"avia_inline_auto\" id=\"style-css-av-9ek6c-667c87b7660ff9dbede0a0dd0aa31b7d\">\n.flex_column.av-9ek6c-667c87b7660ff9dbede0a0dd0aa31b7d{\nborder-radius:0px 0px 0px 0px;\npadding:0px 0px 0px 0px;\n}\n<\/style>\n<div  class='flex_column av-9ek6c-667c87b7660ff9dbede0a0dd0aa31b7d av_one_half  avia-builder-el-2  el_after_av_one_full  el_before_av_two_fifth  first flex_column_div av-zero-column-padding  column-top-margin'     ><style type=\"text\/css\" data-created_by=\"avia_inline_auto\" id=\"style-css-av-jmbn35ry-88ca8b7137ded39e9baa2dc77342c94e\">\n.avia-image-container.av-jmbn35ry-88ca8b7137ded39e9baa2dc77342c94e img.avia_image{\nbox-shadow:none;\n}\n.avia-image-container.av-jmbn35ry-88ca8b7137ded39e9baa2dc77342c94e .av-image-caption-overlay-center{\ncolor:#ffffff;\n}\n<\/style>\n<div  class='avia-image-container av-jmbn35ry-88ca8b7137ded39e9baa2dc77342c94e av-styling- avia-align-center  avia-builder-el-3  avia-builder-el-no-sibling '   itemprop=\"image\" itemscope=\"itemscope\" itemtype=\"https:\/\/schema.org\/ImageObject\" ><div class=\"avia-image-container-inner\"><div class=\"avia-image-overlay-wrap\"><img decoding=\"async\" fetchpriority=\"high\" class='wp-image-77971 avia-img-lazy-loading-not-77971 avia_image ' src=\"https:\/\/www.veltec.eu\/wp-content\/uploads\/2025\/03\/contact.veltec.png\" alt='' title='Kontakt'  height=\"1000\" width=\"934\"  itemprop=\"thumbnailUrl\" srcset=\"https:\/\/www.veltec.eu\/wp-content\/uploads\/2025\/03\/contact.veltec.png 934w, https:\/\/www.veltec.eu\/wp-content\/uploads\/2025\/03\/contact.veltec-280x300.png 280w, https:\/\/www.veltec.eu\/wp-content\/uploads\/2025\/03\/contact.veltec-768x822.png 768w, https:\/\/www.veltec.eu\/wp-content\/uploads\/2025\/03\/contact.veltec-658x705.png 658w, https:\/\/www.veltec.eu\/wp-content\/uploads\/2025\/03\/contact.veltec-450x482.png 450w, https:\/\/www.veltec.eu\/wp-content\/uploads\/2025\/03\/contact.veltec-600x642.png 600w, https:\/\/www.veltec.eu\/wp-content\/uploads\/2025\/03\/contact.veltec-56x60.png 56w, https:\/\/www.veltec.eu\/wp-content\/uploads\/2025\/03\/contact.veltec-84x90.png 84w\" sizes=\"(max-width: 934px) 100vw, 934px\" \/><\/div><\/div><\/div><\/div>\n<style type=\"text\/css\" data-created_by=\"avia_inline_auto\" id=\"style-css-av-xbst0-628fbdb1838cdcf6a2d7153db0104ea7\">\n.flex_column.av-xbst0-628fbdb1838cdcf6a2d7153db0104ea7{\nborder-radius:0px 0px 0px 0px;\npadding:0px 0px 0px 0px;\n}\n<\/style>\n<div  class='flex_column av-xbst0-628fbdb1838cdcf6a2d7153db0104ea7 av_two_fifth  avia-builder-el-4  el_after_av_one_half  el_before_av_hr  flex_column_div av-zero-column-padding  column-top-margin'     ><p>\n<style type=\"text\/css\" data-created_by=\"avia_inline_auto\" id=\"style-css-av-m8rf758y-f30610dc8ff30950a2f60eefa26ee210\">\n#top .hr.hr-invisible.av-m8rf758y-f30610dc8ff30950a2f60eefa26ee210{\nheight:20px;\n}\n<\/style>\n<div  class='hr av-m8rf758y-f30610dc8ff30950a2f60eefa26ee210 hr-invisible  avia-builder-el-5  el_before_av_contact  avia-builder-el-first '><span class='hr-inner '><span class=\"hr-inner-style\"><\/span><\/span><\/div><br \/>\n<form action=\"https:\/\/www.veltec.eu\/de\/kontakt\/\" method=\"post\" data-fields-with-error=\"Fehler wurden in folgenden Feld(ern) gefunden:\" class=\"avia_ajax_form av-form-labels-visible   avia-builder-el-6  el_after_av_hr  avia-builder-el-last   \" data-avia-form-id=\"1\" data-avia-redirect='' ><fieldset><p class='  first_form  form_element form_fullwidth' id='element_avia_1_1'><label for=\"avia_1_1\">Name <abbr class=\"required\" title=\"ben\u00f6tigt\">*<\/abbr><\/label> <input name=\"avia_1_1\" class=\"text_input is_empty\" type=\"text\" id=\"avia_1_1\" value=\"\" \/><\/p><p class='  first_form  form_element form_fullwidth' id='element_avia_2_1'><label for=\"avia_2_1\">E-Mail <abbr class=\"required\" title=\"ben\u00f6tigt\">*<\/abbr><\/label> <input name=\"avia_2_1\" class=\"text_input is_email\" type=\"text\" id=\"avia_2_1\" value=\"\" \/><\/p><p class='  first_form  form_element form_fullwidth' id='element_avia_3_1'><label for=\"avia_3_1\">Telefon <abbr class=\"required\" title=\"ben\u00f6tigt\">*<\/abbr><\/label> <input name=\"avia_3_1\" class=\"text_input is_phone\" type=\"text\" id=\"avia_3_1\" value=\"\" \/><\/p><p class='  first_form  form_element form_fullwidth av-last-visible-form-element' id='element_avia_4_1'><label for=\"avia_4_1\" class=\"textare_label hidden textare_label_avia_4_1\">Nachricht <abbr class=\"required\" title=\"ben\u00f6tigt\">*<\/abbr><\/label><textarea  name=\"avia_4_1\" class=\"text_area is_empty\" cols=\"40\" rows=\"7\" id=\"avia_4_1\" ><\/textarea><\/p><p class=\"hidden\"><input type=\"text\" name=\"avia_5_1\" class=\"hidden \" id=\"avia_5_1\" value=\"\" \/><\/p><p class=\"form_element \"><input type=\"hidden\" value=\"1\" name=\"avia_generated_form1\" \/><input type=\"submit\" value=\"Absenden\" class=\"button\"  data-sending-label=\"Sende\"\/><\/p><\/fieldset><\/form><div id=\"ajaxresponse_1\" class=\"ajaxresponse ajaxresponse_1 hidden\"><\/div><\/p><\/div><div  class='hr av-m8q2l37e-961607239997cb0922fe86a9beee9577 hr-full  avia-builder-el-7  el_after_av_two_fifth  el_before_av_one_third  hr-no-shadow'><span class='hr-inner '><span class=\"hr-inner-style\"><\/span><\/span><\/div><\/p>\n<div  class='flex_column av-av_one_third-4236371e50272b4ec399280bbf76d6bf av_one_third  avia-builder-el-8  el_after_av_hr  el_before_av_one_third  first flex_column_div  '     ><section  class='av_textblock_section av-m8q2kc8e-2829490a03dae7a4d197c4c6e4d6c1e9 '   itemscope=\"itemscope\" itemtype=\"https:\/\/schema.org\/CreativeWork\" ><div class='avia_textblock'  itemprop=\"text\" ><h3>B\u00fcro \/ Lager<\/h3>\n<p>Veltec Kirby Spezialist<br \/>\nWanraaij 29 M\u00a0 ANDELST<br \/>\nNIEDERLANDE<\/p>\n<p>*Besuche nur nach Vereinbarung<\/p>\n<\/div><\/section><\/div>\n<div  class='flex_column av-av_one_third-d9d4235c4dc5477e29570d3b99e2b500 av_one_third  avia-builder-el-10  el_after_av_one_third  el_before_av_one_third  flex_column_div  '     ><section  class='av_textblock_section av-m8q2gerv-fd81bd457d21eff92aff34176d4394e1 '   itemscope=\"itemscope\" itemtype=\"https:\/\/schema.org\/CreativeWork\" ><div class='avia_textblock'  itemprop=\"text\" ><h3>E-Mail<\/h3>\n<p><a href=\"mailto:info@veltec.eu\">info@veltec.eu<\/a><br \/>\nAntwort innerhalb von 24 Stunden, normalerweise schneller!<\/p>\n<h3>Telefon<\/h3>\n<p><a href=\"tel:0031365402040\">0031-(0)36 540 20 40<\/a><br \/>\nVerf\u00fcgbar von Montag bis Freitag von 09:00-17:00<\/p>\n<\/div><\/section><\/div>\n<div  class='flex_column av-av_one_third-d9d4235c4dc5477e29570d3b99e2b500 av_one_third  avia-builder-el-12  el_after_av_one_third  el_before_av_hr  flex_column_div  '     ><section  class='av_textblock_section av-m8q2ihe4-367d5c9c18e63397a201659fd4a54576 '   itemscope=\"itemscope\" itemtype=\"https:\/\/schema.org\/CreativeWork\" ><div class='avia_textblock'  itemprop=\"text\" ><p><a href=\"https:\/\/wa.me\/message\/7BKTYRQ2TILPB1\"><img decoding=\"async\" class=\"alignnone wp-image-77747 size-medium\" src=\"https:\/\/www.veltec.eu\/wp-content\/uploads\/2025\/03\/DE-300x93.png\" alt=\"\" width=\"300\" height=\"93\" srcset=\"https:\/\/www.veltec.eu\/wp-content\/uploads\/2025\/03\/DE-300x93.png 300w, https:\/\/www.veltec.eu\/wp-content\/uploads\/2025\/03\/DE-1030x319.png 1030w, https:\/\/www.veltec.eu\/wp-content\/uploads\/2025\/03\/DE-768x238.png 768w, https:\/\/www.veltec.eu\/wp-content\/uploads\/2025\/03\/DE-705x219.png 705w, https:\/\/www.veltec.eu\/wp-content\/uploads\/2025\/03\/DE-450x140.png 450w, https:\/\/www.veltec.eu\/wp-content\/uploads\/2025\/03\/DE-600x186.png 600w, https:\/\/www.veltec.eu\/wp-content\/uploads\/2025\/03\/DE-190x60.png 190w, https:\/\/www.veltec.eu\/wp-content\/uploads\/2025\/03\/DE-290x90.png 290w, https:\/\/www.veltec.eu\/wp-content\/uploads\/2025\/03\/DE.png 1280w\" sizes=\"(max-width: 300px) 100vw, 300px\" \/><\/a><\/p>\n<\/div><\/section><\/div>\n<div  class='hr av-av_hr-b76cd83c0a61b74433d59c064fbc79cd hr-full  avia-builder-el-14  el_after_av_one_third  el_before_av_one_half  hr-no-shadow'><span class='hr-inner '><span class=\"hr-inner-style\"><\/span><\/span><\/div>\n<div  class='flex_column av-av_one_half-4236371e50272b4ec399280bbf76d6bf av_one_half  avia-builder-el-15  el_after_av_hr  el_before_av_one_half  first flex_column_div  '     ><p><section  class='av_textblock_section av-kx6e1x1b-4d3eeda266d314022cf87f2719532d9c '   itemscope=\"itemscope\" itemtype=\"https:\/\/schema.org\/CreativeWork\" ><div class='avia_textblock'  itemprop=\"text\" ><p>Veltec ist ein f\u00fchrender Anbieter f\u00fcr die meisten <a href=\"https:\/\/www.veltec.eu\/de\/kirby-staubsauger\/\">Kirby-Staubsauger<\/a> und <a href=\"https:\/\/www.veltec.eu\/de\/kirby-zubehor\/\">Kirby Zubeh\u00f6r<\/a> im High-End-Bereich. Wir liefern seit \u00fcber 25 Jahren Kirby-Staubsauger an Privathaushalte und Unternehmen. Unser Kirby-Staubsauger-Webshop bietet alle Kirby.Staubsauger. Und Zubeh\u00f6rteile in der Originalversion und in der \u00fcberarbeiteten Version an. Unser Kirby-Staubsauger-Webshop hat \u00fcber 180 Original-Staubsaugerprodukte im Angebot. Deshalb sind Kirby-Staubsauger-Beutel, professionelle Kirby-Staubsauger und Original Kirby-Ersatzteile nie mehr als wenige Klicks entfernt. Als zus\u00e4tzlichen Service bieten wir Ihnen die hilfreichsten Anleitungsvideos zu den Kirby-Staubsaugern von Veltec. Alle Produkte k\u00f6nnen Sie \u00fcber unseren <a href=\"https:\/\/www.veltec.eu\/de\/kirby-laden\/\">Kirby-Laden<\/a> einfach beziehen. Wenn Sie Ihr Kirby-Produkt noch heute bestellen, wird es innerhalb von 3 Arbeitstagen geliefert.<\/p>\n<\/div><\/section><br \/>\n<section  class='av_textblock_section av-kx6e28z4-7957d26bedb0a4c4730413bdbffea5f5 '   itemscope=\"itemscope\" itemtype=\"https:\/\/schema.org\/CreativeWork\" ><div class='avia_textblock'  itemprop=\"text\" ><p>Neben Kirby-Staubsaugern bieten wir auch eine Vielzahl an anderen Haushaltsger\u00e4ten wie beispielsweise die Reinigungssysteme von Veltec und Kirby. Unsere Kirby- und Veltec-Produktreihen umfassen eine Vielzahl innovativer und intelligenter Reinigungsger\u00e4te. Die Kirby-Reinigungsprodukte aus der Spitzenreihe umfasst ein umfangreiches Sortiment an Dampfreinigern und Kirby-Staubsaugern. Alle Ger\u00e4te wurden von uns vorab getestet, um sicherzustellen, dass alle Kirby- und Veltec-Produkte den h\u00f6chsten Veltec-Standards entsprechen. Dank der Durchf\u00fchrung dieser Qualit\u00e4tstests konnten wir eine Auswahl der besten Kirby- und Veltec-Reinigungssysteme,\u00a0<a href=\"https:\/\/www.veltec.eu\/de\/kirby-staubsauger\/\">Kirby-Staubsauger<\/a>\u00a0und Kirby Zubeh\u00f6rteile zusammenstelle. Alle im Webshop angebotenen Produkte haben eine hohe Qualit\u00e4t und ein gutes Preis\/Leistungs-Verh\u00e4ltnis.<\/p>\n<\/div><\/section><\/p><\/div>\n<div  class='flex_column av-av_one_half-d9d4235c4dc5477e29570d3b99e2b500 av_one_half  avia-builder-el-18  el_after_av_one_half  el_before_av_one_full  flex_column_div  '     ><\/div>\n<div  class='flex_column av-av_one_full-4236371e50272b4ec399280bbf76d6bf av_one_full  avia-builder-el-20  el_after_av_one_half  el_before_av_textblock  first flex_column_div  column-top-margin'     ><section  class='av_textblock_section av-kx6e341b-a9123615afa1e6baba0a1c0ca4fcb661 '   itemscope=\"itemscope\" itemtype=\"https:\/\/schema.org\/CreativeWork\" ><div class='avia_textblock'  itemprop=\"text\" ><h4>Kirby<\/h4>\n<\/div><\/section><br \/>\n<section  class='av_textblock_section av-kx6e2omb-876799ec50e860deb73083d9cbbe1c35 '   itemscope=\"itemscope\" itemtype=\"https:\/\/schema.org\/CreativeWork\" ><div class='avia_textblock'  itemprop=\"text\" ><p>Kirby wurde im Jahr 1914 gegr\u00fcndet. Seither gelten\u00a0<a title=\"Kirby staubsauger\" href=\"https:\/\/www.veltec.eu\/de\/kirby-modelle\/\">Kirby-Staubsauger<\/a>\u00a0als sehr zuverl\u00e4ssig und als Produkt mit ausgezeichnetem Preis\/Leistungs-Verh\u00e4ltnis. Mit der Zeit hat sich gezeigt, dass Ihr Kirby-Staubsauger mit einer guten Wartung f\u00fcr lange Zeit in ausgezeichnetem Zustand bleibt. Leider kann es durch h\u00e4ufige Nutzung zu einigen Verschlei\u00dfsch\u00e4den kommen, die mehr oder weniger unvermeidlich sind. Zum Gl\u00fcck sind wir in der Lage, alle Kirby-Staubsauger-Ersatzteile zu liefern, die man f\u00fcr einen reibungslosen Betrieb der Kirby-Staubsauger ben\u00f6tigt. Vollst\u00e4ndige Kirby-Motoren, Rotorbl\u00e4tter, Fu\u00dfpedale, Stromkabel und sogar die kleinsten Kirby-Schrauben \u2013 wir haben die besten Teile auf Lager. Im Kirby-Staubsauger-Webshop finden Sie alle Kirby-Staubsauger Original- und \u00fcberarbeitete Ersatzteile, Staubsaugerbeutel und Zubeh\u00f6rteile mit nur wenigen Klicks.<\/p>\n<\/div><\/section><\/p><\/div>\n<section  class='av_textblock_section av-kxg357o8-a57e0fe219757b15e4e68c0c5f66f890 '   itemscope=\"itemscope\" itemtype=\"https:\/\/schema.org\/CreativeWork\" ><div class='avia_textblock'  itemprop=\"text\" >\n<style type=\"text\/css\" data-created_by=\"avia_inline_auto\" id=\"style-css-av-6u01i-294e84c5e5ccbb05371eb2d59b098352\">\n#top .hr.hr-invisible.av-6u01i-294e84c5e5ccbb05371eb2d59b098352{\nheight:50px;\n}\n<\/style>\n<div  class='hr av-6u01i-294e84c5e5ccbb05371eb2d59b098352 hr-invisible  avia-builder-el-24  avia-builder-el-no-sibling '><span class='hr-inner '><span class=\"hr-inner-style\"><\/span><\/span><\/div>\n<div class=\"trustpilot-widget\" data-locale=\"de-DE\" data-template-id=\"5613c9cde69ddc09340c6beb\" data-businessunit-id=\"4e1b158d00006400051028e4\" data-style-height=\"100%\" data-style-width=\"100%\" data-theme=\"light\"><a href=\"https:\/\/de.trustpilot.com\/review\/www.veltec.eu\" target=\"_blank\" rel=\"noopener\"><img decoding=\"async\" class=\"aligncenter wp-image-55238 size-full\" src=\"https:\/\/www.veltec.eu\/wp-content\/uploads\/2023\/12\/DE.jpg\" alt=\"\" width=\"700\" height=\"51\" srcset=\"https:\/\/www.veltec.eu\/wp-content\/uploads\/2023\/12\/DE.jpg 700w, https:\/\/www.veltec.eu\/wp-content\/uploads\/2023\/12\/DE-300x22.jpg 300w, https:\/\/www.veltec.eu\/wp-content\/uploads\/2023\/12\/DE-450x33.jpg 450w, https:\/\/www.veltec.eu\/wp-content\/uploads\/2023\/12\/DE-600x44.jpg 600w, https:\/\/www.veltec.eu\/wp-content\/uploads\/2023\/12\/DE-190x14.jpg 190w\" sizes=\"(max-width: 700px) 100vw, 700px\" \/><\/a><\/div>\n<p><!-- End TrustBox widget --><\/p>\n<\/div><\/section>\n","protected":false},"excerpt":{"rendered":"","protected":false},"author":1,"featured_media":0,"parent":0,"menu_order":0,"comment_status":"closed","ping_status":"closed","template":"","meta":{"footnotes":""},"class_list":["post-3440","page","type-page","status-publish","hentry"],"yoast_head":"<!-- This site is optimized with the Yoast SEO Premium plugin v27.1 (Yoast SEO v27.3) - https:\/\/yoast.com\/product\/yoast-seo-premium-wordpress\/ -->\n<title>Kontakt - Veltec Kirby specialist<\/title>\n<meta name=\"description\" content=\"Kontakt. Veltec ist seit mehr als 20 Jahren Lieferant von Kirby Staubsaugern und ist Ihr vertrauensw\u00fcrdiger Kirby Service-Spezialist.\" \/>\n<meta name=\"robots\" content=\"index, follow, max-snippet:-1, max-image-preview:large, max-video-preview:-1\" \/>\n<link rel=\"canonical\" href=\"https:\/\/www.veltec.eu\/de\/kontakt\/\" \/>\n<meta property=\"og:locale\" content=\"de_DE\" \/>\n<meta property=\"og:type\" content=\"article\" \/>\n<meta property=\"og:title\" content=\"Kontakt\" \/>\n<meta property=\"og:url\" content=\"https:\/\/www.veltec.eu\/de\/kontakt\/\" \/>\n<meta property=\"og:site_name\" content=\"Veltec Kirby specialist\" \/>\n<meta property=\"article:publisher\" content=\"https:\/\/www.facebook.com\/Veltec-Kirby-Specialist-236746293374877\/\" \/>\n<meta property=\"article:modified_time\" content=\"2025-03-27T13:59:46+00:00\" \/>\n<meta property=\"og:image\" content=\"https:\/\/www.veltec.eu\/wp-content\/uploads\/2025\/03\/DE-300x93.png\" \/>\n<meta name=\"twitter:card\" content=\"summary_large_image\" \/>\n<meta name=\"twitter:label1\" content=\"Gesch\u00e4tzte Lesezeit\" \/>\n\t<meta name=\"twitter:data1\" content=\"3\u00a0Minuten\" \/>\n<script type=\"application\/ld+json\" class=\"yoast-schema-graph\">{\"@context\":\"https:\\\/\\\/schema.org\",\"@graph\":[{\"@type\":\"WebPage\",\"@id\":\"https:\\\/\\\/www.veltec.eu\\\/de\\\/kontakt\\\/\",\"url\":\"https:\\\/\\\/www.veltec.eu\\\/de\\\/kontakt\\\/\",\"name\":\"Kontakt - Veltec Kirby specialist\",\"isPartOf\":{\"@id\":\"https:\\\/\\\/www.veltec.eu\\\/en\\\/#website\"},\"primaryImageOfPage\":{\"@id\":\"https:\\\/\\\/www.veltec.eu\\\/de\\\/kontakt\\\/#primaryimage\"},\"image\":{\"@id\":\"https:\\\/\\\/www.veltec.eu\\\/de\\\/kontakt\\\/#primaryimage\"},\"thumbnailUrl\":\"https:\\\/\\\/www.veltec.eu\\\/wp-content\\\/uploads\\\/2025\\\/03\\\/DE-300x93.png\",\"datePublished\":\"2018-10-04T14:26:25+00:00\",\"dateModified\":\"2025-03-27T13:59:46+00:00\",\"description\":\"Kontakt. Veltec ist seit mehr als 20 Jahren Lieferant von Kirby Staubsaugern und ist Ihr vertrauensw\u00fcrdiger Kirby Service-Spezialist.\",\"breadcrumb\":{\"@id\":\"https:\\\/\\\/www.veltec.eu\\\/de\\\/kontakt\\\/#breadcrumb\"},\"inLanguage\":\"de\",\"potentialAction\":[{\"@type\":\"ReadAction\",\"target\":[\"https:\\\/\\\/www.veltec.eu\\\/de\\\/kontakt\\\/\"]}]},{\"@type\":\"ImageObject\",\"inLanguage\":\"de\",\"@id\":\"https:\\\/\\\/www.veltec.eu\\\/de\\\/kontakt\\\/#primaryimage\",\"url\":\"https:\\\/\\\/www.veltec.eu\\\/wp-content\\\/uploads\\\/2025\\\/03\\\/DE-300x93.png\",\"contentUrl\":\"https:\\\/\\\/www.veltec.eu\\\/wp-content\\\/uploads\\\/2025\\\/03\\\/DE-300x93.png\"},{\"@type\":\"BreadcrumbList\",\"@id\":\"https:\\\/\\\/www.veltec.eu\\\/de\\\/kontakt\\\/#breadcrumb\",\"itemListElement\":[{\"@type\":\"ListItem\",\"position\":1,\"name\":\"Home\",\"item\":\"https:\\\/\\\/www.veltec.eu\\\/de\\\/\"},{\"@type\":\"ListItem\",\"position\":2,\"name\":\"Kontakt\"}]},{\"@type\":\"WebSite\",\"@id\":\"https:\\\/\\\/www.veltec.eu\\\/en\\\/#website\",\"url\":\"https:\\\/\\\/www.veltec.eu\\\/en\\\/\",\"name\":\"Veltec Kirby specialist\",\"description\":\"Kirby stofzuiger producten\",\"publisher\":{\"@id\":\"https:\\\/\\\/www.veltec.eu\\\/en\\\/#organization\"},\"potentialAction\":[{\"@type\":\"SearchAction\",\"target\":{\"@type\":\"EntryPoint\",\"urlTemplate\":\"https:\\\/\\\/www.veltec.eu\\\/en\\\/?s={search_term_string}\"},\"query-input\":{\"@type\":\"PropertyValueSpecification\",\"valueRequired\":true,\"valueName\":\"search_term_string\"}}],\"inLanguage\":\"de\"},{\"@type\":\"Organization\",\"@id\":\"https:\\\/\\\/www.veltec.eu\\\/en\\\/#organization\",\"name\":\"Veltec Kirby Specialist\",\"url\":\"https:\\\/\\\/www.veltec.eu\\\/en\\\/\",\"logo\":{\"@type\":\"ImageObject\",\"inLanguage\":\"de\",\"@id\":\"https:\\\/\\\/www.veltec.eu\\\/en\\\/#\\\/schema\\\/logo\\\/image\\\/\",\"url\":\"https:\\\/\\\/www.veltec.eu\\\/wp-content\\\/uploads\\\/2021\\\/12\\\/Veltec-log-groot-e1537260889125.png\",\"contentUrl\":\"https:\\\/\\\/www.veltec.eu\\\/wp-content\\\/uploads\\\/2021\\\/12\\\/Veltec-log-groot-e1537260889125.png\",\"width\":200,\"height\":60,\"caption\":\"Veltec Kirby Specialist\"},\"image\":{\"@id\":\"https:\\\/\\\/www.veltec.eu\\\/en\\\/#\\\/schema\\\/logo\\\/image\\\/\"},\"sameAs\":[\"https:\\\/\\\/www.facebook.com\\\/Veltec-Kirby-Specialist-236746293374877\\\/\",\"https:\\\/\\\/www.youtube.com\\\/user\\\/VeltecService\"]}]}<\/script>\n<!-- \/ Yoast SEO Premium plugin. -->","yoast_head_json":{"title":"Kontakt - Veltec Kirby specialist","description":"Kontakt. Veltec ist seit mehr als 20 Jahren Lieferant von Kirby Staubsaugern und ist Ihr vertrauensw\u00fcrdiger Kirby Service-Spezialist.","robots":{"index":"index","follow":"follow","max-snippet":"max-snippet:-1","max-image-preview":"max-image-preview:large","max-video-preview":"max-video-preview:-1"},"canonical":"https:\/\/www.veltec.eu\/de\/kontakt\/","og_locale":"de_DE","og_type":"article","og_title":"Kontakt","og_url":"https:\/\/www.veltec.eu\/de\/kontakt\/","og_site_name":"Veltec Kirby specialist","article_publisher":"https:\/\/www.facebook.com\/Veltec-Kirby-Specialist-236746293374877\/","article_modified_time":"2025-03-27T13:59:46+00:00","og_image":[{"url":"https:\/\/www.veltec.eu\/wp-content\/uploads\/2025\/03\/DE-300x93.png","type":"","width":"","height":""}],"twitter_card":"summary_large_image","twitter_misc":{"Gesch\u00e4tzte Lesezeit":"3\u00a0Minuten"},"schema":{"@context":"https:\/\/schema.org","@graph":[{"@type":"WebPage","@id":"https:\/\/www.veltec.eu\/de\/kontakt\/","url":"https:\/\/www.veltec.eu\/de\/kontakt\/","name":"Kontakt - Veltec Kirby specialist","isPartOf":{"@id":"https:\/\/www.veltec.eu\/en\/#website"},"primaryImageOfPage":{"@id":"https:\/\/www.veltec.eu\/de\/kontakt\/#primaryimage"},"image":{"@id":"https:\/\/www.veltec.eu\/de\/kontakt\/#primaryimage"},"thumbnailUrl":"https:\/\/www.veltec.eu\/wp-content\/uploads\/2025\/03\/DE-300x93.png","datePublished":"2018-10-04T14:26:25+00:00","dateModified":"2025-03-27T13:59:46+00:00","description":"Kontakt. Veltec ist seit mehr als 20 Jahren Lieferant von Kirby Staubsaugern und ist Ihr vertrauensw\u00fcrdiger Kirby Service-Spezialist.","breadcrumb":{"@id":"https:\/\/www.veltec.eu\/de\/kontakt\/#breadcrumb"},"inLanguage":"de","potentialAction":[{"@type":"ReadAction","target":["https:\/\/www.veltec.eu\/de\/kontakt\/"]}]},{"@type":"ImageObject","inLanguage":"de","@id":"https:\/\/www.veltec.eu\/de\/kontakt\/#primaryimage","url":"https:\/\/www.veltec.eu\/wp-content\/uploads\/2025\/03\/DE-300x93.png","contentUrl":"https:\/\/www.veltec.eu\/wp-content\/uploads\/2025\/03\/DE-300x93.png"},{"@type":"BreadcrumbList","@id":"https:\/\/www.veltec.eu\/de\/kontakt\/#breadcrumb","itemListElement":[{"@type":"ListItem","position":1,"name":"Home","item":"https:\/\/www.veltec.eu\/de\/"},{"@type":"ListItem","position":2,"name":"Kontakt"}]},{"@type":"WebSite","@id":"https:\/\/www.veltec.eu\/en\/#website","url":"https:\/\/www.veltec.eu\/en\/","name":"Veltec Kirby specialist","description":"Kirby stofzuiger producten","publisher":{"@id":"https:\/\/www.veltec.eu\/en\/#organization"},"potentialAction":[{"@type":"SearchAction","target":{"@type":"EntryPoint","urlTemplate":"https:\/\/www.veltec.eu\/en\/?s={search_term_string}"},"query-input":{"@type":"PropertyValueSpecification","valueRequired":true,"valueName":"search_term_string"}}],"inLanguage":"de"},{"@type":"Organization","@id":"https:\/\/www.veltec.eu\/en\/#organization","name":"Veltec Kirby Specialist","url":"https:\/\/www.veltec.eu\/en\/","logo":{"@type":"ImageObject","inLanguage":"de","@id":"https:\/\/www.veltec.eu\/en\/#\/schema\/logo\/image\/","url":"https:\/\/www.veltec.eu\/wp-content\/uploads\/2021\/12\/Veltec-log-groot-e1537260889125.png","contentUrl":"https:\/\/www.veltec.eu\/wp-content\/uploads\/2021\/12\/Veltec-log-groot-e1537260889125.png","width":200,"height":60,"caption":"Veltec Kirby Specialist"},"image":{"@id":"https:\/\/www.veltec.eu\/en\/#\/schema\/logo\/image\/"},"sameAs":["https:\/\/www.facebook.com\/Veltec-Kirby-Specialist-236746293374877\/","https:\/\/www.youtube.com\/user\/VeltecService"]}]}},"_links":{"self":[{"href":"https:\/\/www.veltec.eu\/de\/wp-json\/wp\/v2\/pages\/3440","targetHints":{"allow":["GET"]}}],"collection":[{"href":"https:\/\/www.veltec.eu\/de\/wp-json\/wp\/v2\/pages"}],"about":[{"href":"https:\/\/www.veltec.eu\/de\/wp-json\/wp\/v2\/types\/page"}],"author":[{"embeddable":true,"href":"https:\/\/www.veltec.eu\/de\/wp-json\/wp\/v2\/users\/1"}],"replies":[{"embeddable":true,"href":"https:\/\/www.veltec.eu\/de\/wp-json\/wp\/v2\/comments?post=3440"}],"version-history":[{"count":7,"href":"https:\/\/www.veltec.eu\/de\/wp-json\/wp\/v2\/pages\/3440\/revisions"}],"predecessor-version":[{"id":77986,"href":"https:\/\/www.veltec.eu\/de\/wp-json\/wp\/v2\/pages\/3440\/revisions\/77986"}],"wp:attachment":[{"href":"https:\/\/www.veltec.eu\/de\/wp-json\/wp\/v2\/media?parent=3440"}],"curies":[{"name":"wp","href":"https:\/\/api.w.org\/{rel}","templated":true}]}}