{"id":3354,"date":"2018-10-04T14:33:21","date_gmt":"2018-10-04T12:33:21","guid":{"rendered":"https:\/\/www.veltec.eu\/uber-veltec-2\/"},"modified":"2025-11-25T12:21:18","modified_gmt":"2025-11-25T10:21:18","slug":"uber-veltec","status":"publish","type":"page","link":"https:\/\/www.veltec.eu\/de\/uber-veltec\/","title":{"rendered":"Uber Veltec"},"content":{"rendered":"\n<style type=\"text\/css\" data-created_by=\"avia_inline_auto\" id=\"style-css-av-7w5iu-d155c6401ae56910cd861036c61b1ec0\">\n.flex_column.av-7w5iu-d155c6401ae56910cd861036c61b1ec0{\nborder-radius:0px 0px 0px 0px;\npadding:0px 0px 0px 0px;\n}\n<\/style>\n<div  class='flex_column av-7w5iu-d155c6401ae56910cd861036c61b1ec0 av_one_half  avia-builder-el-0  el_before_av_one_half  avia-builder-el-first  first flex_column_div av-zero-column-padding  '     ><style type=\"text\/css\" data-created_by=\"avia_inline_auto\" id=\"style-css-av-jmbpxor4-ab19483564e1d3947ee65881091d756c\">\n.avia-image-container.av-jmbpxor4-ab19483564e1d3947ee65881091d756c img.avia_image{\nbox-shadow:none;\n}\n.avia-image-container.av-jmbpxor4-ab19483564e1d3947ee65881091d756c .av-image-caption-overlay-center{\ncolor:#ffffff;\n}\n<\/style>\n<div  class='avia-image-container av-jmbpxor4-ab19483564e1d3947ee65881091d756c av-styling- avia-align-left  avia-builder-el-1  avia-builder-el-no-sibling '   itemprop=\"image\" itemscope=\"itemscope\" itemtype=\"https:\/\/schema.org\/ImageObject\" ><div class=\"avia-image-container-inner\"><div class=\"avia-image-overlay-wrap\"><img decoding=\"async\" fetchpriority=\"high\" class='wp-image-1699 avia-img-lazy-loading-not-1699 avia_image ' src=\"https:\/\/www.veltec.eu\/wp-content\/uploads\/2018\/09\/Veltec-Kirby-specialist.png\" alt='Uber Veltec' title='Uber Veltec'  height=\"400\" width=\"600\"  itemprop=\"thumbnailUrl\" srcset=\"https:\/\/www.veltec.eu\/wp-content\/uploads\/2018\/09\/Veltec-Kirby-specialist.png 600w, https:\/\/www.veltec.eu\/wp-content\/uploads\/2018\/09\/Veltec-Kirby-specialist-300x200.png 300w\" sizes=\"(max-width: 600px) 100vw, 600px\" \/><\/div><\/div><\/div><\/div>\n\n<style type=\"text\/css\" data-created_by=\"avia_inline_auto\" id=\"style-css-av-egs1i-02729923fc63d507d062c49c009d0838\">\n.flex_column.av-egs1i-02729923fc63d507d062c49c009d0838{\nborder-radius:0px 0px 0px 0px;\npadding:0px 0px 0px 0px;\n}\n<\/style>\n<div  class='flex_column av-egs1i-02729923fc63d507d062c49c009d0838 av_one_half  avia-builder-el-2  el_after_av_one_half  el_before_av_one_full  flex_column_div av-zero-column-padding  '     ><section  class='av_textblock_section av-jm7jrhis-a4a33d7b7eb451aef479c8932c7a6e15 '   itemscope=\"itemscope\" itemtype=\"https:\/\/schema.org\/CreativeWork\" ><div class='avia_textblock'  itemprop=\"text\" ><h1>Uber Veltec<\/h1>\n<p><a href=\"https:\/\/www.veltec.eu\/de\/\">Veltec-Kirby-Spezialist<\/a> ist einer der tonangebenden Kirby-Spezialisten auf dem Gebiet von Kirby-Homecare-Produkten und -Dienstleistungen.<\/p>\n<p>Die Firma wurde 1997 gegr\u00fcndet und hat fast alle Marktentwicklungen miterlebt.<\/p>\n<p data-start=\"72\" data-end=\"407\">Veltec Kirby Specialist ist ein unabh\u00e4ngiger und sehr erfahrener Dienstleister, der sich auf die Wartung, Reparatur und den Service von Kirby-Produkten spezialisiert hat. Dank unseres Fachwissens k\u00f6nnen wir unseren Kunden hochwertigen Service und umfassende Garantien bieten, die auf ihre Bed\u00fcrfnisse und Interessen zugeschnitten sind.<\/p>\n<p data-start=\"409\" data-end=\"903\">Obwohl wir mit Kirby-Produkten arbeiten, agieren wir vollst\u00e4ndig unabh\u00e4ngig. Wir haben keinerlei Verpflichtungen oder Partnerschaften mit der Kirby Company in Bezug auf Einkauf, Verkauf oder Service. Veltec Kirby Specialist ist in keiner Weise mit der Kirby Company verbunden, ihr angeschlossen oder von ihr autorisiert \u2013 weder in Deutschland noch irgendwo sonst auf der Welt. Diese Unabh\u00e4ngigkeit erm\u00f6glicht es uns, unseren Kunden ehrliche, objektive und kundenorientierte L\u00f6sungen anzubieten.<\/p>\n<\/div><\/section><\/div>\n<style type=\"text\/css\" data-created_by=\"avia_inline_auto\" id=\"style-css-av-94l26-55f30d40958deb6669b3a1da7f99c0ad\">\n.flex_column.av-94l26-55f30d40958deb6669b3a1da7f99c0ad{\nborder-radius:0px 0px 0px 0px;\npadding:0px 0px 0px 0px;\n}\n<\/style>\n<div  class='flex_column av-94l26-55f30d40958deb6669b3a1da7f99c0ad av_one_full  avia-builder-el-4  el_after_av_one_half  el_before_av_one_fourth  first flex_column_div av-zero-column-padding  column-top-margin'     ><section  class='av_textblock_section av-jmbq3rs3-8ac10c6b485dbaa7934d38669dbf2535 '   itemscope=\"itemscope\" itemtype=\"https:\/\/schema.org\/CreativeWork\" ><div class='avia_textblock'  itemprop=\"text\" ><h2>Unsere Website<\/h2>\n<p>Uber Veltec.<\/p>\n<p>Veltec ist ein Kirby-Webshop und Teil von Veltec-Kirby-Spezialist.<br \/>\nUnsere Kunden finden auf www.veltec.eu nicht nur die allerneuesten Kirby-Homecare-Produkte, sondern auch die etwas weniger bekannten. Die Firma bietet sowohl Privatkunden als auch Betrieben mehr als 180 originale Kirby-Homecare-Produkte, die wir in den Niederlanden, Belgien, Deutschland, Luxemburg, Frankreich, \u00d6sterreich, Schweiz, Italien, Irland, und Vereinigtes Konigreich distribuieren. Au\u00dfer durch Schnelligkeit und Bequemlichkeit des Einkaufs im Internet kennzeichnet Veltec-Kirby- Spezialist sich auch durch seinen pers\u00f6nlichen Kundenkontakt aus. Mithilfe eines einzigartigen Automatisierungssystems sorgt Veltec-Kirby-Spezialist f\u00fcr eine Lieferung innerhalb von 3 tagen zu absolut scharfen Preisen.<\/p>\n<\/div><\/section><\/div><\/p>\n\n<style type=\"text\/css\" data-created_by=\"avia_inline_auto\" id=\"style-css-av-av_one_fourth-1df1b63c6c045939f2dc1aefbdd8e7ad\">\n.flex_column.av-av_one_fourth-1df1b63c6c045939f2dc1aefbdd8e7ad{\nborder-radius:0px 0px 0px 0px;\npadding:0px 0px 0px 0px;\n}\n<\/style>\n<div  class='flex_column av-av_one_fourth-1df1b63c6c045939f2dc1aefbdd8e7ad av_one_fourth  avia-builder-el-6  el_after_av_one_full  el_before_av_two_fifth  first flex_column_div av-zero-column-padding  column-top-margin'     ><style type=\"text\/css\" data-created_by=\"avia_inline_auto\" id=\"style-css-av-kxenp59n-8100895237afc785b11607a03e84568c\">\n.avia-image-container.av-kxenp59n-8100895237afc785b11607a03e84568c img.avia_image{\nbox-shadow:none;\n}\n.avia-image-container.av-kxenp59n-8100895237afc785b11607a03e84568c .av-image-caption-overlay-center{\ncolor:#ffffff;\n}\n<\/style>\n<div  class='avia-image-container av-kxenp59n-8100895237afc785b11607a03e84568c av-styling- avia-align-center  avia-builder-el-7  avia-builder-el-no-sibling '   itemprop=\"image\" itemscope=\"itemscope\" itemtype=\"https:\/\/schema.org\/ImageObject\" ><div class=\"avia-image-container-inner\"><div class=\"avia-image-overlay-wrap\"><img decoding=\"async\" fetchpriority=\"high\" class='wp-image-43988 avia-img-lazy-loading-not-43988 avia_image ' src=\"https:\/\/www.veltec.eu\/wp-content\/uploads\/2021\/12\/25-jaar-veltec1.png\" alt='' title='Uber Veltec'  height=\"342\" width=\"500\"  itemprop=\"thumbnailUrl\" srcset=\"https:\/\/www.veltec.eu\/wp-content\/uploads\/2021\/12\/25-jaar-veltec1.png 500w, https:\/\/www.veltec.eu\/wp-content\/uploads\/2021\/12\/25-jaar-veltec1-300x205.png 300w\" sizes=\"(max-width: 500px) 100vw, 500px\" \/><\/div><\/div><\/div><\/div>\n\n<style type=\"text\/css\" data-created_by=\"avia_inline_auto\" id=\"style-css-av-99ph2-f8545c615ac6781a1a61a0167b7182e0\">\n.flex_column.av-99ph2-f8545c615ac6781a1a61a0167b7182e0{\nborder-radius:0px 0px 0px 0px;\npadding:0px 0px 0px 0px;\n}\n<\/style>\n<div  class='flex_column av-99ph2-f8545c615ac6781a1a61a0167b7182e0 av_two_fifth  avia-builder-el-8  el_after_av_one_fourth  el_before_av_one_third  flex_column_div av-zero-column-padding  column-top-margin'     ><section  class='av_textblock_section av-jmbs14a1-7ad05cffad557be4eadedcfae774cc2c '   itemscope=\"itemscope\" itemtype=\"https:\/\/schema.org\/CreativeWork\" ><div class='avia_textblock'  itemprop=\"text\" ><p>Veltec Kirby Specialist<br \/>\nWanraaij 29 M<br \/>\n6673 DM\u00a0 ANDELST<br \/>\nNETHERLANDS<br \/>\nTelefon: 0031-36 260 00 61<br \/>\nE-Mail Adresse: <a href=\"mailto:veltec-info@planet.nl\">info@veltec.eu<\/a><br \/>\nInternet: www.veltec.eu<br \/>\nVeltec ist bei der Industrie- und Handelskammer unter der Nummer 39086156 eingetragen.<br \/>\nDie Steuernummer lautet NL009133886B03<\/p>\n<\/div><\/section><\/div>\n\n<style type=\"text\/css\" data-created_by=\"avia_inline_auto\" id=\"style-css-av-ba4q6-c57e926ba472343f4c2303f504a9ab4b\">\n.flex_column.av-ba4q6-c57e926ba472343f4c2303f504a9ab4b{\nborder-radius:0px 0px 0px 0px;\npadding:0px 0px 0px 0px;\n}\n<\/style>\n<div  class='flex_column av-ba4q6-c57e926ba472343f4c2303f504a9ab4b av_one_third  avia-builder-el-10  el_after_av_two_fifth  el_before_av_hr  flex_column_div av-zero-column-padding  column-top-margin'     ><style type=\"text\/css\" data-created_by=\"avia_inline_auto\" id=\"style-css-av-jm7kenw9-f2b030b3c09fb768d18c4da9d41b837a\">\n.avia-image-container.av-jm7kenw9-f2b030b3c09fb768d18c4da9d41b837a img.avia_image{\nbox-shadow:none;\n}\n.avia-image-container.av-jm7kenw9-f2b030b3c09fb768d18c4da9d41b837a .av-image-caption-overlay-center{\ncolor:#ffffff;\n}\n<\/style>\n<div  class='avia-image-container av-jm7kenw9-f2b030b3c09fb768d18c4da9d41b837a av-styling- av-img-linked avia-align-right  avia-builder-el-11  avia-builder-el-no-sibling '   itemprop=\"image\" itemscope=\"itemscope\" itemtype=\"https:\/\/schema.org\/ImageObject\" ><div class=\"avia-image-container-inner\"><div class=\"avia-image-overlay-wrap\"><a href=\"https:\/\/de.trustpilot.com\/review\/www.veltec.eu\" class='avia_image '  aria-label='Uber Veltec'><img decoding=\"async\" fetchpriority=\"high\" class='wp-image-1583 avia-img-lazy-loading-not-1583 avia_image ' src=\"https:\/\/www.veltec.eu\/wp-content\/uploads\/2018\/09\/tp_badge-260.png\" alt='Uber Veltec' title='Uber Veltec'  height=\"159\" width=\"260\"  itemprop=\"thumbnailUrl\"  \/><\/a><\/div><\/div><\/div><\/div>\n\n<style type=\"text\/css\" data-created_by=\"avia_inline_auto\" id=\"style-css-av-ky0a00o1-44e46cfecac37d56c076a7a60bb8a9a3\">\n#top .hr.hr-invisible.av-ky0a00o1-44e46cfecac37d56c076a7a60bb8a9a3{\nheight:50px;\n}\n<\/style>\n<div  class='hr av-ky0a00o1-44e46cfecac37d56c076a7a60bb8a9a3 hr-invisible  avia-builder-el-12  el_after_av_one_third  el_before_av_textblock '><span class='hr-inner '><span class=\"hr-inner-style\"><\/span><\/span><\/div>\n<section  class='av_textblock_section av-ky0a0ip8-0f8e6b1d02b4dfbae455f6a84ae3f03d '   itemscope=\"itemscope\" itemtype=\"https:\/\/schema.org\/CreativeWork\" ><div class='avia_textblock'  itemprop=\"text\" >\n<style type=\"text\/css\" data-created_by=\"avia_inline_auto\" id=\"style-css-av-6u01i-294e84c5e5ccbb05371eb2d59b098352\">\n#top .hr.hr-invisible.av-6u01i-294e84c5e5ccbb05371eb2d59b098352{\nheight:50px;\n}\n<\/style>\n<div  class='hr av-6u01i-294e84c5e5ccbb05371eb2d59b098352 hr-invisible  avia-builder-el-14  avia-builder-el-no-sibling '><span class='hr-inner '><span class=\"hr-inner-style\"><\/span><\/span><\/div>\n<p><img decoding=\"async\" class=\"aligncenter wp-image-44337 size-full\" src=\"https:\/\/www.veltec.eu\/wp-content\/uploads\/2021\/12\/Veltec-log-groot-e1537260889125.png\" alt=\"Uber Veltec\" width=\"200\" height=\"60\" \/><\/p>\n<\/div><\/section>\n","protected":false},"excerpt":{"rendered":"","protected":false},"author":1,"featured_media":0,"parent":0,"menu_order":0,"comment_status":"closed","ping_status":"closed","template":"","meta":{"footnotes":""},"class_list":["post-3354","page","type-page","status-publish","hentry"],"yoast_head":"<!-- This site is optimized with the Yoast SEO Premium plugin v27.1 (Yoast SEO v27.3) - https:\/\/yoast.com\/product\/yoast-seo-premium-wordpress\/ -->\n<title>Uber Veltec - Veltec Kirby specialist<\/title>\n<meta name=\"description\" content=\"Uber Veltec. Veltec ist ein f\u00fchrender Anbieter f\u00fcr die meisten Kirby-Staubsauger. Und Zubeh\u00f6rteile im High-End-Bereich.\" \/>\n<meta name=\"robots\" content=\"index, follow, max-snippet:-1, max-image-preview:large, max-video-preview:-1\" \/>\n<link rel=\"canonical\" href=\"https:\/\/www.veltec.eu\/nl\/over-ons\/\" \/>\n<meta property=\"og:locale\" content=\"de_DE\" \/>\n<meta property=\"og:type\" content=\"article\" \/>\n<meta property=\"og:title\" content=\"Uber Veltec\" \/>\n<meta property=\"og:url\" content=\"https:\/\/www.veltec.eu\/nl\/over-ons\/\" \/>\n<meta property=\"og:site_name\" content=\"Veltec Kirby specialist\" \/>\n<meta property=\"article:publisher\" content=\"https:\/\/www.facebook.com\/Veltec-Kirby-Specialist-236746293374877\/\" \/>\n<meta property=\"article:modified_time\" content=\"2025-11-25T10:21:18+00:00\" \/>\n<meta property=\"og:image\" content=\"https:\/\/www.veltec.eu\/wp-content\/uploads\/2021\/12\/Veltec-log-groot-e1537260889125.png\" \/>\n<meta name=\"twitter:card\" content=\"summary_large_image\" \/>\n<meta name=\"twitter:label1\" content=\"Gesch\u00e4tzte Lesezeit\" \/>\n\t<meta name=\"twitter:data1\" content=\"3\u00a0Minuten\" \/>\n<script type=\"application\/ld+json\" class=\"yoast-schema-graph\">{\"@context\":\"https:\\\/\\\/schema.org\",\"@graph\":[{\"@type\":\"WebPage\",\"@id\":\"https:\\\/\\\/www.veltec.eu\\\/nl\\\/over-ons\\\/\",\"url\":\"https:\\\/\\\/www.veltec.eu\\\/nl\\\/over-ons\\\/\",\"name\":\"Uber Veltec - Veltec Kirby specialist\",\"isPartOf\":{\"@id\":\"https:\\\/\\\/www.veltec.eu\\\/en\\\/#website\"},\"primaryImageOfPage\":{\"@id\":\"https:\\\/\\\/www.veltec.eu\\\/nl\\\/over-ons\\\/#primaryimage\"},\"image\":{\"@id\":\"https:\\\/\\\/www.veltec.eu\\\/nl\\\/over-ons\\\/#primaryimage\"},\"thumbnailUrl\":\"https:\\\/\\\/www.veltec.eu\\\/wp-content\\\/uploads\\\/2021\\\/12\\\/Veltec-log-groot-e1537260889125.png\",\"datePublished\":\"2018-10-04T12:33:21+00:00\",\"dateModified\":\"2025-11-25T10:21:18+00:00\",\"description\":\"Uber Veltec. Veltec ist ein f\u00fchrender Anbieter f\u00fcr die meisten Kirby-Staubsauger. Und Zubeh\u00f6rteile im High-End-Bereich.\",\"breadcrumb\":{\"@id\":\"https:\\\/\\\/www.veltec.eu\\\/nl\\\/over-ons\\\/#breadcrumb\"},\"inLanguage\":\"de\",\"potentialAction\":[{\"@type\":\"ReadAction\",\"target\":[\"https:\\\/\\\/www.veltec.eu\\\/nl\\\/over-ons\\\/\"]}]},{\"@type\":\"ImageObject\",\"inLanguage\":\"de\",\"@id\":\"https:\\\/\\\/www.veltec.eu\\\/nl\\\/over-ons\\\/#primaryimage\",\"url\":\"https:\\\/\\\/www.veltec.eu\\\/wp-content\\\/uploads\\\/2021\\\/12\\\/Veltec-log-groot-e1537260889125.png\",\"contentUrl\":\"https:\\\/\\\/www.veltec.eu\\\/wp-content\\\/uploads\\\/2021\\\/12\\\/Veltec-log-groot-e1537260889125.png\"},{\"@type\":\"BreadcrumbList\",\"@id\":\"https:\\\/\\\/www.veltec.eu\\\/nl\\\/over-ons\\\/#breadcrumb\",\"itemListElement\":[{\"@type\":\"ListItem\",\"position\":1,\"name\":\"Home\",\"item\":\"https:\\\/\\\/www.veltec.eu\\\/de\\\/\"},{\"@type\":\"ListItem\",\"position\":2,\"name\":\"Uber Veltec\"}]},{\"@type\":\"WebSite\",\"@id\":\"https:\\\/\\\/www.veltec.eu\\\/en\\\/#website\",\"url\":\"https:\\\/\\\/www.veltec.eu\\\/en\\\/\",\"name\":\"Veltec Kirby specialist\",\"description\":\"Kirby stofzuiger producten\",\"publisher\":{\"@id\":\"https:\\\/\\\/www.veltec.eu\\\/en\\\/#organization\"},\"potentialAction\":[{\"@type\":\"SearchAction\",\"target\":{\"@type\":\"EntryPoint\",\"urlTemplate\":\"https:\\\/\\\/www.veltec.eu\\\/en\\\/?s={search_term_string}\"},\"query-input\":{\"@type\":\"PropertyValueSpecification\",\"valueRequired\":true,\"valueName\":\"search_term_string\"}}],\"inLanguage\":\"de\"},{\"@type\":\"Organization\",\"@id\":\"https:\\\/\\\/www.veltec.eu\\\/en\\\/#organization\",\"name\":\"Veltec Kirby Specialist\",\"url\":\"https:\\\/\\\/www.veltec.eu\\\/en\\\/\",\"logo\":{\"@type\":\"ImageObject\",\"inLanguage\":\"de\",\"@id\":\"https:\\\/\\\/www.veltec.eu\\\/en\\\/#\\\/schema\\\/logo\\\/image\\\/\",\"url\":\"https:\\\/\\\/www.veltec.eu\\\/wp-content\\\/uploads\\\/2021\\\/12\\\/Veltec-log-groot-e1537260889125.png\",\"contentUrl\":\"https:\\\/\\\/www.veltec.eu\\\/wp-content\\\/uploads\\\/2021\\\/12\\\/Veltec-log-groot-e1537260889125.png\",\"width\":200,\"height\":60,\"caption\":\"Veltec Kirby Specialist\"},\"image\":{\"@id\":\"https:\\\/\\\/www.veltec.eu\\\/en\\\/#\\\/schema\\\/logo\\\/image\\\/\"},\"sameAs\":[\"https:\\\/\\\/www.facebook.com\\\/Veltec-Kirby-Specialist-236746293374877\\\/\",\"https:\\\/\\\/www.youtube.com\\\/user\\\/VeltecService\"]}]}<\/script>\n<!-- \/ Yoast SEO Premium plugin. -->","yoast_head_json":{"title":"Uber Veltec - Veltec Kirby specialist","description":"Uber Veltec. Veltec ist ein f\u00fchrender Anbieter f\u00fcr die meisten Kirby-Staubsauger. Und Zubeh\u00f6rteile im High-End-Bereich.","robots":{"index":"index","follow":"follow","max-snippet":"max-snippet:-1","max-image-preview":"max-image-preview:large","max-video-preview":"max-video-preview:-1"},"canonical":"https:\/\/www.veltec.eu\/nl\/over-ons\/","og_locale":"de_DE","og_type":"article","og_title":"Uber Veltec","og_url":"https:\/\/www.veltec.eu\/nl\/over-ons\/","og_site_name":"Veltec Kirby specialist","article_publisher":"https:\/\/www.facebook.com\/Veltec-Kirby-Specialist-236746293374877\/","article_modified_time":"2025-11-25T10:21:18+00:00","og_image":[{"url":"https:\/\/www.veltec.eu\/wp-content\/uploads\/2021\/12\/Veltec-log-groot-e1537260889125.png","type":"","width":"","height":""}],"twitter_card":"summary_large_image","twitter_misc":{"Gesch\u00e4tzte Lesezeit":"3\u00a0Minuten"},"schema":{"@context":"https:\/\/schema.org","@graph":[{"@type":"WebPage","@id":"https:\/\/www.veltec.eu\/nl\/over-ons\/","url":"https:\/\/www.veltec.eu\/nl\/over-ons\/","name":"Uber Veltec - Veltec Kirby specialist","isPartOf":{"@id":"https:\/\/www.veltec.eu\/en\/#website"},"primaryImageOfPage":{"@id":"https:\/\/www.veltec.eu\/nl\/over-ons\/#primaryimage"},"image":{"@id":"https:\/\/www.veltec.eu\/nl\/over-ons\/#primaryimage"},"thumbnailUrl":"https:\/\/www.veltec.eu\/wp-content\/uploads\/2021\/12\/Veltec-log-groot-e1537260889125.png","datePublished":"2018-10-04T12:33:21+00:00","dateModified":"2025-11-25T10:21:18+00:00","description":"Uber Veltec. Veltec ist ein f\u00fchrender Anbieter f\u00fcr die meisten Kirby-Staubsauger. Und Zubeh\u00f6rteile im High-End-Bereich.","breadcrumb":{"@id":"https:\/\/www.veltec.eu\/nl\/over-ons\/#breadcrumb"},"inLanguage":"de","potentialAction":[{"@type":"ReadAction","target":["https:\/\/www.veltec.eu\/nl\/over-ons\/"]}]},{"@type":"ImageObject","inLanguage":"de","@id":"https:\/\/www.veltec.eu\/nl\/over-ons\/#primaryimage","url":"https:\/\/www.veltec.eu\/wp-content\/uploads\/2021\/12\/Veltec-log-groot-e1537260889125.png","contentUrl":"https:\/\/www.veltec.eu\/wp-content\/uploads\/2021\/12\/Veltec-log-groot-e1537260889125.png"},{"@type":"BreadcrumbList","@id":"https:\/\/www.veltec.eu\/nl\/over-ons\/#breadcrumb","itemListElement":[{"@type":"ListItem","position":1,"name":"Home","item":"https:\/\/www.veltec.eu\/de\/"},{"@type":"ListItem","position":2,"name":"Uber Veltec"}]},{"@type":"WebSite","@id":"https:\/\/www.veltec.eu\/en\/#website","url":"https:\/\/www.veltec.eu\/en\/","name":"Veltec Kirby specialist","description":"Kirby stofzuiger producten","publisher":{"@id":"https:\/\/www.veltec.eu\/en\/#organization"},"potentialAction":[{"@type":"SearchAction","target":{"@type":"EntryPoint","urlTemplate":"https:\/\/www.veltec.eu\/en\/?s={search_term_string}"},"query-input":{"@type":"PropertyValueSpecification","valueRequired":true,"valueName":"search_term_string"}}],"inLanguage":"de"},{"@type":"Organization","@id":"https:\/\/www.veltec.eu\/en\/#organization","name":"Veltec Kirby Specialist","url":"https:\/\/www.veltec.eu\/en\/","logo":{"@type":"ImageObject","inLanguage":"de","@id":"https:\/\/www.veltec.eu\/en\/#\/schema\/logo\/image\/","url":"https:\/\/www.veltec.eu\/wp-content\/uploads\/2021\/12\/Veltec-log-groot-e1537260889125.png","contentUrl":"https:\/\/www.veltec.eu\/wp-content\/uploads\/2021\/12\/Veltec-log-groot-e1537260889125.png","width":200,"height":60,"caption":"Veltec Kirby Specialist"},"image":{"@id":"https:\/\/www.veltec.eu\/en\/#\/schema\/logo\/image\/"},"sameAs":["https:\/\/www.facebook.com\/Veltec-Kirby-Specialist-236746293374877\/","https:\/\/www.youtube.com\/user\/VeltecService"]}]}},"_links":{"self":[{"href":"https:\/\/www.veltec.eu\/de\/wp-json\/wp\/v2\/pages\/3354","targetHints":{"allow":["GET"]}}],"collection":[{"href":"https:\/\/www.veltec.eu\/de\/wp-json\/wp\/v2\/pages"}],"about":[{"href":"https:\/\/www.veltec.eu\/de\/wp-json\/wp\/v2\/types\/page"}],"author":[{"embeddable":true,"href":"https:\/\/www.veltec.eu\/de\/wp-json\/wp\/v2\/users\/1"}],"replies":[{"embeddable":true,"href":"https:\/\/www.veltec.eu\/de\/wp-json\/wp\/v2\/comments?post=3354"}],"version-history":[{"count":4,"href":"https:\/\/www.veltec.eu\/de\/wp-json\/wp\/v2\/pages\/3354\/revisions"}],"predecessor-version":[{"id":86546,"href":"https:\/\/www.veltec.eu\/de\/wp-json\/wp\/v2\/pages\/3354\/revisions\/86546"}],"wp:attachment":[{"href":"https:\/\/www.veltec.eu\/de\/wp-json\/wp\/v2\/media?parent=3354"}],"curies":[{"name":"wp","href":"https:\/\/api.w.org\/{rel}","templated":true}]}}